{"id":145,"date":"2025-02-14T11:19:59","date_gmt":"2025-02-14T03:19:59","guid":{"rendered":"https:\/\/collagensei.com\/?page_id=145"},"modified":"2025-07-09T16:29:46","modified_gmt":"2025-07-09T08:29:46","slug":"lieferant-von-nahrungserganzungsmitteln-und-inhaltsstoffen","status":"publish","type":"page","link":"https:\/\/collagensei.com\/de\/dietary-supplement-ingredient-supplier\/","title":{"rendered":"Produkt"},"content":{"rendered":"<div data-elementor-type=\"wp-page\" data-elementor-id=\"145\" class=\"elementor elementor-145\" data-elementor-post-type=\"page\">\n\t\t\t\t<div class=\"elementor-element elementor-element-79c382e e-flex e-con-boxed e-con e-parent\" data-id=\"79c382e\" data-element_type=\"container\" data-e-type=\"container\">\n\t\t\t\t\t<div class=\"e-con-inner\">\n\t\t\t\t<div class=\"elementor-element elementor-element-930970b elementor-widget elementor-widget-heading\" data-id=\"930970b\" data-element_type=\"widget\" data-e-type=\"widget\" data-widget_type=\"heading.default\">\n\t\t\t\t<div class=\"elementor-widget-container\">\n\t\t\t\t\t<h1 class=\"elementor-heading-title elementor-size-default\">Rohstoffe f\u00fcr Nahrungserg\u00e4nzungsmittel<\/h1>\t\t\t\t<\/div>\n\t\t\t\t<\/div>\n\t\t\t\t<div class=\"elementor-element elementor-element-fc310a6 elementor-widget elementor-widget-text-editor\" data-id=\"fc310a6\" data-element_type=\"widget\" data-e-type=\"widget\" data-widget_type=\"text-editor.default\">\n\t\t\t\t<div class=\"elementor-widget-container\">\n\t\t\t\t\t\t\t\t\t<p>Die Inhaltsstoffe von Nahrungserg\u00e4nzungsmitteln umfassen eine breite Palette von Substanzen, darunter Vitamine, Mineralien, Aminos\u00e4uren wie Glycin, pflanzliche Stoffe, Proteine, Fetts\u00e4uren und Probiotika, die Gesundheit und Wohlbefinden f\u00f6rdern sollen. Bezogen von einem vertrauensw\u00fcrdigen Anbieter von Nahrungserg\u00e4nzungsmitteln <strong>GENSEI<\/strong>Diese Inhaltsstoffe erf\u00fcllen strenge Qualit\u00e4ts- und Regulierungsstandards (z. B. cGMP, FDA) und sind in folgenden Formen erh\u00e4ltlich <a href=\"https:\/\/collagensei.com\/de\/hersteller-von-nahrungserganzungsmitteln-in-kapselform\/\">Kapseln<\/a>, <a href=\"https:\/\/collagensei.com\/de\/hersteller-von-gummibonbons\/\">Gummib\u00e4rchen<\/a>, <a href=\"https:\/\/collagensei.com\/de\/hersteller-von-nahrungserganzungsmitteln-in-pulverform\/\">Pulver<\/a>, oder <a href=\"https:\/\/collagensei.com\/de\/hersteller-von-nahrungserganzungsmitteln\/\">Fl\u00fcssigkeiten<\/a>und erm\u00f6glicht die Erstellung von <a href=\"https:\/\/collagensei.com\/de\/eigenmarkenerganzung\/\">ma\u00dfgeschneiderte Nahrungserg\u00e4nzungsmittel<\/a> f\u00fcr unterschiedliche Verbraucherbed\u00fcrfnisse.<\/p>\t\t\t\t\t\t\t\t<\/div>\n\t\t\t\t<\/div>\n\t\t\t\t\t<\/div>\n\t\t\t\t<\/div>\n\t\t<div class=\"elementor-element elementor-element-50ba9d54 e-flex e-con-boxed e-con e-parent\" data-id=\"50ba9d54\" data-element_type=\"container\" data-e-type=\"container\">\n\t\t\t\t\t<div class=\"e-con-inner\">\n\t\t<div class=\"elementor-element elementor-element-8f8e211 e-grid e-con-full e-con e-child\" data-id=\"8f8e211\" data-element_type=\"container\" data-e-type=\"container\">\n\t\t\t\t<div class=\"elementor-element elementor-element-eedb1ae elementor-position-top elementor-widget elementor-widget-image-box\" data-id=\"eedb1ae\" data-element_type=\"widget\" data-e-type=\"widget\" data-widget_type=\"image-box.default\">\n\t\t\t\t<div class=\"elementor-widget-container\">\n\t\t\t\t\t<div class=\"elementor-image-box-wrapper\"><figure class=\"elementor-image-box-img\"><a href=\"https:\/\/collagensei.com\/de\/aminosauren\/\" tabindex=\"-1\"><img decoding=\"async\" src=\"https:\/\/collagensei.com\/wp-content\/uploads\/2025\/01\/R5P-e1742804072322.png\" title=\"Aminos\u00e4uren\" alt=\"Aminos\u00e4uren\" loading=\"lazy\" \/><\/a><\/figure><div class=\"elementor-image-box-content\"><h3 class=\"elementor-image-box-title\"><a href=\"https:\/\/collagensei.com\/de\/aminosauren\/\">Aminos\u00e4uren<\/a><\/h3><p class=\"elementor-image-box-description\">Aminos\u00e4uren sind die Grundbausteine der Proteine. 1 Jede enth\u00e4lt einen zentralen Kohlenstoff, der an eine Aminogruppe gebunden ist, eine Carboxylgruppe, ein Wasserstoffatom und eine einzigartige Seitenkette, die ihre Eigenschaften bestimmt.<\/p><\/div><\/div>\t\t\t\t<\/div>\n\t\t\t\t<\/div>\n\t\t\t\t<div class=\"elementor-element elementor-element-140be8d elementor-position-top elementor-widget elementor-widget-image-box\" data-id=\"140be8d\" data-element_type=\"widget\" data-e-type=\"widget\" data-widget_type=\"image-box.default\">\n\t\t\t\t<div class=\"elementor-widget-container\">\n\t\t\t\t\t<div class=\"elementor-image-box-wrapper\"><figure class=\"elementor-image-box-img\"><a href=\"https:\/\/collagensei.com\/de\/krauterextrakte\/\" tabindex=\"-1\"><img decoding=\"async\" src=\"https:\/\/collagensei.com\/wp-content\/uploads\/elementor\/thumbs\/Berberine-HCL-r3tv7w9mubamksungz4ifxdd7l5djnh4lp7tmtai2c.png\" title=\"Kr\u00e4uterextrakte\" alt=\"Kr\u00e4uterextrakte\" loading=\"lazy\" \/><\/a><\/figure><div class=\"elementor-image-box-content\"><h3 class=\"elementor-image-box-title\"><a href=\"https:\/\/collagensei.com\/de\/krauterextrakte\/\">Kr\u00e4uterextrakte<\/a><\/h3><p class=\"elementor-image-box-description\">Kr\u00e4uterextrakte sind konzentrierte Substanzen, die aus Pflanzen gewonnen werden. Sie enthalten verschiedene n\u00fctzliche Verbindungen und werden f\u00fcr gesundheitliche, geschmackliche oder kosmetische Zwecke verwendet. <\/p><\/div><\/div>\t\t\t\t<\/div>\n\t\t\t\t<\/div>\n\t\t\t\t<div class=\"elementor-element elementor-element-ba03448 elementor-position-top elementor-widget elementor-widget-image-box\" data-id=\"ba03448\" data-element_type=\"widget\" data-e-type=\"widget\" data-widget_type=\"image-box.default\">\n\t\t\t\t<div class=\"elementor-widget-container\">\n\t\t\t\t\t<div class=\"elementor-image-box-wrapper\"><figure class=\"elementor-image-box-img\"><a href=\"https:\/\/collagensei.com\/de\/gesundheit-der-gelenke\/\" tabindex=\"-1\"><img fetchpriority=\"high\" decoding=\"async\" width=\"782\" height=\"522\" src=\"https:\/\/collagensei.com\/wp-content\/uploads\/2025\/02\/creatine-monohydrate.png\" class=\"attachment-full size-full wp-image-4498\" alt=\"Gelenkgesundheit\" srcset=\"https:\/\/collagensei.com\/wp-content\/uploads\/2025\/02\/creatine-monohydrate.png 782w, https:\/\/collagensei.com\/wp-content\/uploads\/2025\/02\/creatine-monohydrate-300x200.png 300w, https:\/\/collagensei.com\/wp-content\/uploads\/2025\/02\/creatine-monohydrate-768x513.png 768w\" sizes=\"(max-width: 782px) 100vw, 782px\" \/><\/a><\/figure><div class=\"elementor-image-box-content\"><h3 class=\"elementor-image-box-title\"><a href=\"https:\/\/collagensei.com\/de\/gesundheit-der-gelenke\/\">Gelenkgesundheit<\/a><\/h3><p class=\"elementor-image-box-description\">Gesunde Gelenke erm\u00f6glichen Bewegung mit Flexibilit\u00e4t und minimalen Schmerzen. Es geht darum, Knorpel, B\u00e4nder und die allgemeine Gelenkfunktion f\u00fcr ein aktives Leben zu erhalten.<\/p><\/div><\/div>\t\t\t\t<\/div>\n\t\t\t\t<\/div>\n\t\t\t\t<div class=\"elementor-element elementor-element-137ffd9 elementor-position-top elementor-widget elementor-widget-image-box\" data-id=\"137ffd9\" data-element_type=\"widget\" data-e-type=\"widget\" data-widget_type=\"image-box.default\">\n\t\t\t\t<div class=\"elementor-widget-container\">\n\t\t\t\t\t<div class=\"elementor-image-box-wrapper\"><figure class=\"elementor-image-box-img\"><a href=\"https:\/\/collagensei.com\/de\/mineralische-ernahrung\/\" tabindex=\"-1\"><img decoding=\"async\" width=\"788\" height=\"526\" src=\"https:\/\/collagensei.com\/wp-content\/uploads\/2025\/01\/Hydrolyzed-Gelatin.png\" class=\"attachment-full size-full wp-image-4465\" alt=\"Mineralische Ern\u00e4hrung\" srcset=\"https:\/\/collagensei.com\/wp-content\/uploads\/2025\/01\/Hydrolyzed-Gelatin.png 788w, https:\/\/collagensei.com\/wp-content\/uploads\/2025\/01\/Hydrolyzed-Gelatin-300x200.png 300w, https:\/\/collagensei.com\/wp-content\/uploads\/2025\/01\/Hydrolyzed-Gelatin-768x513.png 768w\" sizes=\"(max-width: 788px) 100vw, 788px\" \/><\/a><\/figure><div class=\"elementor-image-box-content\"><h3 class=\"elementor-image-box-title\"><a href=\"https:\/\/collagensei.com\/de\/mineralische-ernahrung\/\">Mineralische Ern\u00e4hrung<\/a><\/h3><p class=\"elementor-image-box-description\">Bei der Mineralstoffern\u00e4hrung geht es um die Aufnahme und Verwertung essenzieller anorganischer Elemente (Mineralstoffe), die f\u00fcr eine ordnungsgem\u00e4\u00dfe K\u00f6rperfunktion, Wachstum und allgemeine Gesundheit erforderlich sind.<\/p><\/div><\/div>\t\t\t\t<\/div>\n\t\t\t\t<\/div>\n\t\t\t\t<div class=\"elementor-element elementor-element-8122551 elementor-position-top elementor-widget elementor-widget-image-box\" data-id=\"8122551\" data-element_type=\"widget\" data-e-type=\"widget\" data-widget_type=\"image-box.default\">\n\t\t\t\t<div class=\"elementor-widget-container\">\n\t\t\t\t\t<div class=\"elementor-image-box-wrapper\"><figure class=\"elementor-image-box-img\"><a href=\"https:\/\/collagensei.com\/de\/spezialitaten-inhaltsstoffe\/\" tabindex=\"-1\"><img decoding=\"async\" width=\"742\" height=\"478\" src=\"https:\/\/collagensei.com\/wp-content\/uploads\/2025\/02\/N-Acetyl-Glucosamine.png\" class=\"attachment-full size-full wp-image-4503\" alt=\"N-Acetyl-Glucosamin-Pulver\" srcset=\"https:\/\/collagensei.com\/wp-content\/uploads\/2025\/02\/N-Acetyl-Glucosamine.png 742w, https:\/\/collagensei.com\/wp-content\/uploads\/2025\/02\/N-Acetyl-Glucosamine-300x193.png 300w\" sizes=\"(max-width: 742px) 100vw, 742px\" \/><\/a><\/figure><div class=\"elementor-image-box-content\"><h3 class=\"elementor-image-box-title\"><a href=\"https:\/\/collagensei.com\/de\/spezialitaten-inhaltsstoffe\/\">Spezialisierte Zutaten<\/a><\/h3><p class=\"elementor-image-box-description\">Spezielle Inhaltsstoffe wie Fisch\u00f6l, CoQ10, <a class=\"wpil_keyword_link\" href=\"https:\/\/collagensei.com\/de\/spezialitaten-inhaltsstoffe\/dha-algenol\/\" target=\"_blank\" rel=\"noopener\" title=\"DHA Algen\u00f6l\" data-wpil-keyword-link=\"linked\" data-wpil-monitor-id=\"1766\">DHA Algen\u00f6l<\/a>, und Leinsamen\u00f6l sind nat\u00fcrliche Quellen f\u00fcr bestimmte N\u00e4hrstoffe, die gezielte gesundheitliche Vorteile bieten.<\/p><\/div><\/div>\t\t\t\t<\/div>\n\t\t\t\t<\/div>\n\t\t\t\t<div class=\"elementor-element elementor-element-74b5311 elementor-position-top elementor-widget elementor-widget-image-box\" data-id=\"74b5311\" data-element_type=\"widget\" data-e-type=\"widget\" data-widget_type=\"image-box.default\">\n\t\t\t\t<div class=\"elementor-widget-container\">\n\t\t\t\t\t<div class=\"elementor-image-box-wrapper\"><figure class=\"elementor-image-box-img\"><a href=\"https:\/\/collagensei.com\/de\/sporternahrung\/\" tabindex=\"-1\"><img loading=\"lazy\" decoding=\"async\" width=\"801\" height=\"530\" src=\"https:\/\/collagensei.com\/wp-content\/uploads\/2025\/01\/5-MTHF.png\" class=\"attachment-full size-full wp-image-4452\" alt=\"Sportliche Ern\u00e4hrung\" srcset=\"https:\/\/collagensei.com\/wp-content\/uploads\/2025\/01\/5-MTHF.png 801w, https:\/\/collagensei.com\/wp-content\/uploads\/2025\/01\/5-MTHF-300x199.png 300w, https:\/\/collagensei.com\/wp-content\/uploads\/2025\/01\/5-MTHF-768x508.png 768w\" sizes=\"(max-width: 801px) 100vw, 801px\" \/><\/a><\/figure><div class=\"elementor-image-box-content\"><h3 class=\"elementor-image-box-title\"><a href=\"https:\/\/collagensei.com\/de\/sporternahrung\/\">Sportliche Ern\u00e4hrung<\/a><\/h3><p class=\"elementor-image-box-description\">Die Sportern\u00e4hrung konzentriert sich auf Ern\u00e4hrungs- und Fl\u00fcssigkeitsstrategien zur Optimierung der sportlichen Leistung, zur Unterst\u00fctzung des Trainings und zur Verbesserung der Erholung nach dem Sport. <\/p><\/div><\/div>\t\t\t\t<\/div>\n\t\t\t\t<\/div>\n\t\t\t\t<div class=\"elementor-element elementor-element-3573499 elementor-position-top elementor-widget elementor-widget-image-box\" data-id=\"3573499\" data-element_type=\"widget\" data-e-type=\"widget\" data-widget_type=\"image-box.default\">\n\t\t\t\t<div class=\"elementor-widget-container\">\n\t\t\t\t\t<div class=\"elementor-image-box-wrapper\"><figure class=\"elementor-image-box-img\"><a href=\"https:\/\/collagensei.com\/de\/vitamine\/\" tabindex=\"-1\"><img loading=\"lazy\" decoding=\"async\" width=\"831\" height=\"556\" src=\"https:\/\/collagensei.com\/wp-content\/uploads\/2024\/11\/Evening-Primrose-Oil-vs-Vitamin-E.png\" class=\"attachment-full size-full wp-image-4076\" alt=\"Vitamine\" \/><\/a><\/figure><div class=\"elementor-image-box-content\"><h3 class=\"elementor-image-box-title\"><a href=\"https:\/\/collagensei.com\/de\/vitamine\/\">Vitamine<\/a><\/h3><p class=\"elementor-image-box-description\">Vitamine sind essenzielle organische Verbindungen, die in geringen Mengen f\u00fcr lebenswichtige K\u00f6rperfunktionen ben\u00f6tigt werden.  Sie unterst\u00fctzen das Wachstum, die Entwicklung und die allgemeine Gesundheit und werden in der Regel \u00fcber die Ern\u00e4hrung aufgenommen<\/p><\/div><\/div>\t\t\t\t<\/div>\n\t\t\t\t<\/div>\n\t\t\t\t<\/div>\n\t\t\t\t\t<\/div>\n\t\t\t\t<\/div>\n\t\t<div class=\"elementor-element elementor-element-fc747be e-flex e-con-boxed e-con e-parent\" data-id=\"fc747be\" data-element_type=\"container\" data-e-type=\"container\">\n\t\t\t\t\t<div class=\"e-con-inner\">\n\t\t\t\t<div class=\"elementor-element elementor-element-8b2b2d6 elementor-widget elementor-widget-heading\" data-id=\"8b2b2d6\" data-element_type=\"widget\" data-e-type=\"widget\" data-widget_type=\"heading.default\">\n\t\t\t\t<div class=\"elementor-widget-container\">\n\t\t\t\t\t<h2 class=\"elementor-heading-title elementor-size-default\">Zusammenfassung der Arten von Inhaltsstoffen von Nahrungserg\u00e4nzungsmitteln<\/h2>\t\t\t\t<\/div>\n\t\t\t\t<\/div>\n\t\t\t\t<div class=\"elementor-element elementor-element-3f2af34 elementor-widget elementor-widget-text-editor\" data-id=\"3f2af34\" data-element_type=\"widget\" data-e-type=\"widget\" data-widget_type=\"text-editor.default\">\n\t\t\t\t<div class=\"elementor-widget-container\">\n\t\t\t\t\t\t\t\t\t<p dir=\"auto\">Die folgende Tabelle fasst die Arten von Inhaltsstoffen f\u00fcr Nahrungserg\u00e4nzungsmittel, ihre Rolle, ihre wichtigsten Bestandteile sowie ihre Vor- und Nachteile zusammen. Dazu geh\u00f6ren Inhaltsstoffe, die f\u00fcr die Herstellung von Nahrungserg\u00e4nzungsmitteln relevant sind, wobei Rindergelatine und Glycin als Schl\u00fcsselkomponenten in einigen Nahrungserg\u00e4nzungsmitteln besonders hervorgehoben werden.<\/p>\t\t\t\t\t\t\t\t<\/div>\n\t\t\t\t<\/div>\n\t\t\t\t<div class=\"elementor-element elementor-element-f8143ec elementor-widget elementor-widget-text-editor\" data-id=\"f8143ec\" data-element_type=\"widget\" data-e-type=\"widget\" data-widget_type=\"text-editor.default\">\n\t\t\t\t<div class=\"elementor-widget-container\">\n\t\t\t\t\t\t\t\t\t<table><thead><tr><th><strong>Typ<\/strong><\/th><th><strong>Rolle<\/strong><\/th><th><strong>Wichtige Komponenten<\/strong><\/th><th><strong>Vorteile<\/strong><\/th><th><strong>Benachteiligungen<\/strong><\/th><\/tr><\/thead><tbody><tr><td><strong>Vitamine<\/strong><\/td><td>Unterst\u00fctzung von Immunit\u00e4t, Energie, Sehkraft, Knochengesundheit und allgemeinem Wohlbefinden<\/td><td>Vitamin A, C, D, E, K, B-Komplex (B1, B6, B12)<\/td><td>F\u00f6rderung spezifischer N\u00e4hrstoffdefizite, umfassend untersucht, vielseitig in Formulierungen<\/td><td>Risiko des \u00fcberm\u00e4\u00dfigen Verzehrs (fettl\u00f6sliche Vitamine), unterschiedliche Bioverf\u00fcgbarkeit<\/td><\/tr><tr><td><strong>Mineralien<\/strong><\/td><td>F\u00f6rderung der Knochengesundheit, der Muskelfunktion, der Nervensignal\u00fcbertragung und der Immunit\u00e4t<\/td><td>Kalzium, Magnesium, Zink, Eisen, Selen<\/td><td>Wesentlich f\u00fcr die Stoffwechselfunktionen, leicht in Tabletten\/Kapseln zu formulieren<\/td><td>M\u00f6gliche Toxizit\u00e4t in hohen Dosen, Wechselwirkungen mit anderen N\u00e4hrstoffen<\/td><\/tr><tr><td><strong>Kr\u00e4uter\/Botanicals<\/strong><\/td><td>Entz\u00fcndungshemmende, adaptogene oder antioxidative Wirkung<\/td><td>Kurkuma, Ginseng, Echinacea, Ashwagandha<\/td><td>Nat\u00fcrliche Attraktivit\u00e4t, vielf\u00e4ltige gesundheitliche Vorteile, Nachfrage der Verbraucher nach pflanzlichen Produkten<\/td><td>Begrenzte Standardisierung, potenzielle Neben- oder Wechselwirkungen mit anderen Medikamenten<\/td><\/tr><tr><td><strong>Aminos\u00e4uren<\/strong><\/td><td>Unterst\u00fctzung der Proteinsynthese, der Gelenkgesundheit, der Muskelerholung und des Schlafs<\/td><td>Glycin, Lysin, BCAAs, Glutamin<\/td><td>Schl\u00fcssel f\u00fcr Kollagen (z. B. Glycin in Rindergelatine), Muskelreparatur, hohe Bioverf\u00fcgbarkeit<\/td><td>Unvollst\u00e4ndige Proteine (z. B. Glycin ohne Tryptophan), Geschmacksprobleme bei Pulvern<\/td><\/tr><tr><td><strong>Proteine<\/strong><\/td><td>F\u00f6rderung des Muskelwachstums, der Gesundheit von Haut und Gelenken sowie der S\u00e4ttigung<\/td><td>Molke, Kollagen (Rindergelatine), Erbsenprotein<\/td><td>Hohe Verbrauchernachfrage, unterst\u00fctzt die strukturelle Gesundheit, vielseitig einsetzbar in Pulvern\/Gummis<\/td><td>Allergien (z. B. Molke auf Milchbasis), Bedenken hinsichtlich der Herkunft (z. B. nicht-veganes Kollagen)<\/td><\/tr><tr><td><strong>Fetts\u00e4uren<\/strong><\/td><td>Unterst\u00fctzung der Gesundheit von Herz, Gehirn und Gelenken<\/td><td>Omega-3 (DHA\/EPA), Fisch\u00f6l, Leinsamen\u00f6l<\/td><td>Entz\u00fcndungshemmend, gut erforscht f\u00fcr kardiovaskul\u00e4re Vorteile<\/td><td>Fischiger Nachgeschmack, Bedenken hinsichtlich der Nachhaltigkeit, Oxidationsrisiko bei der Lagerung<\/td><\/tr><tr><td><strong>Probiotika<\/strong><\/td><td>F\u00f6rderung der Darmgesundheit, der Verdauung und der Immunfunktion<\/td><td>Lactobacillus- und Bifidobacterium-St\u00e4mme<\/td><td>Verbesserung des Mikrobioms, wachsendes Verbraucherinteresse, lagerstabile Optionen verf\u00fcgbar<\/td><td>Stammspezifische Wirksamkeit, Stabilit\u00e4tsprobleme, hohe Kosten f\u00fcr hochwirksame Substanzen<\/td><\/tr><tr><td><strong>Spezialisierte Zutaten<\/strong><\/td><td>Ber\u00fccksichtigung spezifischer Bed\u00fcrfnisse (z. B. Herz, Gelenke, Schlaf, kognitive Unterst\u00fctzung)<\/td><td>CoQ10, Glucosamin, Melatonin, Hyalurons\u00e4ure<\/td><td>Gezielter Nutzen, hohe Marktattraktivit\u00e4t f\u00fcr gesundheitliche Nischenprobleme<\/td><td>Begrenzte Forschung f\u00fcr einige, h\u00f6here Kosten, potenziell \u00fcberh\u00f6hte Anspr\u00fcche<\/td><\/tr><\/tbody><\/table><p><strong>Anmerkungen<\/strong>:<\/p><ul><li><strong>Rindergelatine Kontext<\/strong>: Rindergelatine, reich an Glycin (~35%), ist ein wichtiger Proteinbestandteil, der in Gummib\u00e4rchen, Kapseln und Weichkapseln wegen seiner gelierenden Eigenschaften und seiner Vorteile f\u00fcr die Gesundheit von Gelenken und Haut verwendet wird.<\/li><li><strong>Beschaffung<\/strong>: Die Lieferanten von Nahrungserg\u00e4nzungsmitteln gew\u00e4hrleisten die Einhaltung von cGMP, FDA und Zertifizierungen (z. B. Kosher, Halal) f\u00fcr Qualit\u00e4t und Sicherheit.<\/li><li><strong>Verbraucher-Trends<\/strong>: Die Nachfrage nach \"Clean Label\"-, gentechnikfreien und veganen Produkten beeinflusst die Auswahl und Formulierung der Inhaltsstoffe.<\/li><\/ul>\t\t\t\t\t\t\t\t<\/div>\n\t\t\t\t<\/div>\n\t\t\t\t\t<\/div>\n\t\t\t\t<\/div>\n\t\t\t\t<\/div>","protected":false},"excerpt":{"rendered":"<p>dietary supplement ingredient supplier Supplement ingredients encompass a wide range of substances, including vitamins, minerals, amino acids like glycine, herbals, [&hellip;]<\/p>\n","protected":false},"author":1,"featured_media":0,"parent":0,"menu_order":0,"comment_status":"closed","ping_status":"closed","template":"","meta":{"_uag_custom_page_level_css":"","site-sidebar-layout":"default","site-content-layout":"","ast-site-content-layout":"default","site-content-style":"default","site-sidebar-style":"default","ast-global-header-display":"","ast-banner-title-visibility":"","ast-main-header-display":"","ast-hfb-above-header-display":"","ast-hfb-below-header-display":"","ast-hfb-mobile-header-display":"","site-post-title":"","ast-breadcrumbs-content":"","ast-featured-img":"","footer-sml-layout":"","ast-disable-related-posts":"","theme-transparent-header-meta":"","adv-header-id-meta":"","stick-header-meta":"","header-above-stick-meta":"","header-main-stick-meta":"","header-below-stick-meta":"","astra-migrate-meta-layouts":"default","ast-page-background-enabled":"default","ast-page-background-meta":{"desktop":{"background-color":"var(--ast-global-color-5)","background-image":"","background-repeat":"repeat","background-position":"center center","background-size":"auto","background-attachment":"scroll","background-type":"","background-media":"","overlay-type":"","overlay-color":"","overlay-opacity":"","overlay-gradient":""},"tablet":{"background-color":"","background-image":"","background-repeat":"repeat","background-position":"center center","background-size":"auto","background-attachment":"scroll","background-type":"","background-media":"","overlay-type":"","overlay-color":"","overlay-opacity":"","overlay-gradient":""},"mobile":{"background-color":"","background-image":"","background-repeat":"repeat","background-position":"center center","background-size":"auto","background-attachment":"scroll","background-type":"","background-media":"","overlay-type":"","overlay-color":"","overlay-opacity":"","overlay-gradient":""}},"ast-content-background-meta":{"desktop":{"background-color":"var(--ast-global-color-4)","background-image":"","background-repeat":"repeat","background-position":"center center","background-size":"auto","background-attachment":"scroll","background-type":"","background-media":"","overlay-type":"","overlay-color":"","overlay-opacity":"","overlay-gradient":""},"tablet":{"background-color":"var(--ast-global-color-4)","background-image":"","background-repeat":"repeat","background-position":"center center","background-size":"auto","background-attachment":"scroll","background-type":"","background-media":"","overlay-type":"","overlay-color":"","overlay-opacity":"","overlay-gradient":""},"mobile":{"background-color":"var(--ast-global-color-4)","background-image":"","background-repeat":"repeat","background-position":"center center","background-size":"auto","background-attachment":"scroll","background-type":"","background-media":"","overlay-type":"","overlay-color":"","overlay-opacity":"","overlay-gradient":""}},"footnotes":""},"class_list":["post-145","page","type-page","status-publish","hentry"],"uagb_featured_image_src":{"full":false,"thumbnail":false,"medium":false,"medium_large":false,"large":false,"1536x1536":false,"2048x2048":false,"trp-custom-language-flag":false},"uagb_author_info":{"display_name":"collagensei.com","author_link":"https:\/\/collagensei.com\/de\/author\/collagensei\/"},"uagb_comment_info":0,"uagb_excerpt":"dietary supplement ingredient supplier Supplement ingredients encompass a wide range of substances, including vitamins, minerals, amino acids like glycine, herbals, [&hellip;]","_links":{"self":[{"href":"https:\/\/collagensei.com\/de\/wp-json\/wp\/v2\/pages\/145","targetHints":{"allow":["GET"]}}],"collection":[{"href":"https:\/\/collagensei.com\/de\/wp-json\/wp\/v2\/pages"}],"about":[{"href":"https:\/\/collagensei.com\/de\/wp-json\/wp\/v2\/types\/page"}],"author":[{"embeddable":true,"href":"https:\/\/collagensei.com\/de\/wp-json\/wp\/v2\/users\/1"}],"replies":[{"embeddable":true,"href":"https:\/\/collagensei.com\/de\/wp-json\/wp\/v2\/comments?post=145"}],"version-history":[{"count":8,"href":"https:\/\/collagensei.com\/de\/wp-json\/wp\/v2\/pages\/145\/revisions"}],"predecessor-version":[{"id":15827,"href":"https:\/\/collagensei.com\/de\/wp-json\/wp\/v2\/pages\/145\/revisions\/15827"}],"wp:attachment":[{"href":"https:\/\/collagensei.com\/de\/wp-json\/wp\/v2\/media?parent=145"}],"curies":[{"name":"wp","href":"https:\/\/api.w.org\/{rel}","templated":true}]}}