{"id":8340,"date":"2025-06-04T15:27:48","date_gmt":"2025-06-04T07:27:48","guid":{"rendered":"https:\/\/collagensei.com\/?page_id=8340"},"modified":"2025-06-04T15:27:51","modified_gmt":"2025-06-04T07:27:51","slug":"bedingungen-und-konditionen","status":"publish","type":"page","link":"https:\/\/collagensei.com\/de\/terms-and-conditions\/","title":{"rendered":"Bedingungen und Konditionen"},"content":{"rendered":"<p>Bitte lesen Sie diese Allgemeinen Gesch\u00e4ftsbedingungen (\"AGB\", \"Bedingungen\") sorgf\u00e4ltig durch, bevor Sie die von (\"uns\", \"wir\", \"unser\") betriebene Website (\"Website\", \"Service\") nutzen.<\/p>\n\n\n\n<p><strong>Bedingungen f\u00fcr die Nutzung<\/strong><\/p>\n\n\n\n<p>Durch die Nutzung dieser Website best\u00e4tigen Sie, dass Sie diese Vereinbarung gelesen und \u00fcberpr\u00fcft haben und dass Sie sich mit ihren Bedingungen einverstanden erkl\u00e4ren. Wenn Sie nicht an die Bedingungen dieser Vereinbarung gebunden sein wollen, wird Ihnen empfohlen, die Nutzung der Website entsprechend einzustellen. gew\u00e4hrt die Nutzung und den Zugang zu dieser Website, ihren Produkten und Dienstleistungen nur denjenigen, die ihre Bedingungen akzeptiert haben.<\/p>\n\n\n\n<p><strong>Datenschutzbestimmungen<\/strong><\/p>\n\n\n\n<p>Bevor Sie mit der Nutzung unserer Website fortfahren, empfehlen wir Ihnen, unsere Datenschutzrichtlinien bez\u00fcglich der Erhebung von Nutzerdaten zu lesen. Sie wird Ihnen helfen, unsere Praktiken besser zu verstehen.<\/p>\n\n\n\n<p><strong>Altersbeschr\u00e4nkung<\/strong><\/p>\n\n\n\n<p>Sie m\u00fcssen mindestens 18 (achtzehn) Jahre alt sein, bevor Sie diese Website nutzen k\u00f6nnen. Durch die Nutzung dieser Website garantieren Sie, dass Sie mindestens 18 Jahre alt sind und dass Sie diese Vereinbarung rechtlich einhalten k\u00f6nnen. \u00fcbernimmt keine Verantwortung f\u00fcr Verbindlichkeiten im Zusammenhang mit falschen Altersangaben.<\/p>\n\n\n\n<p><strong>Geistiges Eigentum<\/strong><\/p>\n\n\n\n<p>Sie erkl\u00e4ren sich damit einverstanden, dass alle Materialien, Produkte und Dienstleistungen, die auf dieser Website angeboten werden, Eigentum von , seinen verbundenen Unternehmen, Direktoren, leitenden Angestellten, Mitarbeitern, Vertretern, Lieferanten oder Lizenzgebern sind, einschlie\u00dflich aller Urheberrechte, Gesch\u00e4ftsgeheimnisse, Marken, Patente und anderen geistigen Eigentumsrechte. Sie erkl\u00e4ren sich au\u00dferdem damit einverstanden, dass Sie das geistige Eigentum der Website in keiner Weise vervielf\u00e4ltigen oder weiterverbreiten, auch nicht in elektronischer oder digitaler Form oder durch die Eintragung neuer Marken.<\/p>\n\n\n\n<p>Sie gew\u00e4hren eine unentgeltliche und nicht ausschlie\u00dfliche Lizenz zur Anzeige, Nutzung, Vervielf\u00e4ltigung, \u00dcbertragung und Sendung der von Ihnen hochgeladenen und ver\u00f6ffentlichten Inhalte. Bei Fragen zu geistigen Eigentumsanspr\u00fcchen sollten Sie sich mit dem Unternehmen in Verbindung setzen, um eine Vereinbarung zu treffen.<\/p>\n\n\n\n<p><strong>Benutzerkonten<\/strong><\/p>\n\n\n\n<p>Als Nutzer dieser Website werden Sie m\u00f6glicherweise aufgefordert, sich bei uns zu registrieren und private Informationen anzugeben. Sie sind daf\u00fcr verantwortlich, dass diese Informationen korrekt sind, und Sie sind f\u00fcr die Aufrechterhaltung der Sicherheit Ihrer Identifikationsdaten verantwortlich. Sie sind auch f\u00fcr alle Aktivit\u00e4ten verantwortlich, die unter Ihrem Konto oder Passwort stattfinden.<\/p>\n\n\n\n<p>Wenn Sie der Meinung sind, dass es irgendwelche Probleme mit der Sicherheit Ihres Kontos auf der Website gibt, informieren Sie uns bitte unverz\u00fcglich, damit wir uns darum k\u00fcmmern k\u00f6nnen.<\/p>\n\n\n\n<p>Wir behalten uns alle Rechte vor, Konten zu k\u00fcndigen, Inhalte zu bearbeiten oder zu entfernen und Bestellungen nach eigenem Ermessen zu stornieren.<\/p>\n\n\n\n<p><strong>Anwendbares Recht<\/strong><\/p>\n\n\n\n<p>Durch die Nutzung dieser Website erkl\u00e4ren Sie sich damit einverstanden, dass die Gesetze der Vereinigten Staaten von Amerika, ohne R\u00fccksicht auf die Grunds\u00e4tze des Kollisionsrechts, diese Bedingungen und Konditionen oder jegliche Streitigkeiten jeglicher Art, die zwischen Ihnen und dem Unternehmen oder seinen Gesch\u00e4ftspartnern und Mitarbeitern entstehen k\u00f6nnten, regeln.<\/p>\n\n\n\n<p><strong>Rechtsstreitigkeiten<\/strong><\/p>\n\n\n\n<p>Alle Streitigkeiten, die in irgendeiner Weise mit Ihrer Nutzung dieser Website oder mit Produkten, die Sie bei uns kaufen, zusammenh\u00e4ngen, werden von einem staatlichen oder bundesstaatlichen Gericht geschlichtet, und Sie stimmen der ausschlie\u00dflichen Zust\u00e4ndigkeit und dem Gerichtsstand dieser Gerichte zu.<\/p>\n\n\n\n<p><strong>Entsch\u00e4digung<\/strong><\/p>\n\n\n\n<p>Sie erkl\u00e4ren sich damit einverstanden, uns und die mit uns verbundenen Unternehmen zu entsch\u00e4digen und schadlos zu halten gegen rechtliche Anspr\u00fcche und Forderungen, die sich aus Ihrer Nutzung oder Ihrem Missbrauch unserer Dienste ergeben k\u00f6nnten. Wir behalten uns das Recht vor, unseren eigenen Rechtsbeistand auszuw\u00e4hlen.<\/p>\n\n\n\n<p><strong>Beschr\u00e4nkung der Haftung<\/strong><\/p>\n\n\n\n<p> haftet nicht f\u00fcr Sch\u00e4den, die Ihnen durch die missbr\u00e4uchliche Nutzung unserer Website entstehen k\u00f6nnen.<\/p>\n\n\n\n<p> beh\u00e4lt sich das Recht vor, diese Vereinbarung jederzeit zu bearbeiten, zu modifizieren und zu \u00e4ndern. Wir werden unsere Nutzer per E-Mail \u00fcber diese \u00c4nderungen informieren. Diese Vereinbarung ist eine \u00dcbereinkunft zwischen uns und dem Nutzer, die alle fr\u00fcheren Vereinbarungen \u00fcber die Nutzung dieser Website ersetzt.<\/p>","protected":false},"excerpt":{"rendered":"<p>lease read these terms and conditions (&#8220;terms and conditions&#8221;, &#8220;terms&#8221;) carefully before using website (\u201cwebsite\u201d, &#8220;service&#8221;) operated by (&#8220;us&#8221;, &#8216;we&#8221;, [&hellip;]<\/p>\n","protected":false},"author":2,"featured_media":0,"parent":0,"menu_order":0,"comment_status":"closed","ping_status":"closed","template":"","meta":{"_uag_custom_page_level_css":"","site-sidebar-layout":"default","site-content-layout":"","ast-site-content-layout":"","site-content-style":"default","site-sidebar-style":"default","ast-global-header-display":"","ast-banner-title-visibility":"","ast-main-header-display":"","ast-hfb-above-header-display":"","ast-hfb-below-header-display":"","ast-hfb-mobile-header-display":"","site-post-title":"","ast-breadcrumbs-content":"","ast-featured-img":"","footer-sml-layout":"","ast-disable-related-posts":"","theme-transparent-header-meta":"","adv-header-id-meta":"","stick-header-meta":"","header-above-stick-meta":"","header-main-stick-meta":"","header-below-stick-meta":"","astra-migrate-meta-layouts":"default","ast-page-background-enabled":"default","ast-page-background-meta":{"desktop":{"background-color":"var(--ast-global-color-5)","background-image":"","background-repeat":"repeat","background-position":"center center","background-size":"auto","background-attachment":"scroll","background-type":"","background-media":"","overlay-type":"","overlay-color":"","overlay-opacity":"","overlay-gradient":""},"tablet":{"background-color":"","background-image":"","background-repeat":"repeat","background-position":"center center","background-size":"auto","background-attachment":"scroll","background-type":"","background-media":"","overlay-type":"","overlay-color":"","overlay-opacity":"","overlay-gradient":""},"mobile":{"background-color":"","background-image":"","background-repeat":"repeat","background-position":"center center","background-size":"auto","background-attachment":"scroll","background-type":"","background-media":"","overlay-type":"","overlay-color":"","overlay-opacity":"","overlay-gradient":""}},"ast-content-background-meta":{"desktop":{"background-color":"var(--ast-global-color-4)","background-image":"","background-repeat":"repeat","background-position":"center center","background-size":"auto","background-attachment":"scroll","background-type":"","background-media":"","overlay-type":"","overlay-color":"","overlay-opacity":"","overlay-gradient":""},"tablet":{"background-color":"var(--ast-global-color-4)","background-image":"","background-repeat":"repeat","background-position":"center center","background-size":"auto","background-attachment":"scroll","background-type":"","background-media":"","overlay-type":"","overlay-color":"","overlay-opacity":"","overlay-gradient":""},"mobile":{"background-color":"var(--ast-global-color-4)","background-image":"","background-repeat":"repeat","background-position":"center center","background-size":"auto","background-attachment":"scroll","background-type":"","background-media":"","overlay-type":"","overlay-color":"","overlay-opacity":"","overlay-gradient":""}},"footnotes":""},"class_list":["post-8340","page","type-page","status-publish","hentry"],"uagb_featured_image_src":{"full":false,"thumbnail":false,"medium":false,"medium_large":false,"large":false,"1536x1536":false,"2048x2048":false,"trp-custom-language-flag":false},"uagb_author_info":{"display_name":"jiang, xu","author_link":"https:\/\/collagensei.com\/de\/author\/j-xu\/"},"uagb_comment_info":0,"uagb_excerpt":"lease read these terms and conditions (&#8220;terms and conditions&#8221;, &#8220;terms&#8221;) carefully before using website (\u201cwebsite\u201d, &#8220;service&#8221;) operated by (&#8220;us&#8221;, &#8216;we&#8221;, [&hellip;]","_links":{"self":[{"href":"https:\/\/collagensei.com\/de\/wp-json\/wp\/v2\/pages\/8340","targetHints":{"allow":["GET"]}}],"collection":[{"href":"https:\/\/collagensei.com\/de\/wp-json\/wp\/v2\/pages"}],"about":[{"href":"https:\/\/collagensei.com\/de\/wp-json\/wp\/v2\/types\/page"}],"author":[{"embeddable":true,"href":"https:\/\/collagensei.com\/de\/wp-json\/wp\/v2\/users\/2"}],"replies":[{"embeddable":true,"href":"https:\/\/collagensei.com\/de\/wp-json\/wp\/v2\/comments?post=8340"}],"version-history":[{"count":1,"href":"https:\/\/collagensei.com\/de\/wp-json\/wp\/v2\/pages\/8340\/revisions"}],"predecessor-version":[{"id":8341,"href":"https:\/\/collagensei.com\/de\/wp-json\/wp\/v2\/pages\/8340\/revisions\/8341"}],"wp:attachment":[{"href":"https:\/\/collagensei.com\/de\/wp-json\/wp\/v2\/media?parent=8340"}],"curies":[{"name":"wp","href":"https:\/\/api.w.org\/{rel}","templated":true}]}}