{"id":8342,"date":"2025-06-04T15:33:49","date_gmt":"2025-06-04T07:33:49","guid":{"rendered":"https:\/\/collagensei.com\/?page_id=8342"},"modified":"2025-06-04T15:33:51","modified_gmt":"2025-06-04T07:33:51","slug":"datenschutzbestimmungen","status":"publish","type":"page","link":"https:\/\/collagensei.com\/de\/privacy-policy\/","title":{"rendered":"Datenschutzbestimmungen"},"content":{"rendered":"<p>Diese Datenschutzrichtlinie (\"Richtlinie\") soll Ihnen helfen zu verstehen, wie (\"wir\", \"wir\", \"unser\") die Daten, die Sie uns beim Besuch und bei der Nutzung von (\"Blog\", \"Service\") zur Verf\u00fcgung stellen, verwendet und sch\u00fctzt.<\/p>\n\n\n\n<p>Wir behalten uns das Recht vor, diese Politik jederzeit zu \u00e4ndern, wor\u00fcber wir Sie umgehend informieren werden. Wenn Sie sicherstellen m\u00f6chten, dass Sie mit den neuesten \u00c4nderungen auf dem Laufenden sind, empfehlen wir Ihnen, diese Seite regelm\u00e4\u00dfig zu besuchen.<\/p>\n\n\n\n<p><strong>Welche Benutzerdaten wir sammeln<\/strong><\/p>\n\n\n\n<p>Wenn Sie den Blog besuchen, k\u00f6nnen wir die folgenden Daten erfassen:<\/p>\n\n\n\n<ul class=\"wp-block-list\">\n<li>Ihre IP-Adresse.<\/li>\n\n\n\n<li>Ihre Kontaktinformationen und E-Mail-Adresse.<\/li>\n\n\n\n<li>Andere Informationen wie Interessen und Vorlieben.<\/li>\n\n\n\n<li>Datenprofil \u00fcber Ihr Online-Verhalten auf unserem Blog.<\/li>\n<\/ul>\n\n\n\n<p><strong>Warum wir Ihre Daten sammeln<\/strong><\/p>\n\n\n\n<p>Wir sammeln Ihre Daten aus mehreren Gr\u00fcnden:<\/p>\n\n\n\n<ul class=\"wp-block-list\">\n<li>Um Ihre Bed\u00fcrfnisse besser zu verstehen.<\/li>\n\n\n\n<li>Um unsere Dienstleistungen und Produkte zu verbessern.<\/li>\n\n\n\n<li>Um Ihnen Werbe-E-Mails mit Informationen zu schicken, die f\u00fcr Sie interessant sein k\u00f6nnten.<\/li>\n\n\n\n<li>Um Sie zu kontaktieren, damit Sie Umfragen ausf\u00fcllen und an anderen Arten von Marktforschung teilnehmen.<\/li>\n\n\n\n<li>Zur Anpassung unseres Blogs an Ihr Online-Verhalten und Ihre pers\u00f6nlichen Vorlieben.<\/li>\n<\/ul>\n\n\n\n<p><strong>Schutz und Sicherung der Daten<\/strong><\/p>\n\n\n\n<p> hat alles in seiner Macht Stehende getan, um Datendiebstahl, unbefugten Zugriff und Offenlegung zu verhindern, indem es die neuesten Technologien und Software implementiert hat, die uns dabei helfen, alle von uns online erfassten Informationen zu sch\u00fctzen.<\/p>\n\n\n\n<p><strong>Unsere Cookie-Richtlinie<\/strong><\/p>\n\n\n\n<p>Wenn Sie der Verwendung von Cookies in unserem Blog zustimmen, stimmen Sie auch der Verwendung der gesammelten Daten \u00fcber Ihr Online-Verhalten zu (Analyse des Webverkehrs, der von Ihnen besuchten Seiten und der Zeit, die Sie dort verbringen).<\/p>\n\n\n\n<p>Die Daten, die wir mit Hilfe von Cookies sammeln, werden verwendet, um unseren Blog an Ihre Bed\u00fcrfnisse anzupassen. Nachdem wir die Daten f\u00fcr die statistische Analyse verwendet haben, werden die Daten vollst\u00e4ndig aus unseren Systemen entfernt.<\/p>\n\n\n\n<p>Bitte beachten Sie, dass wir durch Cookies keinerlei Kontrolle \u00fcber Ihren Computer erlangen k\u00f6nnen. Sie werden ausschlie\u00dflich dazu verwendet, um zu \u00fcberwachen, welche Seiten Sie n\u00fctzlich finden und welche nicht, damit wir Ihnen ein besseres Erlebnis bieten k\u00f6nnen.<\/p>\n\n\n\n<p>Wenn Sie Cookies deaktivieren m\u00f6chten, k\u00f6nnen Sie dies in den Einstellungen Ihres Internetbrowsers tun. Sie k\u00f6nnen besuchen <a href=\"https:\/\/www.internetcookies.com\" target=\"_blank\" rel=\"noreferrer noopener nofollow\">https:\/\/www.internetcookies.com<\/a>die umfassende Informationen dar\u00fcber enth\u00e4lt, wie man dies auf einer Vielzahl von Browsern und Ger\u00e4ten tun kann.<\/p>\n\n\n\n<p><strong>Links zu anderen Websites<\/strong><\/p>\n\n\n\n<p>Unser Blog enth\u00e4lt Links, die zu anderen Websites f\u00fchren. Wenn Sie auf diese Links klicken, sind wir nicht f\u00fcr den Schutz Ihrer Daten und Ihrer Privatsph\u00e4re verantwortlich. Der Besuch dieser Websites unterliegt nicht dieser Vereinbarung \u00fcber den Datenschutz. Achten Sie darauf, die Datenschutzbestimmungen der Website zu lesen, die Sie von unserer Website aus besuchen.<\/p>\n\n\n\n<p><strong>Einschr\u00e4nkung der Erfassung Ihrer personenbezogenen Daten<\/strong><\/p>\n\n\n\n<p>Es kann sein, dass Sie die Verwendung und Erfassung Ihrer personenbezogenen Daten einschr\u00e4nken m\u00f6chten. Dies k\u00f6nnen Sie durch folgende Ma\u00dfnahmen erreichen:<\/p>\n\n\n\n<p>Wenn Sie die Formulare im Blog ausf\u00fcllen, achten Sie darauf, ob es ein K\u00e4stchen gibt, das Sie nicht ankreuzen k\u00f6nnen, wenn Sie Ihre pers\u00f6nlichen Daten nicht preisgeben wollen.<\/p>\n\n\n\n<p>Wenn Sie bereits zugestimmt haben, Ihre Daten an uns weiterzugeben, k\u00f6nnen Sie uns gerne per E-Mail kontaktieren und wir werden dies f\u00fcr Sie \u00e4ndern.<\/p>\n\n\n\n<p> wird Ihre pers\u00f6nlichen Daten nicht an Dritte vermieten, verkaufen oder weitergeben, es sei denn, wir haben Ihr Einverst\u00e4ndnis. Wir k\u00f6nnten dies tun, wenn das Gesetz uns dazu zwingt. Ihre pers\u00f6nlichen Daten werden verwendet, wenn wir Ihnen Werbematerialien zusenden m\u00fcssen, sofern Sie dieser Datenschutzrichtlinie zustimmen.<\/p>\n\n\n\n<p><\/p>","protected":false},"excerpt":{"rendered":"<p>This privacy policy (&#8220;policy&#8221;) will help you understand how (&#8220;us&#8221;, &#8220;we&#8221;, &#8220;our&#8221;) uses and protects the data you provide to [&hellip;]<\/p>\n","protected":false},"author":2,"featured_media":0,"parent":0,"menu_order":0,"comment_status":"closed","ping_status":"closed","template":"","meta":{"_uag_custom_page_level_css":"","site-sidebar-layout":"default","site-content-layout":"","ast-site-content-layout":"","site-content-style":"default","site-sidebar-style":"default","ast-global-header-display":"","ast-banner-title-visibility":"","ast-main-header-display":"","ast-hfb-above-header-display":"","ast-hfb-below-header-display":"","ast-hfb-mobile-header-display":"","site-post-title":"","ast-breadcrumbs-content":"","ast-featured-img":"","footer-sml-layout":"","ast-disable-related-posts":"","theme-transparent-header-meta":"","adv-header-id-meta":"","stick-header-meta":"","header-above-stick-meta":"","header-main-stick-meta":"","header-below-stick-meta":"","astra-migrate-meta-layouts":"default","ast-page-background-enabled":"default","ast-page-background-meta":{"desktop":{"background-color":"var(--ast-global-color-5)","background-image":"","background-repeat":"repeat","background-position":"center center","background-size":"auto","background-attachment":"scroll","background-type":"","background-media":"","overlay-type":"","overlay-color":"","overlay-opacity":"","overlay-gradient":""},"tablet":{"background-color":"","background-image":"","background-repeat":"repeat","background-position":"center center","background-size":"auto","background-attachment":"scroll","background-type":"","background-media":"","overlay-type":"","overlay-color":"","overlay-opacity":"","overlay-gradient":""},"mobile":{"background-color":"","background-image":"","background-repeat":"repeat","background-position":"center center","background-size":"auto","background-attachment":"scroll","background-type":"","background-media":"","overlay-type":"","overlay-color":"","overlay-opacity":"","overlay-gradient":""}},"ast-content-background-meta":{"desktop":{"background-color":"var(--ast-global-color-4)","background-image":"","background-repeat":"repeat","background-position":"center center","background-size":"auto","background-attachment":"scroll","background-type":"","background-media":"","overlay-type":"","overlay-color":"","overlay-opacity":"","overlay-gradient":""},"tablet":{"background-color":"var(--ast-global-color-4)","background-image":"","background-repeat":"repeat","background-position":"center center","background-size":"auto","background-attachment":"scroll","background-type":"","background-media":"","overlay-type":"","overlay-color":"","overlay-opacity":"","overlay-gradient":""},"mobile":{"background-color":"var(--ast-global-color-4)","background-image":"","background-repeat":"repeat","background-position":"center center","background-size":"auto","background-attachment":"scroll","background-type":"","background-media":"","overlay-type":"","overlay-color":"","overlay-opacity":"","overlay-gradient":""}},"footnotes":""},"class_list":["post-8342","page","type-page","status-publish","hentry"],"uagb_featured_image_src":{"full":false,"thumbnail":false,"medium":false,"medium_large":false,"large":false,"1536x1536":false,"2048x2048":false,"trp-custom-language-flag":false},"uagb_author_info":{"display_name":"jiang, xu","author_link":"https:\/\/collagensei.com\/de\/author\/j-xu\/"},"uagb_comment_info":0,"uagb_excerpt":"This privacy policy (&#8220;policy&#8221;) will help you understand how (&#8220;us&#8221;, &#8220;we&#8221;, &#8220;our&#8221;) uses and protects the data you provide to [&hellip;]","_links":{"self":[{"href":"https:\/\/collagensei.com\/de\/wp-json\/wp\/v2\/pages\/8342","targetHints":{"allow":["GET"]}}],"collection":[{"href":"https:\/\/collagensei.com\/de\/wp-json\/wp\/v2\/pages"}],"about":[{"href":"https:\/\/collagensei.com\/de\/wp-json\/wp\/v2\/types\/page"}],"author":[{"embeddable":true,"href":"https:\/\/collagensei.com\/de\/wp-json\/wp\/v2\/users\/2"}],"replies":[{"embeddable":true,"href":"https:\/\/collagensei.com\/de\/wp-json\/wp\/v2\/comments?post=8342"}],"version-history":[{"count":1,"href":"https:\/\/collagensei.com\/de\/wp-json\/wp\/v2\/pages\/8342\/revisions"}],"predecessor-version":[{"id":8344,"href":"https:\/\/collagensei.com\/de\/wp-json\/wp\/v2\/pages\/8342\/revisions\/8344"}],"wp:attachment":[{"href":"https:\/\/collagensei.com\/de\/wp-json\/wp\/v2\/media?parent=8342"}],"curies":[{"name":"wp","href":"https:\/\/api.w.org\/{rel}","templated":true}]}}