{"id":85,"date":"2024-06-27T20:06:11","date_gmt":"2024-06-27T12:06:11","guid":{"rendered":"https:\/\/collagensei.com\/?page_id=85"},"modified":"2025-03-27T13:31:53","modified_gmt":"2025-03-27T05:31:53","slug":"innovation","status":"publish","type":"page","link":"https:\/\/collagensei.com\/de\/research-and-innovation\/innovation\/","title":{"rendered":"INNOVATION"},"content":{"rendered":"<div data-elementor-type=\"wp-page\" data-elementor-id=\"85\" class=\"elementor elementor-85\" data-elementor-post-type=\"page\">\n\t\t\t\t<div class=\"elementor-element elementor-element-8d5dc40 e-flex e-con-boxed e-con e-parent\" data-id=\"8d5dc40\" data-element_type=\"container\" data-e-type=\"container\">\n\t\t\t\t\t<div class=\"e-con-inner\">\n\t\t\t\t<div class=\"elementor-element elementor-element-cf90bca elementor-widget elementor-widget-heading\" data-id=\"cf90bca\" data-element_type=\"widget\" data-e-type=\"widget\" data-widget_type=\"heading.default\">\n\t\t\t\t<div class=\"elementor-widget-container\">\n\t\t\t\t\t<h1 class=\"elementor-heading-title elementor-size-default\">Innovation<\/h1>\t\t\t\t<\/div>\n\t\t\t\t<\/div>\n\t\t\t\t<div class=\"elementor-element elementor-element-1107214 elementor-widget elementor-widget-text-editor\" data-id=\"1107214\" data-element_type=\"widget\" data-e-type=\"widget\" data-widget_type=\"text-editor.default\">\n\t\t\t\t<div class=\"elementor-widget-container\">\n\t\t\t\t\t\t\t\t\t<p>Als ein neues und hochtechnologisches Unternehmen ist Innovation der Motor des Unternehmens. Collagensei widmet sich der Innovation von Peptiden mit niedrigem Molekulargewicht. Das F&amp;E-Team reagiert schnell auf die neuen Anforderungen der Kunden. Inzwischen bringt Collagensei jedes Jahr neue Produkte auf den Markt, darunter auch die Knochenbr\u00fche, <a class=\"wpil_keyword_link\" href=\"https:\/\/collagensei.com\/de\/ist-rinderproteinisolat-ein-vollstandiges-protein\/\" target=\"_blank\"  rel=\"noopener\" title=\"Ist Rinderproteinisolat ein vollst\u00e4ndiges Protein?\" data-wpil-keyword-link=\"linked\"  data-wpil-monitor-id=\"2128\">Rinderproteinisolat<\/a> und hydrolysiertem Keratin.<\/p><p>Das Forschungs- und Entwicklungsteam von Collagensei arbeitet mit Forschungsgruppen an den Universit\u00e4ten von Anhui zusammen, was Collagensei zus\u00e4tzliche Kraft f\u00fcr neue Technologien verleiht.<\/p><p>Collagensei konzentriert sich auf die Entwicklung und Innovation von Inhaltsstoffen tierischen Ursprungs und \u00e4therischen \u00d6len. Durch kontinuierliche Forschung und Zusammenarbeit mit externen wissenschaftlichen Forschungsabteilungen hat Collagensei viele Technologien f\u00fcr die Produktion und Anwendung von pflanzlichen \u00e4therischen \u00d6len entwickelt, darunter <a class=\"wpil_keyword_link\" href=\"https:\/\/collagensei.com\/de\/?p=428\" target=\"_blank\"  rel=\"noopener\" title=\"Nachtkerzen\u00f6l\" data-wpil-keyword-link=\"linked\"  data-wpil-monitor-id=\"2127\">Nachtkerze<\/a> \u00d6l, Cranberry\u00f6l, Borretsch\u00f6l.<\/p>\t\t\t\t\t\t\t\t<\/div>\n\t\t\t\t<\/div>\n\t\t\t\t<div class=\"elementor-element elementor-element-0857d6a elementor-widget elementor-widget-image\" data-id=\"0857d6a\" data-element_type=\"widget\" data-e-type=\"widget\" data-widget_type=\"image.default\">\n\t\t\t\t<div class=\"elementor-widget-container\">\n\t\t\t\t\t\t\t\t\t\t\t\t\t\t\t<img fetchpriority=\"high\" decoding=\"async\" width=\"1024\" height=\"682\" src=\"https:\/\/collagensei.com\/wp-content\/uploads\/2024\/06\/03ad1e5e19-1024x682.jpg\" class=\"attachment-large size-large wp-image-187\" alt=\"\" srcset=\"https:\/\/collagensei.com\/wp-content\/uploads\/2024\/06\/03ad1e5e19-1024x682.jpg 1024w, https:\/\/collagensei.com\/wp-content\/uploads\/2024\/06\/03ad1e5e19-300x200.jpg 300w, https:\/\/collagensei.com\/wp-content\/uploads\/2024\/06\/03ad1e5e19-768x512.jpg 768w, https:\/\/collagensei.com\/wp-content\/uploads\/2024\/06\/03ad1e5e19-1536x1024.jpg 1536w, https:\/\/collagensei.com\/wp-content\/uploads\/2024\/06\/03ad1e5e19-200x133.jpg 200w, https:\/\/collagensei.com\/wp-content\/uploads\/2024\/06\/03ad1e5e19-400x267.jpg 400w, https:\/\/collagensei.com\/wp-content\/uploads\/2024\/06\/03ad1e5e19-600x400.jpg 600w, https:\/\/collagensei.com\/wp-content\/uploads\/2024\/06\/03ad1e5e19-800x533.jpg 800w, https:\/\/collagensei.com\/wp-content\/uploads\/2024\/06\/03ad1e5e19-1200x800.jpg 1200w, https:\/\/collagensei.com\/wp-content\/uploads\/2024\/06\/03ad1e5e19.jpg 2000w\" sizes=\"(max-width: 1024px) 100vw, 1024px\" \/>\t\t\t\t\t\t\t\t\t\t\t\t\t\t\t<\/div>\n\t\t\t\t<\/div>\n\t\t\t\t\t<\/div>\n\t\t\t\t<\/div>\n\t\t\t\t<\/div>","protected":false},"excerpt":{"rendered":"<p>Innovation As a new and high technology company, innovation is the enterprise&#8217;s driven engine. Collagensei is dedicated to low molecular [&hellip;]<\/p>\n","protected":false},"author":1,"featured_media":0,"parent":77,"menu_order":0,"comment_status":"closed","ping_status":"closed","template":"","meta":{"_uag_custom_page_level_css":"","site-sidebar-layout":"default","site-content-layout":"","ast-site-content-layout":"default","site-content-style":"default","site-sidebar-style":"default","ast-global-header-display":"","ast-banner-title-visibility":"","ast-main-header-display":"","ast-hfb-above-header-display":"","ast-hfb-below-header-display":"","ast-hfb-mobile-header-display":"","site-post-title":"","ast-breadcrumbs-content":"","ast-featured-img":"","footer-sml-layout":"","ast-disable-related-posts":"","theme-transparent-header-meta":"","adv-header-id-meta":"","stick-header-meta":"","header-above-stick-meta":"","header-main-stick-meta":"","header-below-stick-meta":"","astra-migrate-meta-layouts":"default","ast-page-background-enabled":"default","ast-page-background-meta":{"desktop":{"background-color":"var(--ast-global-color-5)","background-image":"","background-repeat":"repeat","background-position":"center center","background-size":"auto","background-attachment":"scroll","background-type":"","background-media":"","overlay-type":"","overlay-color":"","overlay-opacity":"","overlay-gradient":""},"tablet":{"background-color":"","background-image":"","background-repeat":"repeat","background-position":"center center","background-size":"auto","background-attachment":"scroll","background-type":"","background-media":"","overlay-type":"","overlay-color":"","overlay-opacity":"","overlay-gradient":""},"mobile":{"background-color":"","background-image":"","background-repeat":"repeat","background-position":"center center","background-size":"auto","background-attachment":"scroll","background-type":"","background-media":"","overlay-type":"","overlay-color":"","overlay-opacity":"","overlay-gradient":""}},"ast-content-background-meta":{"desktop":{"background-color":"var(--ast-global-color-4)","background-image":"","background-repeat":"repeat","background-position":"center center","background-size":"auto","background-attachment":"scroll","background-type":"","background-media":"","overlay-type":"","overlay-color":"","overlay-opacity":"","overlay-gradient":""},"tablet":{"background-color":"var(--ast-global-color-4)","background-image":"","background-repeat":"repeat","background-position":"center center","background-size":"auto","background-attachment":"scroll","background-type":"","background-media":"","overlay-type":"","overlay-color":"","overlay-opacity":"","overlay-gradient":""},"mobile":{"background-color":"var(--ast-global-color-4)","background-image":"","background-repeat":"repeat","background-position":"center center","background-size":"auto","background-attachment":"scroll","background-type":"","background-media":"","overlay-type":"","overlay-color":"","overlay-opacity":"","overlay-gradient":""}},"footnotes":""},"class_list":["post-85","page","type-page","status-publish","hentry"],"uagb_featured_image_src":{"full":false,"thumbnail":false,"medium":false,"medium_large":false,"large":false,"1536x1536":false,"2048x2048":false,"trp-custom-language-flag":false},"uagb_author_info":{"display_name":"collagensei.com","author_link":"https:\/\/collagensei.com\/de\/author\/collagensei\/"},"uagb_comment_info":0,"uagb_excerpt":"Innovation As a new and high technology company, innovation is the enterprise&#8217;s driven engine. Collagensei is dedicated to low molecular [&hellip;]","_links":{"self":[{"href":"https:\/\/collagensei.com\/de\/wp-json\/wp\/v2\/pages\/85","targetHints":{"allow":["GET"]}}],"collection":[{"href":"https:\/\/collagensei.com\/de\/wp-json\/wp\/v2\/pages"}],"about":[{"href":"https:\/\/collagensei.com\/de\/wp-json\/wp\/v2\/types\/page"}],"author":[{"embeddable":true,"href":"https:\/\/collagensei.com\/de\/wp-json\/wp\/v2\/users\/1"}],"replies":[{"embeddable":true,"href":"https:\/\/collagensei.com\/de\/wp-json\/wp\/v2\/comments?post=85"}],"version-history":[{"count":5,"href":"https:\/\/collagensei.com\/de\/wp-json\/wp\/v2\/pages\/85\/revisions"}],"predecessor-version":[{"id":16214,"href":"https:\/\/collagensei.com\/de\/wp-json\/wp\/v2\/pages\/85\/revisions\/16214"}],"up":[{"embeddable":true,"href":"https:\/\/collagensei.com\/de\/wp-json\/wp\/v2\/pages\/77"}],"wp:attachment":[{"href":"https:\/\/collagensei.com\/de\/wp-json\/wp\/v2\/media?parent=85"}],"curies":[{"name":"wp","href":"https:\/\/api.w.org\/{rel}","templated":true}]}}