{"id":882,"date":"2024-07-16T09:21:17","date_gmt":"2024-07-16T01:21:17","guid":{"rendered":"https:\/\/collagensei.com\/?page_id=882"},"modified":"2025-04-21T18:12:06","modified_gmt":"2025-04-21T10:12:06","slug":"individuelle-formel","status":"publish","type":"page","link":"https:\/\/collagensei.com\/de\/customized-formula\/","title":{"rendered":"Ma\u00dfgeschneiderte Formel"},"content":{"rendered":"<div data-elementor-type=\"wp-page\" data-elementor-id=\"882\" class=\"elementor elementor-882\" data-elementor-post-type=\"page\">\n\t\t\t\t<div class=\"elementor-element elementor-element-0f6145d e-flex e-con-boxed e-con e-parent\" data-id=\"0f6145d\" data-element_type=\"container\" data-e-type=\"container\">\n\t\t\t\t\t<div class=\"e-con-inner\">\n\t\t\t\t<div class=\"elementor-element elementor-element-e649a52 elementor-widget elementor-widget-heading\" data-id=\"e649a52\" data-element_type=\"widget\" data-e-type=\"widget\" data-widget_type=\"heading.default\">\n\t\t\t\t<div class=\"elementor-widget-container\">\n\t\t\t\t\t<h1 class=\"elementor-heading-title elementor-size-default\">Kundenspezifische Formulierungen f\u00fcr Nahrungserg\u00e4nzungsmittel<\/h1>\t\t\t\t<\/div>\n\t\t\t\t<\/div>\n\t\t\t\t\t<\/div>\n\t\t\t\t<\/div>\n\t\t<div class=\"elementor-element elementor-element-f7e1539 e-flex e-con-boxed e-con e-parent\" data-id=\"f7e1539\" data-element_type=\"container\" data-e-type=\"container\">\n\t\t\t\t\t<div class=\"e-con-inner\">\n\t\t<div class=\"elementor-element elementor-element-e9a3f90 e-grid e-con-full e-con e-child\" data-id=\"e9a3f90\" data-element_type=\"container\" data-e-type=\"container\">\n\t\t\t\t<div class=\"elementor-element elementor-element-bb6fde3 elementor-widget elementor-widget-image\" data-id=\"bb6fde3\" data-element_type=\"widget\" data-e-type=\"widget\" data-widget_type=\"image.default\">\n\t\t\t\t<div class=\"elementor-widget-container\">\n\t\t\t\t\t\t\t\t\t\t\t\t\t\t\t<img fetchpriority=\"high\" decoding=\"async\" width=\"900\" height=\"910\" src=\"https:\/\/collagensei.com\/wp-content\/uploads\/2025\/03\/\u5c4f\u5e55\u622a\u56fe-2025-03-13-215800.png\" class=\"attachment-full size-full wp-image-4768\" alt=\"Kundenspezifische Formulierungen f\u00fcr Nahrungserg\u00e4nzungsmittel\" \/>\t\t\t\t\t\t\t\t\t\t\t\t\t\t\t<\/div>\n\t\t\t\t<\/div>\n\t\t\t\t<div class=\"elementor-element elementor-element-c22db99 elementor-widget elementor-widget-text-editor\" data-id=\"c22db99\" data-element_type=\"widget\" data-e-type=\"widget\" data-widget_type=\"text-editor.default\">\n\t\t\t\t<div class=\"elementor-widget-container\">\n\t\t\t\t\t\t\t\t\t<p data-sourcepos=\"1:1-1:459\">Ma\u00dfgeschneiderte Formulierungen f\u00fcr Nahrungserg\u00e4nzungsmittel stellen einen ma\u00dfgeschneiderten Ansatz zur Herstellung von Nahrungsmitteln dar, die genau den spezifischen Bed\u00fcrfnissen und Marktanforderungen entsprechen. Im Gegensatz zu Rezepturen von der Stange werden ma\u00dfgeschneiderte Nahrungserg\u00e4nzungsmittel von Grund auf entwickelt, was eine vollst\u00e4ndige Kontrolle \u00fcber die Auswahl der Inhaltsstoffe, die Dosierung und die Verabreichungsmethoden erm\u00f6glicht. Dieser ma\u00dfgeschneiderte Prozess erm\u00f6glicht es Marken, einzigartige und wirksame Produkte zu entwickeln, die sich auf dem Markt von der Konkurrenz abheben.<\/p><p data-sourcepos=\"3:1-3:406\">Einer der Hauptvorteile kundenspezifischer Formulierungen ist die M\u00f6glichkeit, Nischenm\u00e4rkte anzusprechen oder bestimmte gesundheitliche Probleme zu l\u00f6sen. Ganz gleich, ob es sich um ein Nahrungserg\u00e4nzungsmittel f\u00fcr Sportler, Senioren oder Menschen mit besonderen Ern\u00e4hrungseinschr\u00e4nkungen handelt, ma\u00dfgeschneiderte Rezepturen stellen sicher, dass das Produkt perfekt auf die Zielgruppe abgestimmt ist. Diese Pr\u00e4zision kann zu einer verbesserten Wirksamkeit und gr\u00f6\u00dferen Kundenzufriedenheit f\u00fchren.<\/p><p data-sourcepos=\"3:1-3:406\">Der Prozess beginnt in der Regel mit einer gr\u00fcndlichen Beratung zwischen der Marke und einem Formulierungsspezialisten. In dieser Phase werden die Ziele des Produkts, die Zielgruppe, die gew\u00fcnschten gesundheitlichen Vorteile und alle spezifischen Pr\u00e4ferenzen oder Einschr\u00e4nkungen bei den Inhaltsstoffen definiert. Auf der Grundlage dieser Informationen entwickelt ein Team aus erfahrenen Wissenschaftlern und Ern\u00e4hrungswissenschaftlern eine einzigartige Formel, die den neuesten wissenschaftlichen Erkenntnissen und beh\u00f6rdlichen Richtlinien Rechnung tr\u00e4gt.<\/p>\t\t\t\t\t\t\t\t<\/div>\n\t\t\t\t<\/div>\n\t\t\t\t<\/div>\n\t\t\t\t<div class=\"elementor-element elementor-element-309f088 elementor-widget elementor-widget-text-editor\" data-id=\"309f088\" data-element_type=\"widget\" data-e-type=\"widget\" data-widget_type=\"text-editor.default\">\n\t\t\t\t<div class=\"elementor-widget-container\">\n\t\t\t\t\t\t\t\t\t<p data-sourcepos=\"7:1-7:454\">Kundenspezifische Formulierungen bieten eine unvergleichliche Flexibilit\u00e4t bei der Auswahl der Inhaltsstoffe. Marken k\u00f6nnen spezifische Vitamine, Mineralien, Kr\u00e4uterextrakte, Aminos\u00e4uren und andere bioaktive Verbindungen ausw\u00e4hlen, die f\u00fcr ihre synergistischen Effekte bekannt sind. Die M\u00f6glichkeit, die Dosierung der einzelnen Inhaltsstoffe zu kontrollieren, gew\u00e4hrleistet optimale Wirksamkeit und Sicherheit. Dar\u00fcber hinaus erm\u00f6glichen kundenspezifische Formulierungen die Einbindung innovativer Inhaltsstoffe oder gesch\u00fctzter Mischungen, die einen Wettbewerbsvorteil darstellen k\u00f6nnen.<\/p><p data-sourcepos=\"9:1-9:313\">Ma\u00dfgeschneiderte Formulierungen umfassen nicht nur die Inhaltsstoffe selbst, sondern auch die Art der Verabreichung. Ob das gew\u00fcnschte Format nun Kapseln, Tabletten, Pulver, Gummib\u00e4rchen oder Fl\u00fcssigkeiten sind, die Formulierung kann entsprechend angepasst werden. Durch diese Flexibilit\u00e4t wird sichergestellt, dass das Endprodukt bequem und f\u00fcr den Zielverbraucher ansprechend ist.<\/p><p data-sourcepos=\"11:1-11:646\">Die Entscheidung f\u00fcr ma\u00dfgeschneiderte Formulierungen von Nahrungserg\u00e4nzungsmitteln bietet zahlreiche Vorteile. Sie erm\u00f6glicht die Herstellung wirklich einzigartiger Produkte, die den spezifischen Marktbed\u00fcrfnissen entsprechen, verbessert die Markendifferenzierung und f\u00fchrt m\u00f6glicherweise zu einer gr\u00f6\u00dferen Kundentreue. Auch wenn der Entwicklungsprozess im Vergleich zum Private Labeling aufw\u00e4ndiger ist, kann die M\u00f6glichkeit, ein genau zugeschnittenes und hochwirksames Pr\u00e4parat herzustellen, f\u00fcr jede Marke von Nahrungserg\u00e4nzungsmitteln, die einen bleibenden Eindruck hinterlassen will, von gro\u00dfem Vorteil sein. Bei diesem Ansatz hat die Marke letztlich die Kontrolle \u00fcber die Identit\u00e4t und Wirksamkeit des Produkts, was das Vertrauen und die Glaubw\u00fcrdigkeit bei den Verbrauchern st\u00e4rkt.<\/p>\t\t\t\t\t\t\t\t<\/div>\n\t\t\t\t<\/div>\n\t\t\t\t\t<\/div>\n\t\t\t\t<\/div>\n\t\t\t\t<\/div>","protected":false},"excerpt":{"rendered":"<p>Custom Formulations For Dietary Supplements Custom formulations for dietary supplements represent a tailored approach to creating nutritional products that precisely [&hellip;]<\/p>\n","protected":false},"author":1,"featured_media":0,"parent":0,"menu_order":0,"comment_status":"closed","ping_status":"closed","template":"","meta":{"_uag_custom_page_level_css":"","site-sidebar-layout":"no-sidebar","site-content-layout":"","ast-site-content-layout":"full-width-container","site-content-style":"default","site-sidebar-style":"default","ast-global-header-display":"","ast-banner-title-visibility":"","ast-main-header-display":"","ast-hfb-above-header-display":"","ast-hfb-below-header-display":"","ast-hfb-mobile-header-display":"","site-post-title":"disabled","ast-breadcrumbs-content":"","ast-featured-img":"disabled","footer-sml-layout":"","ast-disable-related-posts":"","theme-transparent-header-meta":"","adv-header-id-meta":"","stick-header-meta":"","header-above-stick-meta":"","header-main-stick-meta":"","header-below-stick-meta":"","astra-migrate-meta-layouts":"default","ast-page-background-enabled":"default","ast-page-background-meta":{"desktop":{"background-color":"var(--ast-global-color-5)","background-image":"","background-repeat":"repeat","background-position":"center center","background-size":"auto","background-attachment":"scroll","background-type":"","background-media":"","overlay-type":"","overlay-color":"","overlay-opacity":"","overlay-gradient":""},"tablet":{"background-color":"","background-image":"","background-repeat":"repeat","background-position":"center center","background-size":"auto","background-attachment":"scroll","background-type":"","background-media":"","overlay-type":"","overlay-color":"","overlay-opacity":"","overlay-gradient":""},"mobile":{"background-color":"","background-image":"","background-repeat":"repeat","background-position":"center center","background-size":"auto","background-attachment":"scroll","background-type":"","background-media":"","overlay-type":"","overlay-color":"","overlay-opacity":"","overlay-gradient":""}},"ast-content-background-meta":{"desktop":{"background-color":"var(--ast-global-color-4)","background-image":"","background-repeat":"repeat","background-position":"center center","background-size":"auto","background-attachment":"scroll","background-type":"","background-media":"","overlay-type":"","overlay-color":"","overlay-opacity":"","overlay-gradient":""},"tablet":{"background-color":"var(--ast-global-color-4)","background-image":"","background-repeat":"repeat","background-position":"center center","background-size":"auto","background-attachment":"scroll","background-type":"","background-media":"","overlay-type":"","overlay-color":"","overlay-opacity":"","overlay-gradient":""},"mobile":{"background-color":"var(--ast-global-color-4)","background-image":"","background-repeat":"repeat","background-position":"center center","background-size":"auto","background-attachment":"scroll","background-type":"","background-media":"","overlay-type":"","overlay-color":"","overlay-opacity":"","overlay-gradient":""}},"footnotes":""},"class_list":["post-882","page","type-page","status-publish","hentry"],"uagb_featured_image_src":{"full":false,"thumbnail":false,"medium":false,"medium_large":false,"large":false,"1536x1536":false,"2048x2048":false,"trp-custom-language-flag":false},"uagb_author_info":{"display_name":"collagensei.com","author_link":"https:\/\/collagensei.com\/de\/author\/collagensei\/"},"uagb_comment_info":0,"uagb_excerpt":"Custom Formulations For Dietary Supplements Custom formulations for dietary supplements represent a tailored approach to creating nutritional products that precisely [&hellip;]","_links":{"self":[{"href":"https:\/\/collagensei.com\/de\/wp-json\/wp\/v2\/pages\/882","targetHints":{"allow":["GET"]}}],"collection":[{"href":"https:\/\/collagensei.com\/de\/wp-json\/wp\/v2\/pages"}],"about":[{"href":"https:\/\/collagensei.com\/de\/wp-json\/wp\/v2\/types\/page"}],"author":[{"embeddable":true,"href":"https:\/\/collagensei.com\/de\/wp-json\/wp\/v2\/users\/1"}],"replies":[{"embeddable":true,"href":"https:\/\/collagensei.com\/de\/wp-json\/wp\/v2\/comments?post=882"}],"version-history":[{"count":3,"href":"https:\/\/collagensei.com\/de\/wp-json\/wp\/v2\/pages\/882\/revisions"}],"predecessor-version":[{"id":6249,"href":"https:\/\/collagensei.com\/de\/wp-json\/wp\/v2\/pages\/882\/revisions\/6249"}],"wp:attachment":[{"href":"https:\/\/collagensei.com\/de\/wp-json\/wp\/v2\/media?parent=882"}],"curies":[{"name":"wp","href":"https:\/\/api.w.org\/{rel}","templated":true}]}}