{"id":145,"date":"2025-02-14T11:19:59","date_gmt":"2025-02-14T03:19:59","guid":{"rendered":"https:\/\/collagensei.com\/?page_id=145"},"modified":"2025-07-09T16:29:46","modified_gmt":"2025-07-09T08:29:46","slug":"proveedor-de-ingredientes-para-suplementos-dieteticos","status":"publish","type":"page","link":"https:\/\/collagensei.com\/es\/dietary-supplement-ingredient-supplier\/","title":{"rendered":"Producto"},"content":{"rendered":"<div data-elementor-type=\"wp-page\" data-elementor-id=\"145\" class=\"elementor elementor-145\" data-elementor-post-type=\"page\">\n\t\t\t\t<div class=\"elementor-element elementor-element-79c382e e-flex e-con-boxed e-con e-parent\" data-id=\"79c382e\" data-element_type=\"container\" data-e-type=\"container\">\n\t\t\t\t\t<div class=\"e-con-inner\">\n\t\t\t\t<div class=\"elementor-element elementor-element-930970b elementor-widget elementor-widget-heading\" data-id=\"930970b\" data-element_type=\"widget\" data-e-type=\"widget\" data-widget_type=\"heading.default\">\n\t\t\t\t<div class=\"elementor-widget-container\">\n\t\t\t\t\t<h1 class=\"elementor-heading-title elementor-size-default\">proveedor de ingredientes para suplementos diet\u00e9ticos<\/h1>\t\t\t\t<\/div>\n\t\t\t\t<\/div>\n\t\t\t\t<div class=\"elementor-element elementor-element-fc310a6 elementor-widget elementor-widget-text-editor\" data-id=\"fc310a6\" data-element_type=\"widget\" data-e-type=\"widget\" data-widget_type=\"text-editor.default\">\n\t\t\t\t<div class=\"elementor-widget-container\">\n\t\t\t\t\t\t\t\t\t<p>Los ingredientes de los suplementos abarcan una amplia gama de sustancias, como vitaminas, minerales, amino\u00e1cidos como la glicina, hierbas, prote\u00ednas, \u00e1cidos grasos y probi\u00f3ticos, dise\u00f1ados para favorecer la salud y el bienestar. Procedente de un proveedor de confianza de ingredientes para suplementos diet\u00e9ticos <strong>GENSEI<\/strong>Estos ingredientes cumplen estrictas normas de calidad y reglamentarias (por ejemplo, cGMP, FDA) y est\u00e1n disponibles en formas como <a href=\"https:\/\/collagensei.com\/es\/fabricante-de-suplementos-en-capsulas\/\">c\u00e1psulas<\/a>, <a href=\"https:\/\/collagensei.com\/es\/fabricante-de-suplementos-de-gominola\/\">gominolas<\/a>, <a href=\"https:\/\/collagensei.com\/es\/fabricante-de-suplementos-en-polvo\/\">polvos<\/a>o <a href=\"https:\/\/collagensei.com\/es\/fabricante-de-suplementos-liquidos\/\">l\u00edquidos<\/a>permitiendo la creaci\u00f3n de <a href=\"https:\/\/collagensei.com\/es\/suplemento-personalizado-de-marca-blanca\/\">suplementos diet\u00e9ticos personalizados<\/a> para las diversas necesidades de los consumidores.<\/p>\t\t\t\t\t\t\t\t<\/div>\n\t\t\t\t<\/div>\n\t\t\t\t\t<\/div>\n\t\t\t\t<\/div>\n\t\t<div class=\"elementor-element elementor-element-50ba9d54 e-flex e-con-boxed e-con e-parent\" data-id=\"50ba9d54\" data-element_type=\"container\" data-e-type=\"container\">\n\t\t\t\t\t<div class=\"e-con-inner\">\n\t\t<div class=\"elementor-element elementor-element-8f8e211 e-grid e-con-full e-con e-child\" data-id=\"8f8e211\" data-element_type=\"container\" data-e-type=\"container\">\n\t\t\t\t<div class=\"elementor-element elementor-element-eedb1ae elementor-position-top elementor-widget elementor-widget-image-box\" data-id=\"eedb1ae\" data-element_type=\"widget\" data-e-type=\"widget\" data-widget_type=\"image-box.default\">\n\t\t\t\t<div class=\"elementor-widget-container\">\n\t\t\t\t\t<div class=\"elementor-image-box-wrapper\"><figure class=\"elementor-image-box-img\"><a href=\"https:\/\/collagensei.com\/es\/aminoacidos\/\" tabindex=\"-1\"><img decoding=\"async\" src=\"https:\/\/collagensei.com\/wp-content\/uploads\/2025\/01\/R5P-e1742804072322.png\" title=\"Amino\u00e1cidos\" alt=\"Amino\u00e1cidos\" loading=\"lazy\" \/><\/a><\/figure><div class=\"elementor-image-box-content\"><h3 class=\"elementor-image-box-title\"><a href=\"https:\/\/collagensei.com\/es\/aminoacidos\/\">Amino\u00e1cidos<\/a><\/h3><p class=\"elementor-image-box-description\">Los amino\u00e1cidos son los componentes fundamentales de las prote\u00ednas. 1 Cada uno contiene un carbono central unido a un grupo amino, un grupo carboxilo, un \u00e1tomo de hidr\u00f3geno y una cadena lateral \u00fanica que determina sus propiedades.<\/p><\/div><\/div>\t\t\t\t<\/div>\n\t\t\t\t<\/div>\n\t\t\t\t<div class=\"elementor-element elementor-element-140be8d elementor-position-top elementor-widget elementor-widget-image-box\" data-id=\"140be8d\" data-element_type=\"widget\" data-e-type=\"widget\" data-widget_type=\"image-box.default\">\n\t\t\t\t<div class=\"elementor-widget-container\">\n\t\t\t\t\t<div class=\"elementor-image-box-wrapper\"><figure class=\"elementor-image-box-img\"><a href=\"https:\/\/collagensei.com\/es\/extractos-de-hierbas\/\" tabindex=\"-1\"><img decoding=\"async\" src=\"https:\/\/collagensei.com\/wp-content\/uploads\/elementor\/thumbs\/Berberine-HCL-r3tv7w9mubamksungz4ifxdd7l5djnh4lp7tmtai2c.png\" title=\"Extractos vegetales\" alt=\"Extractos vegetales\" loading=\"lazy\" \/><\/a><\/figure><div class=\"elementor-image-box-content\"><h3 class=\"elementor-image-box-title\"><a href=\"https:\/\/collagensei.com\/es\/extractos-de-hierbas\/\">Extractos de hierbas<\/a><\/h3><p class=\"elementor-image-box-description\">Los extractos de hierbas son sustancias concentradas derivadas de las plantas. Contienen diversos compuestos beneficiosos y se utilizan con fines sanitarios, aromatizantes o cosm\u00e9ticos. <\/p><\/div><\/div>\t\t\t\t<\/div>\n\t\t\t\t<\/div>\n\t\t\t\t<div class=\"elementor-element elementor-element-ba03448 elementor-position-top elementor-widget elementor-widget-image-box\" data-id=\"ba03448\" data-element_type=\"widget\" data-e-type=\"widget\" data-widget_type=\"image-box.default\">\n\t\t\t\t<div class=\"elementor-widget-container\">\n\t\t\t\t\t<div class=\"elementor-image-box-wrapper\"><figure class=\"elementor-image-box-img\"><a href=\"https:\/\/collagensei.com\/es\/salud-articular\/\" tabindex=\"-1\"><img fetchpriority=\"high\" decoding=\"async\" width=\"782\" height=\"522\" src=\"https:\/\/collagensei.com\/wp-content\/uploads\/2025\/02\/creatine-monohydrate.png\" class=\"attachment-full size-full wp-image-4498\" alt=\"Salud articular\" srcset=\"https:\/\/collagensei.com\/wp-content\/uploads\/2025\/02\/creatine-monohydrate.png 782w, https:\/\/collagensei.com\/wp-content\/uploads\/2025\/02\/creatine-monohydrate-300x200.png 300w, https:\/\/collagensei.com\/wp-content\/uploads\/2025\/02\/creatine-monohydrate-768x513.png 768w\" sizes=\"(max-width: 782px) 100vw, 782px\" \/><\/a><\/figure><div class=\"elementor-image-box-content\"><h3 class=\"elementor-image-box-title\"><a href=\"https:\/\/collagensei.com\/es\/salud-articular\/\">Salud articular<\/a><\/h3><p class=\"elementor-image-box-description\">Unas articulaciones sanas permiten moverse con flexibilidad y un dolor m\u00ednimo. Se trata de mantener el cart\u00edlago, los ligamentos y la funci\u00f3n general de las articulaciones para llevar una vida activa.<\/p><\/div><\/div>\t\t\t\t<\/div>\n\t\t\t\t<\/div>\n\t\t\t\t<div class=\"elementor-element elementor-element-137ffd9 elementor-position-top elementor-widget elementor-widget-image-box\" data-id=\"137ffd9\" data-element_type=\"widget\" data-e-type=\"widget\" data-widget_type=\"image-box.default\">\n\t\t\t\t<div class=\"elementor-widget-container\">\n\t\t\t\t\t<div class=\"elementor-image-box-wrapper\"><figure class=\"elementor-image-box-img\"><a href=\"https:\/\/collagensei.com\/es\/nutricion-mineral\/\" tabindex=\"-1\"><img decoding=\"async\" width=\"788\" height=\"526\" src=\"https:\/\/collagensei.com\/wp-content\/uploads\/2025\/01\/Hydrolyzed-Gelatin.png\" class=\"attachment-full size-full wp-image-4465\" alt=\"Nutrici\u00f3n mineral\" srcset=\"https:\/\/collagensei.com\/wp-content\/uploads\/2025\/01\/Hydrolyzed-Gelatin.png 788w, https:\/\/collagensei.com\/wp-content\/uploads\/2025\/01\/Hydrolyzed-Gelatin-300x200.png 300w, https:\/\/collagensei.com\/wp-content\/uploads\/2025\/01\/Hydrolyzed-Gelatin-768x513.png 768w\" sizes=\"(max-width: 788px) 100vw, 788px\" \/><\/a><\/figure><div class=\"elementor-image-box-content\"><h3 class=\"elementor-image-box-title\"><a href=\"https:\/\/collagensei.com\/es\/nutricion-mineral\/\">Nutrici\u00f3n mineral<\/a><\/h3><p class=\"elementor-image-box-description\">La nutrici\u00f3n mineral implica la ingesta y el uso de elementos inorg\u00e1nicos esenciales (minerales) para el correcto funcionamiento del organismo, el crecimiento y la salud en general.<\/p><\/div><\/div>\t\t\t\t<\/div>\n\t\t\t\t<\/div>\n\t\t\t\t<div class=\"elementor-element elementor-element-8122551 elementor-position-top elementor-widget elementor-widget-image-box\" data-id=\"8122551\" data-element_type=\"widget\" data-e-type=\"widget\" data-widget_type=\"image-box.default\">\n\t\t\t\t<div class=\"elementor-widget-container\">\n\t\t\t\t\t<div class=\"elementor-image-box-wrapper\"><figure class=\"elementor-image-box-img\"><a href=\"https:\/\/collagensei.com\/es\/ingredientes-especiales\/\" tabindex=\"-1\"><img decoding=\"async\" width=\"742\" height=\"478\" src=\"https:\/\/collagensei.com\/wp-content\/uploads\/2025\/02\/N-Acetyl-Glucosamine.png\" class=\"attachment-full size-full wp-image-4503\" alt=\"N-acetil-glucosamina en polvo\" srcset=\"https:\/\/collagensei.com\/wp-content\/uploads\/2025\/02\/N-Acetyl-Glucosamine.png 742w, https:\/\/collagensei.com\/wp-content\/uploads\/2025\/02\/N-Acetyl-Glucosamine-300x193.png 300w\" sizes=\"(max-width: 742px) 100vw, 742px\" \/><\/a><\/figure><div class=\"elementor-image-box-content\"><h3 class=\"elementor-image-box-title\"><a href=\"https:\/\/collagensei.com\/es\/ingredientes-especiales\/\">Ingredientes especiales<\/a><\/h3><p class=\"elementor-image-box-description\">Ingredientes especiales como aceite de pescado, CoQ10, <a class=\"wpil_keyword_link\" href=\"https:\/\/collagensei.com\/es\/ingredientes-especiales\/aceite-de-algas-dha\/\" target=\"_blank\" rel=\"noopener\" title=\"Aceite de algas DHA\" data-wpil-keyword-link=\"linked\" data-wpil-monitor-id=\"1766\">Aceite de algas DHA<\/a>, y el aceite de linaza son fuentes naturales de nutrientes espec\u00edficos que ofrecen beneficios espec\u00edficos para la salud.<\/p><\/div><\/div>\t\t\t\t<\/div>\n\t\t\t\t<\/div>\n\t\t\t\t<div class=\"elementor-element elementor-element-74b5311 elementor-position-top elementor-widget elementor-widget-image-box\" data-id=\"74b5311\" data-element_type=\"widget\" data-e-type=\"widget\" data-widget_type=\"image-box.default\">\n\t\t\t\t<div class=\"elementor-widget-container\">\n\t\t\t\t\t<div class=\"elementor-image-box-wrapper\"><figure class=\"elementor-image-box-img\"><a href=\"https:\/\/collagensei.com\/es\/nutricion-deportiva\/\" tabindex=\"-1\"><img loading=\"lazy\" decoding=\"async\" width=\"801\" height=\"530\" src=\"https:\/\/collagensei.com\/wp-content\/uploads\/2025\/01\/5-MTHF.png\" class=\"attachment-full size-full wp-image-4452\" alt=\"Nutrici\u00f3n deportiva\" srcset=\"https:\/\/collagensei.com\/wp-content\/uploads\/2025\/01\/5-MTHF.png 801w, https:\/\/collagensei.com\/wp-content\/uploads\/2025\/01\/5-MTHF-300x199.png 300w, https:\/\/collagensei.com\/wp-content\/uploads\/2025\/01\/5-MTHF-768x508.png 768w\" sizes=\"(max-width: 801px) 100vw, 801px\" \/><\/a><\/figure><div class=\"elementor-image-box-content\"><h3 class=\"elementor-image-box-title\"><a href=\"https:\/\/collagensei.com\/es\/nutricion-deportiva\/\">Nutrici\u00f3n deportiva<\/a><\/h3><p class=\"elementor-image-box-description\">La nutrici\u00f3n deportiva se centra en las estrategias de alimentaci\u00f3n e hidrataci\u00f3n para optimizar el rendimiento deportivo, apoyar el entrenamiento y mejorar la recuperaci\u00f3n tras el ejercicio. <\/p><\/div><\/div>\t\t\t\t<\/div>\n\t\t\t\t<\/div>\n\t\t\t\t<div class=\"elementor-element elementor-element-3573499 elementor-position-top elementor-widget elementor-widget-image-box\" data-id=\"3573499\" data-element_type=\"widget\" data-e-type=\"widget\" data-widget_type=\"image-box.default\">\n\t\t\t\t<div class=\"elementor-widget-container\">\n\t\t\t\t\t<div class=\"elementor-image-box-wrapper\"><figure class=\"elementor-image-box-img\"><a href=\"https:\/\/collagensei.com\/es\/vitaminas\/\" tabindex=\"-1\"><img loading=\"lazy\" decoding=\"async\" width=\"831\" height=\"556\" src=\"https:\/\/collagensei.com\/wp-content\/uploads\/2024\/11\/Evening-Primrose-Oil-vs-Vitamin-E.png\" class=\"attachment-full size-full wp-image-4076\" alt=\"Vitaminas\" \/><\/a><\/figure><div class=\"elementor-image-box-content\"><h3 class=\"elementor-image-box-title\"><a href=\"https:\/\/collagensei.com\/es\/vitaminas\/\">Vitaminas<\/a><\/h3><p class=\"elementor-image-box-description\">Las vitaminas son compuestos org\u00e1nicos esenciales necesarios en peque\u00f1as cantidades para las funciones vitales del organismo.  Favorecen el crecimiento, el desarrollo y la salud en general, y suelen obtenerse a trav\u00e9s de la dieta.<\/p><\/div><\/div>\t\t\t\t<\/div>\n\t\t\t\t<\/div>\n\t\t\t\t<\/div>\n\t\t\t\t\t<\/div>\n\t\t\t\t<\/div>\n\t\t<div class=\"elementor-element elementor-element-fc747be e-flex e-con-boxed e-con e-parent\" data-id=\"fc747be\" data-element_type=\"container\" data-e-type=\"container\">\n\t\t\t\t\t<div class=\"e-con-inner\">\n\t\t\t\t<div class=\"elementor-element elementor-element-8b2b2d6 elementor-widget elementor-widget-heading\" data-id=\"8b2b2d6\" data-element_type=\"widget\" data-e-type=\"widget\" data-widget_type=\"heading.default\">\n\t\t\t\t<div class=\"elementor-widget-container\">\n\t\t\t\t\t<h2 class=\"elementor-heading-title elementor-size-default\">resumen de los tipos de ingredientes de los complementos alimenticios<\/h2>\t\t\t\t<\/div>\n\t\t\t\t<\/div>\n\t\t\t\t<div class=\"elementor-element elementor-element-3f2af34 elementor-widget elementor-widget-text-editor\" data-id=\"3f2af34\" data-element_type=\"widget\" data-e-type=\"widget\" data-widget_type=\"text-editor.default\">\n\t\t\t\t<div class=\"elementor-widget-container\">\n\t\t\t\t\t\t\t\t\t<p dir=\"auto\">A continuaci\u00f3n se presenta una tabla que resume los tipos de ingredientes de los suplementos diet\u00e9ticos, sus funciones, sus componentes clave y sus ventajas e inconvenientes. Se incluyen ingredientes relevantes para la fabricaci\u00f3n de suplementos diet\u00e9ticos, con un gui\u00f1o a la gelatina bovina y la glicina como componentes clave en algunos suplementos.<\/p>\t\t\t\t\t\t\t\t<\/div>\n\t\t\t\t<\/div>\n\t\t\t\t<div class=\"elementor-element elementor-element-f8143ec elementor-widget elementor-widget-text-editor\" data-id=\"f8143ec\" data-element_type=\"widget\" data-e-type=\"widget\" data-widget_type=\"text-editor.default\">\n\t\t\t\t<div class=\"elementor-widget-container\">\n\t\t\t\t\t\t\t\t\t<table><thead><tr><th><strong>Tipo<\/strong><\/th><th><strong>Papel<\/strong><\/th><th><strong>Componentes clave<\/strong><\/th><th><strong>Ventajas<\/strong><\/th><th><strong>Desventajas<\/strong><\/th><\/tr><\/thead><tbody><tr><td><strong>Vitaminas<\/strong><\/td><td>Favorece la inmunidad, la energ\u00eda, la visi\u00f3n, la salud \u00f3sea y el bienestar general<\/td><td>Vitaminas A, C, D, E, K, complejo B (B1, B6, B12)<\/td><td>Refuerza carencias nutricionales espec\u00edficas, ampliamente estudiado, vers\u00e1til en formulaciones<\/td><td>Riesgo de consumo excesivo (vitaminas liposolubles), biodisponibilidad variable<\/td><\/tr><tr><td><strong>Minerales<\/strong><\/td><td>Promueven la salud \u00f3sea, la funci\u00f3n muscular, la se\u00f1alizaci\u00f3n nerviosa y la inmunidad<\/td><td>Calcio, magnesio, zinc, hierro, selenio<\/td><td>Esencial para las funciones metab\u00f3licas, f\u00e1cil de formular en comprimidos\/c\u00e1psulas<\/td><td>Posible toxicidad en dosis elevadas, interacciones con otros nutrientes<\/td><\/tr><tr><td><strong>Hierbas y plantas bot\u00e1nicas<\/strong><\/td><td>Aportan beneficios antiinflamatorios, adapt\u00f3genos o antioxidantes<\/td><td>C\u00farcuma, ginseng, equin\u00e1cea, ashwagandha<\/td><td>Atractivo natural, beneficios para la salud, demanda de productos vegetales<\/td><td>Estandarizaci\u00f3n limitada, posibilidad de efectos secundarios o interacciones farmacol\u00f3gicas<\/td><\/tr><tr><td><strong>Amino\u00e1cidos<\/strong><\/td><td>Favorece la s\u00edntesis proteica, la salud articular, la recuperaci\u00f3n muscular y el sue\u00f1o<\/td><td>Glicina, lisina, BCAA, glutamina<\/td><td>Clave para el col\u00e1geno (por ejemplo, glicina en gelatina bovina), reparaci\u00f3n muscular, alta biodisponibilidad<\/td><td>Prote\u00ednas incompletas (por ejemplo, a la glicina le falta tript\u00f3fano), problemas de sabor en los polvos<\/td><\/tr><tr><td><strong>Prote\u00ednas<\/strong><\/td><td>Mejora el crecimiento muscular, la salud de la piel y las articulaciones y la sensaci\u00f3n de saciedad<\/td><td>Suero de leche, col\u00e1geno (gelatina bovina), prote\u00edna de guisante<\/td><td>Gran demanda, favorece la salud estructural, vers\u00e1til en polvo\/gomitas<\/td><td>Alergias (p. ej., suero l\u00e1cteo), problemas de abastecimiento (p. ej., col\u00e1geno no vegano)<\/td><\/tr><tr><td><strong>\u00c1cidos grasos<\/strong><\/td><td>Favorece la salud del coraz\u00f3n, el cerebro y las articulaciones<\/td><td>Omega-3 (DHA\/EPA), aceite de pescado, aceite de linaza<\/td><td>Antiinflamatorio, beneficios cardiovasculares bien estudiados<\/td><td>Regusto a pescado, problemas de sostenibilidad, riesgo de oxidaci\u00f3n durante el almacenamiento<\/td><\/tr><tr><td><strong>Probi\u00f3ticos<\/strong><\/td><td>Favorece la salud intestinal, la digesti\u00f3n y la funci\u00f3n inmunitaria<\/td><td>Cepas de Lactobacillus, Bifidobacterium<\/td><td>Mejora del microbioma, creciente inter\u00e9s de los consumidores, opciones disponibles en estantes<\/td><td>Eficacia espec\u00edfica de la cepa, problemas de estabilidad, alto coste de la alta potencia<\/td><\/tr><tr><td><strong>Ingredientes especiales<\/strong><\/td><td>Abordar necesidades espec\u00edficas (por ejemplo, coraz\u00f3n, articulaciones, sue\u00f1o, apoyo cognitivo)<\/td><td>CoQ10, glucosamina, melatonina, \u00e1cido hialur\u00f3nico<\/td><td>Beneficios espec\u00edficos, gran atractivo comercial para nichos de salud espec\u00edficos<\/td><td>Investigaci\u00f3n limitada para algunos, costes m\u00e1s elevados, posibilidad de que se exageren las reclamaciones<\/td><\/tr><\/tbody><\/table><p><strong>Notas<\/strong>:<\/p><ul><li><strong>Contexto de la gelatina bovina<\/strong>: La gelatina bovina, rica en glicina (~35%), es un ingrediente proteico clave utilizado en gominolas, c\u00e1psulas y c\u00e1psulas blandas por sus propiedades gelificantes y sus beneficios para la salud de las articulaciones y la piel.<\/li><li><strong>B\u00fasqueda de proveedores<\/strong>: Los proveedores de ingredientes de suplementos diet\u00e9ticos garantizan el cumplimiento de las cGMP, la FDA y las certificaciones (por ejemplo, Kosher, Halal) de calidad y seguridad.<\/li><li><strong>Tendencias de consumo<\/strong>: La demanda de opciones con etiqueta limpia, sin OMG y veganas influye en la selecci\u00f3n de ingredientes y la formulaci\u00f3n.<\/li><\/ul>\t\t\t\t\t\t\t\t<\/div>\n\t\t\t\t<\/div>\n\t\t\t\t\t<\/div>\n\t\t\t\t<\/div>\n\t\t\t\t<\/div>","protected":false},"excerpt":{"rendered":"<p>dietary supplement ingredient supplier Supplement ingredients encompass a wide range of substances, including vitamins, minerals, amino acids like glycine, herbals, [&hellip;]<\/p>\n","protected":false},"author":1,"featured_media":0,"parent":0,"menu_order":0,"comment_status":"closed","ping_status":"closed","template":"","meta":{"_uag_custom_page_level_css":"","site-sidebar-layout":"default","site-content-layout":"","ast-site-content-layout":"default","site-content-style":"default","site-sidebar-style":"default","ast-global-header-display":"","ast-banner-title-visibility":"","ast-main-header-display":"","ast-hfb-above-header-display":"","ast-hfb-below-header-display":"","ast-hfb-mobile-header-display":"","site-post-title":"","ast-breadcrumbs-content":"","ast-featured-img":"","footer-sml-layout":"","ast-disable-related-posts":"","theme-transparent-header-meta":"","adv-header-id-meta":"","stick-header-meta":"","header-above-stick-meta":"","header-main-stick-meta":"","header-below-stick-meta":"","astra-migrate-meta-layouts":"default","ast-page-background-enabled":"default","ast-page-background-meta":{"desktop":{"background-color":"var(--ast-global-color-5)","background-image":"","background-repeat":"repeat","background-position":"center center","background-size":"auto","background-attachment":"scroll","background-type":"","background-media":"","overlay-type":"","overlay-color":"","overlay-opacity":"","overlay-gradient":""},"tablet":{"background-color":"","background-image":"","background-repeat":"repeat","background-position":"center center","background-size":"auto","background-attachment":"scroll","background-type":"","background-media":"","overlay-type":"","overlay-color":"","overlay-opacity":"","overlay-gradient":""},"mobile":{"background-color":"","background-image":"","background-repeat":"repeat","background-position":"center center","background-size":"auto","background-attachment":"scroll","background-type":"","background-media":"","overlay-type":"","overlay-color":"","overlay-opacity":"","overlay-gradient":""}},"ast-content-background-meta":{"desktop":{"background-color":"var(--ast-global-color-4)","background-image":"","background-repeat":"repeat","background-position":"center center","background-size":"auto","background-attachment":"scroll","background-type":"","background-media":"","overlay-type":"","overlay-color":"","overlay-opacity":"","overlay-gradient":""},"tablet":{"background-color":"var(--ast-global-color-4)","background-image":"","background-repeat":"repeat","background-position":"center center","background-size":"auto","background-attachment":"scroll","background-type":"","background-media":"","overlay-type":"","overlay-color":"","overlay-opacity":"","overlay-gradient":""},"mobile":{"background-color":"var(--ast-global-color-4)","background-image":"","background-repeat":"repeat","background-position":"center center","background-size":"auto","background-attachment":"scroll","background-type":"","background-media":"","overlay-type":"","overlay-color":"","overlay-opacity":"","overlay-gradient":""}},"footnotes":""},"class_list":["post-145","page","type-page","status-publish","hentry"],"uagb_featured_image_src":{"full":false,"thumbnail":false,"medium":false,"medium_large":false,"large":false,"1536x1536":false,"2048x2048":false,"trp-custom-language-flag":false},"uagb_author_info":{"display_name":"collagensei.com","author_link":"https:\/\/collagensei.com\/es\/author\/collagensei\/"},"uagb_comment_info":0,"uagb_excerpt":"dietary supplement ingredient supplier Supplement ingredients encompass a wide range of substances, including vitamins, minerals, amino acids like glycine, herbals, [&hellip;]","_links":{"self":[{"href":"https:\/\/collagensei.com\/es\/wp-json\/wp\/v2\/pages\/145","targetHints":{"allow":["GET"]}}],"collection":[{"href":"https:\/\/collagensei.com\/es\/wp-json\/wp\/v2\/pages"}],"about":[{"href":"https:\/\/collagensei.com\/es\/wp-json\/wp\/v2\/types\/page"}],"author":[{"embeddable":true,"href":"https:\/\/collagensei.com\/es\/wp-json\/wp\/v2\/users\/1"}],"replies":[{"embeddable":true,"href":"https:\/\/collagensei.com\/es\/wp-json\/wp\/v2\/comments?post=145"}],"version-history":[{"count":8,"href":"https:\/\/collagensei.com\/es\/wp-json\/wp\/v2\/pages\/145\/revisions"}],"predecessor-version":[{"id":15827,"href":"https:\/\/collagensei.com\/es\/wp-json\/wp\/v2\/pages\/145\/revisions\/15827"}],"wp:attachment":[{"href":"https:\/\/collagensei.com\/es\/wp-json\/wp\/v2\/media?parent=145"}],"curies":[{"name":"wp","href":"https:\/\/api.w.org\/{rel}","templated":true}]}}