{"id":79,"date":"2024-06-27T20:03:26","date_gmt":"2024-06-27T12:03:26","guid":{"rendered":"https:\/\/collagensei.com\/?page_id=79"},"modified":"2026-01-21T17:13:19","modified_gmt":"2026-01-21T09:13:19","slug":"por-que-elegirnos","status":"publish","type":"page","link":"https:\/\/collagensei.com\/es\/research-and-innovation\/why-choose-us\/","title":{"rendered":"POR QU\u00c9 ELEGIRNOS"},"content":{"rendered":"<div data-elementor-type=\"wp-page\" data-elementor-id=\"79\" class=\"elementor elementor-79\" data-elementor-post-type=\"page\">\n\t\t\t\t<div class=\"elementor-element elementor-element-398880a e-flex e-con-boxed e-con e-parent\" data-id=\"398880a\" data-element_type=\"container\" data-e-type=\"container\">\n\t\t\t\t\t<div class=\"e-con-inner\">\n\t\t\t\t<div class=\"elementor-element elementor-element-6591c5e elementor-widget elementor-widget-heading\" data-id=\"6591c5e\" data-element_type=\"widget\" data-e-type=\"widget\" data-widget_type=\"heading.default\">\n\t\t\t\t<div class=\"elementor-widget-container\">\n\t\t\t\t\t<h1 class=\"elementor-heading-title elementor-size-default\">Por qu\u00e9 elegirnos<\/h1>\t\t\t\t<\/div>\n\t\t\t\t<\/div>\n\t\t\t\t<div class=\"elementor-element elementor-element-b5f6a67 elementor-widget elementor-widget-text-editor\" data-id=\"b5f6a67\" data-element_type=\"widget\" data-e-type=\"widget\" data-widget_type=\"text-editor.default\">\n\t\t\t\t<div class=\"elementor-widget-container\">\n\t\t\t\t\t\t\t\t\t<p>Gensei Global Industries comenz\u00f3 en 2006 como una empresa familiar que produc\u00eda p\u00e9ptidos de prote\u00edna animal derivados de animales. En 2010, nuestros clientes nos preguntaron si pod\u00edamos producir p\u00e9ptido de col\u00e1geno. Desde entonces, ha surgido el germen.<\/p><p>Con un deseo ardiente, Gensei se introdujo en los mercados de EE.UU., Jap\u00f3n, Australia, Nueva Zelanda, Asia y Sudam\u00e9rica. Exportamos a m\u00e1s de 16 pa\u00edses. Nuestros almacenes se encuentran en EE.UU., Canad\u00e1, Australia, Jap\u00f3n y Nueva Zelanda. China es la base de producci\u00f3n y abastecimiento.<\/p><p>Gensei es un fabricante con certificaci\u00f3n ISO9001, ISO22000, Halal, Kosher y MSC que utiliza equipos, tecnolog\u00eda y procesos de vanguardia durante la elaboraci\u00f3n de las materias primas de los suplementos para la salud.<\/p><p>Estamos orgullosos de ser el proveedor y productor de la cadena de suministro, lo que garantiza que nuestra fuente sea pura, estable y competitiva.<\/p>\t\t\t\t\t\t\t\t<\/div>\n\t\t\t\t<\/div>\n\t\t\t\t<div class=\"elementor-element elementor-element-bc90c69 elementor-widget elementor-widget-image\" data-id=\"bc90c69\" data-element_type=\"widget\" data-e-type=\"widget\" data-widget_type=\"image.default\">\n\t\t\t\t<div class=\"elementor-widget-container\">\n\t\t\t\t\t\t\t\t\t\t\t\t\t\t\t<img fetchpriority=\"high\" decoding=\"async\" width=\"2000\" height=\"337\" src=\"https:\/\/collagensei.com\/wp-content\/uploads\/2024\/06\/8befd1bb4d.jpg\" class=\"attachment-full size-full wp-image-123\" alt=\"\" srcset=\"https:\/\/collagensei.com\/wp-content\/uploads\/2024\/06\/8befd1bb4d.jpg 2000w, https:\/\/collagensei.com\/wp-content\/uploads\/2024\/06\/8befd1bb4d-300x51.jpg 300w, https:\/\/collagensei.com\/wp-content\/uploads\/2024\/06\/8befd1bb4d-1024x173.jpg 1024w, https:\/\/collagensei.com\/wp-content\/uploads\/2024\/06\/8befd1bb4d-768x129.jpg 768w, https:\/\/collagensei.com\/wp-content\/uploads\/2024\/06\/8befd1bb4d-1536x259.jpg 1536w, https:\/\/collagensei.com\/wp-content\/uploads\/2024\/06\/8befd1bb4d-200x34.jpg 200w, https:\/\/collagensei.com\/wp-content\/uploads\/2024\/06\/8befd1bb4d-400x67.jpg 400w, https:\/\/collagensei.com\/wp-content\/uploads\/2024\/06\/8befd1bb4d-600x101.jpg 600w, https:\/\/collagensei.com\/wp-content\/uploads\/2024\/06\/8befd1bb4d-800x135.jpg 800w, https:\/\/collagensei.com\/wp-content\/uploads\/2024\/06\/8befd1bb4d-1200x202.jpg 1200w\" sizes=\"(max-width: 2000px) 100vw, 2000px\" \/>\t\t\t\t\t\t\t\t\t\t\t\t\t\t\t<\/div>\n\t\t\t\t<\/div>\n\t\t\t\t<div class=\"elementor-element elementor-element-e23fc9b elementor-widget elementor-widget-image\" data-id=\"e23fc9b\" data-element_type=\"widget\" data-e-type=\"widget\" data-widget_type=\"image.default\">\n\t\t\t\t<div class=\"elementor-widget-container\">\n\t\t\t\t\t\t\t\t\t\t\t\t\t\t\t<img decoding=\"async\" width=\"1200\" height=\"1588\" src=\"https:\/\/collagensei.com\/wp-content\/uploads\/2024\/06\/db414cb968.jpg\" class=\"attachment-full size-full wp-image-124\" alt=\"\" srcset=\"https:\/\/collagensei.com\/wp-content\/uploads\/2024\/06\/db414cb968.jpg 1200w, https:\/\/collagensei.com\/wp-content\/uploads\/2024\/06\/db414cb968-227x300.jpg 227w, https:\/\/collagensei.com\/wp-content\/uploads\/2024\/06\/db414cb968-774x1024.jpg 774w, https:\/\/collagensei.com\/wp-content\/uploads\/2024\/06\/db414cb968-768x1016.jpg 768w, https:\/\/collagensei.com\/wp-content\/uploads\/2024\/06\/db414cb968-1161x1536.jpg 1161w, https:\/\/collagensei.com\/wp-content\/uploads\/2024\/06\/db414cb968-200x265.jpg 200w, https:\/\/collagensei.com\/wp-content\/uploads\/2024\/06\/db414cb968-400x529.jpg 400w, https:\/\/collagensei.com\/wp-content\/uploads\/2024\/06\/db414cb968-600x794.jpg 600w, https:\/\/collagensei.com\/wp-content\/uploads\/2024\/06\/db414cb968-800x1059.jpg 800w\" sizes=\"(max-width: 1200px) 100vw, 1200px\" \/>\t\t\t\t\t\t\t\t\t\t\t\t\t\t\t<\/div>\n\t\t\t\t<\/div>\n\t\t\t\t\t<\/div>\n\t\t\t\t<\/div>\n\t\t\t\t<\/div>","protected":false},"excerpt":{"rendered":"<p>Why Choose Us Gensei Global Industries began from a family owned facility producing animal derived material animal protein peptide in [&hellip;]<\/p>\n","protected":false},"author":1,"featured_media":0,"parent":77,"menu_order":0,"comment_status":"closed","ping_status":"closed","template":"","meta":{"_uag_custom_page_level_css":"","site-sidebar-layout":"default","site-content-layout":"","ast-site-content-layout":"default","site-content-style":"default","site-sidebar-style":"default","ast-global-header-display":"","ast-banner-title-visibility":"","ast-main-header-display":"","ast-hfb-above-header-display":"","ast-hfb-below-header-display":"","ast-hfb-mobile-header-display":"","site-post-title":"disabled","ast-breadcrumbs-content":"","ast-featured-img":"","footer-sml-layout":"","ast-disable-related-posts":"","theme-transparent-header-meta":"","adv-header-id-meta":"","stick-header-meta":"","header-above-stick-meta":"","header-main-stick-meta":"","header-below-stick-meta":"","astra-migrate-meta-layouts":"default","ast-page-background-enabled":"default","ast-page-background-meta":{"desktop":{"background-color":"var(--ast-global-color-5)","background-image":"","background-repeat":"repeat","background-position":"center center","background-size":"auto","background-attachment":"scroll","background-type":"","background-media":"","overlay-type":"","overlay-color":"","overlay-opacity":"","overlay-gradient":""},"tablet":{"background-color":"","background-image":"","background-repeat":"repeat","background-position":"center center","background-size":"auto","background-attachment":"scroll","background-type":"","background-media":"","overlay-type":"","overlay-color":"","overlay-opacity":"","overlay-gradient":""},"mobile":{"background-color":"","background-image":"","background-repeat":"repeat","background-position":"center center","background-size":"auto","background-attachment":"scroll","background-type":"","background-media":"","overlay-type":"","overlay-color":"","overlay-opacity":"","overlay-gradient":""}},"ast-content-background-meta":{"desktop":{"background-color":"var(--ast-global-color-4)","background-image":"","background-repeat":"repeat","background-position":"center center","background-size":"auto","background-attachment":"scroll","background-type":"","background-media":"","overlay-type":"","overlay-color":"","overlay-opacity":"","overlay-gradient":""},"tablet":{"background-color":"var(--ast-global-color-4)","background-image":"","background-repeat":"repeat","background-position":"center center","background-size":"auto","background-attachment":"scroll","background-type":"","background-media":"","overlay-type":"","overlay-color":"","overlay-opacity":"","overlay-gradient":""},"mobile":{"background-color":"var(--ast-global-color-4)","background-image":"","background-repeat":"repeat","background-position":"center center","background-size":"auto","background-attachment":"scroll","background-type":"","background-media":"","overlay-type":"","overlay-color":"","overlay-opacity":"","overlay-gradient":""}},"footnotes":""},"class_list":["post-79","page","type-page","status-publish","hentry"],"uagb_featured_image_src":{"full":false,"thumbnail":false,"medium":false,"medium_large":false,"large":false,"1536x1536":false,"2048x2048":false,"trp-custom-language-flag":false},"uagb_author_info":{"display_name":"collagensei.com","author_link":"https:\/\/collagensei.com\/es\/author\/collagensei\/"},"uagb_comment_info":0,"uagb_excerpt":"Why Choose Us Gensei Global Industries began from a family owned facility producing animal derived material animal protein peptide in [&hellip;]","_links":{"self":[{"href":"https:\/\/collagensei.com\/es\/wp-json\/wp\/v2\/pages\/79","targetHints":{"allow":["GET"]}}],"collection":[{"href":"https:\/\/collagensei.com\/es\/wp-json\/wp\/v2\/pages"}],"about":[{"href":"https:\/\/collagensei.com\/es\/wp-json\/wp\/v2\/types\/page"}],"author":[{"embeddable":true,"href":"https:\/\/collagensei.com\/es\/wp-json\/wp\/v2\/users\/1"}],"replies":[{"embeddable":true,"href":"https:\/\/collagensei.com\/es\/wp-json\/wp\/v2\/comments?post=79"}],"version-history":[{"count":3,"href":"https:\/\/collagensei.com\/es\/wp-json\/wp\/v2\/pages\/79\/revisions"}],"predecessor-version":[{"id":15906,"href":"https:\/\/collagensei.com\/es\/wp-json\/wp\/v2\/pages\/79\/revisions\/15906"}],"up":[{"embeddable":true,"href":"https:\/\/collagensei.com\/es\/wp-json\/wp\/v2\/pages\/77"}],"wp:attachment":[{"href":"https:\/\/collagensei.com\/es\/wp-json\/wp\/v2\/media?parent=79"}],"curies":[{"name":"wp","href":"https:\/\/api.w.org\/{rel}","templated":true}]}}