{"id":8340,"date":"2025-06-04T15:27:48","date_gmt":"2025-06-04T07:27:48","guid":{"rendered":"https:\/\/collagensei.com\/?page_id=8340"},"modified":"2025-06-04T15:27:51","modified_gmt":"2025-06-04T07:27:51","slug":"condiciones-generales","status":"publish","type":"page","link":"https:\/\/collagensei.com\/es\/terms-and-conditions\/","title":{"rendered":"Condiciones generales"},"content":{"rendered":"<p>lea atentamente estas condiciones generales (\"condiciones generales\", \"condiciones\") antes de utilizar el sitio web (\"sitio web\", \"servicio\") operado por (\"nosotros\", \"nuestro\").<\/p>\n\n\n\n<p><strong>Condiciones de uso<\/strong><\/p>\n\n\n\n<p>Al utilizar este sitio web, usted certifica que ha le\u00eddo y revisado este Acuerdo y que acepta cumplir sus t\u00e9rminos. Si no desea quedar vinculado por los t\u00e9rminos del presente Acuerdo, le aconsejamos que deje de utilizar el sitio web en consecuencia. solo concede el uso y acceso a este sitio web, sus productos y sus servicios a quienes hayan aceptado sus t\u00e9rminos.<\/p>\n\n\n\n<p><strong>Pol\u00edtica de privacidad<\/strong><\/p>\n\n\n\n<p>Antes de seguir utilizando nuestro sitio web, le aconsejamos que lea nuestra pol\u00edtica de privacidad relativa a la recogida de datos de nuestros usuarios. Le ayudar\u00e1 a comprender mejor nuestras pr\u00e1cticas.<\/p>\n\n\n\n<p><strong>Restricci\u00f3n de edad<\/strong><\/p>\n\n\n\n<p>Debe tener al menos 18 (dieciocho) a\u00f1os para poder utilizar este sitio web. Al utilizar este sitio web, usted garantiza que tiene al menos 18 a\u00f1os de edad y que puede adherirse legalmente a este Acuerdo. no asume ninguna responsabilidad por las responsabilidades relacionadas con la tergiversaci\u00f3n de la edad.<\/p>\n\n\n\n<p><strong>Propiedad intelectual<\/strong><\/p>\n\n\n\n<p>Usted acepta que todos los materiales, productos y servicios proporcionados en este sitio web son propiedad de , sus afiliados, directores, funcionarios, empleados, agentes, proveedores o licenciantes, incluyendo todos los derechos de autor, secretos comerciales, marcas comerciales, patentes y otra propiedad intelectual. Tambi\u00e9n acepta que no reproducir\u00e1 ni redistribuir\u00e1 la propiedad intelectual de 's de ninguna manera, incluidos los registros electr\u00f3nicos, digitales o de nuevas marcas.<\/p>\n\n\n\n<p>Usted concede una licencia libre de derechos y no exclusiva para mostrar, utilizar, copiar, transmitir y difundir los contenidos que cargue y publique. Para cuestiones relacionadas con reclamaciones de propiedad intelectual, debe ponerse en contacto con la empresa para llegar a un acuerdo.<\/p>\n\n\n\n<p><strong>Cuentas de usuario<\/strong><\/p>\n\n\n\n<p>Como usuario de este sitio web, es posible que se le pida que se registre con nosotros y que facilite informaci\u00f3n privada. Usted es responsable de garantizar la exactitud de esta informaci\u00f3n, y es responsable de mantener la seguridad de su informaci\u00f3n de identificaci\u00f3n. Tambi\u00e9n es responsable de todas las actividades que se realicen con su cuenta o contrase\u00f1a.<\/p>\n\n\n\n<p>Si cree que hay alg\u00fan posible problema relacionado con la seguridad de su cuenta en el sitio web, inf\u00f3rmenos inmediatamente para que podamos resolverlo en consecuencia.<\/p>\n\n\n\n<p>Nos reservamos el derecho a cancelar cuentas, editar o eliminar contenidos y cancelar pedidos a nuestra entera discreci\u00f3n.<\/p>\n\n\n\n<p><strong>Legislaci\u00f3n aplicable<\/strong><\/p>\n\n\n\n<p>Al utilizar este sitio web, usted acepta que las leyes del , sin tener en cuenta los principios de las leyes de conflicto, regir\u00e1n estos t\u00e9rminos y condiciones, o cualquier disputa de cualquier tipo que pueda surgir entre y usted, o sus socios comerciales y asociados.<\/p>\n\n\n\n<p><strong>Disputas<\/strong><\/p>\n\n\n\n<p>Cualquier disputa relacionada de alg\u00fan modo con su uso de este sitio web o con los productos que nos compre ser\u00e1 arbitrada por un tribunal estatal o federal y usted acepta la jurisdicci\u00f3n y competencia exclusivas de dichos tribunales.<\/p>\n\n\n\n<p><strong>Indemnizaci\u00f3n<\/strong><\/p>\n\n\n\n<p>Usted se compromete a indemnizar y mantener indemne a sus afiliados frente a reclamaciones y demandas legales que puedan derivarse del uso o mal uso que usted haga de nuestros servicios. Nos reservamos el derecho a seleccionar nuestro propio asesor jur\u00eddico.<\/p>\n\n\n\n<p><strong>Limitaci\u00f3n de responsabilidad<\/strong><\/p>\n\n\n\n<p> no se hace responsable de los da\u00f1os que usted pueda sufrir como consecuencia del uso indebido de nuestro sitio web.<\/p>\n\n\n\n<p> se reserva el derecho de editar, modificar y cambiar este Acuerdo en cualquier momento. Comunicaremos estos cambios a nuestros usuarios por correo electr\u00f3nico. El presente Acuerdo constituye un entendimiento entre el usuario y nosotros, y sustituye a todos los acuerdos anteriores relativos al uso de este sitio web.<\/p>","protected":false},"excerpt":{"rendered":"<p>lease read these terms and conditions (&#8220;terms and conditions&#8221;, &#8220;terms&#8221;) carefully before using website (\u201cwebsite\u201d, &#8220;service&#8221;) operated by (&#8220;us&#8221;, &#8216;we&#8221;, [&hellip;]<\/p>\n","protected":false},"author":2,"featured_media":0,"parent":0,"menu_order":0,"comment_status":"closed","ping_status":"closed","template":"","meta":{"_uag_custom_page_level_css":"","site-sidebar-layout":"default","site-content-layout":"","ast-site-content-layout":"","site-content-style":"default","site-sidebar-style":"default","ast-global-header-display":"","ast-banner-title-visibility":"","ast-main-header-display":"","ast-hfb-above-header-display":"","ast-hfb-below-header-display":"","ast-hfb-mobile-header-display":"","site-post-title":"","ast-breadcrumbs-content":"","ast-featured-img":"","footer-sml-layout":"","ast-disable-related-posts":"","theme-transparent-header-meta":"","adv-header-id-meta":"","stick-header-meta":"","header-above-stick-meta":"","header-main-stick-meta":"","header-below-stick-meta":"","astra-migrate-meta-layouts":"default","ast-page-background-enabled":"default","ast-page-background-meta":{"desktop":{"background-color":"var(--ast-global-color-5)","background-image":"","background-repeat":"repeat","background-position":"center center","background-size":"auto","background-attachment":"scroll","background-type":"","background-media":"","overlay-type":"","overlay-color":"","overlay-opacity":"","overlay-gradient":""},"tablet":{"background-color":"","background-image":"","background-repeat":"repeat","background-position":"center center","background-size":"auto","background-attachment":"scroll","background-type":"","background-media":"","overlay-type":"","overlay-color":"","overlay-opacity":"","overlay-gradient":""},"mobile":{"background-color":"","background-image":"","background-repeat":"repeat","background-position":"center center","background-size":"auto","background-attachment":"scroll","background-type":"","background-media":"","overlay-type":"","overlay-color":"","overlay-opacity":"","overlay-gradient":""}},"ast-content-background-meta":{"desktop":{"background-color":"var(--ast-global-color-4)","background-image":"","background-repeat":"repeat","background-position":"center center","background-size":"auto","background-attachment":"scroll","background-type":"","background-media":"","overlay-type":"","overlay-color":"","overlay-opacity":"","overlay-gradient":""},"tablet":{"background-color":"var(--ast-global-color-4)","background-image":"","background-repeat":"repeat","background-position":"center center","background-size":"auto","background-attachment":"scroll","background-type":"","background-media":"","overlay-type":"","overlay-color":"","overlay-opacity":"","overlay-gradient":""},"mobile":{"background-color":"var(--ast-global-color-4)","background-image":"","background-repeat":"repeat","background-position":"center center","background-size":"auto","background-attachment":"scroll","background-type":"","background-media":"","overlay-type":"","overlay-color":"","overlay-opacity":"","overlay-gradient":""}},"footnotes":""},"class_list":["post-8340","page","type-page","status-publish","hentry"],"uagb_featured_image_src":{"full":false,"thumbnail":false,"medium":false,"medium_large":false,"large":false,"1536x1536":false,"2048x2048":false,"trp-custom-language-flag":false},"uagb_author_info":{"display_name":"jiang, xu","author_link":"https:\/\/collagensei.com\/es\/author\/j-xu\/"},"uagb_comment_info":0,"uagb_excerpt":"lease read these terms and conditions (&#8220;terms and conditions&#8221;, &#8220;terms&#8221;) carefully before using website (\u201cwebsite\u201d, &#8220;service&#8221;) operated by (&#8220;us&#8221;, &#8216;we&#8221;, [&hellip;]","_links":{"self":[{"href":"https:\/\/collagensei.com\/es\/wp-json\/wp\/v2\/pages\/8340","targetHints":{"allow":["GET"]}}],"collection":[{"href":"https:\/\/collagensei.com\/es\/wp-json\/wp\/v2\/pages"}],"about":[{"href":"https:\/\/collagensei.com\/es\/wp-json\/wp\/v2\/types\/page"}],"author":[{"embeddable":true,"href":"https:\/\/collagensei.com\/es\/wp-json\/wp\/v2\/users\/2"}],"replies":[{"embeddable":true,"href":"https:\/\/collagensei.com\/es\/wp-json\/wp\/v2\/comments?post=8340"}],"version-history":[{"count":1,"href":"https:\/\/collagensei.com\/es\/wp-json\/wp\/v2\/pages\/8340\/revisions"}],"predecessor-version":[{"id":8341,"href":"https:\/\/collagensei.com\/es\/wp-json\/wp\/v2\/pages\/8340\/revisions\/8341"}],"wp:attachment":[{"href":"https:\/\/collagensei.com\/es\/wp-json\/wp\/v2\/media?parent=8340"}],"curies":[{"name":"wp","href":"https:\/\/api.w.org\/{rel}","templated":true}]}}