{"id":8342,"date":"2025-06-04T15:33:49","date_gmt":"2025-06-04T07:33:49","guid":{"rendered":"https:\/\/collagensei.com\/?page_id=8342"},"modified":"2025-06-04T15:33:51","modified_gmt":"2025-06-04T07:33:51","slug":"politica-de-privacidad","status":"publish","type":"page","link":"https:\/\/collagensei.com\/es\/privacy-policy\/","title":{"rendered":"Pol\u00edtica de privacidad"},"content":{"rendered":"<p>Esta pol\u00edtica de privacidad (\"pol\u00edtica\") le ayudar\u00e1 a entender c\u00f3mo (\"nosotros\", \"nuestro\") utiliza y protege los datos que usted nos proporciona cuando visita y utiliza (\"blog\", \"servicio\").<\/p>\n\n\n\n<p>Nos reservamos el derecho a modificar esta pol\u00edtica en cualquier momento, de lo que se le informar\u00e1 puntualmente. Si desea asegurarse de que est\u00e1 al corriente de los \u00faltimos cambios, le aconsejamos que visite con frecuencia esta p\u00e1gina.<\/p>\n\n\n\n<p><strong>Qu\u00e9 datos del usuario recopilamos<\/strong><\/p>\n\n\n\n<p>Cuando visita el blog, podemos recopilar los siguientes datos:<\/p>\n\n\n\n<ul class=\"wp-block-list\">\n<li>Tu direcci\u00f3n IP.<\/li>\n\n\n\n<li>Su informaci\u00f3n de contacto y direcci\u00f3n de correo electr\u00f3nico.<\/li>\n\n\n\n<li>Otros datos, como intereses y preferencias.<\/li>\n\n\n\n<li>Perfil de datos sobre su comportamiento en l\u00ednea en nuestro blog.<\/li>\n<\/ul>\n\n\n\n<p><strong>Por qu\u00e9 recopilamos sus datos<\/strong><\/p>\n\n\n\n<p>Recogemos sus datos por varias razones:<\/p>\n\n\n\n<ul class=\"wp-block-list\">\n<li>Para comprender mejor sus necesidades.<\/li>\n\n\n\n<li>Para mejorar nuestros servicios y productos.<\/li>\n\n\n\n<li>Para enviarle correos electr\u00f3nicos promocionales que contengan informaci\u00f3n que consideremos de su inter\u00e9s.<\/li>\n\n\n\n<li>Ponernos en contacto con usted para que rellene encuestas y participe en otros tipos de estudios de mercado.<\/li>\n\n\n\n<li>Para personalizar nuestro blog seg\u00fan su comportamiento en l\u00ednea y sus preferencias personales.<\/li>\n<\/ul>\n\n\n\n<p><strong>Protecci\u00f3n y seguridad de los datos<\/strong><\/p>\n\n\n\n<p> se compromete a proteger sus datos y a mantener su confidencialidad. ha hecho todo lo que est\u00e1 en su mano para evitar el robo de datos, el acceso no autorizado y la divulgaci\u00f3n mediante la aplicaci\u00f3n de las \u00faltimas tecnolog\u00edas y programas inform\u00e1ticos, que nos ayudan a salvaguardar toda la informaci\u00f3n que recopilamos en l\u00ednea.<\/p>\n\n\n\n<p><strong>Nuestra pol\u00edtica de cookies<\/strong><\/p>\n\n\n\n<p>Una vez que acepta que nuestro blog utilice cookies, tambi\u00e9n acepta el uso de los datos que recopila sobre su comportamiento en l\u00ednea (analizar el tr\u00e1fico web, las p\u00e1ginas web que visita y en las que pasa m\u00e1s tiempo).<\/p>\n\n\n\n<p>Los datos que recopilamos mediante el uso de cookies se utilizan para personalizar nuestro blog seg\u00fan sus necesidades. Despu\u00e9s de utilizar los datos para an\u00e1lisis estad\u00edsticos, los datos se eliminan completamente de nuestros sistemas.<\/p>\n\n\n\n<p>Tenga en cuenta que las cookies no nos permiten controlar su ordenador de ninguna manera. Se utilizan estrictamente para controlar qu\u00e9 p\u00e1ginas le resultan \u00fatiles y cu\u00e1les no, de modo que podamos ofrecerle una mejor experiencia.<\/p>\n\n\n\n<p>Si desea desactivar las cookies, puede hacerlo accediendo a la configuraci\u00f3n de su navegador de Internet. Puede visitar <a href=\"https:\/\/www.internetcookies.com\" target=\"_blank\" rel=\"noreferrer noopener nofollow\">https:\/\/www.internetcookies.com<\/a>que contiene informaci\u00f3n exhaustiva sobre c\u00f3mo hacerlo en una amplia variedad de navegadores y dispositivos.<\/p>\n\n\n\n<p><strong>Enlaces a otros sitios web<\/strong><\/p>\n\n\n\n<p>Nuestro blog contiene enlaces que conducen a otros sitios web. Si hace clic en estos enlaces no se hace responsable de la protecci\u00f3n de sus datos y privacidad. La visita a esos sitios web no se rige por el presente acuerdo de pol\u00edtica de privacidad. Aseg\u00farese de leer la documentaci\u00f3n sobre pol\u00edtica de privacidad del sitio web al que se dirija desde nuestro sitio web.<\/p>\n\n\n\n<p><strong>Restricci\u00f3n de la recogida de sus datos personales<\/strong><\/p>\n\n\n\n<p>Es posible que en alg\u00fan momento desee restringir el uso y la recogida de sus datos personales. Puede conseguirlo haciendo lo siguiente:<\/p>\n\n\n\n<p>Cuando rellene los formularios del blog, aseg\u00farese de que existe una casilla que puede dejar sin marcar si no desea revelar sus datos personales.<\/p>\n\n\n\n<p>Si ya ha aceptado compartir su informaci\u00f3n con nosotros, no dude en ponerse en contacto con nosotros por correo electr\u00f3nico y estaremos encantados de cambiarla.<\/p>\n\n\n\n<p> no alquilar\u00e1, vender\u00e1 ni distribuir\u00e1 su informaci\u00f3n personal a terceros, a menos que contemos con su permiso. Podr\u00edamos hacerlo si la ley nos obliga. Su informaci\u00f3n personal se utilizar\u00e1 cuando necesitemos enviarle material promocional si usted acepta esta pol\u00edtica de privacidad.<\/p>\n\n\n\n<p><\/p>","protected":false},"excerpt":{"rendered":"<p>This privacy policy (&#8220;policy&#8221;) will help you understand how (&#8220;us&#8221;, &#8220;we&#8221;, &#8220;our&#8221;) uses and protects the data you provide to [&hellip;]<\/p>\n","protected":false},"author":2,"featured_media":0,"parent":0,"menu_order":0,"comment_status":"closed","ping_status":"closed","template":"","meta":{"_uag_custom_page_level_css":"","site-sidebar-layout":"default","site-content-layout":"","ast-site-content-layout":"","site-content-style":"default","site-sidebar-style":"default","ast-global-header-display":"","ast-banner-title-visibility":"","ast-main-header-display":"","ast-hfb-above-header-display":"","ast-hfb-below-header-display":"","ast-hfb-mobile-header-display":"","site-post-title":"","ast-breadcrumbs-content":"","ast-featured-img":"","footer-sml-layout":"","ast-disable-related-posts":"","theme-transparent-header-meta":"","adv-header-id-meta":"","stick-header-meta":"","header-above-stick-meta":"","header-main-stick-meta":"","header-below-stick-meta":"","astra-migrate-meta-layouts":"default","ast-page-background-enabled":"default","ast-page-background-meta":{"desktop":{"background-color":"var(--ast-global-color-5)","background-image":"","background-repeat":"repeat","background-position":"center center","background-size":"auto","background-attachment":"scroll","background-type":"","background-media":"","overlay-type":"","overlay-color":"","overlay-opacity":"","overlay-gradient":""},"tablet":{"background-color":"","background-image":"","background-repeat":"repeat","background-position":"center center","background-size":"auto","background-attachment":"scroll","background-type":"","background-media":"","overlay-type":"","overlay-color":"","overlay-opacity":"","overlay-gradient":""},"mobile":{"background-color":"","background-image":"","background-repeat":"repeat","background-position":"center center","background-size":"auto","background-attachment":"scroll","background-type":"","background-media":"","overlay-type":"","overlay-color":"","overlay-opacity":"","overlay-gradient":""}},"ast-content-background-meta":{"desktop":{"background-color":"var(--ast-global-color-4)","background-image":"","background-repeat":"repeat","background-position":"center center","background-size":"auto","background-attachment":"scroll","background-type":"","background-media":"","overlay-type":"","overlay-color":"","overlay-opacity":"","overlay-gradient":""},"tablet":{"background-color":"var(--ast-global-color-4)","background-image":"","background-repeat":"repeat","background-position":"center center","background-size":"auto","background-attachment":"scroll","background-type":"","background-media":"","overlay-type":"","overlay-color":"","overlay-opacity":"","overlay-gradient":""},"mobile":{"background-color":"var(--ast-global-color-4)","background-image":"","background-repeat":"repeat","background-position":"center center","background-size":"auto","background-attachment":"scroll","background-type":"","background-media":"","overlay-type":"","overlay-color":"","overlay-opacity":"","overlay-gradient":""}},"footnotes":""},"class_list":["post-8342","page","type-page","status-publish","hentry"],"uagb_featured_image_src":{"full":false,"thumbnail":false,"medium":false,"medium_large":false,"large":false,"1536x1536":false,"2048x2048":false,"trp-custom-language-flag":false},"uagb_author_info":{"display_name":"jiang, xu","author_link":"https:\/\/collagensei.com\/es\/author\/j-xu\/"},"uagb_comment_info":0,"uagb_excerpt":"This privacy policy (&#8220;policy&#8221;) will help you understand how (&#8220;us&#8221;, &#8220;we&#8221;, &#8220;our&#8221;) uses and protects the data you provide to [&hellip;]","_links":{"self":[{"href":"https:\/\/collagensei.com\/es\/wp-json\/wp\/v2\/pages\/8342","targetHints":{"allow":["GET"]}}],"collection":[{"href":"https:\/\/collagensei.com\/es\/wp-json\/wp\/v2\/pages"}],"about":[{"href":"https:\/\/collagensei.com\/es\/wp-json\/wp\/v2\/types\/page"}],"author":[{"embeddable":true,"href":"https:\/\/collagensei.com\/es\/wp-json\/wp\/v2\/users\/2"}],"replies":[{"embeddable":true,"href":"https:\/\/collagensei.com\/es\/wp-json\/wp\/v2\/comments?post=8342"}],"version-history":[{"count":1,"href":"https:\/\/collagensei.com\/es\/wp-json\/wp\/v2\/pages\/8342\/revisions"}],"predecessor-version":[{"id":8344,"href":"https:\/\/collagensei.com\/es\/wp-json\/wp\/v2\/pages\/8342\/revisions\/8344"}],"wp:attachment":[{"href":"https:\/\/collagensei.com\/es\/wp-json\/wp\/v2\/media?parent=8342"}],"curies":[{"name":"wp","href":"https:\/\/api.w.org\/{rel}","templated":true}]}}