{"id":882,"date":"2024-07-16T09:21:17","date_gmt":"2024-07-16T01:21:17","guid":{"rendered":"https:\/\/collagensei.com\/?page_id=882"},"modified":"2025-04-21T18:12:06","modified_gmt":"2025-04-21T10:12:06","slug":"formula-personalizada","status":"publish","type":"page","link":"https:\/\/collagensei.com\/es\/customized-formula\/","title":{"rendered":"F\u00f3rmula personalizada"},"content":{"rendered":"<div data-elementor-type=\"wp-page\" data-elementor-id=\"882\" class=\"elementor elementor-882\" data-elementor-post-type=\"page\">\n\t\t\t\t<div class=\"elementor-element elementor-element-0f6145d e-flex e-con-boxed e-con e-parent\" data-id=\"0f6145d\" data-element_type=\"container\" data-e-type=\"container\">\n\t\t\t\t\t<div class=\"e-con-inner\">\n\t\t\t\t<div class=\"elementor-element elementor-element-e649a52 elementor-widget elementor-widget-heading\" data-id=\"e649a52\" data-element_type=\"widget\" data-e-type=\"widget\" data-widget_type=\"heading.default\">\n\t\t\t\t<div class=\"elementor-widget-container\">\n\t\t\t\t\t<h1 class=\"elementor-heading-title elementor-size-default\">Formulaciones personalizadas para complementos diet\u00e9ticos<\/h1>\t\t\t\t<\/div>\n\t\t\t\t<\/div>\n\t\t\t\t\t<\/div>\n\t\t\t\t<\/div>\n\t\t<div class=\"elementor-element elementor-element-f7e1539 e-flex e-con-boxed e-con e-parent\" data-id=\"f7e1539\" data-element_type=\"container\" data-e-type=\"container\">\n\t\t\t\t\t<div class=\"e-con-inner\">\n\t\t<div class=\"elementor-element elementor-element-e9a3f90 e-grid e-con-full e-con e-child\" data-id=\"e9a3f90\" data-element_type=\"container\" data-e-type=\"container\">\n\t\t\t\t<div class=\"elementor-element elementor-element-bb6fde3 elementor-widget elementor-widget-image\" data-id=\"bb6fde3\" data-element_type=\"widget\" data-e-type=\"widget\" data-widget_type=\"image.default\">\n\t\t\t\t<div class=\"elementor-widget-container\">\n\t\t\t\t\t\t\t\t\t\t\t\t\t\t\t<img fetchpriority=\"high\" decoding=\"async\" width=\"900\" height=\"910\" src=\"https:\/\/collagensei.com\/wp-content\/uploads\/2025\/03\/\u5c4f\u5e55\u622a\u56fe-2025-03-13-215800.png\" class=\"attachment-full size-full wp-image-4768\" alt=\"Formulaciones personalizadas para complementos diet\u00e9ticos\" \/>\t\t\t\t\t\t\t\t\t\t\t\t\t\t\t<\/div>\n\t\t\t\t<\/div>\n\t\t\t\t<div class=\"elementor-element elementor-element-c22db99 elementor-widget elementor-widget-text-editor\" data-id=\"c22db99\" data-element_type=\"widget\" data-e-type=\"widget\" data-widget_type=\"text-editor.default\">\n\t\t\t\t<div class=\"elementor-widget-container\">\n\t\t\t\t\t\t\t\t\t<p data-sourcepos=\"1:1-1:459\">Las f\u00f3rmulas personalizadas para suplementos diet\u00e9ticos representan un enfoque a medida para crear productos nutricionales que satisfagan con precisi\u00f3n las necesidades espec\u00edficas y las demandas del mercado. A diferencia de las f\u00f3rmulas est\u00e1ndar, los suplementos personalizados se desarrollan desde cero, lo que permite un control total sobre la selecci\u00f3n de ingredientes, las dosis y los m\u00e9todos de administraci\u00f3n. Este proceso a medida permite a las marcas crear productos \u00fanicos y eficaces que destacan en un mercado competitivo.<\/p><p data-sourcepos=\"3:1-3:406\">Una de las principales ventajas de las f\u00f3rmulas personalizadas es la posibilidad de dirigirse a nichos de mercado o abordar problemas de salud espec\u00edficos. Ya se trate de un suplemento dise\u00f1ado para deportistas, personas mayores o individuos con restricciones diet\u00e9ticas particulares, las f\u00f3rmulas personalizadas garantizan que el producto se adapte perfectamente al p\u00fablico al que va dirigido. Esta precisi\u00f3n puede aumentar la eficacia y la satisfacci\u00f3n del cliente.<\/p><p data-sourcepos=\"3:1-3:406\">El proceso suele comenzar con una consulta exhaustiva entre la marca y un especialista en formulaci\u00f3n. En esta fase se definen los objetivos del producto, el grupo demogr\u00e1fico al que va dirigido, los beneficios para la salud deseados y cualquier preferencia o restricci\u00f3n espec\u00edfica en materia de ingredientes. A partir de esta informaci\u00f3n, un equipo de cient\u00edficos y nutricionistas experimentados desarrolla una f\u00f3rmula \u00fanica, teniendo en cuenta las \u00faltimas investigaciones cient\u00edficas y las directrices normativas.<\/p>\t\t\t\t\t\t\t\t<\/div>\n\t\t\t\t<\/div>\n\t\t\t\t<\/div>\n\t\t\t\t<div class=\"elementor-element elementor-element-309f088 elementor-widget elementor-widget-text-editor\" data-id=\"309f088\" data-element_type=\"widget\" data-e-type=\"widget\" data-widget_type=\"text-editor.default\">\n\t\t\t\t<div class=\"elementor-widget-container\">\n\t\t\t\t\t\t\t\t\t<p data-sourcepos=\"7:1-7:454\">Las f\u00f3rmulas personalizadas ofrecen una flexibilidad inigualable en la selecci\u00f3n de ingredientes. Las marcas pueden elegir vitaminas, minerales, extractos de hierbas, amino\u00e1cidos y otros compuestos bioactivos conocidos por sus efectos sin\u00e9rgicos. La posibilidad de controlar la dosis de cada ingrediente garantiza una potencia y seguridad \u00f3ptimas. Adem\u00e1s, las f\u00f3rmulas personalizadas permiten incorporar ingredientes innovadores o mezclas patentadas que pueden proporcionar una ventaja competitiva.<\/p><p data-sourcepos=\"9:1-9:313\">M\u00e1s all\u00e1 de los propios ingredientes, las f\u00f3rmulas personalizadas se extienden tambi\u00e9n al m\u00e9todo de administraci\u00f3n. Tanto si el formato deseado son c\u00e1psulas, comprimidos, polvos, gominolas o l\u00edquidos, la formulaci\u00f3n puede adaptarse en consecuencia. Esta flexibilidad garantiza que el producto final sea c\u00f3modo y atractivo para el consumidor.<\/p><p data-sourcepos=\"11:1-11:646\">Elegir f\u00f3rmulas personalizadas para los complementos diet\u00e9ticos ofrece numerosas ventajas. Permiten crear productos realmente \u00fanicos que responden a necesidades espec\u00edficas del mercado, mejoran la diferenciaci\u00f3n de la marca y pueden aumentar la fidelidad de los clientes. Aunque puede implicar un proceso de desarrollo m\u00e1s complejo en comparaci\u00f3n con el etiquetado privado, la capacidad de crear un suplemento altamente eficaz y adaptado con precisi\u00f3n puede ser un activo importante para cualquier marca de suplementos diet\u00e9ticos que desee tener un impacto duradero. En \u00faltima instancia, este enfoque otorga a la marca el control de la identidad y la eficacia del producto, fomentando la confianza y la credibilidad entre los consumidores.<\/p>\t\t\t\t\t\t\t\t<\/div>\n\t\t\t\t<\/div>\n\t\t\t\t\t<\/div>\n\t\t\t\t<\/div>\n\t\t\t\t<\/div>","protected":false},"excerpt":{"rendered":"<p>Custom Formulations For Dietary Supplements Custom formulations for dietary supplements represent a tailored approach to creating nutritional products that precisely [&hellip;]<\/p>\n","protected":false},"author":1,"featured_media":0,"parent":0,"menu_order":0,"comment_status":"closed","ping_status":"closed","template":"","meta":{"_uag_custom_page_level_css":"","site-sidebar-layout":"no-sidebar","site-content-layout":"","ast-site-content-layout":"full-width-container","site-content-style":"default","site-sidebar-style":"default","ast-global-header-display":"","ast-banner-title-visibility":"","ast-main-header-display":"","ast-hfb-above-header-display":"","ast-hfb-below-header-display":"","ast-hfb-mobile-header-display":"","site-post-title":"disabled","ast-breadcrumbs-content":"","ast-featured-img":"disabled","footer-sml-layout":"","ast-disable-related-posts":"","theme-transparent-header-meta":"","adv-header-id-meta":"","stick-header-meta":"","header-above-stick-meta":"","header-main-stick-meta":"","header-below-stick-meta":"","astra-migrate-meta-layouts":"default","ast-page-background-enabled":"default","ast-page-background-meta":{"desktop":{"background-color":"var(--ast-global-color-5)","background-image":"","background-repeat":"repeat","background-position":"center center","background-size":"auto","background-attachment":"scroll","background-type":"","background-media":"","overlay-type":"","overlay-color":"","overlay-opacity":"","overlay-gradient":""},"tablet":{"background-color":"","background-image":"","background-repeat":"repeat","background-position":"center center","background-size":"auto","background-attachment":"scroll","background-type":"","background-media":"","overlay-type":"","overlay-color":"","overlay-opacity":"","overlay-gradient":""},"mobile":{"background-color":"","background-image":"","background-repeat":"repeat","background-position":"center center","background-size":"auto","background-attachment":"scroll","background-type":"","background-media":"","overlay-type":"","overlay-color":"","overlay-opacity":"","overlay-gradient":""}},"ast-content-background-meta":{"desktop":{"background-color":"var(--ast-global-color-4)","background-image":"","background-repeat":"repeat","background-position":"center center","background-size":"auto","background-attachment":"scroll","background-type":"","background-media":"","overlay-type":"","overlay-color":"","overlay-opacity":"","overlay-gradient":""},"tablet":{"background-color":"var(--ast-global-color-4)","background-image":"","background-repeat":"repeat","background-position":"center center","background-size":"auto","background-attachment":"scroll","background-type":"","background-media":"","overlay-type":"","overlay-color":"","overlay-opacity":"","overlay-gradient":""},"mobile":{"background-color":"var(--ast-global-color-4)","background-image":"","background-repeat":"repeat","background-position":"center center","background-size":"auto","background-attachment":"scroll","background-type":"","background-media":"","overlay-type":"","overlay-color":"","overlay-opacity":"","overlay-gradient":""}},"footnotes":""},"class_list":["post-882","page","type-page","status-publish","hentry"],"uagb_featured_image_src":{"full":false,"thumbnail":false,"medium":false,"medium_large":false,"large":false,"1536x1536":false,"2048x2048":false,"trp-custom-language-flag":false},"uagb_author_info":{"display_name":"collagensei.com","author_link":"https:\/\/collagensei.com\/es\/author\/collagensei\/"},"uagb_comment_info":0,"uagb_excerpt":"Custom Formulations For Dietary Supplements Custom formulations for dietary supplements represent a tailored approach to creating nutritional products that precisely [&hellip;]","_links":{"self":[{"href":"https:\/\/collagensei.com\/es\/wp-json\/wp\/v2\/pages\/882","targetHints":{"allow":["GET"]}}],"collection":[{"href":"https:\/\/collagensei.com\/es\/wp-json\/wp\/v2\/pages"}],"about":[{"href":"https:\/\/collagensei.com\/es\/wp-json\/wp\/v2\/types\/page"}],"author":[{"embeddable":true,"href":"https:\/\/collagensei.com\/es\/wp-json\/wp\/v2\/users\/1"}],"replies":[{"embeddable":true,"href":"https:\/\/collagensei.com\/es\/wp-json\/wp\/v2\/comments?post=882"}],"version-history":[{"count":3,"href":"https:\/\/collagensei.com\/es\/wp-json\/wp\/v2\/pages\/882\/revisions"}],"predecessor-version":[{"id":6249,"href":"https:\/\/collagensei.com\/es\/wp-json\/wp\/v2\/pages\/882\/revisions\/6249"}],"wp:attachment":[{"href":"https:\/\/collagensei.com\/es\/wp-json\/wp\/v2\/media?parent=882"}],"curies":[{"name":"wp","href":"https:\/\/api.w.org\/{rel}","templated":true}]}}