{"id":145,"date":"2025-02-14T11:19:59","date_gmt":"2025-02-14T03:19:59","guid":{"rendered":"https:\/\/collagensei.com\/?page_id=145"},"modified":"2025-07-09T16:29:46","modified_gmt":"2025-07-09T08:29:46","slug":"fournisseur-dingredients-pour-complements-alimentaires","status":"publish","type":"page","link":"https:\/\/collagensei.com\/fr\/dietary-supplement-ingredient-supplier\/","title":{"rendered":"Produit"},"content":{"rendered":"<div data-elementor-type=\"wp-page\" data-elementor-id=\"145\" class=\"elementor elementor-145\" data-elementor-post-type=\"page\">\n\t\t\t\t<div class=\"elementor-element elementor-element-79c382e e-flex e-con-boxed e-con e-parent\" data-id=\"79c382e\" data-element_type=\"container\" data-e-type=\"container\">\n\t\t\t\t\t<div class=\"e-con-inner\">\n\t\t\t\t<div class=\"elementor-element elementor-element-930970b elementor-widget elementor-widget-heading\" data-id=\"930970b\" data-element_type=\"widget\" data-e-type=\"widget\" data-widget_type=\"heading.default\">\n\t\t\t\t<div class=\"elementor-widget-container\">\n\t\t\t\t\t<h1 class=\"elementor-heading-title elementor-size-default\">fournisseur d'ingr\u00e9dients pour compl\u00e9ments alimentaires<\/h1>\t\t\t\t<\/div>\n\t\t\t\t<\/div>\n\t\t\t\t<div class=\"elementor-element elementor-element-fc310a6 elementor-widget elementor-widget-text-editor\" data-id=\"fc310a6\" data-element_type=\"widget\" data-e-type=\"widget\" data-widget_type=\"text-editor.default\">\n\t\t\t\t<div class=\"elementor-widget-container\">\n\t\t\t\t\t\t\t\t\t<p>Les ingr\u00e9dients des compl\u00e9ments alimentaires englobent un large \u00e9ventail de substances, notamment des vitamines, des min\u00e9raux, des acides amin\u00e9s comme la glycine, des plantes, des prot\u00e9ines, des acides gras et des probiotiques, con\u00e7us pour favoriser la sant\u00e9 et le bien-\u00eatre. Provenant d'un fournisseur d'ingr\u00e9dients de compl\u00e9ments alimentaires de confiance <strong>GENSEI<\/strong>Ces ingr\u00e9dients r\u00e9pondent \u00e0 des normes strictes de qualit\u00e9 et de r\u00e9glementation (par exemple, cGMP, FDA) et sont disponibles sous des formes telles que <a href=\"https:\/\/collagensei.com\/fr\/fabricant-de-complements-alimentaires-en-gelules\/\">capsules<\/a>, <a href=\"https:\/\/collagensei.com\/fr\/fabricant-de-complements-alimentaires-sous-forme-de-gomme\/\">gommes<\/a>, <a href=\"https:\/\/collagensei.com\/fr\/fabricant-de-complements-en-poudre\/\">poudres<\/a>ou <a href=\"https:\/\/collagensei.com\/fr\/fabricant-de-complements-liquides\/\">liquides<\/a>permettant la cr\u00e9ation de <a href=\"https:\/\/collagensei.com\/fr\/supplement-personnalise-de-marque-privee\/\">compl\u00e9ments alimentaires personnalis\u00e9s<\/a> pour r\u00e9pondre aux divers besoins des consommateurs.<\/p>\t\t\t\t\t\t\t\t<\/div>\n\t\t\t\t<\/div>\n\t\t\t\t\t<\/div>\n\t\t\t\t<\/div>\n\t\t<div class=\"elementor-element elementor-element-50ba9d54 e-flex e-con-boxed e-con e-parent\" data-id=\"50ba9d54\" data-element_type=\"container\" data-e-type=\"container\">\n\t\t\t\t\t<div class=\"e-con-inner\">\n\t\t<div class=\"elementor-element elementor-element-8f8e211 e-grid e-con-full e-con e-child\" data-id=\"8f8e211\" data-element_type=\"container\" data-e-type=\"container\">\n\t\t\t\t<div class=\"elementor-element elementor-element-eedb1ae elementor-position-top elementor-widget elementor-widget-image-box\" data-id=\"eedb1ae\" data-element_type=\"widget\" data-e-type=\"widget\" data-widget_type=\"image-box.default\">\n\t\t\t\t<div class=\"elementor-widget-container\">\n\t\t\t\t\t<div class=\"elementor-image-box-wrapper\"><figure class=\"elementor-image-box-img\"><a href=\"https:\/\/collagensei.com\/fr\/acides-amines\/\" tabindex=\"-1\"><img decoding=\"async\" src=\"https:\/\/collagensei.com\/wp-content\/uploads\/2025\/01\/R5P-e1742804072322.png\" title=\"Acides amin\u00e9s\" alt=\"Acides amin\u00e9s\" loading=\"lazy\" \/><\/a><\/figure><div class=\"elementor-image-box-content\"><h3 class=\"elementor-image-box-title\"><a href=\"https:\/\/collagensei.com\/fr\/acides-amines\/\">Acides amin\u00e9s<\/a><\/h3><p class=\"elementor-image-box-description\">Les acides amin\u00e9s sont les \u00e9l\u00e9ments fondamentaux des prot\u00e9ines. 1 Chacun d'entre eux contient un carbone central li\u00e9 \u00e0 un groupe amino, un groupe carboxyle, un atome d'hydrog\u00e8ne et une cha\u00eene lat\u00e9rale unique qui d\u00e9termine ses propri\u00e9t\u00e9s.<\/p><\/div><\/div>\t\t\t\t<\/div>\n\t\t\t\t<\/div>\n\t\t\t\t<div class=\"elementor-element elementor-element-140be8d elementor-position-top elementor-widget elementor-widget-image-box\" data-id=\"140be8d\" data-element_type=\"widget\" data-e-type=\"widget\" data-widget_type=\"image-box.default\">\n\t\t\t\t<div class=\"elementor-widget-container\">\n\t\t\t\t\t<div class=\"elementor-image-box-wrapper\"><figure class=\"elementor-image-box-img\"><a href=\"https:\/\/collagensei.com\/fr\/extraits-de-plantes\/\" tabindex=\"-1\"><img decoding=\"async\" src=\"https:\/\/collagensei.com\/wp-content\/uploads\/elementor\/thumbs\/Berberine-HCL-r3tv7w9mubamksungz4ifxdd7l5djnh4lp7tmtai2c.png\" title=\"Extraits de plantes\" alt=\"Extraits de plantes\" loading=\"lazy\" \/><\/a><\/figure><div class=\"elementor-image-box-content\"><h3 class=\"elementor-image-box-title\"><a href=\"https:\/\/collagensei.com\/fr\/extraits-de-plantes\/\">Extraits de plantes<\/a><\/h3><p class=\"elementor-image-box-description\">Les extraits de plantes sont des substances concentr\u00e9es d\u00e9riv\u00e9es de plantes. Ils contiennent divers compos\u00e9s b\u00e9n\u00e9fiques et sont utilis\u00e9s \u00e0 des fins sanitaires, aromatiques ou cosm\u00e9tiques. <\/p><\/div><\/div>\t\t\t\t<\/div>\n\t\t\t\t<\/div>\n\t\t\t\t<div class=\"elementor-element elementor-element-ba03448 elementor-position-top elementor-widget elementor-widget-image-box\" data-id=\"ba03448\" data-element_type=\"widget\" data-e-type=\"widget\" data-widget_type=\"image-box.default\">\n\t\t\t\t<div class=\"elementor-widget-container\">\n\t\t\t\t\t<div class=\"elementor-image-box-wrapper\"><figure class=\"elementor-image-box-img\"><a href=\"https:\/\/collagensei.com\/fr\/sante-des-articulations\/\" tabindex=\"-1\"><img fetchpriority=\"high\" decoding=\"async\" width=\"782\" height=\"522\" src=\"https:\/\/collagensei.com\/wp-content\/uploads\/2025\/02\/creatine-monohydrate.png\" class=\"attachment-full size-full wp-image-4498\" alt=\"Sant\u00e9 des articulations\" srcset=\"https:\/\/collagensei.com\/wp-content\/uploads\/2025\/02\/creatine-monohydrate.png 782w, https:\/\/collagensei.com\/wp-content\/uploads\/2025\/02\/creatine-monohydrate-300x200.png 300w, https:\/\/collagensei.com\/wp-content\/uploads\/2025\/02\/creatine-monohydrate-768x513.png 768w\" sizes=\"(max-width: 782px) 100vw, 782px\" \/><\/a><\/figure><div class=\"elementor-image-box-content\"><h3 class=\"elementor-image-box-title\"><a href=\"https:\/\/collagensei.com\/fr\/sante-des-articulations\/\">Sant\u00e9 des articulations<\/a><\/h3><p class=\"elementor-image-box-description\">Des articulations saines permettent de se d\u00e9placer avec souplesse et un minimum de douleur. Il s'agit d'entretenir le cartilage, les ligaments et la fonction articulaire globale pour une vie active.<\/p><\/div><\/div>\t\t\t\t<\/div>\n\t\t\t\t<\/div>\n\t\t\t\t<div class=\"elementor-element elementor-element-137ffd9 elementor-position-top elementor-widget elementor-widget-image-box\" data-id=\"137ffd9\" data-element_type=\"widget\" data-e-type=\"widget\" data-widget_type=\"image-box.default\">\n\t\t\t\t<div class=\"elementor-widget-container\">\n\t\t\t\t\t<div class=\"elementor-image-box-wrapper\"><figure class=\"elementor-image-box-img\"><a href=\"https:\/\/collagensei.com\/fr\/nutrition-minerale\/\" tabindex=\"-1\"><img decoding=\"async\" width=\"788\" height=\"526\" src=\"https:\/\/collagensei.com\/wp-content\/uploads\/2025\/01\/Hydrolyzed-Gelatin.png\" class=\"attachment-full size-full wp-image-4465\" alt=\"Nutrition min\u00e9rale\" srcset=\"https:\/\/collagensei.com\/wp-content\/uploads\/2025\/01\/Hydrolyzed-Gelatin.png 788w, https:\/\/collagensei.com\/wp-content\/uploads\/2025\/01\/Hydrolyzed-Gelatin-300x200.png 300w, https:\/\/collagensei.com\/wp-content\/uploads\/2025\/01\/Hydrolyzed-Gelatin-768x513.png 768w\" sizes=\"(max-width: 788px) 100vw, 788px\" \/><\/a><\/figure><div class=\"elementor-image-box-content\"><h3 class=\"elementor-image-box-title\"><a href=\"https:\/\/collagensei.com\/fr\/nutrition-minerale\/\">Nutrition min\u00e9rale<\/a><\/h3><p class=\"elementor-image-box-description\">La nutrition min\u00e9rale implique l'apport et l'utilisation d'\u00e9l\u00e9ments inorganiques essentiels (min\u00e9raux) pour le bon fonctionnement de l'organisme, la croissance et la sant\u00e9 en g\u00e9n\u00e9ral.<\/p><\/div><\/div>\t\t\t\t<\/div>\n\t\t\t\t<\/div>\n\t\t\t\t<div class=\"elementor-element elementor-element-8122551 elementor-position-top elementor-widget elementor-widget-image-box\" data-id=\"8122551\" data-element_type=\"widget\" data-e-type=\"widget\" data-widget_type=\"image-box.default\">\n\t\t\t\t<div class=\"elementor-widget-container\">\n\t\t\t\t\t<div class=\"elementor-image-box-wrapper\"><figure class=\"elementor-image-box-img\"><a href=\"https:\/\/collagensei.com\/fr\/ingredients-de-specialite\/\" tabindex=\"-1\"><img decoding=\"async\" width=\"742\" height=\"478\" src=\"https:\/\/collagensei.com\/wp-content\/uploads\/2025\/02\/N-Acetyl-Glucosamine.png\" class=\"attachment-full size-full wp-image-4503\" alt=\"N-ac\u00e9tyl-glucosamine en poudre\" srcset=\"https:\/\/collagensei.com\/wp-content\/uploads\/2025\/02\/N-Acetyl-Glucosamine.png 742w, https:\/\/collagensei.com\/wp-content\/uploads\/2025\/02\/N-Acetyl-Glucosamine-300x193.png 300w\" sizes=\"(max-width: 742px) 100vw, 742px\" \/><\/a><\/figure><div class=\"elementor-image-box-content\"><h3 class=\"elementor-image-box-title\"><a href=\"https:\/\/collagensei.com\/fr\/ingredients-de-specialite\/\">Ingr\u00e9dients de sp\u00e9cialit\u00e9<\/a><\/h3><p class=\"elementor-image-box-description\">Des ingr\u00e9dients sp\u00e9cialis\u00e9s comme l'huile de poisson, le CoQ10, <a class=\"wpil_keyword_link\" href=\"https:\/\/collagensei.com\/fr\/ingredients-de-specialite\/huile-dalgue-dha\/\" target=\"_blank\" rel=\"noopener\" title=\"Huile d&#039;algues DHA\" data-wpil-keyword-link=\"linked\" data-wpil-monitor-id=\"1766\">Huile d'algue DHA<\/a>, et l'huile de lin sont des sources naturelles de nutriments sp\u00e9cifiques offrant des bienfaits cibl\u00e9s pour la sant\u00e9.<\/p><\/div><\/div>\t\t\t\t<\/div>\n\t\t\t\t<\/div>\n\t\t\t\t<div class=\"elementor-element elementor-element-74b5311 elementor-position-top elementor-widget elementor-widget-image-box\" data-id=\"74b5311\" data-element_type=\"widget\" data-e-type=\"widget\" data-widget_type=\"image-box.default\">\n\t\t\t\t<div class=\"elementor-widget-container\">\n\t\t\t\t\t<div class=\"elementor-image-box-wrapper\"><figure class=\"elementor-image-box-img\"><a href=\"https:\/\/collagensei.com\/fr\/nutrition-sportive\/\" tabindex=\"-1\"><img loading=\"lazy\" decoding=\"async\" width=\"801\" height=\"530\" src=\"https:\/\/collagensei.com\/wp-content\/uploads\/2025\/01\/5-MTHF.png\" class=\"attachment-full size-full wp-image-4452\" alt=\"Nutrition sportive\" srcset=\"https:\/\/collagensei.com\/wp-content\/uploads\/2025\/01\/5-MTHF.png 801w, https:\/\/collagensei.com\/wp-content\/uploads\/2025\/01\/5-MTHF-300x199.png 300w, https:\/\/collagensei.com\/wp-content\/uploads\/2025\/01\/5-MTHF-768x508.png 768w\" sizes=\"(max-width: 801px) 100vw, 801px\" \/><\/a><\/figure><div class=\"elementor-image-box-content\"><h3 class=\"elementor-image-box-title\"><a href=\"https:\/\/collagensei.com\/fr\/nutrition-sportive\/\">Nutrition sportive<\/a><\/h3><p class=\"elementor-image-box-description\">La nutrition sportive se concentre sur les strat\u00e9gies d'alimentation et d'hydratation visant \u00e0 optimiser les performances sportives, \u00e0 soutenir l'entra\u00eenement et \u00e0 am\u00e9liorer la r\u00e9cup\u00e9ration apr\u00e8s l'effort. <\/p><\/div><\/div>\t\t\t\t<\/div>\n\t\t\t\t<\/div>\n\t\t\t\t<div class=\"elementor-element elementor-element-3573499 elementor-position-top elementor-widget elementor-widget-image-box\" data-id=\"3573499\" data-element_type=\"widget\" data-e-type=\"widget\" data-widget_type=\"image-box.default\">\n\t\t\t\t<div class=\"elementor-widget-container\">\n\t\t\t\t\t<div class=\"elementor-image-box-wrapper\"><figure class=\"elementor-image-box-img\"><a href=\"https:\/\/collagensei.com\/fr\/vitamines\/\" tabindex=\"-1\"><img loading=\"lazy\" decoding=\"async\" width=\"831\" height=\"556\" src=\"https:\/\/collagensei.com\/wp-content\/uploads\/2024\/11\/Evening-Primrose-Oil-vs-Vitamin-E.png\" class=\"attachment-full size-full wp-image-4076\" alt=\"Vitamines\" \/><\/a><\/figure><div class=\"elementor-image-box-content\"><h3 class=\"elementor-image-box-title\"><a href=\"https:\/\/collagensei.com\/fr\/vitamines\/\">Vitamines<\/a><\/h3><p class=\"elementor-image-box-description\">Les vitamines sont des compos\u00e9s organiques essentiels, n\u00e9cessaires en petites quantit\u00e9s pour les fonctions vitales de l'organisme.  Elles favorisent la croissance, le d\u00e9veloppement et la sant\u00e9 globale, et sont g\u00e9n\u00e9ralement obtenues par le biais de l'alimentation.<\/p><\/div><\/div>\t\t\t\t<\/div>\n\t\t\t\t<\/div>\n\t\t\t\t<\/div>\n\t\t\t\t\t<\/div>\n\t\t\t\t<\/div>\n\t\t<div class=\"elementor-element elementor-element-fc747be e-flex e-con-boxed e-con e-parent\" data-id=\"fc747be\" data-element_type=\"container\" data-e-type=\"container\">\n\t\t\t\t\t<div class=\"e-con-inner\">\n\t\t\t\t<div class=\"elementor-element elementor-element-8b2b2d6 elementor-widget elementor-widget-heading\" data-id=\"8b2b2d6\" data-element_type=\"widget\" data-e-type=\"widget\" data-widget_type=\"heading.default\">\n\t\t\t\t<div class=\"elementor-widget-container\">\n\t\t\t\t\t<h2 class=\"elementor-heading-title elementor-size-default\">r\u00e9sumer les types d'ingr\u00e9dients des compl\u00e9ments alimentaires<\/h2>\t\t\t\t<\/div>\n\t\t\t\t<\/div>\n\t\t\t\t<div class=\"elementor-element elementor-element-3f2af34 elementor-widget elementor-widget-text-editor\" data-id=\"3f2af34\" data-element_type=\"widget\" data-e-type=\"widget\" data-widget_type=\"text-editor.default\">\n\t\t\t\t<div class=\"elementor-widget-container\">\n\t\t\t\t\t\t\t\t\t<p dir=\"auto\">Vous trouverez ci-dessous un tableau r\u00e9sumant les types d'ingr\u00e9dients des compl\u00e9ments alimentaires, leur r\u00f4le, leurs composants cl\u00e9s, ainsi que leurs avantages et inconv\u00e9nients. Il s'agit d'ingr\u00e9dients pertinents pour la fabrication de compl\u00e9ments alimentaires, avec un clin d'\u0153il \u00e0 la g\u00e9latine bovine et \u00e0 la glycine en tant que composants cl\u00e9s de certains compl\u00e9ments.<\/p>\t\t\t\t\t\t\t\t<\/div>\n\t\t\t\t<\/div>\n\t\t\t\t<div class=\"elementor-element elementor-element-f8143ec elementor-widget elementor-widget-text-editor\" data-id=\"f8143ec\" data-element_type=\"widget\" data-e-type=\"widget\" data-widget_type=\"text-editor.default\">\n\t\t\t\t<div class=\"elementor-widget-container\">\n\t\t\t\t\t\t\t\t\t<table><thead><tr><th><strong>Type<\/strong><\/th><th><strong>R\u00f4le<\/strong><\/th><th><strong>Composants cl\u00e9s<\/strong><\/th><th><strong>Avantages<\/strong><\/th><th><strong>Inconv\u00e9nients<\/strong><\/th><\/tr><\/thead><tbody><tr><td><strong>Vitamines<\/strong><\/td><td>Favorise l'immunit\u00e9, l'\u00e9nergie, la vision, la sant\u00e9 des os et le bien-\u00eatre g\u00e9n\u00e9ral<\/td><td>Vitamine A, C, D, E, K, complexe B (B1, B6, B12)<\/td><td>Renforce les d\u00e9ficiences nutritionnelles sp\u00e9cifiques, largement \u00e9tudi\u00e9, polyvalent dans les formulations<\/td><td>Risque de surconsommation (vitamines liposolubles), biodisponibilit\u00e9 variable<\/td><\/tr><tr><td><strong>Min\u00e9raux<\/strong><\/td><td>Favoriser la sant\u00e9 des os, la fonction musculaire, la signalisation nerveuse et l'immunit\u00e9<\/td><td>Calcium, magn\u00e9sium, zinc, fer, s\u00e9l\u00e9nium<\/td><td>Essentiel pour les fonctions m\u00e9taboliques, facile \u00e0 formuler en comprim\u00e9s\/capsules<\/td><td>Toxicit\u00e9 potentielle \u00e0 fortes doses, interactions avec d'autres nutriments<\/td><\/tr><tr><td><strong>Herbes et plantes m\u00e9dicinales<\/strong><\/td><td>Fournir des avantages anti-inflammatoires, adaptog\u00e8nes ou antioxydants<\/td><td>Curcuma, ginseng, \u00e9chinac\u00e9e, ashwagandha<\/td><td>L'attrait naturel, la diversit\u00e9 des bienfaits pour la sant\u00e9, la demande des consommateurs pour les produits d'origine v\u00e9g\u00e9tale<\/td><td>Normalisation limit\u00e9e, risque d'effets secondaires ou d'interactions m\u00e9dicamenteuses<\/td><\/tr><tr><td><strong>Acides amin\u00e9s<\/strong><\/td><td>Favorise la synth\u00e8se des prot\u00e9ines, la sant\u00e9 des articulations, la r\u00e9cup\u00e9ration musculaire et le sommeil<\/td><td>Glycine, lysine, BCAA, glutamine<\/td><td>Cl\u00e9 pour le collag\u00e8ne (par exemple, la glycine dans la g\u00e9latine bovine), la r\u00e9paration musculaire, haute biodisponibilit\u00e9<\/td><td>Prot\u00e9ines incompl\u00e8tes (par exemple, la glycine manque de tryptophane), probl\u00e8mes de go\u00fbt dans les poudres<\/td><\/tr><tr><td><strong>Prot\u00e9ines<\/strong><\/td><td>Am\u00e9liorer la croissance musculaire, la sant\u00e9 de la peau et des articulations et la sati\u00e9t\u00e9<\/td><td>Lactos\u00e9rum, collag\u00e8ne (g\u00e9latine bovine), prot\u00e9ine de pois<\/td><td>Forte demande de la part des consommateurs, favorise la sant\u00e9 structurelle, polyvalent dans les poudres\/gommes<\/td><td>Allergies (par exemple, lactos\u00e9rum \u00e0 base de produits laitiers), probl\u00e8mes d'approvisionnement (par exemple, collag\u00e8ne non v\u00e9g\u00e9talien)<\/td><\/tr><tr><td><strong>Acides gras<\/strong><\/td><td>Favorise la sant\u00e9 du c\u0153ur, du cerveau et des articulations<\/td><td>Om\u00e9ga-3 (DHA\/EPA), huile de poisson, huile de lin<\/td><td>Anti-inflammatoire, bien \u00e9tudi\u00e9 pour ses bienfaits cardiovasculaires<\/td><td>Arri\u00e8re-go\u00fbt de poisson, probl\u00e8mes de durabilit\u00e9, risque d'oxydation pendant le stockage<\/td><\/tr><tr><td><strong>Probiotiques<\/strong><\/td><td>Favoriser la sant\u00e9 intestinale, la digestion et la fonction immunitaire<\/td><td>Souches de Lactobacillus et de Bifidobacterium<\/td><td>Am\u00e9lioration du microbiome, int\u00e9r\u00eat croissant des consommateurs, disponibilit\u00e9 d'options de longue conservation<\/td><td>Efficacit\u00e9 sp\u00e9cifique \u00e0 la souche, probl\u00e8mes de stabilit\u00e9, co\u00fbt \u00e9lev\u00e9 pour une puissance \u00e9lev\u00e9e<\/td><\/tr><tr><td><strong>Ingr\u00e9dients de sp\u00e9cialit\u00e9<\/strong><\/td><td>R\u00e9pondre \u00e0 des besoins sp\u00e9cifiques (par exemple, soutien cardiaque, articulaire, sommeil, cognitif)<\/td><td>CoQ10, glucosamine, m\u00e9latonine, acide hyaluronique<\/td><td>Des avantages cibl\u00e9s, un attrait commercial important pour des probl\u00e8mes de sant\u00e9 de niche<\/td><td>Recherche limit\u00e9e pour certains, co\u00fbts plus \u00e9lev\u00e9s, possibilit\u00e9 de demandes d'indemnisation sur\u00e9valu\u00e9es<\/td><\/tr><\/tbody><\/table><p><strong>Notes<\/strong>:<\/p><ul><li><strong>G\u00e9latine bovine Contexte<\/strong>: La g\u00e9latine bovine, riche en glycine (~35%), est un ingr\u00e9dient prot\u00e9ique cl\u00e9 utilis\u00e9 dans les gommes, les capsules et les softgels pour ses propri\u00e9t\u00e9s g\u00e9lifiantes et ses bienfaits pour la sant\u00e9 des articulations et de la peau.<\/li><li><strong>Sourcing<\/strong>: Les fournisseurs d'ingr\u00e9dients de compl\u00e9ments alimentaires veillent au respect des BPF, de la FDA et des certifications (par exemple, casher, halal) en mati\u00e8re de qualit\u00e9 et de s\u00e9curit\u00e9.<\/li><li><strong>Tendances de la consommation<\/strong>: La demande d'options \"clean label\", sans OGM et v\u00e9g\u00e9taliennes influence la s\u00e9lection et la formulation des ingr\u00e9dients.<\/li><\/ul>\t\t\t\t\t\t\t\t<\/div>\n\t\t\t\t<\/div>\n\t\t\t\t\t<\/div>\n\t\t\t\t<\/div>\n\t\t\t\t<\/div>","protected":false},"excerpt":{"rendered":"<p>dietary supplement ingredient supplier Supplement ingredients encompass a wide range of substances, including vitamins, minerals, amino acids like glycine, herbals, [&hellip;]<\/p>\n","protected":false},"author":1,"featured_media":0,"parent":0,"menu_order":0,"comment_status":"closed","ping_status":"closed","template":"","meta":{"_uag_custom_page_level_css":"","site-sidebar-layout":"default","site-content-layout":"","ast-site-content-layout":"default","site-content-style":"default","site-sidebar-style":"default","ast-global-header-display":"","ast-banner-title-visibility":"","ast-main-header-display":"","ast-hfb-above-header-display":"","ast-hfb-below-header-display":"","ast-hfb-mobile-header-display":"","site-post-title":"","ast-breadcrumbs-content":"","ast-featured-img":"","footer-sml-layout":"","ast-disable-related-posts":"","theme-transparent-header-meta":"","adv-header-id-meta":"","stick-header-meta":"","header-above-stick-meta":"","header-main-stick-meta":"","header-below-stick-meta":"","astra-migrate-meta-layouts":"default","ast-page-background-enabled":"default","ast-page-background-meta":{"desktop":{"background-color":"var(--ast-global-color-5)","background-image":"","background-repeat":"repeat","background-position":"center center","background-size":"auto","background-attachment":"scroll","background-type":"","background-media":"","overlay-type":"","overlay-color":"","overlay-opacity":"","overlay-gradient":""},"tablet":{"background-color":"","background-image":"","background-repeat":"repeat","background-position":"center center","background-size":"auto","background-attachment":"scroll","background-type":"","background-media":"","overlay-type":"","overlay-color":"","overlay-opacity":"","overlay-gradient":""},"mobile":{"background-color":"","background-image":"","background-repeat":"repeat","background-position":"center center","background-size":"auto","background-attachment":"scroll","background-type":"","background-media":"","overlay-type":"","overlay-color":"","overlay-opacity":"","overlay-gradient":""}},"ast-content-background-meta":{"desktop":{"background-color":"var(--ast-global-color-4)","background-image":"","background-repeat":"repeat","background-position":"center center","background-size":"auto","background-attachment":"scroll","background-type":"","background-media":"","overlay-type":"","overlay-color":"","overlay-opacity":"","overlay-gradient":""},"tablet":{"background-color":"var(--ast-global-color-4)","background-image":"","background-repeat":"repeat","background-position":"center center","background-size":"auto","background-attachment":"scroll","background-type":"","background-media":"","overlay-type":"","overlay-color":"","overlay-opacity":"","overlay-gradient":""},"mobile":{"background-color":"var(--ast-global-color-4)","background-image":"","background-repeat":"repeat","background-position":"center center","background-size":"auto","background-attachment":"scroll","background-type":"","background-media":"","overlay-type":"","overlay-color":"","overlay-opacity":"","overlay-gradient":""}},"footnotes":""},"class_list":["post-145","page","type-page","status-publish","hentry"],"uagb_featured_image_src":{"full":false,"thumbnail":false,"medium":false,"medium_large":false,"large":false,"1536x1536":false,"2048x2048":false,"trp-custom-language-flag":false},"uagb_author_info":{"display_name":"collagensei.com","author_link":"https:\/\/collagensei.com\/fr\/author\/collagensei\/"},"uagb_comment_info":0,"uagb_excerpt":"dietary supplement ingredient supplier Supplement ingredients encompass a wide range of substances, including vitamins, minerals, amino acids like glycine, herbals, [&hellip;]","_links":{"self":[{"href":"https:\/\/collagensei.com\/fr\/wp-json\/wp\/v2\/pages\/145","targetHints":{"allow":["GET"]}}],"collection":[{"href":"https:\/\/collagensei.com\/fr\/wp-json\/wp\/v2\/pages"}],"about":[{"href":"https:\/\/collagensei.com\/fr\/wp-json\/wp\/v2\/types\/page"}],"author":[{"embeddable":true,"href":"https:\/\/collagensei.com\/fr\/wp-json\/wp\/v2\/users\/1"}],"replies":[{"embeddable":true,"href":"https:\/\/collagensei.com\/fr\/wp-json\/wp\/v2\/comments?post=145"}],"version-history":[{"count":8,"href":"https:\/\/collagensei.com\/fr\/wp-json\/wp\/v2\/pages\/145\/revisions"}],"predecessor-version":[{"id":15827,"href":"https:\/\/collagensei.com\/fr\/wp-json\/wp\/v2\/pages\/145\/revisions\/15827"}],"wp:attachment":[{"href":"https:\/\/collagensei.com\/fr\/wp-json\/wp\/v2\/media?parent=145"}],"curies":[{"name":"wp","href":"https:\/\/api.w.org\/{rel}","templated":true}]}}