{"id":4803,"date":"2025-03-20T09:07:20","date_gmt":"2025-03-20T01:07:20","guid":{"rendered":"https:\/\/collagensei.com\/?page_id=4803"},"modified":"2025-06-09T14:30:19","modified_gmt":"2025-06-09T06:30:19","slug":"peptide-de-ver-de-terre","status":"publish","type":"page","link":"https:\/\/collagensei.com\/fr\/sports-nutrition-manufacturer\/earthworm-peptide\/","title":{"rendered":"Peptide de ver de terre"},"content":{"rendered":"<div data-elementor-type=\"wp-page\" data-elementor-id=\"4803\" class=\"elementor elementor-4803\" data-elementor-post-type=\"page\">\n\t\t\t\t<div class=\"elementor-element elementor-element-7a24127 e-flex e-con-boxed e-con e-parent\" data-id=\"7a24127\" data-element_type=\"container\" data-e-type=\"container\">\n\t\t\t\t\t<div class=\"e-con-inner\">\n\t\t<div class=\"elementor-element elementor-element-e040d00 e-con-full e-flex e-con e-child\" data-id=\"e040d00\" data-element_type=\"container\" data-e-type=\"container\">\n\t\t\t\t<div class=\"elementor-element elementor-element-1d3069a elementor-widget elementor-widget-image\" data-id=\"1d3069a\" data-element_type=\"widget\" data-e-type=\"widget\" data-widget_type=\"image.default\">\n\t\t\t\t<div class=\"elementor-widget-container\">\n\t\t\t\t\t\t\t\t\t\t\t\t\t\t\t<img fetchpriority=\"high\" decoding=\"async\" width=\"893\" height=\"593\" src=\"https:\/\/collagensei.com\/wp-content\/uploads\/2025\/01\/Earthworm-peptide.png\" class=\"attachment-large size-large wp-image-4356\" alt=\"\" srcset=\"https:\/\/collagensei.com\/wp-content\/uploads\/2025\/01\/Earthworm-peptide.png 893w, https:\/\/collagensei.com\/wp-content\/uploads\/2025\/01\/Earthworm-peptide-300x199.png 300w, https:\/\/collagensei.com\/wp-content\/uploads\/2025\/01\/Earthworm-peptide-768x510.png 768w\" sizes=\"(max-width: 893px) 100vw, 893px\" \/>\t\t\t\t\t\t\t\t\t\t\t\t\t\t\t<\/div>\n\t\t\t\t<\/div>\n\t\t\t\t<\/div>\n\t\t<div class=\"elementor-element elementor-element-f7c87cd e-con-full e-flex e-con e-child\" data-id=\"f7c87cd\" data-element_type=\"container\" data-e-type=\"container\">\n\t\t\t\t<div class=\"elementor-element elementor-element-2d6f367 elementor-widget elementor-widget-heading\" data-id=\"2d6f367\" data-element_type=\"widget\" data-e-type=\"widget\" data-widget_type=\"heading.default\">\n\t\t\t\t<div class=\"elementor-widget-container\">\n\t\t\t\t\t<h1 class=\"elementor-heading-title elementor-size-default\">Peptide de ver de terre<\/h1>\t\t\t\t<\/div>\n\t\t\t\t<\/div>\n\t\t<div class=\"elementor-element elementor-element-1836570 e-con-full e-flex e-con e-child\" data-id=\"1836570\" data-element_type=\"container\" data-e-type=\"container\">\n\t\t\t\t<div class=\"elementor-element elementor-element-0e6da06 elementor-widget elementor-widget-text-editor\" data-id=\"0e6da06\" data-element_type=\"widget\" data-e-type=\"widget\" data-widget_type=\"text-editor.default\">\n\t\t\t\t<div class=\"elementor-widget-container\">\n\t\t\t\t\t\t\t\t\t<div class=\"fusion-text\"><p>Les peptides de vers de terre sont des compos\u00e9s bioactifs d\u00e9riv\u00e9s des vers de terre.<\/p><p>Il s'agit d'une sorte de prot\u00e9ine animale compl\u00e8te.<\/p><p>Il favorise la r\u00e9paration des tissus et r\u00e9duit l'inflammation.<\/p><\/div><div class=\"fusion-builder-row fusion-builder-row-inner fusion-row\"><div class=\"fusion-layout-column fusion_builder_column fusion_builder_column_1_2 fusion-one-half fusion-column-first 1_2\"><div class=\"fusion-column-wrapper fusion-column-wrapper-1\" data-bg-url=\"\"><div class=\"fusion-title title fusion-title-3 fusion-sep-none fusion-title-text fusion-title-size-four fusion-border-below-title\"><h4 class=\"title-heading-left\"><strong>Avantages pour la sant\u00e9<\/strong><\/h4><\/div><p>\u00a0<\/p><div class=\"fusion-li-item-content\"><ul><li>Hautement biodisponible<\/li><li>Sant\u00e9 des articulations et des os<\/li><li>Sant\u00e9 de la peau<\/li><li>Gestion du poids<\/li><\/ul><\/div><\/div><\/div><div class=\"fusion-layout-column fusion_builder_column fusion_builder_column_1_2 fusion-one-half fusion-column-last 1_2\"><div class=\"fusion-column-wrapper fusion-column-wrapper-2\" data-bg-url=\"\"><div class=\"fusion-title title fusion-title-4 fusion-sep-none fusion-title-text fusion-title-size-four fusion-border-below-title\"><h4 class=\"title-heading-left\"><strong>Faits techniques<\/strong><\/h4><\/div><p>\u00a0<\/p><ul><li class=\"fusion-li-item-content\">Excellentes propri\u00e9t\u00e9s d'\u00e9coulement<\/li><li class=\"fusion-li-item-content\">Mouillabilit\u00e9 sup\u00e9rieure<\/li><li class=\"fusion-li-item-content\">Dispersibilit\u00e9 instantan\u00e9e<\/li><li class=\"fusion-li-item-content\">Solubilit\u00e9 dans l'eau froide<\/li><li class=\"fusion-li-item-content\">Qualit\u00e9 alimentaire<\/li><\/ul><\/div><\/div><\/div>\t\t\t\t\t\t\t\t<\/div>\n\t\t\t\t<\/div>\n\t\t\t\t<\/div>\n\t\t\t\t<div class=\"elementor-element elementor-element-df1f469 elementor-widget elementor-widget-button\" data-id=\"df1f469\" data-element_type=\"widget\" data-e-type=\"widget\" data-widget_type=\"button.default\">\n\t\t\t\t<div class=\"elementor-widget-container\">\n\t\t\t\t\t\t\t\t\t<div class=\"elementor-button-wrapper\">\n\t\t\t\t\t<a class=\"elementor-button elementor-button-link elementor-size-sm\" href=\"#elementor-action%3Aaction%3Dpopup%3Aopen%26settings%3DeyJpZCI6IjQ5OTIiLCJ0b2dnbGUiOmZhbHNlfQ%3D%3D\">\n\t\t\t\t\t\t<span class=\"elementor-button-content-wrapper\">\n\t\t\t\t\t\t\t\t\t<span class=\"elementor-button-text\">Obtenir un devis maintenant<\/span>\n\t\t\t\t\t<\/span>\n\t\t\t\t\t<\/a>\n\t\t\t\t<\/div>\n\t\t\t\t\t\t\t\t<\/div>\n\t\t\t\t<\/div>\n\t\t\t\t<\/div>\n\t\t\t\t\t<\/div>\n\t\t\t\t<\/div>\n\t\t\t\t<\/div>","protected":false},"excerpt":{"rendered":"<p>Earthworm peptide Earthworm peptides are bioactive compounds derived from earthworms. It is a kind of complete animal protein. It promotes [&hellip;]<\/p>\n","protected":false},"author":1,"featured_media":0,"parent":4813,"menu_order":0,"comment_status":"closed","ping_status":"closed","template":"","meta":{"_uag_custom_page_level_css":"","site-sidebar-layout":"default","site-content-layout":"","ast-site-content-layout":"default","site-content-style":"default","site-sidebar-style":"default","ast-global-header-display":"","ast-banner-title-visibility":"","ast-main-header-display":"","ast-hfb-above-header-display":"","ast-hfb-below-header-display":"","ast-hfb-mobile-header-display":"","site-post-title":"","ast-breadcrumbs-content":"","ast-featured-img":"","footer-sml-layout":"","ast-disable-related-posts":"","theme-transparent-header-meta":"","adv-header-id-meta":"","stick-header-meta":"","header-above-stick-meta":"","header-main-stick-meta":"","header-below-stick-meta":"","astra-migrate-meta-layouts":"default","ast-page-background-enabled":"default","ast-page-background-meta":{"desktop":{"background-color":"var(--ast-global-color-5)","background-image":"","background-repeat":"repeat","background-position":"center center","background-size":"auto","background-attachment":"scroll","background-type":"","background-media":"","overlay-type":"","overlay-color":"","overlay-opacity":"","overlay-gradient":""},"tablet":{"background-color":"","background-image":"","background-repeat":"repeat","background-position":"center center","background-size":"auto","background-attachment":"scroll","background-type":"","background-media":"","overlay-type":"","overlay-color":"","overlay-opacity":"","overlay-gradient":""},"mobile":{"background-color":"","background-image":"","background-repeat":"repeat","background-position":"center center","background-size":"auto","background-attachment":"scroll","background-type":"","background-media":"","overlay-type":"","overlay-color":"","overlay-opacity":"","overlay-gradient":""}},"ast-content-background-meta":{"desktop":{"background-color":"var(--ast-global-color-4)","background-image":"","background-repeat":"repeat","background-position":"center center","background-size":"auto","background-attachment":"scroll","background-type":"","background-media":"","overlay-type":"","overlay-color":"","overlay-opacity":"","overlay-gradient":""},"tablet":{"background-color":"var(--ast-global-color-4)","background-image":"","background-repeat":"repeat","background-position":"center center","background-size":"auto","background-attachment":"scroll","background-type":"","background-media":"","overlay-type":"","overlay-color":"","overlay-opacity":"","overlay-gradient":""},"mobile":{"background-color":"var(--ast-global-color-4)","background-image":"","background-repeat":"repeat","background-position":"center center","background-size":"auto","background-attachment":"scroll","background-type":"","background-media":"","overlay-type":"","overlay-color":"","overlay-opacity":"","overlay-gradient":""}},"footnotes":""},"class_list":["post-4803","page","type-page","status-publish","hentry"],"uagb_featured_image_src":{"full":false,"thumbnail":false,"medium":false,"medium_large":false,"large":false,"1536x1536":false,"2048x2048":false,"trp-custom-language-flag":false},"uagb_author_info":{"display_name":"collagensei.com","author_link":"https:\/\/collagensei.com\/fr\/author\/collagensei\/"},"uagb_comment_info":0,"uagb_excerpt":"Earthworm peptide Earthworm peptides are bioactive compounds derived from earthworms. It is a kind of complete animal protein. It promotes [&hellip;]","_links":{"self":[{"href":"https:\/\/collagensei.com\/fr\/wp-json\/wp\/v2\/pages\/4803","targetHints":{"allow":["GET"]}}],"collection":[{"href":"https:\/\/collagensei.com\/fr\/wp-json\/wp\/v2\/pages"}],"about":[{"href":"https:\/\/collagensei.com\/fr\/wp-json\/wp\/v2\/types\/page"}],"author":[{"embeddable":true,"href":"https:\/\/collagensei.com\/fr\/wp-json\/wp\/v2\/users\/1"}],"replies":[{"embeddable":true,"href":"https:\/\/collagensei.com\/fr\/wp-json\/wp\/v2\/comments?post=4803"}],"version-history":[{"count":3,"href":"https:\/\/collagensei.com\/fr\/wp-json\/wp\/v2\/pages\/4803\/revisions"}],"predecessor-version":[{"id":8627,"href":"https:\/\/collagensei.com\/fr\/wp-json\/wp\/v2\/pages\/4803\/revisions\/8627"}],"up":[{"embeddable":true,"href":"https:\/\/collagensei.com\/fr\/wp-json\/wp\/v2\/pages\/4813"}],"wp:attachment":[{"href":"https:\/\/collagensei.com\/fr\/wp-json\/wp\/v2\/media?parent=4803"}],"curies":[{"name":"wp","href":"https:\/\/api.w.org\/{rel}","templated":true}]}}