{"id":588,"date":"2025-01-13T15:13:45","date_gmt":"2025-01-13T07:13:45","guid":{"rendered":"https:\/\/collagensei.com\/?page_id=588"},"modified":"2025-02-17T12:48:46","modified_gmt":"2025-02-17T04:48:46","slug":"ccpro","status":"publish","type":"page","link":"https:\/\/collagensei.com\/fr\/branded-ingredients-2\/ccpro\/","title":{"rendered":"CCPRO"},"content":{"rendered":"<p><span style=\"color: #000000;\">Dans le monde d'aujourd'hui, l'industrie de la sant\u00e9 et du bien-\u00eatre \u00e9volue constamment, les consommateurs recherchant des produits qui peuvent r\u00e9ellement \u00eatre b\u00e9n\u00e9fiques pour leur sant\u00e9. L'un de ces produits a r\u00e9cemment fait l'objet d'une attention particuli\u00e8re. <strong>CCPRO\u00ae - Peptide de collag\u00e8ne propre<\/strong>. Cet article vise \u00e0 fournir une compr\u00e9hension compl\u00e8te de cet ingr\u00e9dient innovant, en explorant ses avantages, ses applications, ses processus de production et ses perspectives de march\u00e9.<\/span><\/p>\n<h3><span style=\"color: #000000;\">Qu'est-ce que le CCPRO\u00ae - Clean Collagen Peptide ?<\/span><\/h3>\n<p><span style=\"color: #000000;\"><strong>CCPRO<\/strong>, \u00e9galement connue sous le nom scientifique de <strong>Peptide de collag\u00e8ne<\/strong>Ce produit se compose essentiellement de collag\u00e8ne hydrolys\u00e9 d\u00e9riv\u00e9 de sources animales, ce qui le rend tr\u00e8s b\u00e9n\u00e9fique pour la sant\u00e9 humaine. Son num\u00e9ro CAS (code d'identification des substances chimiques) est le suivant <strong>9007-34-5<\/strong>. Il se pr\u00e9sente g\u00e9n\u00e9ralement sous la forme d'une fine poudre blanche au go\u00fbt neutre, ce qui permet de le m\u00e9langer facilement \u00e0 divers produits alimentaires et boissons.<\/span><\/p>\n<p><span style=\"color: #000000;\">Pour garantir son efficacit\u00e9 et sa s\u00e9curit\u00e9, le CCPRO\u00ae est produit selon des normes industrielles rigoureuses conformes aux r\u00e9glementations am\u00e9ricaines et europ\u00e9ennes. En termes d'emballage, il est g\u00e9n\u00e9ralement conditionn\u00e9 dans des sacs ou des conteneurs r\u00e9sistants \u00e0 l'humidit\u00e9 afin de pr\u00e9server sa qualit\u00e9 au fil du temps. S'il est correctement stock\u00e9, id\u00e9alement dans un endroit frais et sec, le CCPRO\u00ae peut se conserver jusqu'\u00e0 deux ans.<\/span><\/p>\n<h3><span style=\"color: #000000;\">L'historique du CCPRO<\/span><\/h3>\n<p><span style=\"color: #000000;\">CCPRO\u00ae a \u00e9t\u00e9 mis au point par une \u00e9quipe de recherche sp\u00e9cialis\u00e9e d\u00e9sireuse de faire progresser la technologie de production du collag\u00e8ne. L'accent a \u00e9t\u00e9 mis sur la cr\u00e9ation d'un peptide de collag\u00e8ne plus propre et plus efficace qui am\u00e9liore la biodisponibilit\u00e9 et assure une absorption maximale par l'organisme. Cette recherche d\u00e9coule d'une longue histoire d'utilisation du collag\u00e8ne dans les compl\u00e9ments alimentaires et les aliments fonctionnels, soulignant le besoin d'options plus propres et plus efficaces.<\/span><\/p>\n<h3><span style=\"color: #000000;\">Propri\u00e9t\u00e9s physiques et formes courantes du CCPRO<\/span><\/h3>\n<p><span style=\"color: #000000;\">Sur le march\u00e9, le CCPRO\u00ae<\/span><\/p>\n<p><span style=\"color: #000000;\">est principalement disponible sous forme de poudre, ce qui est id\u00e9al pour les utilisateurs de compl\u00e9ments alimentaires. Cependant, on peut \u00e9galement la trouver dans des formulations \u00e0 base d'huile, ce qui offre une certaine polyvalence aux fabricants d\u00e9sireux de cr\u00e9er des produits uniques. Sa nature hydrosoluble permet de l'incorporer facilement dans les smoothies, les milk-shakes et autres boissons, ce qui \u00e9largit son champ d'application.<\/span><\/p>\n<h3><span style=\"color: #000000;\">Processus de production et ingr\u00e9dients auxiliaires<\/span><\/h3>\n<p><span style=\"color: #000000;\">La production de <strong>Peptide de collag\u00e8ne hydrolys\u00e9 propre<\/strong> consiste \u00e0 extraire le collag\u00e8ne des tissus des animaux, g\u00e9n\u00e9ralement en utilisant de l'eau pour cr\u00e9er un solvant s\u00fbr pour le traitement. Le processus implique une hydrolyse enzymatique pour d\u00e9composer le collag\u00e8ne en peptides plus petits qui sont plus facilement absorb\u00e9s par l'organisme. Bien que les ingr\u00e9dients auxiliaires puissent inclure des conservateurs et des ar\u00f4mes naturels, les fabricants s'efforcent de conserver des formulations aussi propres et minimalistes que possible.<\/span><\/p>\n<h3><span style=\"color: #000000;\">Applications courantes du CCPRO<\/span><\/h3>\n<p><span style=\"color: #000000;\">CCPRO<\/span><\/p>\n<p><span style=\"color: #000000;\">est largement reconnu pour ses bienfaits potentiels sur la sant\u00e9, ce qui le rend populaire dans divers secteurs :<\/span><\/p>\n<ol>\n<li><span style=\"color: #000000;\"><strong>Compl\u00e9ments alimentaires<\/strong>: Souvent commercialis\u00e9s en tant que produits anti-\u00e2ge ou d'am\u00e9lioration de la beaut\u00e9, de nombreuses marques incorporent le CCPROR dans des g\u00e9lules, des gels souples ou des capsules. <a class=\"wpil_keyword_link\" href=\"https:\/\/collagensei.com\/fr\/supplements-en-poudre-guide-complet-2026\/\" target=\"_blank\"  rel=\"noopener\" title=\"Suppl\u00e9ments en poudre Guide complet 2026\" data-wpil-keyword-link=\"linked\"  data-wpil-monitor-id=\"2116\">suppl\u00e9ments en poudre<\/a>.<\/span><\/li>\n<li><span style=\"color: #000000;\"><strong>Aliments fonctionnels<\/strong>: Des barres prot\u00e9in\u00e9es aux substituts de repas, les fabricants utilisent cet ingr\u00e9dient pour am\u00e9liorer le profil nutritionnel de leurs produits.<\/span><\/li>\n<li><span style=\"color: #000000;\"><strong>Produits de beaut\u00e9 et de sant\u00e9<\/strong>: L'industrie des soins de la peau en a \u00e9galement pris note, certains produits cosm\u00e9tiques incorporant du collag\u00e8ne pour favoriser l'\u00e9lasticit\u00e9 et l'hydratation de la peau.<\/span><\/li>\n<\/ol>\n<h3><span style=\"color: #000000;\">Avantages de l'examen du CCPRO<\/span><\/h3>\n<p><span style=\"color: #000000;\">La consommation de Clean Collagen Peptide pr\u00e9sente de nombreux avantages. Des \u00e9tudes cliniques ont montr\u00e9 qu'une consommation r\u00e9guli\u00e8re peut :<\/span><\/p>\n<ul>\n<li><span style=\"color: #000000;\"><strong>Am\u00e9liorer la sant\u00e9 de la peau<\/strong>: De nombreux utilisateurs signalent des changements visibles au niveau de l'\u00e9lasticit\u00e9 et de l'hydratation de la peau au bout de quelques semaines d'utilisation r\u00e9guli\u00e8re.<\/span><\/li>\n<li><span style=\"color: #000000;\"><strong>Favoriser la sant\u00e9 des articulations<\/strong>: Le collag\u00e8ne joue un r\u00f4le crucial dans le maintien de la sant\u00e9 des articulations et du tissu conjonctif, soulageant ainsi les personnes souffrant de douleurs articulaires.<\/span><\/li>\n<li><span style=\"color: #000000;\"><strong>Am\u00e9liorer la r\u00e9cup\u00e9ration musculaire<\/strong>: Pour les sportifs, l'augmentation des prot\u00e9ines de collag\u00e8ne peut favoriser la r\u00e9cup\u00e9ration musculaire apr\u00e8s l'exercice.<\/span><\/li>\n<li><span style=\"color: #000000;\"><strong>Favoriser la solidit\u00e9 des os<\/strong>: Des donn\u00e9es sugg\u00e8rent qu'une suppl\u00e9mentation en collag\u00e8ne peut avoir un effet b\u00e9n\u00e9fique sur la densit\u00e9 osseuse et la sant\u00e9 globale des os.<\/span><\/li>\n<\/ul>\n<h3><span style=\"color: #000000;\">Effets secondaires potentiels<\/span><\/h3>\n<p><span style=\"color: #000000;\">Bien que la plupart des gens tol\u00e8rent le CCPRO\u00ae<\/span><\/p>\n<p><span style=\"color: #000000;\">certains peuvent ressentir des effets secondaires l\u00e9gers tels qu'un inconfort digestif, des r\u00e9actions allergiques ou des changements dans la perception du go\u00fbt. Il est essentiel que les personnes, en particulier celles qui ont des restrictions alimentaires ou des allergies sp\u00e9cifiques, consultent un professionnel de la sant\u00e9 avant de commencer \u00e0 prendre un nouveau suppl\u00e9ment.<\/span><\/p>\n<h3><span style=\"color: #000000;\">M\u00e9canisme d'action dans l'organisme<\/span><\/h3>\n<p><span style=\"color: #000000;\">Comment CCPRO\u00ae fonctionne-t-il exactement dans l'organisme ? Une fois ing\u00e9r\u00e9, le corps d\u00e9compose les peptides de collag\u00e8ne en acides amin\u00e9s, qui sont ensuite utilis\u00e9s pour r\u00e9parer les tissus endommag\u00e9s et favoriser la formation de nouveau collag\u00e8ne, ce qui permet d'am\u00e9liorer la sant\u00e9 de la peau, des articulations et de l'ensemble de la population.<\/span><\/p>\n<h3><span style=\"color: #000000;\">M\u00e9thodes d'essai pour le CCPRO<\/span><\/h3>\n<p><span style=\"color: #000000;\">L'assurance qualit\u00e9 est essentielle dans la production de compl\u00e9ments alimentaires. Diverses m\u00e9thodes d'analyse, dont la chromatographie liquide haute performance (CLHP) et la spectrom\u00e9trie de masse, sont utilis\u00e9es pour garantir la puret\u00e9 et la s\u00e9curit\u00e9 des produits CCPRO\u00ae avant qu'ils ne parviennent aux consommateurs.<\/span><\/p>\n<h3><span style=\"color: #000000;\">Formulations courantes contenant du CCPRO<\/span><\/h3>\n<p><span style=\"color: #000000;\">Sur le march\u00e9, vous pouvez trouver une gamme de produits qui int\u00e8grent le CCPRO\u00ae, notamment :<\/span><\/p>\n<ul>\n<li><span style=\"color: #000000;\"><strong>Prot\u00e9ines en poudre<\/strong>: Id\u00e9al pour les athl\u00e8tes et les amateurs de fitness.<\/span><\/li>\n<li><span style=\"color: #000000;\"><strong>Compl\u00e9ments de beaut\u00e9<\/strong>: Con\u00e7u pour favoriser la jeunesse de la peau et des cheveux.<\/span><\/li>\n<li><span style=\"color: #000000;\"><strong>Shakes de remplacement de repas<\/strong>: Enrichi pour les consommateurs soucieux de leur sant\u00e9.<\/span><\/li>\n<\/ul>\n<h3><span style=\"color: #000000;\">Dosage recommand\u00e9 et d\u00e9lai d'obtention des r\u00e9sultats<\/span><\/h3>\n<p><span style=\"color: #000000;\">Pour b\u00e9n\u00e9ficier efficacement des avantages du CCPRO\u00ae, la plupart des recommandations de produits sugg\u00e8rent un dosage de <strong>2,5 \u00e0 15 grammes<\/strong> par jour, en fonction de la formulation du produit et des bienfaits escompt\u00e9s pour la sant\u00e9. Les utilisateurs signalent souvent des effets notables dans les <strong>4 \u00e0 12 semaines<\/strong> de consommation r\u00e9guli\u00e8re.<\/span><\/p>\n<h3><span style=\"color: #000000;\">Principe d'efficacit\u00e9<\/span><\/h3>\n<p><span style=\"color: #000000;\">Le principe d'efficacit\u00e9 du CCPRO\u00ae repose sur ses peptides bioactifs, qui stimulent les processus naturels de production de collag\u00e8ne de l'organisme. Ces peptides indiquent \u00e0 l'organisme qu'il doit r\u00e9parer et r\u00e9g\u00e9n\u00e9rer les tissus, ce qui illustre leur r\u00f4le important dans la sant\u00e9 globale.<\/span><\/p>\n<h3><span style=\"color: #000000;\">Produits comparables \u00e0 CCPRO<\/span><\/h3>\n<p><span style=\"color: #000000;\">D'autres produits offrent des avantages similaires :<\/span><\/p>\n<ul>\n<li><span style=\"color: #000000;\"><strong><a class=\"wpil_keyword_link\" href=\"https:\/\/collagensei.com\/fr\/collagene-hydrolyse-vs-peptides-de-collagene\/\" target=\"_blank\"  rel=\"noopener\" title=\"Collag\u00e8ne hydrolys\u00e9 VS Peptides de collag\u00e8ne\" data-wpil-keyword-link=\"linked\"  data-wpil-monitor-id=\"1760\">Peptides de collag\u00e8ne hydrolys\u00e9s<\/a><\/strong><\/span><\/li>\n<li><span style=\"color: #000000;\"><strong>G\u00e9latine<\/strong><\/span><\/li>\n<li><span style=\"color: #000000;\"><strong>Prot\u00e9ines de lactos\u00e9rum<\/strong><\/span><\/li>\n<\/ul>\n<p><span style=\"color: #000000;\">Cependant, le CCPRO\u00ae se distingue par son processus de production plus propre et sa biodisponibilit\u00e9 accrue.<\/span><\/p>\n<h3><span style=\"color: #000000;\">D\u00e9veloppements r\u00e9cents en mati\u00e8re de recherche clinique<\/span><\/h3>\n<p><span style=\"color: #000000;\">Des \u00e9tudes cliniques r\u00e9centes ont montr\u00e9 des r\u00e9sultats prometteurs quant \u00e0 l'efficacit\u00e9 du CCPRO\u00ae. Des recherches publi\u00e9es dans des revues de premier plan indiquent des am\u00e9liorations en mati\u00e8re d'hydratation et d'\u00e9lasticit\u00e9 de la peau et de soulagement des douleurs articulaires, ce qui renforce sa position en tant qu'ingr\u00e9dient de choix dans les produits de sant\u00e9 et de bien-\u00eatre.<\/span><\/p>\n<h3><span style=\"color: #000000;\">Le paysage r\u00e9glementaire<\/span><\/h3>\n<p><span style=\"color: #000000;\">Le cadre r\u00e9glementaire r\u00e9gissant l'utilisation du CCPRO\u00ae varie selon les pays. Aux \u00c9tats-Unis, il est principalement consid\u00e9r\u00e9 comme un compl\u00e9ment alimentaire, tandis qu'en Europe, il peut \u00eatre class\u00e9 comme un ingr\u00e9dient alimentaire avec des directives sp\u00e9cifiques en mati\u00e8re de consommation et d'utilisation. Des pays comme le Canada et l'Australie ont \u00e9galement des r\u00e9glementations strictes concernant l'importation et l'utilisation du CCPRO\u00ae, ce qui n\u00e9cessite une attention particuli\u00e8re de la part des fabricants.<\/span><\/p>\n<h3><span style=\"color: #000000;\">Aper\u00e7u du march\u00e9 et perspectives<\/span><\/h3>\n<p><span style=\"color: #000000;\">Le march\u00e9 des peptides de collag\u00e8ne propres est en pleine croissance au niveau mondial. <strong>300 tonnes par an<\/strong> uniquement en Am\u00e9rique du Nord. La demande croissante de produits de bien-\u00eatre chez les consommateurs \u00e2g\u00e9s de 20 \u00e0 40 ans devrait entra\u00eener un taux de croissance du march\u00e9 de l'ordre de <strong>8.5% annuel<\/strong> dans les ann\u00e9es \u00e0 venir. Cela laisse pr\u00e9sager un avenir solide pour cet ingr\u00e9dient, car de plus en plus de marques reconnaissent la diversit\u00e9 de ses applications.<\/span><\/p>\n<h3><span style=\"color: #000000;\">M\u00e9thodes de production<\/span><\/h3>\n<p><span style=\"color: #000000;\">Les m\u00e9thodes actuelles de fabrication du CCPRO\u00ae impliquent principalement l'hydrolyse, l'extraction et la purification. Bien que la fermentation soit une alternative prometteuse, les m\u00e9thodes d'hydrolyse restent les plus populaires en raison de leur efficacit\u00e9 \u00e0 produire des produits de haute puret\u00e9.<\/span><\/p>\n<h3><span style=\"color: #000000;\">FAQ pour les acheteurs B2B<\/span><\/h3>\n<p><span style=\"color: #000000;\">En tant qu'acheteur B2B, vous vous posez peut-\u00eatre les questions suivantes sur le CCPRO\u00ae :<\/span><\/p>\n<ol>\n<li><span style=\"color: #000000;\">Quelle est la dur\u00e9e de conservation des produits CCPRO\u00ae ?<\/span><\/li>\n<li><span style=\"color: #000000;\">Y a-t-il des allerg\u00e8nes associ\u00e9s \u00e0 Clean Collagen Peptides ?<\/span><\/li>\n<li><span style=\"color: #000000;\">Comment dois-je conserver CCPRO\u00ae pour garantir une efficacit\u00e9 maximale ?<\/span><\/li>\n<li><span style=\"color: #000000;\">Quelles sont les tailles d'emballage typiques disponibles ?<\/span><\/li>\n<li><span style=\"color: #000000;\">Le CCPRO\u00ae peut-il \u00eatre associ\u00e9 \u00e0 d'autres compl\u00e9ments ?<\/span><\/li>\n<li><span style=\"color: #000000;\">Quelles certifications puis-je attendre des fournisseurs du CCPRO\u00ae ?<\/span><\/li>\n<li><span style=\"color: #000000;\">Le CCPRO\u00ae est-il v\u00e9g\u00e9talien ou sans OGM ?<\/span><\/li>\n<li><span style=\"color: #000000;\">Comment puis-je \u00e9valuer la qualit\u00e9 du CCPRO\u00ae avant de l'acheter ?<\/span><\/li>\n<li><span style=\"color: #000000;\">Existe-t-il des effets secondaires ou des contre-indications ?<\/span><\/li>\n<li><span style=\"color: #000000;\">Comment dois-je g\u00e9rer le processus d'approvisionnement pour les commandes en gros ?<\/span><\/li>\n<\/ol>\n<h3><span style=\"color: #000000;\">Avantages et inconv\u00e9nients du CCPRO<\/span><\/h3>\n<p><span style=\"color: #000000;\"><strong>Pour<\/strong>:<\/span><\/p>\n<ol>\n<li><span style=\"color: #000000;\">Biodisponibilit\u00e9 \u00e9lev\u00e9e permettant une meilleure absorption.<\/span><\/li>\n<li><span style=\"color: #000000;\">Applications polyvalentes dans tous les secteurs de la consommation.<\/span><\/li>\n<li><span style=\"color: #000000;\">Favorise la sant\u00e9 de la peau, des articulations et des muscles.<\/span><\/li>\n<li><span style=\"color: #000000;\">Risque minime d'effets ind\u00e9sirables.<\/span><\/li>\n<li><span style=\"color: #000000;\">Attractif pour les consommateurs de plus en plus soucieux de leur sant\u00e9.<\/span><\/li>\n<\/ol>\n<p><span style=\"color: #000000;\"><strong>Cons<\/strong>:<\/span><\/p>\n<ol>\n<li><span style=\"color: #000000;\">Ne convient pas aux v\u00e9g\u00e9tariens et aux v\u00e9g\u00e9taliens.<\/span><\/li>\n<li><span style=\"color: #000000;\">R\u00e9actions allergiques potentielles chez les personnes sensibles.<\/span><\/li>\n<li><span style=\"color: #000000;\">Peut provoquer de l\u00e9gers troubles digestifs chez certains.<\/span><\/li>\n<li><span style=\"color: #000000;\">La qualit\u00e9 peut varier consid\u00e9rablement d'un fournisseur \u00e0 l'autre.<\/span><\/li>\n<li><span style=\"color: #000000;\">L'attrait sensoriel des produits alimentaires est limit\u00e9.<\/span><\/li>\n<\/ol>\n<h3><span style=\"color: #000000;\">Conseils pour s\u00e9lectionner un fournisseur fiable<\/span><\/h3>\n<p><span style=\"color: #000000;\">Lorsque vous recherchez un fournisseur de CCPRO\u00ae r\u00e9put\u00e9, tenez compte des \u00e9l\u00e9ments suivants :<\/span><\/p>\n<ul>\n<li><span style=\"color: #000000;\"><strong>Certifications<\/strong>: Assurez-vous qu'ils sont certifi\u00e9s par la FDA et qu'ils poss\u00e8dent les certifications de qualit\u00e9 appropri\u00e9es telles que ISO ou KOSHER.<\/span><\/li>\n<li><span style=\"color: #000000;\"><strong>\u00c9chantillons de produits<\/strong>: Demandez des \u00e9chantillons pour tester la qualit\u00e9 avant de faire un achat important.<\/span><\/li>\n<li><span style=\"color: #000000;\"><strong>Avis des clients<\/strong>: Recherchez des t\u00e9moignages ou des avis d'autres acheteurs B2B.<\/span><\/li>\n<li><span style=\"color: #000000;\"><strong>Temps de r\u00e9ponse<\/strong>: Un fournisseur fiable doit r\u00e9pondre rapidement et de mani\u00e8re transparente \u00e0 vos demandes.<\/span><\/li>\n<\/ul>\n<h3><span style=\"color: #000000;\">Processus de production du CCPRO<\/span><\/h3>\n<p><span style=\"color: #000000;\">La production de peptides de collag\u00e8ne propres implique de nombreuses \u00e9tapes : approvisionnement, hydrolyse, filtration, s\u00e9chage et conditionnement. Chaque \u00e9tape est cruciale pour garantir l'int\u00e9grit\u00e9 et l'efficacit\u00e9 du produit.<\/span><\/p>\n<h3><span style=\"color: #000000;\">Conclusion<\/span><\/h3>\n<p><span style=\"color: #000000;\">En conclusion, CCPRO\u00ae - Clean Collagen Peptide n'est pas un ingr\u00e9dient de plus dans le secteur de la sant\u00e9 et du bien-\u00eatre ; il repr\u00e9sente un pas en avant dans la fa\u00e7on dont nous abordons la nutrition et les soins de la peau. Ses nombreux avantages, combin\u00e9s \u00e0 un nombre croissant de preuves cliniques et \u00e0 la demande du march\u00e9, le positionnent comme un acteur cl\u00e9 dans le paysage des compl\u00e9ments alimentaires.<\/span><\/p>\n<p><span style=\"color: #000000;\">Si vous souhaitez vous approvisionner en CCPRO\u00ae de haute qualit\u00e9, veuillez nous contacter \u00e0 l'adresse suivante <a style=\"color: #000000;\" href=\"mailto:sales@collagensei.com\" rel=\"noopener\">sales@collagensei.com<\/a>. <a class=\"wpil_keyword_link\" href=\"https:\/\/collagensei.com\/fr\/fournisseur-de-vitamines\/vitamina-c\/\" target=\"_blank\"  rel=\"noopener\" title=\"Vitamine C\" data-wpil-keyword-link=\"linked\"  data-wpil-monitor-id=\"2117\">Gensei Global Industries<\/a> est un fabricant certifi\u00e9 par la FDA et dispose d'une s\u00e9rie de certifications ISO, HALAL, KOSHER et MSC. Avec des entrep\u00f4ts situ\u00e9s en Californie et \u00e0 New York, nous pouvons r\u00e9pondre efficacement \u00e0 vos besoins d'approvisionnement, en offrant une grande vari\u00e9t\u00e9 de mati\u00e8res premi\u00e8res et de solutions de produits personnalis\u00e9es, y compris des g\u00e9lules, des gels mous, des comprim\u00e9s, des poudres et des huiles. Laissez-nous vous aider \u00e0 r\u00e9pondre \u00e0 vos besoins en mati\u00e8re de produits de sant\u00e9 !<\/span><\/p>","protected":false},"excerpt":{"rendered":"<p>In today&#8217;s fast-paced world, the health and wellness industry constantly evolves, with consumers seeking products that can genuinely benefit their [&hellip;]<\/p>\n","protected":false},"author":1,"featured_media":0,"parent":563,"menu_order":0,"comment_status":"closed","ping_status":"closed","template":"","meta":{"_uag_custom_page_level_css":"","site-sidebar-layout":"default","site-content-layout":"","ast-site-content-layout":"default","site-content-style":"default","site-sidebar-style":"default","ast-global-header-display":"","ast-banner-title-visibility":"","ast-main-header-display":"","ast-hfb-above-header-display":"","ast-hfb-below-header-display":"","ast-hfb-mobile-header-display":"","site-post-title":"","ast-breadcrumbs-content":"","ast-featured-img":"","footer-sml-layout":"","ast-disable-related-posts":"","theme-transparent-header-meta":"","adv-header-id-meta":"","stick-header-meta":"","header-above-stick-meta":"","header-main-stick-meta":"","header-below-stick-meta":"","astra-migrate-meta-layouts":"default","ast-page-background-enabled":"default","ast-page-background-meta":{"desktop":{"background-color":"var(--ast-global-color-5)","background-image":"","background-repeat":"repeat","background-position":"center center","background-size":"auto","background-attachment":"scroll","background-type":"","background-media":"","overlay-type":"","overlay-color":"","overlay-opacity":"","overlay-gradient":""},"tablet":{"background-color":"","background-image":"","background-repeat":"repeat","background-position":"center center","background-size":"auto","background-attachment":"scroll","background-type":"","background-media":"","overlay-type":"","overlay-color":"","overlay-opacity":"","overlay-gradient":""},"mobile":{"background-color":"","background-image":"","background-repeat":"repeat","background-position":"center center","background-size":"auto","background-attachment":"scroll","background-type":"","background-media":"","overlay-type":"","overlay-color":"","overlay-opacity":"","overlay-gradient":""}},"ast-content-background-meta":{"desktop":{"background-color":"var(--ast-global-color-4)","background-image":"","background-repeat":"repeat","background-position":"center center","background-size":"auto","background-attachment":"scroll","background-type":"","background-media":"","overlay-type":"","overlay-color":"","overlay-opacity":"","overlay-gradient":""},"tablet":{"background-color":"var(--ast-global-color-4)","background-image":"","background-repeat":"repeat","background-position":"center center","background-size":"auto","background-attachment":"scroll","background-type":"","background-media":"","overlay-type":"","overlay-color":"","overlay-opacity":"","overlay-gradient":""},"mobile":{"background-color":"var(--ast-global-color-4)","background-image":"","background-repeat":"repeat","background-position":"center center","background-size":"auto","background-attachment":"scroll","background-type":"","background-media":"","overlay-type":"","overlay-color":"","overlay-opacity":"","overlay-gradient":""}},"footnotes":""},"class_list":["post-588","page","type-page","status-publish","hentry"],"uagb_featured_image_src":{"full":false,"thumbnail":false,"medium":false,"medium_large":false,"large":false,"1536x1536":false,"2048x2048":false,"trp-custom-language-flag":false},"uagb_author_info":{"display_name":"collagensei.com","author_link":"https:\/\/collagensei.com\/fr\/author\/collagensei\/"},"uagb_comment_info":0,"uagb_excerpt":"In today&#8217;s fast-paced world, the health and wellness industry constantly evolves, with consumers seeking products that can genuinely benefit their [&hellip;]","_links":{"self":[{"href":"https:\/\/collagensei.com\/fr\/wp-json\/wp\/v2\/pages\/588","targetHints":{"allow":["GET"]}}],"collection":[{"href":"https:\/\/collagensei.com\/fr\/wp-json\/wp\/v2\/pages"}],"about":[{"href":"https:\/\/collagensei.com\/fr\/wp-json\/wp\/v2\/types\/page"}],"author":[{"embeddable":true,"href":"https:\/\/collagensei.com\/fr\/wp-json\/wp\/v2\/users\/1"}],"replies":[{"embeddable":true,"href":"https:\/\/collagensei.com\/fr\/wp-json\/wp\/v2\/comments?post=588"}],"version-history":[{"count":2,"href":"https:\/\/collagensei.com\/fr\/wp-json\/wp\/v2\/pages\/588\/revisions"}],"predecessor-version":[{"id":16210,"href":"https:\/\/collagensei.com\/fr\/wp-json\/wp\/v2\/pages\/588\/revisions\/16210"}],"up":[{"embeddable":true,"href":"https:\/\/collagensei.com\/fr\/wp-json\/wp\/v2\/pages\/563"}],"wp:attachment":[{"href":"https:\/\/collagensei.com\/fr\/wp-json\/wp\/v2\/media?parent=588"}],"curies":[{"name":"wp","href":"https:\/\/api.w.org\/{rel}","templated":true}]}}