{"id":80,"date":"2024-06-27T20:05:40","date_gmt":"2024-06-27T12:05:40","guid":{"rendered":"https:\/\/collagensei.com\/?page_id=80"},"modified":"2026-01-22T15:35:03","modified_gmt":"2026-01-22T07:35:03","slug":"centre-du-rd","status":"publish","type":"page","link":"https:\/\/collagensei.com\/fr\/research-and-innovation\/rd-center\/","title":{"rendered":"CENTRE DE R&amp;D"},"content":{"rendered":"<div data-elementor-type=\"wp-page\" data-elementor-id=\"80\" class=\"elementor elementor-80\" data-elementor-post-type=\"page\">\n\t\t\t\t<div class=\"elementor-element elementor-element-b6cc24e e-flex e-con-boxed e-con e-parent\" data-id=\"b6cc24e\" data-element_type=\"container\" data-e-type=\"container\">\n\t\t\t\t\t<div class=\"e-con-inner\">\n\t\t\t\t<div class=\"elementor-element elementor-element-8be8490 elementor-widget elementor-widget-html\" data-id=\"8be8490\" data-element_type=\"widget\" data-e-type=\"widget\" data-widget_type=\"html.default\">\n\t\t\t\t<div class=\"elementor-widget-container\">\n\t\t\t\t\t<!DOCTYPE html>\r\n<html lang=\"en\">\r\n<head>\r\n    <meta charset=\"UTF-8\">\r\n    <meta name=\"viewport\" content=\"width=device-width, initial-scale=1.0\">\r\n    <title>Centre de R&amp;D | Collagensei<\/title>\r\n    <style>\r\n        :root {\r\n            --tech-blue: #004d99; \/* \u8f83\u6df1\u7684\u79d1\u6280\u84dd *\/\r\n            --science-teal: #00b3b3; \/* \u4eae\u9752\u8272\u4f5c\u4e3a\u70b9\u7f00\uff0c\u4ee3\u8868\u751f\u7269\u79d1\u6280 *\/\r\n            --lab-grey: #f0f2f5;\r\n            --text-main: #333;\r\n            --white: #fff;\r\n        }\r\n\r\n        body {\r\n            font-family: 'Helvetica Neue', Helvetica, Arial, sans-serif;\r\n            color: var(--text-main);\r\n            margin: 0;\r\n            line-height: 1.6;\r\n            background-color: var(--white);\r\n        }\r\n\r\n        .container {\r\n            max-width: 2400px;\r\n            margin: 0 auto;\r\n            padding: 0 20px;\r\n        }\r\n\r\n        \/* Hero Section *\/\r\n        .rd-hero {\r\n            background: linear-gradient(rgba(0,0,0,0.6), rgba(0,0,0,0.6)), url('https:\/\/images.unsplash.com\/photo-1532094349884-543bc11b234d?auto=format&fit=crop&w=1350&q=80');\r\n            background-size: cover;\r\n            background-position: center;\r\n            height: 450px;\r\n            display: flex;\r\n            align-items: center;\r\n            justify-content: center;\r\n            text-align: center;\r\n            color: var(--white);\r\n        }\r\n        .rd-hero h1 {\r\n            font-size: 3.5rem;\r\n            margin-bottom: 10px;\r\n            letter-spacing: 1px;\r\n        }\r\n        .rd-hero p {\r\n            font-size: 1.3rem;\r\n            max-width: 700px;\r\n            margin: 0 auto;\r\n            font-weight: 300;\r\n        }\r\n\r\n        \/* Intro Section *\/\r\n        .intro-section {\r\n            padding: 80px 0;\r\n            text-align: center;\r\n        }\r\n        .intro-section h2 {\r\n            font-size: 2.2rem;\r\n            color: var(--tech-blue);\r\n            margin-bottom: 20px;\r\n        }\r\n        .intro-text {\r\n            max-width: 800px;\r\n            margin: 0 auto;\r\n            color: #555;\r\n            font-size: 1.1rem;\r\n        }\r\n\r\n        \/* Core Tech Grid *\/\r\n        .tech-section {\r\n            background-color: var(--lab-grey);\r\n            padding: 80px 0;\r\n        }\r\n        .section-header {\r\n            text-align: center;\r\n            margin-bottom: 60px;\r\n        }\r\n        .section-header h2 {\r\n            font-size: 2.2rem;\r\n            color: var(--tech-blue);\r\n        }\r\n        \r\n        .tech-grid {\r\n            display: grid;\r\n            grid-template-columns: repeat(3, 1fr);\r\n            gap: 30px;\r\n        }\r\n        .tech-card {\r\n            background: var(--white);\r\n            padding: 30px;\r\n            border-radius: 8px;\r\n            border-bottom: 4px solid var(--science-teal);\r\n            box-shadow: 0 5px 15px rgba(0,0,0,0.05);\r\n            transition: transform 0.3s;\r\n        }\r\n        .tech-card:hover {\r\n            transform: translateY(-5px);\r\n        }\r\n        .tech-icon {\r\n            font-size: 2.5rem;\r\n            margin-bottom: 20px;\r\n            display: block;\r\n        }\r\n        .tech-card h3 {\r\n            margin-bottom: 15px;\r\n            color: var(--tech-blue);\r\n        }\r\n\r\n        \/* Process Section (Steps) *\/\r\n        .process-section {\r\n            padding: 80px 0;\r\n        }\r\n        .process-steps {\r\n            display: flex;\r\n            justify-content: space-between;\r\n            margin-top: 50px;\r\n            flex-wrap: wrap;\r\n        }\r\n        .step-item {\r\n            flex: 1;\r\n            text-align: center;\r\n            padding: 20px;\r\n            min-width: 200px;\r\n            position: relative;\r\n        }\r\n        \/* Arrow between steps *\/\r\n        .step-item:not(:last-child):after {\r\n            content: \"\u2192\";\r\n            position: absolute;\r\n            right: -10px;\r\n            top: 40%;\r\n            font-size: 2rem;\r\n            color: #ccc;\r\n        }\r\n        .step-number {\r\n            background-color: var(--tech-blue);\r\n            color: var(--white);\r\n            width: 40px;\r\n            height: 40px;\r\n            border-radius: 50%;\r\n            display: inline-flex;\r\n            align-items: center;\r\n            justify-content: center;\r\n            font-weight: bold;\r\n            margin-bottom: 15px;\r\n        }\r\n        .step-item h4 { margin-bottom: 10px; font-size: 1.1rem;}\r\n        .step-item p { font-size: 0.9rem; color: #666; }\r\n\r\n        \/* Lab Capabilities List *\/\r\n        .lab-capabilities {\r\n            display: grid;\r\n            grid-template-columns: 1fr 1fr;\r\n            gap: 0; \/* Split view *\/\r\n        }\r\n        .lab-image {\r\n            background-image: url('https:\/\/images.unsplash.com\/photo-1579165466741-7f35a4755657?auto=format&fit=crop&w=800&q=80');\r\n            background-size: cover;\r\n            background-position: center;\r\n            min-height: 400px;\r\n        }\r\n        .lab-content {\r\n            background-color: var(--tech-blue);\r\n            color: var(--white);\r\n            padding: 60px;\r\n            display: flex;\r\n            flex-direction: column;\r\n            justify-content: center;\r\n        }\r\n        .lab-content h2 { margin-bottom: 30px; font-size: 2rem; }\r\n        .capability-list {\r\n            list-style: none;\r\n            padding: 0;\r\n        }\r\n        .capability-list li {\r\n            margin-bottom: 15px;\r\n            padding-left: 25px;\r\n            position: relative;\r\n        }\r\n        .capability-list li:before {\r\n            content: \"\u2713\";\r\n            color: var(--science-teal);\r\n            position: absolute;\r\n            left: 0;\r\n            font-weight: bold;\r\n        }\r\n\r\n        \/* Footer Simple *\/\r\n        footer {\r\n            background: #222;\r\n            color: #fff;\r\n            padding: 40px 0;\r\n            text-align: center;\r\n        }\r\n\r\n        @media (max-width: 768px) {\r\n            .tech-grid, .lab-capabilities, .process-steps {\r\n                grid-template-columns: 1fr;\r\n                display: block;\r\n            }\r\n            .step-item:not(:last-child):after { display: none; } \/* Hide arrows on mobile *\/\r\n            .step-item { border-bottom: 1px solid #eee; margin-bottom: 20px; }\r\n            .rd-hero h1 { font-size: 2.5rem; }\r\n        }\r\n    <\/style>\r\n<\/head>\r\n<body>\r\n\r\n    <div class=\"rd-hero\">\r\n        <div class=\"container\">\r\n            <h1>Centre de R&amp;D<\/h1>\r\n            <p>Quand la science rencontre la vitalit\u00e9. Pionnier de l'avenir des peptides bioactifs.<\/p>\r\n        <\/div>\r\n    <\/div>\r\n\r\n    <section class=\"intro-section\">\r\n        <div class=\"container\">\r\n            <h2>Innover pour la sant\u00e9 de demain<\/h2>\r\n            <p class=\"intro-text\">\r\n                Chez Collagensei, notre centre de recherche et de d\u00e9veloppement est le c\u0153ur de notre activit\u00e9.\r\n                Dirig\u00e9 par une \u00e9quipe multidisciplinaire de biochimistes et de technologues alimentaires, nous comblons le foss\u00e9 entre la science fondamentale et les besoins des consommateurs, en transformant les ingr\u00e9dients naturels bruts en solutions fonctionnelles hautement efficaces.\r\n                entre la science fondamentale et les besoins des consommateurs, en transformant des ingr\u00e9dients naturels bruts en solutions fonctionnelles hautement efficaces.\r\n            <\/p>\r\n        <\/div>\r\n    <\/section>\r\n\r\n    <section class=\"tech-section\">\r\n        <div class=\"container\">\r\n            <div class=\"section-header\">\r\n                <h2>Technologies de base<\/h2>\r\n                <p>Des techniques de traitement avanc\u00e9es qui d\u00e9finissent notre qualit\u00e9.<\/p>\r\n            <\/div>\r\n            <div class=\"tech-grid\">\r\n                <div class=\"tech-card\">\r\n                    <span class=\"tech-icon\">\ud83e\uddec<\/span>\r\n                    <h3>Hydrolyse enzymatique<\/h3>\r\n                    <p>Notre proc\u00e9d\u00e9 enzymatique exclusif coupe pr\u00e9cis\u00e9ment les cha\u00eenes de prot\u00e9ines en peptides bioactifs sp\u00e9cifiques, garantissant un faible poids mol\u00e9culaire (2000-3000 Da en moyenne) pour une absorption maximale.<\/p>\r\n                <\/div>\r\n                <div class=\"tech-card\">\r\n                    <span class=\"tech-icon\">\u2697\ufe0f<\/span>\r\n                    <h3>Purification et d\u00e9sodorisation<\/h3>\r\n                    <p>Gr\u00e2ce \u00e0 la filtration sur charbon actif et \u00e0 la nanofiltration, nous \u00e9liminons les impuret\u00e9s, les couleurs et les odeurs, cr\u00e9ant ainsi une poudre au go\u00fbt neutre, id\u00e9ale pour toutes les applications.<\/p>\r\n                <\/div>\r\n                <div class=\"tech-card\">\r\n                    <span class=\"tech-icon\">\ud83d\udd2c<\/span>\r\n                    <h3>Tests de biodisponibilit\u00e9<\/h3>\r\n                    <p>Nous testons rigoureusement la cin\u00e9tique de nos peptides pour nous assurer qu'ils survivent \u00e0 la digestion et atteignent efficacement les tissus cibles.<\/p>\r\n                <\/div>\r\n            <\/div>\r\n        <\/div>\r\n    <\/section>\r\n\r\n    <div class=\"lab-capabilities\">\r\n        <div class=\"lab-image\"><\/div>\r\n        <div class=\"lab-content\">\r\n            <h2>Capacit\u00e9s des laboratoires<\/h2>\r\n            <p>Nos laboratoires certifi\u00e9s ISO sont \u00e9quip\u00e9s d'instruments de pointe pour permettre un prototypage rapide et une assurance qualit\u00e9 stricte.<\/p>\r\n            <ul class=\"capability-list\">\r\n                <li><strong>HPLC ET GC-MS :<\/strong> Analyse de pr\u00e9cision des profils d'acides amin\u00e9s et s\u00e9quen\u00e7age des peptides.<\/li>\r\n                <li><strong>Laboratoire de microbiologie :<\/strong> Des tests pathog\u00e8nes stricts garantissent la s\u00e9curit\u00e9 du produit.<\/li>\r\n                <li><strong>Laboratoire d'application :<\/strong> Test de solubilit\u00e9, de stabilit\u00e9 du pH et de r\u00e9sistance \u00e0 la chaleur dans diverses boissons et aliments.<\/li>\r\n                <li><strong>\u00c9valuation sensorielle :<\/strong> Test de go\u00fbt, de texture et de contr\u00f4le des odeurs par un panel professionnel.<\/li>\r\n                <li><strong>Chambres de stabilit\u00e9 :<\/strong> Tests acc\u00e9l\u00e9r\u00e9s de dur\u00e9e de conservation pour les climats mondiaux.<\/li>\r\n            <\/ul>\r\n        <\/div>\r\n    <\/div>\r\n\r\n    <section class=\"process-section\">\r\n        <div class=\"container\">\r\n            <div class=\"section-header\">\r\n                <h2>Du concept \u00e0 la commercialisation<\/h2>\r\n                <p>Comment nous aidons nos partenaires \u00e0 lancer des produits gagnants.<\/p>\r\n            <\/div>\r\n            <div class=\"process-steps\">\r\n                <div class=\"step-item\">\r\n                    <div class=\"step-number\">1<\/div>\r\n                    <h4>L'id\u00e9e<\/h4>\r\n                    <p>Identifier les tendances du march\u00e9 et les besoins des clients.<\/p>\r\n                <\/div>\r\n                <div class=\"step-item\">\r\n                    <div class=\"step-number\">2<\/div>\r\n                    <h4>Formulation<\/h4>\r\n                    <p>M\u00e9lange personnalis\u00e9 avec des ingr\u00e9dients fonctionnels.<\/p>\r\n                <\/div>\r\n                <div class=\"step-item\">\r\n                    <div class=\"step-number\">3<\/div>\r\n                    <h4>Essai pilote<\/h4>\r\n                    <p>Production de petits lots pour valider la faisabilit\u00e9.<\/p>\r\n                <\/div>\r\n                <div class=\"step-item\">\r\n                    <div class=\"step-number\">4<\/div>\r\n                    <h4>Validation<\/h4>\r\n                    <p>Stabilit\u00e9, s\u00e9curit\u00e9 et tests sensoriels.<\/p>\r\n                <\/div>\r\n                <div class=\"step-item\">\r\n                    <div class=\"step-number\">5<\/div>\r\n                    <h4>Mise \u00e0 l'\u00e9chelle<\/h4>\r\n                    <p>Transfert de la technologie vers la production de masse.<\/p>\r\n                <\/div>\r\n            <\/div>\r\n        <\/div>\r\n    <\/section>\r\n\r\n\r\n\r\n<\/body>\r\n<\/html>\t\t\t\t<\/div>\n\t\t\t\t<\/div>\n\t\t\t\t\t<\/div>\n\t\t\t\t<\/div>\n\t\t\t\t<\/div>","protected":false},"excerpt":{"rendered":"<p>R&#038;D Center | Collagensei R&#038;D Center Where Science Meets Vitality. Pioneering the future of bioactive peptides. Innovating for Tomorrow&#8217;s Health [&hellip;]<\/p>\n","protected":false},"author":1,"featured_media":0,"parent":77,"menu_order":0,"comment_status":"closed","ping_status":"closed","template":"","meta":{"_uag_custom_page_level_css":"","site-sidebar-layout":"default","site-content-layout":"","ast-site-content-layout":"default","site-content-style":"default","site-sidebar-style":"default","ast-global-header-display":"","ast-banner-title-visibility":"","ast-main-header-display":"","ast-hfb-above-header-display":"","ast-hfb-below-header-display":"","ast-hfb-mobile-header-display":"","site-post-title":"disabled","ast-breadcrumbs-content":"","ast-featured-img":"","footer-sml-layout":"","ast-disable-related-posts":"","theme-transparent-header-meta":"","adv-header-id-meta":"","stick-header-meta":"","header-above-stick-meta":"","header-main-stick-meta":"","header-below-stick-meta":"","astra-migrate-meta-layouts":"default","ast-page-background-enabled":"default","ast-page-background-meta":{"desktop":{"background-color":"var(--ast-global-color-5)","background-image":"","background-repeat":"repeat","background-position":"center center","background-size":"auto","background-attachment":"scroll","background-type":"","background-media":"","overlay-type":"","overlay-color":"","overlay-opacity":"","overlay-gradient":""},"tablet":{"background-color":"","background-image":"","background-repeat":"repeat","background-position":"center center","background-size":"auto","background-attachment":"scroll","background-type":"","background-media":"","overlay-type":"","overlay-color":"","overlay-opacity":"","overlay-gradient":""},"mobile":{"background-color":"","background-image":"","background-repeat":"repeat","background-position":"center center","background-size":"auto","background-attachment":"scroll","background-type":"","background-media":"","overlay-type":"","overlay-color":"","overlay-opacity":"","overlay-gradient":""}},"ast-content-background-meta":{"desktop":{"background-color":"var(--ast-global-color-4)","background-image":"","background-repeat":"repeat","background-position":"center center","background-size":"auto","background-attachment":"scroll","background-type":"","background-media":"","overlay-type":"","overlay-color":"","overlay-opacity":"","overlay-gradient":""},"tablet":{"background-color":"var(--ast-global-color-4)","background-image":"","background-repeat":"repeat","background-position":"center center","background-size":"auto","background-attachment":"scroll","background-type":"","background-media":"","overlay-type":"","overlay-color":"","overlay-opacity":"","overlay-gradient":""},"mobile":{"background-color":"var(--ast-global-color-4)","background-image":"","background-repeat":"repeat","background-position":"center center","background-size":"auto","background-attachment":"scroll","background-type":"","background-media":"","overlay-type":"","overlay-color":"","overlay-opacity":"","overlay-gradient":""}},"footnotes":""},"class_list":["post-80","page","type-page","status-publish","hentry"],"uagb_featured_image_src":{"full":false,"thumbnail":false,"medium":false,"medium_large":false,"large":false,"1536x1536":false,"2048x2048":false,"trp-custom-language-flag":false},"uagb_author_info":{"display_name":"collagensei.com","author_link":"https:\/\/collagensei.com\/fr\/author\/collagensei\/"},"uagb_comment_info":0,"uagb_excerpt":"R&#038;D Center | Collagensei R&#038;D Center Where Science Meets Vitality. Pioneering the future of bioactive peptides. Innovating for Tomorrow&#8217;s Health [&hellip;]","_links":{"self":[{"href":"https:\/\/collagensei.com\/fr\/wp-json\/wp\/v2\/pages\/80","targetHints":{"allow":["GET"]}}],"collection":[{"href":"https:\/\/collagensei.com\/fr\/wp-json\/wp\/v2\/pages"}],"about":[{"href":"https:\/\/collagensei.com\/fr\/wp-json\/wp\/v2\/types\/page"}],"author":[{"embeddable":true,"href":"https:\/\/collagensei.com\/fr\/wp-json\/wp\/v2\/users\/1"}],"replies":[{"embeddable":true,"href":"https:\/\/collagensei.com\/fr\/wp-json\/wp\/v2\/comments?post=80"}],"version-history":[{"count":6,"href":"https:\/\/collagensei.com\/fr\/wp-json\/wp\/v2\/pages\/80\/revisions"}],"predecessor-version":[{"id":15946,"href":"https:\/\/collagensei.com\/fr\/wp-json\/wp\/v2\/pages\/80\/revisions\/15946"}],"up":[{"embeddable":true,"href":"https:\/\/collagensei.com\/fr\/wp-json\/wp\/v2\/pages\/77"}],"wp:attachment":[{"href":"https:\/\/collagensei.com\/fr\/wp-json\/wp\/v2\/media?parent=80"}],"curies":[{"name":"wp","href":"https:\/\/api.w.org\/{rel}","templated":true}]}}