{"id":8340,"date":"2025-06-04T15:27:48","date_gmt":"2025-06-04T07:27:48","guid":{"rendered":"https:\/\/collagensei.com\/?page_id=8340"},"modified":"2025-06-04T15:27:51","modified_gmt":"2025-06-04T07:27:51","slug":"conditions-generales","status":"publish","type":"page","link":"https:\/\/collagensei.com\/fr\/terms-and-conditions\/","title":{"rendered":"Conditions g\u00e9n\u00e9rales d'utilisation"},"content":{"rendered":"<p>lisez attentivement les pr\u00e9sentes conditions g\u00e9n\u00e9rales (\"conditions g\u00e9n\u00e9rales\", \"conditions\") avant d'utiliser le site web (\"site web\", \"service\") exploit\u00e9 par (\"nous\", \"nous\", \"notre\").<\/p>\n\n\n\n<p><strong>Conditions d'utilisation<\/strong><\/p>\n\n\n\n<p>En utilisant ce site web, vous certifiez que vous avez lu et examin\u00e9 le pr\u00e9sent accord et que vous acceptez d'en respecter les termes. Si vous ne souhaitez pas \u00eatre li\u00e9 par les termes de cet accord, il vous est conseill\u00e9 de cesser d'utiliser le site web en cons\u00e9quence. n'accorde l'utilisation et l'acc\u00e8s \u00e0 ce site web, \u00e0 ses produits et \u00e0 ses services qu'aux personnes qui en ont accept\u00e9 les termes.<\/p>\n\n\n\n<p><strong>Politique de confidentialit\u00e9<\/strong><\/p>\n\n\n\n<p>Avant de continuer \u00e0 utiliser notre site web, nous vous conseillons de lire notre politique de confidentialit\u00e9 concernant la collecte des donn\u00e9es des utilisateurs. Elle vous aidera \u00e0 mieux comprendre nos pratiques.<\/p>\n\n\n\n<p><strong>Limite d'\u00e2ge<\/strong><\/p>\n\n\n\n<p>Vous devez \u00eatre \u00e2g\u00e9 d'au moins 18 (dix-huit) ans pour pouvoir utiliser ce site web. En utilisant ce site, vous garantissez que vous avez au moins 18 ans et que vous pouvez l\u00e9galement adh\u00e9rer \u00e0 cet accord. n'assume aucune responsabilit\u00e9 pour les responsabilit\u00e9s li\u00e9es \u00e0 une fausse d\u00e9claration sur l'\u00e2ge.<\/p>\n\n\n\n<p><strong>Propri\u00e9t\u00e9 intellectuelle<\/strong><\/p>\n\n\n\n<p>Vous acceptez que tous les \u00e9l\u00e9ments, produits et services fournis sur ce site web soient la propri\u00e9t\u00e9 de , de ses affili\u00e9s, administrateurs, dirigeants, employ\u00e9s, agents, fournisseurs ou conc\u00e9dants de licence, y compris l'ensemble des droits d'auteur, secrets commerciaux, marques, brevets et autres propri\u00e9t\u00e9s intellectuelles. Vous acceptez \u00e9galement de ne pas reproduire ou redistribuer la propri\u00e9t\u00e9 intellectuelle de , de quelque mani\u00e8re que ce soit, y compris \u00e9lectroniquement, num\u00e9riquement ou par le biais de nouveaux enregistrements de marques.<\/p>\n\n\n\n<p>Vous accordez une licence gratuite et non exclusive pour afficher, utiliser, copier, transmettre et diffuser le contenu que vous t\u00e9l\u00e9chargez et publiez. Pour les questions relatives \u00e0 la propri\u00e9t\u00e9 intellectuelle, vous devez contacter l'entreprise afin de parvenir \u00e0 un accord.<\/p>\n\n\n\n<p><strong>Comptes d'utilisateurs<\/strong><\/p>\n\n\n\n<p>En tant qu'utilisateur de ce site web, vous pouvez \u00eatre invit\u00e9 \u00e0 vous inscrire et \u00e0 fournir des informations priv\u00e9es. Il vous incombe de veiller \u00e0 l'exactitude de ces informations et de pr\u00e9server la s\u00e9curit\u00e9 de vos donn\u00e9es d'identification. Vous \u00eates \u00e9galement responsable de toutes les activit\u00e9s qui se d\u00e9roulent sous votre compte ou votre mot de passe.<\/p>\n\n\n\n<p>Si vous pensez qu'il existe des probl\u00e8mes \u00e9ventuels concernant la s\u00e9curit\u00e9 de votre compte sur le site web, informez-nous imm\u00e9diatement afin que nous puissions y rem\u00e9dier en cons\u00e9quence.<\/p>\n\n\n\n<p>Nous nous r\u00e9servons le droit de fermer des comptes, de modifier ou de supprimer des contenus et d'annuler des commandes \u00e0 notre seule discr\u00e9tion.<\/p>\n\n\n\n<p><strong>Droit applicable<\/strong><\/p>\n\n\n\n<p>En utilisant ce site web, vous acceptez que les lois de la , sans tenir compte des principes de conflit de lois, r\u00e9gissent les pr\u00e9sentes conditions g\u00e9n\u00e9rales ou tout litige de quelque nature que ce soit qui pourrait survenir entre vous et le site web, ou ses partenaires commerciaux et associ\u00e9s.<\/p>\n\n\n\n<p><strong>Les litiges<\/strong><\/p>\n\n\n\n<p>Tout litige li\u00e9 de quelque mani\u00e8re que ce soit \u00e0 votre utilisation de ce site web ou aux produits que vous nous achetez sera arbitr\u00e9 par un tribunal d'\u00c9tat ou f\u00e9d\u00e9ral et vous acceptez la comp\u00e9tence exclusive de ces tribunaux.<\/p>\n\n\n\n<p><strong>Indemnisation<\/strong><\/p>\n\n\n\n<p>Vous acceptez d'indemniser et de d\u00e9gager de toute responsabilit\u00e9 ses affili\u00e9s en cas de r\u00e9clamations et de demandes juridiques pouvant r\u00e9sulter de votre utilisation ou de votre mauvaise utilisation de nos services. Nous nous r\u00e9servons le droit de choisir notre propre conseiller juridique.<\/p>\n\n\n\n<p><strong>Limitation de la responsabilit\u00e9<\/strong><\/p>\n\n\n\n<p> n'est pas responsable des dommages que vous pourriez subir \u00e0 la suite d'une mauvaise utilisation de notre site web.<\/p>\n\n\n\n<p> se r\u00e9serve le droit d'\u00e9diter, de modifier et de changer le pr\u00e9sent accord \u00e0 tout moment. Nous informerons nos utilisateurs de ces changements par courrier \u00e9lectronique. Le pr\u00e9sent accord constitue une entente entre l'utilisateur et nous, et il annule et remplace tous les accords ant\u00e9rieurs concernant l'utilisation de ce site web.<\/p>","protected":false},"excerpt":{"rendered":"<p>lease read these terms and conditions (&#8220;terms and conditions&#8221;, &#8220;terms&#8221;) carefully before using website (\u201cwebsite\u201d, &#8220;service&#8221;) operated by (&#8220;us&#8221;, &#8216;we&#8221;, [&hellip;]<\/p>\n","protected":false},"author":2,"featured_media":0,"parent":0,"menu_order":0,"comment_status":"closed","ping_status":"closed","template":"","meta":{"_uag_custom_page_level_css":"","site-sidebar-layout":"default","site-content-layout":"","ast-site-content-layout":"","site-content-style":"default","site-sidebar-style":"default","ast-global-header-display":"","ast-banner-title-visibility":"","ast-main-header-display":"","ast-hfb-above-header-display":"","ast-hfb-below-header-display":"","ast-hfb-mobile-header-display":"","site-post-title":"","ast-breadcrumbs-content":"","ast-featured-img":"","footer-sml-layout":"","ast-disable-related-posts":"","theme-transparent-header-meta":"","adv-header-id-meta":"","stick-header-meta":"","header-above-stick-meta":"","header-main-stick-meta":"","header-below-stick-meta":"","astra-migrate-meta-layouts":"default","ast-page-background-enabled":"default","ast-page-background-meta":{"desktop":{"background-color":"var(--ast-global-color-5)","background-image":"","background-repeat":"repeat","background-position":"center center","background-size":"auto","background-attachment":"scroll","background-type":"","background-media":"","overlay-type":"","overlay-color":"","overlay-opacity":"","overlay-gradient":""},"tablet":{"background-color":"","background-image":"","background-repeat":"repeat","background-position":"center center","background-size":"auto","background-attachment":"scroll","background-type":"","background-media":"","overlay-type":"","overlay-color":"","overlay-opacity":"","overlay-gradient":""},"mobile":{"background-color":"","background-image":"","background-repeat":"repeat","background-position":"center center","background-size":"auto","background-attachment":"scroll","background-type":"","background-media":"","overlay-type":"","overlay-color":"","overlay-opacity":"","overlay-gradient":""}},"ast-content-background-meta":{"desktop":{"background-color":"var(--ast-global-color-4)","background-image":"","background-repeat":"repeat","background-position":"center center","background-size":"auto","background-attachment":"scroll","background-type":"","background-media":"","overlay-type":"","overlay-color":"","overlay-opacity":"","overlay-gradient":""},"tablet":{"background-color":"var(--ast-global-color-4)","background-image":"","background-repeat":"repeat","background-position":"center center","background-size":"auto","background-attachment":"scroll","background-type":"","background-media":"","overlay-type":"","overlay-color":"","overlay-opacity":"","overlay-gradient":""},"mobile":{"background-color":"var(--ast-global-color-4)","background-image":"","background-repeat":"repeat","background-position":"center center","background-size":"auto","background-attachment":"scroll","background-type":"","background-media":"","overlay-type":"","overlay-color":"","overlay-opacity":"","overlay-gradient":""}},"footnotes":""},"class_list":["post-8340","page","type-page","status-publish","hentry"],"uagb_featured_image_src":{"full":false,"thumbnail":false,"medium":false,"medium_large":false,"large":false,"1536x1536":false,"2048x2048":false,"trp-custom-language-flag":false},"uagb_author_info":{"display_name":"jiang, xu","author_link":"https:\/\/collagensei.com\/fr\/author\/j-xu\/"},"uagb_comment_info":0,"uagb_excerpt":"lease read these terms and conditions (&#8220;terms and conditions&#8221;, &#8220;terms&#8221;) carefully before using website (\u201cwebsite\u201d, &#8220;service&#8221;) operated by (&#8220;us&#8221;, &#8216;we&#8221;, [&hellip;]","_links":{"self":[{"href":"https:\/\/collagensei.com\/fr\/wp-json\/wp\/v2\/pages\/8340","targetHints":{"allow":["GET"]}}],"collection":[{"href":"https:\/\/collagensei.com\/fr\/wp-json\/wp\/v2\/pages"}],"about":[{"href":"https:\/\/collagensei.com\/fr\/wp-json\/wp\/v2\/types\/page"}],"author":[{"embeddable":true,"href":"https:\/\/collagensei.com\/fr\/wp-json\/wp\/v2\/users\/2"}],"replies":[{"embeddable":true,"href":"https:\/\/collagensei.com\/fr\/wp-json\/wp\/v2\/comments?post=8340"}],"version-history":[{"count":1,"href":"https:\/\/collagensei.com\/fr\/wp-json\/wp\/v2\/pages\/8340\/revisions"}],"predecessor-version":[{"id":8341,"href":"https:\/\/collagensei.com\/fr\/wp-json\/wp\/v2\/pages\/8340\/revisions\/8341"}],"wp:attachment":[{"href":"https:\/\/collagensei.com\/fr\/wp-json\/wp\/v2\/media?parent=8340"}],"curies":[{"name":"wp","href":"https:\/\/api.w.org\/{rel}","templated":true}]}}