{"id":8342,"date":"2025-06-04T15:33:49","date_gmt":"2025-06-04T07:33:49","guid":{"rendered":"https:\/\/collagensei.com\/?page_id=8342"},"modified":"2025-06-04T15:33:51","modified_gmt":"2025-06-04T07:33:51","slug":"politique-de-confidentialite","status":"publish","type":"page","link":"https:\/\/collagensei.com\/fr\/privacy-policy\/","title":{"rendered":"Politique de confidentialit\u00e9"},"content":{"rendered":"<p>La pr\u00e9sente politique de confidentialit\u00e9 (\"politique\") vous aidera \u00e0 comprendre comment (\"nous\", \"nous\", \"notre\") utilise et prot\u00e8ge les donn\u00e9es que vous nous fournissez lorsque vous visitez et utilisez (\"blog\", \"service\").<\/p>\n\n\n\n<p>Nous nous r\u00e9servons le droit de modifier cette politique \u00e0 tout moment, ce dont vous serez rapidement inform\u00e9. Si vous voulez \u00eatre s\u00fbr d'\u00eatre au courant des derniers changements, nous vous conseillons de consulter fr\u00e9quemment cette page.<\/p>\n\n\n\n<p><strong>Quelles sont les donn\u00e9es d'utilisateur que nous recueillons ?<\/strong><\/p>\n\n\n\n<p>Lorsque vous visitez le blog, nous pouvons collecter les donn\u00e9es suivantes :<\/p>\n\n\n\n<ul class=\"wp-block-list\">\n<li>Votre adresse IP.<\/li>\n\n\n\n<li>Vos coordonn\u00e9es et votre adresse \u00e9lectronique.<\/li>\n\n\n\n<li>D'autres informations telles que les int\u00e9r\u00eats et les pr\u00e9f\u00e9rences.<\/li>\n\n\n\n<li>Profil de donn\u00e9es concernant votre comportement en ligne sur notre blog.<\/li>\n<\/ul>\n\n\n\n<p><strong>Pourquoi nous collectons vos donn\u00e9es<\/strong><\/p>\n\n\n\n<p>Nous collectons vos donn\u00e9es pour plusieurs raisons :<\/p>\n\n\n\n<ul class=\"wp-block-list\">\n<li>Pour mieux comprendre vos besoins.<\/li>\n\n\n\n<li>Am\u00e9liorer nos services et nos produits.<\/li>\n\n\n\n<li>Pour vous envoyer des courriels promotionnels contenant des informations que nous pensons int\u00e9ressantes pour vous.<\/li>\n\n\n\n<li>Pour vous contacter afin que vous r\u00e9pondiez \u00e0 des enqu\u00eates et participiez \u00e0 d'autres types d'\u00e9tudes de march\u00e9.<\/li>\n\n\n\n<li>Pour personnaliser notre blog en fonction de votre comportement en ligne et de vos pr\u00e9f\u00e9rences personnelles.<\/li>\n<\/ul>\n\n\n\n<p><strong>Sauvegarde et s\u00e9curisation des donn\u00e9es<\/strong><\/p>\n\n\n\n<p> s'engage \u00e0 s\u00e9curiser vos donn\u00e9es et \u00e0 les garder confidentielles. a fait tout ce qui est en son pouvoir pour emp\u00eacher le vol de donn\u00e9es, l'acc\u00e8s non autoris\u00e9 et la divulgation en mettant en \u0153uvre les technologies et les logiciels les plus r\u00e9cents, qui nous aident \u00e0 sauvegarder toutes les informations que nous collectons en ligne.<\/p>\n\n\n\n<p><strong>Notre politique en mati\u00e8re de cookies<\/strong><\/p>\n\n\n\n<p>Lorsque vous acceptez que notre blog utilise des cookies, vous acceptez \u00e9galement d'utiliser les donn\u00e9es qu'il recueille concernant votre comportement en ligne (analyse du trafic web, des pages web que vous visitez et sur lesquelles vous passez le plus de temps).<\/p>\n\n\n\n<p>Les donn\u00e9es que nous collectons \u00e0 l'aide de cookies sont utilis\u00e9es pour adapter notre blog \u00e0 vos besoins. Apr\u00e8s avoir utilis\u00e9 les donn\u00e9es \u00e0 des fins d'analyse statistique, les donn\u00e9es sont compl\u00e8tement supprim\u00e9es de nos syst\u00e8mes.<\/p>\n\n\n\n<p>Veuillez noter que les cookies ne nous permettent pas de prendre le contr\u00f4le de votre ordinateur de quelque mani\u00e8re que ce soit. Ils sont strictement utilis\u00e9s pour contr\u00f4ler les pages que vous trouvez utiles et celles qui ne le sont pas, afin que nous puissions vous offrir une meilleure exp\u00e9rience.<\/p>\n\n\n\n<p>Si vous souhaitez d\u00e9sactiver les cookies, vous pouvez le faire en acc\u00e9dant aux param\u00e8tres de votre navigateur Internet. Vous pouvez consulter la page <a href=\"https:\/\/www.internetcookies.com\" target=\"_blank\" rel=\"noreferrer noopener nofollow\">https:\/\/www.internetcookies.com<\/a>qui contient des informations compl\u00e8tes sur la mani\u00e8re de proc\u00e9der avec une grande vari\u00e9t\u00e9 de navigateurs et d'appareils.<\/p>\n\n\n\n<p><strong>Liens vers d'autres sites web<\/strong><\/p>\n\n\n\n<p>Notre blog contient des liens qui m\u00e8nent \u00e0 d'autres sites web. Si vous cliquez sur ces liens, nous ne sommes pas responsables de la protection de vos donn\u00e9es et de votre vie priv\u00e9e. La visite de ces sites web n'est pas r\u00e9gie par le pr\u00e9sent accord sur la politique de confidentialit\u00e9. Veillez \u00e0 lire la documentation relative \u00e0 la politique de confidentialit\u00e9 du site web sur lequel vous vous rendez \u00e0 partir de notre site web.<\/p>\n\n\n\n<p><strong>Limiter la collecte de vos donn\u00e9es personnelles<\/strong><\/p>\n\n\n\n<p>\u00c0 un moment donn\u00e9, vous pouvez souhaiter restreindre l'utilisation et la collecte de vos donn\u00e9es personnelles. Pour ce faire, vous pouvez proc\u00e9der comme suit :<\/p>\n\n\n\n<p>Lorsque vous remplissez les formulaires sur le blog, v\u00e9rifiez qu'il n'y a pas de case \u00e0 cocher si vous ne souhaitez pas divulguer vos informations personnelles.<\/p>\n\n\n\n<p>Si vous avez d\u00e9j\u00e0 accept\u00e9 de partager vos informations avec nous, n'h\u00e9sitez pas \u00e0 nous contacter par courrier \u00e9lectronique et nous nous ferons un plaisir de modifier cela pour vous.<\/p>\n\n\n\n<p> ne louera pas, ne vendra pas et ne distribuera pas vos informations personnelles \u00e0 des tiers, \u00e0 moins d'en avoir re\u00e7u l'autorisation. Nous pourrions le faire si la loi nous y obligeait. Vos informations personnelles seront utilis\u00e9es lorsque nous devrons vous envoyer du mat\u00e9riel promotionnel si vous acceptez cette politique de confidentialit\u00e9.<\/p>\n\n\n\n<p><\/p>","protected":false},"excerpt":{"rendered":"<p>This privacy policy (&#8220;policy&#8221;) will help you understand how (&#8220;us&#8221;, &#8220;we&#8221;, &#8220;our&#8221;) uses and protects the data you provide to [&hellip;]<\/p>\n","protected":false},"author":2,"featured_media":0,"parent":0,"menu_order":0,"comment_status":"closed","ping_status":"closed","template":"","meta":{"_uag_custom_page_level_css":"","site-sidebar-layout":"default","site-content-layout":"","ast-site-content-layout":"","site-content-style":"default","site-sidebar-style":"default","ast-global-header-display":"","ast-banner-title-visibility":"","ast-main-header-display":"","ast-hfb-above-header-display":"","ast-hfb-below-header-display":"","ast-hfb-mobile-header-display":"","site-post-title":"","ast-breadcrumbs-content":"","ast-featured-img":"","footer-sml-layout":"","ast-disable-related-posts":"","theme-transparent-header-meta":"","adv-header-id-meta":"","stick-header-meta":"","header-above-stick-meta":"","header-main-stick-meta":"","header-below-stick-meta":"","astra-migrate-meta-layouts":"default","ast-page-background-enabled":"default","ast-page-background-meta":{"desktop":{"background-color":"var(--ast-global-color-5)","background-image":"","background-repeat":"repeat","background-position":"center center","background-size":"auto","background-attachment":"scroll","background-type":"","background-media":"","overlay-type":"","overlay-color":"","overlay-opacity":"","overlay-gradient":""},"tablet":{"background-color":"","background-image":"","background-repeat":"repeat","background-position":"center center","background-size":"auto","background-attachment":"scroll","background-type":"","background-media":"","overlay-type":"","overlay-color":"","overlay-opacity":"","overlay-gradient":""},"mobile":{"background-color":"","background-image":"","background-repeat":"repeat","background-position":"center center","background-size":"auto","background-attachment":"scroll","background-type":"","background-media":"","overlay-type":"","overlay-color":"","overlay-opacity":"","overlay-gradient":""}},"ast-content-background-meta":{"desktop":{"background-color":"var(--ast-global-color-4)","background-image":"","background-repeat":"repeat","background-position":"center center","background-size":"auto","background-attachment":"scroll","background-type":"","background-media":"","overlay-type":"","overlay-color":"","overlay-opacity":"","overlay-gradient":""},"tablet":{"background-color":"var(--ast-global-color-4)","background-image":"","background-repeat":"repeat","background-position":"center center","background-size":"auto","background-attachment":"scroll","background-type":"","background-media":"","overlay-type":"","overlay-color":"","overlay-opacity":"","overlay-gradient":""},"mobile":{"background-color":"var(--ast-global-color-4)","background-image":"","background-repeat":"repeat","background-position":"center center","background-size":"auto","background-attachment":"scroll","background-type":"","background-media":"","overlay-type":"","overlay-color":"","overlay-opacity":"","overlay-gradient":""}},"footnotes":""},"class_list":["post-8342","page","type-page","status-publish","hentry"],"uagb_featured_image_src":{"full":false,"thumbnail":false,"medium":false,"medium_large":false,"large":false,"1536x1536":false,"2048x2048":false,"trp-custom-language-flag":false},"uagb_author_info":{"display_name":"jiang, xu","author_link":"https:\/\/collagensei.com\/fr\/author\/j-xu\/"},"uagb_comment_info":0,"uagb_excerpt":"This privacy policy (&#8220;policy&#8221;) will help you understand how (&#8220;us&#8221;, &#8220;we&#8221;, &#8220;our&#8221;) uses and protects the data you provide to [&hellip;]","_links":{"self":[{"href":"https:\/\/collagensei.com\/fr\/wp-json\/wp\/v2\/pages\/8342","targetHints":{"allow":["GET"]}}],"collection":[{"href":"https:\/\/collagensei.com\/fr\/wp-json\/wp\/v2\/pages"}],"about":[{"href":"https:\/\/collagensei.com\/fr\/wp-json\/wp\/v2\/types\/page"}],"author":[{"embeddable":true,"href":"https:\/\/collagensei.com\/fr\/wp-json\/wp\/v2\/users\/2"}],"replies":[{"embeddable":true,"href":"https:\/\/collagensei.com\/fr\/wp-json\/wp\/v2\/comments?post=8342"}],"version-history":[{"count":1,"href":"https:\/\/collagensei.com\/fr\/wp-json\/wp\/v2\/pages\/8342\/revisions"}],"predecessor-version":[{"id":8344,"href":"https:\/\/collagensei.com\/fr\/wp-json\/wp\/v2\/pages\/8342\/revisions\/8344"}],"wp:attachment":[{"href":"https:\/\/collagensei.com\/fr\/wp-json\/wp\/v2\/media?parent=8342"}],"curies":[{"name":"wp","href":"https:\/\/api.w.org\/{rel}","templated":true}]}}