{"id":85,"date":"2024-06-27T20:06:11","date_gmt":"2024-06-27T12:06:11","guid":{"rendered":"https:\/\/collagensei.com\/?page_id=85"},"modified":"2025-03-27T13:31:53","modified_gmt":"2025-03-27T05:31:53","slug":"linnovation","status":"publish","type":"page","link":"https:\/\/collagensei.com\/fr\/research-and-innovation\/innovation\/","title":{"rendered":"INNOVATION"},"content":{"rendered":"<div data-elementor-type=\"wp-page\" data-elementor-id=\"85\" class=\"elementor elementor-85\" data-elementor-post-type=\"page\">\n\t\t\t\t<div class=\"elementor-element elementor-element-8d5dc40 e-flex e-con-boxed e-con e-parent\" data-id=\"8d5dc40\" data-element_type=\"container\" data-e-type=\"container\">\n\t\t\t\t\t<div class=\"e-con-inner\">\n\t\t\t\t<div class=\"elementor-element elementor-element-cf90bca elementor-widget elementor-widget-heading\" data-id=\"cf90bca\" data-element_type=\"widget\" data-e-type=\"widget\" data-widget_type=\"heading.default\">\n\t\t\t\t<div class=\"elementor-widget-container\">\n\t\t\t\t\t<h1 class=\"elementor-heading-title elementor-size-default\">L'innovation<\/h1>\t\t\t\t<\/div>\n\t\t\t\t<\/div>\n\t\t\t\t<div class=\"elementor-element elementor-element-1107214 elementor-widget elementor-widget-text-editor\" data-id=\"1107214\" data-element_type=\"widget\" data-e-type=\"widget\" data-widget_type=\"text-editor.default\">\n\t\t\t\t<div class=\"elementor-widget-container\">\n\t\t\t\t\t\t\t\t\t<p>En tant qu'entreprise de haute technologie, l'innovation est le moteur de l'entreprise. Collagensei se consacre \u00e0 l'innovation dans le domaine des peptides de faible poids mol\u00e9culaire. L'\u00e9quipe de R&amp;D r\u00e9pond rapidement aux nouvelles exigences des clients. Parall\u00e8lement, Collagensei lance chaque ann\u00e9e de nouveaux produits, dont le bouillon d'os, <a class=\"wpil_keyword_link\" href=\"https:\/\/collagensei.com\/fr\/lisolat-de-proteines-de-boeuf-est-il-une-proteine-complete\/\" target=\"_blank\"  rel=\"noopener\" title=\"L&#039;isolat prot\u00e9ique de b\u0153uf est-il une prot\u00e9ine compl\u00e8te ?\" data-wpil-keyword-link=\"linked\"  data-wpil-monitor-id=\"2128\">isolat de prot\u00e9ines de b\u0153uf<\/a> et de la k\u00e9ratine hydrolys\u00e9e.<\/p><p>L'\u00e9quipe de R&amp;D de Collagensei coop\u00e8re avec des groupes de recherche des universit\u00e9s de l'Anhui, ce qui donne \u00e0 Collagensei un pouvoir suppl\u00e9mentaire sur les nouvelles technologies.<\/p><p>Collagensei se concentre sur le d\u00e9veloppement et l'innovation d'ingr\u00e9dients et d'huiles essentielles d'origine animale. Gr\u00e2ce \u00e0 une recherche continue et \u00e0 une coop\u00e9ration avec des d\u00e9partements de recherche scientifique externes, Collagensei a mis au point de nombreuses technologies pour la production et l'application d'huiles essentielles d'origine v\u00e9g\u00e9tale, notamment <a class=\"wpil_keyword_link\" href=\"https:\/\/collagensei.com\/fr\/?p=428\" target=\"_blank\"  rel=\"noopener\" title=\"Huile d&#039;onagre\" data-wpil-keyword-link=\"linked\"  data-wpil-monitor-id=\"2127\">l'onagre<\/a> huile, huile de canneberge, huile de bourrache.<\/p>\t\t\t\t\t\t\t\t<\/div>\n\t\t\t\t<\/div>\n\t\t\t\t<div class=\"elementor-element elementor-element-0857d6a elementor-widget elementor-widget-image\" data-id=\"0857d6a\" data-element_type=\"widget\" data-e-type=\"widget\" data-widget_type=\"image.default\">\n\t\t\t\t<div class=\"elementor-widget-container\">\n\t\t\t\t\t\t\t\t\t\t\t\t\t\t\t<img fetchpriority=\"high\" decoding=\"async\" width=\"1024\" height=\"682\" src=\"https:\/\/collagensei.com\/wp-content\/uploads\/2024\/06\/03ad1e5e19-1024x682.jpg\" class=\"attachment-large size-large wp-image-187\" alt=\"\" srcset=\"https:\/\/collagensei.com\/wp-content\/uploads\/2024\/06\/03ad1e5e19-1024x682.jpg 1024w, https:\/\/collagensei.com\/wp-content\/uploads\/2024\/06\/03ad1e5e19-300x200.jpg 300w, https:\/\/collagensei.com\/wp-content\/uploads\/2024\/06\/03ad1e5e19-768x512.jpg 768w, https:\/\/collagensei.com\/wp-content\/uploads\/2024\/06\/03ad1e5e19-1536x1024.jpg 1536w, https:\/\/collagensei.com\/wp-content\/uploads\/2024\/06\/03ad1e5e19-200x133.jpg 200w, https:\/\/collagensei.com\/wp-content\/uploads\/2024\/06\/03ad1e5e19-400x267.jpg 400w, https:\/\/collagensei.com\/wp-content\/uploads\/2024\/06\/03ad1e5e19-600x400.jpg 600w, https:\/\/collagensei.com\/wp-content\/uploads\/2024\/06\/03ad1e5e19-800x533.jpg 800w, https:\/\/collagensei.com\/wp-content\/uploads\/2024\/06\/03ad1e5e19-1200x800.jpg 1200w, https:\/\/collagensei.com\/wp-content\/uploads\/2024\/06\/03ad1e5e19.jpg 2000w\" sizes=\"(max-width: 1024px) 100vw, 1024px\" \/>\t\t\t\t\t\t\t\t\t\t\t\t\t\t\t<\/div>\n\t\t\t\t<\/div>\n\t\t\t\t\t<\/div>\n\t\t\t\t<\/div>\n\t\t\t\t<\/div>","protected":false},"excerpt":{"rendered":"<p>Innovation As a new and high technology company, innovation is the enterprise&#8217;s driven engine. Collagensei is dedicated to low molecular [&hellip;]<\/p>\n","protected":false},"author":1,"featured_media":0,"parent":77,"menu_order":0,"comment_status":"closed","ping_status":"closed","template":"","meta":{"_uag_custom_page_level_css":"","site-sidebar-layout":"default","site-content-layout":"","ast-site-content-layout":"default","site-content-style":"default","site-sidebar-style":"default","ast-global-header-display":"","ast-banner-title-visibility":"","ast-main-header-display":"","ast-hfb-above-header-display":"","ast-hfb-below-header-display":"","ast-hfb-mobile-header-display":"","site-post-title":"","ast-breadcrumbs-content":"","ast-featured-img":"","footer-sml-layout":"","ast-disable-related-posts":"","theme-transparent-header-meta":"","adv-header-id-meta":"","stick-header-meta":"","header-above-stick-meta":"","header-main-stick-meta":"","header-below-stick-meta":"","astra-migrate-meta-layouts":"default","ast-page-background-enabled":"default","ast-page-background-meta":{"desktop":{"background-color":"var(--ast-global-color-5)","background-image":"","background-repeat":"repeat","background-position":"center center","background-size":"auto","background-attachment":"scroll","background-type":"","background-media":"","overlay-type":"","overlay-color":"","overlay-opacity":"","overlay-gradient":""},"tablet":{"background-color":"","background-image":"","background-repeat":"repeat","background-position":"center center","background-size":"auto","background-attachment":"scroll","background-type":"","background-media":"","overlay-type":"","overlay-color":"","overlay-opacity":"","overlay-gradient":""},"mobile":{"background-color":"","background-image":"","background-repeat":"repeat","background-position":"center center","background-size":"auto","background-attachment":"scroll","background-type":"","background-media":"","overlay-type":"","overlay-color":"","overlay-opacity":"","overlay-gradient":""}},"ast-content-background-meta":{"desktop":{"background-color":"var(--ast-global-color-4)","background-image":"","background-repeat":"repeat","background-position":"center center","background-size":"auto","background-attachment":"scroll","background-type":"","background-media":"","overlay-type":"","overlay-color":"","overlay-opacity":"","overlay-gradient":""},"tablet":{"background-color":"var(--ast-global-color-4)","background-image":"","background-repeat":"repeat","background-position":"center center","background-size":"auto","background-attachment":"scroll","background-type":"","background-media":"","overlay-type":"","overlay-color":"","overlay-opacity":"","overlay-gradient":""},"mobile":{"background-color":"var(--ast-global-color-4)","background-image":"","background-repeat":"repeat","background-position":"center center","background-size":"auto","background-attachment":"scroll","background-type":"","background-media":"","overlay-type":"","overlay-color":"","overlay-opacity":"","overlay-gradient":""}},"footnotes":""},"class_list":["post-85","page","type-page","status-publish","hentry"],"uagb_featured_image_src":{"full":false,"thumbnail":false,"medium":false,"medium_large":false,"large":false,"1536x1536":false,"2048x2048":false,"trp-custom-language-flag":false},"uagb_author_info":{"display_name":"collagensei.com","author_link":"https:\/\/collagensei.com\/fr\/author\/collagensei\/"},"uagb_comment_info":0,"uagb_excerpt":"Innovation As a new and high technology company, innovation is the enterprise&#8217;s driven engine. Collagensei is dedicated to low molecular [&hellip;]","_links":{"self":[{"href":"https:\/\/collagensei.com\/fr\/wp-json\/wp\/v2\/pages\/85","targetHints":{"allow":["GET"]}}],"collection":[{"href":"https:\/\/collagensei.com\/fr\/wp-json\/wp\/v2\/pages"}],"about":[{"href":"https:\/\/collagensei.com\/fr\/wp-json\/wp\/v2\/types\/page"}],"author":[{"embeddable":true,"href":"https:\/\/collagensei.com\/fr\/wp-json\/wp\/v2\/users\/1"}],"replies":[{"embeddable":true,"href":"https:\/\/collagensei.com\/fr\/wp-json\/wp\/v2\/comments?post=85"}],"version-history":[{"count":5,"href":"https:\/\/collagensei.com\/fr\/wp-json\/wp\/v2\/pages\/85\/revisions"}],"predecessor-version":[{"id":16214,"href":"https:\/\/collagensei.com\/fr\/wp-json\/wp\/v2\/pages\/85\/revisions\/16214"}],"up":[{"embeddable":true,"href":"https:\/\/collagensei.com\/fr\/wp-json\/wp\/v2\/pages\/77"}],"wp:attachment":[{"href":"https:\/\/collagensei.com\/fr\/wp-json\/wp\/v2\/media?parent=85"}],"curies":[{"name":"wp","href":"https:\/\/api.w.org\/{rel}","templated":true}]}}