{"id":882,"date":"2024-07-16T09:21:17","date_gmt":"2024-07-16T01:21:17","guid":{"rendered":"https:\/\/collagensei.com\/?page_id=882"},"modified":"2025-04-21T18:12:06","modified_gmt":"2025-04-21T10:12:06","slug":"formule-personnalisee","status":"publish","type":"page","link":"https:\/\/collagensei.com\/fr\/customized-formula\/","title":{"rendered":"Formule personnalis\u00e9e"},"content":{"rendered":"<div data-elementor-type=\"wp-page\" data-elementor-id=\"882\" class=\"elementor elementor-882\" data-elementor-post-type=\"page\">\n\t\t\t\t<div class=\"elementor-element elementor-element-0f6145d e-flex e-con-boxed e-con e-parent\" data-id=\"0f6145d\" data-element_type=\"container\" data-e-type=\"container\">\n\t\t\t\t\t<div class=\"e-con-inner\">\n\t\t\t\t<div class=\"elementor-element elementor-element-e649a52 elementor-widget elementor-widget-heading\" data-id=\"e649a52\" data-element_type=\"widget\" data-e-type=\"widget\" data-widget_type=\"heading.default\">\n\t\t\t\t<div class=\"elementor-widget-container\">\n\t\t\t\t\t<h1 class=\"elementor-heading-title elementor-size-default\">Formulations personnalis\u00e9es pour les compl\u00e9ments alimentaires<\/h1>\t\t\t\t<\/div>\n\t\t\t\t<\/div>\n\t\t\t\t\t<\/div>\n\t\t\t\t<\/div>\n\t\t<div class=\"elementor-element elementor-element-f7e1539 e-flex e-con-boxed e-con e-parent\" data-id=\"f7e1539\" data-element_type=\"container\" data-e-type=\"container\">\n\t\t\t\t\t<div class=\"e-con-inner\">\n\t\t<div class=\"elementor-element elementor-element-e9a3f90 e-grid e-con-full e-con e-child\" data-id=\"e9a3f90\" data-element_type=\"container\" data-e-type=\"container\">\n\t\t\t\t<div class=\"elementor-element elementor-element-bb6fde3 elementor-widget elementor-widget-image\" data-id=\"bb6fde3\" data-element_type=\"widget\" data-e-type=\"widget\" data-widget_type=\"image.default\">\n\t\t\t\t<div class=\"elementor-widget-container\">\n\t\t\t\t\t\t\t\t\t\t\t\t\t\t\t<img fetchpriority=\"high\" decoding=\"async\" width=\"900\" height=\"910\" src=\"https:\/\/collagensei.com\/wp-content\/uploads\/2025\/03\/\u5c4f\u5e55\u622a\u56fe-2025-03-13-215800.png\" class=\"attachment-full size-full wp-image-4768\" alt=\"Formulations personnalis\u00e9es pour les compl\u00e9ments alimentaires\" \/>\t\t\t\t\t\t\t\t\t\t\t\t\t\t\t<\/div>\n\t\t\t\t<\/div>\n\t\t\t\t<div class=\"elementor-element elementor-element-c22db99 elementor-widget elementor-widget-text-editor\" data-id=\"c22db99\" data-element_type=\"widget\" data-e-type=\"widget\" data-widget_type=\"text-editor.default\">\n\t\t\t\t<div class=\"elementor-widget-container\">\n\t\t\t\t\t\t\t\t\t<p data-sourcepos=\"1:1-1:459\">Les formulations personnalis\u00e9es pour les compl\u00e9ments alimentaires repr\u00e9sentent une approche sur mesure pour cr\u00e9er des produits nutritionnels qui r\u00e9pondent pr\u00e9cis\u00e9ment aux besoins sp\u00e9cifiques et aux demandes du march\u00e9. Contrairement aux formulations standard, les compl\u00e9ments alimentaires sur mesure sont d\u00e9velopp\u00e9s \u00e0 partir de la base, ce qui permet un contr\u00f4le total sur la s\u00e9lection des ingr\u00e9dients, les dosages et les m\u00e9thodes d'administration. Ce processus sur mesure permet aux marques de cr\u00e9er des produits uniques et efficaces qui se d\u00e9marquent sur un march\u00e9 concurrentiel.<\/p><p data-sourcepos=\"3:1-3:406\">L'un des principaux avantages des formulations personnalis\u00e9es est qu'elles permettent de cibler des march\u00e9s de niche ou de r\u00e9pondre \u00e0 des probl\u00e8mes de sant\u00e9 sp\u00e9cifiques. Qu'il s'agisse d'un suppl\u00e9ment destin\u00e9 aux athl\u00e8tes, aux personnes \u00e2g\u00e9es ou aux personnes ayant des restrictions alimentaires particuli\u00e8res, les formulations personnalis\u00e9es garantissent que le produit s'aligne parfaitement sur le public vis\u00e9. Cette pr\u00e9cision peut conduire \u00e0 une efficacit\u00e9 accrue et \u00e0 une plus grande satisfaction des clients.<\/p><p data-sourcepos=\"3:1-3:406\">Le processus commence g\u00e9n\u00e9ralement par une consultation approfondie entre la marque et un sp\u00e9cialiste de la formulation. Cette \u00e9tape consiste \u00e0 d\u00e9finir les objectifs du produit, la population cible, les bienfaits souhait\u00e9s pour la sant\u00e9 et toute pr\u00e9f\u00e9rence ou restriction sp\u00e9cifique en mati\u00e8re d'ingr\u00e9dients. Sur la base de ces informations, une \u00e9quipe de scientifiques et de nutritionnistes exp\u00e9riment\u00e9s met au point une formule unique, en tenant compte des derni\u00e8res recherches scientifiques et des directives r\u00e9glementaires.<\/p>\t\t\t\t\t\t\t\t<\/div>\n\t\t\t\t<\/div>\n\t\t\t\t<\/div>\n\t\t\t\t<div class=\"elementor-element elementor-element-309f088 elementor-widget elementor-widget-text-editor\" data-id=\"309f088\" data-element_type=\"widget\" data-e-type=\"widget\" data-widget_type=\"text-editor.default\">\n\t\t\t\t<div class=\"elementor-widget-container\">\n\t\t\t\t\t\t\t\t\t<p data-sourcepos=\"7:1-7:454\">Les formulations personnalis\u00e9es offrent une souplesse in\u00e9gal\u00e9e dans la s\u00e9lection des ingr\u00e9dients. Les marques peuvent choisir des vitamines, des min\u00e9raux, des extraits de plantes, des acides amin\u00e9s et d'autres compos\u00e9s bioactifs connus pour leurs effets synergiques. La possibilit\u00e9 de contr\u00f4ler le dosage de chaque ingr\u00e9dient garantit une puissance et une s\u00e9curit\u00e9 optimales. En outre, les formulations personnalis\u00e9es permettent d'incorporer des ingr\u00e9dients innovants ou des m\u00e9langes exclusifs qui peuvent constituer un avantage concurrentiel.<\/p><p data-sourcepos=\"9:1-9:313\">Au-del\u00e0 des ingr\u00e9dients eux-m\u00eames, les formulations personnalis\u00e9es s'\u00e9tendent \u00e9galement \u00e0 la m\u00e9thode d'administration. Que le format souhait\u00e9 soit des g\u00e9lules, des comprim\u00e9s, des poudres, des gommes ou des liquides, la formulation peut \u00eatre adapt\u00e9e en cons\u00e9quence. Cette flexibilit\u00e9 garantit que le produit final est pratique et attrayant pour le consommateur cible.<\/p><p data-sourcepos=\"11:1-11:646\">Le choix de formulations personnalis\u00e9es pour les compl\u00e9ments alimentaires pr\u00e9sente de nombreux avantages. Il permet de cr\u00e9er des produits vraiment uniques qui r\u00e9pondent aux besoins sp\u00e9cifiques du march\u00e9, de renforcer la diff\u00e9renciation de la marque et, \u00e9ventuellement, de fid\u00e9liser la client\u00e8le. Bien que le processus de d\u00e9veloppement soit plus complexe que celui d'une marque priv\u00e9e, la possibilit\u00e9 de cr\u00e9er un compl\u00e9ment sur mesure et hautement efficace peut constituer un atout important pour toute marque de compl\u00e9ments alimentaires souhaitant avoir un impact durable. Cette approche permet \u00e0 la marque de contr\u00f4ler l'identit\u00e9 et l'efficacit\u00e9 du produit, ce qui favorise la confiance et la cr\u00e9dibilit\u00e9 aupr\u00e8s des consommateurs.<\/p>\t\t\t\t\t\t\t\t<\/div>\n\t\t\t\t<\/div>\n\t\t\t\t\t<\/div>\n\t\t\t\t<\/div>\n\t\t\t\t<\/div>","protected":false},"excerpt":{"rendered":"<p>Custom Formulations For Dietary Supplements Custom formulations for dietary supplements represent a tailored approach to creating nutritional products that precisely [&hellip;]<\/p>\n","protected":false},"author":1,"featured_media":0,"parent":0,"menu_order":0,"comment_status":"closed","ping_status":"closed","template":"","meta":{"_uag_custom_page_level_css":"","site-sidebar-layout":"no-sidebar","site-content-layout":"","ast-site-content-layout":"full-width-container","site-content-style":"default","site-sidebar-style":"default","ast-global-header-display":"","ast-banner-title-visibility":"","ast-main-header-display":"","ast-hfb-above-header-display":"","ast-hfb-below-header-display":"","ast-hfb-mobile-header-display":"","site-post-title":"disabled","ast-breadcrumbs-content":"","ast-featured-img":"disabled","footer-sml-layout":"","ast-disable-related-posts":"","theme-transparent-header-meta":"","adv-header-id-meta":"","stick-header-meta":"","header-above-stick-meta":"","header-main-stick-meta":"","header-below-stick-meta":"","astra-migrate-meta-layouts":"default","ast-page-background-enabled":"default","ast-page-background-meta":{"desktop":{"background-color":"var(--ast-global-color-5)","background-image":"","background-repeat":"repeat","background-position":"center center","background-size":"auto","background-attachment":"scroll","background-type":"","background-media":"","overlay-type":"","overlay-color":"","overlay-opacity":"","overlay-gradient":""},"tablet":{"background-color":"","background-image":"","background-repeat":"repeat","background-position":"center center","background-size":"auto","background-attachment":"scroll","background-type":"","background-media":"","overlay-type":"","overlay-color":"","overlay-opacity":"","overlay-gradient":""},"mobile":{"background-color":"","background-image":"","background-repeat":"repeat","background-position":"center center","background-size":"auto","background-attachment":"scroll","background-type":"","background-media":"","overlay-type":"","overlay-color":"","overlay-opacity":"","overlay-gradient":""}},"ast-content-background-meta":{"desktop":{"background-color":"var(--ast-global-color-4)","background-image":"","background-repeat":"repeat","background-position":"center center","background-size":"auto","background-attachment":"scroll","background-type":"","background-media":"","overlay-type":"","overlay-color":"","overlay-opacity":"","overlay-gradient":""},"tablet":{"background-color":"var(--ast-global-color-4)","background-image":"","background-repeat":"repeat","background-position":"center center","background-size":"auto","background-attachment":"scroll","background-type":"","background-media":"","overlay-type":"","overlay-color":"","overlay-opacity":"","overlay-gradient":""},"mobile":{"background-color":"var(--ast-global-color-4)","background-image":"","background-repeat":"repeat","background-position":"center center","background-size":"auto","background-attachment":"scroll","background-type":"","background-media":"","overlay-type":"","overlay-color":"","overlay-opacity":"","overlay-gradient":""}},"footnotes":""},"class_list":["post-882","page","type-page","status-publish","hentry"],"uagb_featured_image_src":{"full":false,"thumbnail":false,"medium":false,"medium_large":false,"large":false,"1536x1536":false,"2048x2048":false,"trp-custom-language-flag":false},"uagb_author_info":{"display_name":"collagensei.com","author_link":"https:\/\/collagensei.com\/fr\/author\/collagensei\/"},"uagb_comment_info":0,"uagb_excerpt":"Custom Formulations For Dietary Supplements Custom formulations for dietary supplements represent a tailored approach to creating nutritional products that precisely [&hellip;]","_links":{"self":[{"href":"https:\/\/collagensei.com\/fr\/wp-json\/wp\/v2\/pages\/882","targetHints":{"allow":["GET"]}}],"collection":[{"href":"https:\/\/collagensei.com\/fr\/wp-json\/wp\/v2\/pages"}],"about":[{"href":"https:\/\/collagensei.com\/fr\/wp-json\/wp\/v2\/types\/page"}],"author":[{"embeddable":true,"href":"https:\/\/collagensei.com\/fr\/wp-json\/wp\/v2\/users\/1"}],"replies":[{"embeddable":true,"href":"https:\/\/collagensei.com\/fr\/wp-json\/wp\/v2\/comments?post=882"}],"version-history":[{"count":3,"href":"https:\/\/collagensei.com\/fr\/wp-json\/wp\/v2\/pages\/882\/revisions"}],"predecessor-version":[{"id":6249,"href":"https:\/\/collagensei.com\/fr\/wp-json\/wp\/v2\/pages\/882\/revisions\/6249"}],"wp:attachment":[{"href":"https:\/\/collagensei.com\/fr\/wp-json\/wp\/v2\/media?parent=882"}],"curies":[{"name":"wp","href":"https:\/\/api.w.org\/{rel}","templated":true}]}}