{"id":588,"date":"2025-01-13T15:13:45","date_gmt":"2025-01-13T07:13:45","guid":{"rendered":"https:\/\/collagensei.com\/?page_id=588"},"modified":"2025-02-17T12:48:46","modified_gmt":"2025-02-17T04:48:46","slug":"ccpro","status":"publish","type":"page","link":"https:\/\/collagensei.com\/it\/branded-ingredients-2\/ccpro\/","title":{"rendered":"CCPRO\u00ae"},"content":{"rendered":"<p><span style=\"color: #000000;\">Nel mondo di oggi, caratterizzato da ritmi frenetici, l'industria della salute e del benessere \u00e8 in continua evoluzione e i consumatori sono alla ricerca di prodotti che possano realmente giovare alla loro salute. Un prodotto di questo tipo che ha guadagnato molta attenzione negli ultimi tempi \u00e8 il <strong>CCPRO\u00ae - Peptide di collagene pulito<\/strong>. Questo articolo si propone di fornire una comprensione completa di questo ingrediente innovativo, esplorandone i benefici, le applicazioni, i processi produttivi e le prospettive di mercato.<\/span><\/p>\n<h3><span style=\"color: #000000;\">Che cos'\u00e8 il CCPRO\u00ae - Peptide di collagene pulito?<\/span><\/h3>\n<p><span style=\"color: #000000;\"><strong>CCPRO\u00ae<\/strong>, noto scientificamente anche come <strong>Peptide di collagene<\/strong>\u00e8 costituito principalmente da collagene idrolizzato derivato da fonti animali, il che lo rende altamente benefico per la salute umana. Il suo numero CAS, un codice identificativo delle sostanze chimiche, \u00e8 <strong>9007-34-5<\/strong>. In genere, si presenta come una polvere bianca fine dal sapore neutro, che la rende facilmente miscelabile in vari prodotti alimentari e bevande.<\/span><\/p>\n<p><span style=\"color: #000000;\">Per garantirne l'efficacia e la sicurezza, CCPRO\u00ae \u00e8 prodotto secondo rigorosi standard industriali conformi alle normative statunitensi ed europee. In termini di confezionamento, viene generalmente fornito in sacchetti o contenitori a prova di umidit\u00e0 per mantenere la sua qualit\u00e0 nel tempo. Se conservato correttamente, preferibilmente in un luogo fresco e asciutto, CCPRO\u00ae ha una durata di conservazione fino a due anni.<\/span><\/p>\n<h3><span style=\"color: #000000;\">Il contesto di CCPRO<\/span><\/h3>\n<p><span style=\"color: #000000;\">CCPRO\u00ae \u00e8 stato sviluppato da un team di ricerca dedicato all'avanzamento della tecnologia di produzione del collagene. L'attenzione si \u00e8 concentrata sulla creazione di un peptide di collagene pi\u00f9 pulito ed efficace, in grado di migliorare la biodisponibilit\u00e0 e garantire il massimo assorbimento da parte dell'organismo. Questa ricerca nasce da una lunga storia di utilizzo del collagene negli integratori alimentari e negli alimenti funzionali, sottolineando la necessit\u00e0 di opzioni pi\u00f9 pulite ed efficaci.<\/span><\/p>\n<h3><span style=\"color: #000000;\">Propriet\u00e0 fisiche e forme comuni di CCPRO<\/span><\/h3>\n<p><span style=\"color: #000000;\">Sul mercato, CCPRO\u00ae<\/span><\/p>\n<p><span style=\"color: #000000;\">\u00e8 disponibile principalmente in polvere, ideale per gli utilizzatori di integratori. Tuttavia, pu\u00f2 essere trovato anche in formulazioni a base di olio, offrendo versatilit\u00e0 ai produttori che desiderano creare prodotti unici. La sua natura idrosolubile lo rende facilmente incorporabile in frullati, shake e altre bevande, ampliando il suo campo di applicazione.<\/span><\/p>\n<h3><span style=\"color: #000000;\">Processo di produzione e ingredienti ausiliari<\/span><\/h3>\n<p><span style=\"color: #000000;\">La produzione di <strong>Peptide di collagene idrolizzato pulito<\/strong> prevede l'estrazione del collagene dai tessuti degli animali, in genere utilizzando l'acqua per creare un solvente sicuro per la lavorazione. Il processo prevede un'idrolisi enzimatica per scomporre il collagene in peptidi pi\u00f9 piccoli, pi\u00f9 facilmente assorbibili dall'organismo. Sebbene gli ingredienti ausiliari possano includere conservanti e aromi naturali, i produttori si sforzano di mantenere le formulazioni il pi\u00f9 possibile pulite e minimaliste.<\/span><\/p>\n<h3><span style=\"color: #000000;\">Applicazioni comuni di CCPRO<\/span><\/h3>\n<p><span style=\"color: #000000;\">CCPRO\u00ae<\/span><\/p>\n<p><span style=\"color: #000000;\">\u00e8 ampiamente riconosciuta per i suoi potenziali benefici per la salute, che la rendono popolare in diversi settori:<\/span><\/p>\n<ol>\n<li><span style=\"color: #000000;\"><strong>Integratori alimentari<\/strong>: Spesso commercializzati come prodotti per la riduzione dell'et\u00e0 o per il miglioramento della bellezza, molti marchi incorporano il CCPROR in capsule, gel morbidi o <a class=\"wpil_keyword_link\" href=\"https:\/\/collagensei.com\/it\/integratori-in-polvere-guida-completa-2026\/\" target=\"_blank\"  rel=\"noopener\" title=\"Integratori in polvere Guida completa 2026\" data-wpil-keyword-link=\"linked\"  data-wpil-monitor-id=\"2116\">integratori in polvere<\/a>.<\/span><\/li>\n<li><span style=\"color: #000000;\"><strong>Alimenti funzionali<\/strong>: Dalle barrette proteiche ai sostitutivi dei pasti, i produttori utilizzano questo ingrediente per migliorare il profilo nutrizionale dei loro prodotti.<\/span><\/li>\n<li><span style=\"color: #000000;\"><strong>Prodotti di bellezza e salute<\/strong>: Anche l'industria della cura della pelle ne ha preso atto: alcuni cosmetici incorporano il collagene per promuovere l'elasticit\u00e0 e l'idratazione della pelle.<\/span><\/li>\n<\/ol>\n<h3><span style=\"color: #000000;\">Vantaggi dell'assunzione di CCPRO<\/span><\/h3>\n<p><span style=\"color: #000000;\">Il consumo di Clean Collagen Peptide comporta numerosi benefici. Studi clinici hanno dimostrato che l'assunzione regolare pu\u00f2:<\/span><\/p>\n<ul>\n<li><span style=\"color: #000000;\"><strong>Migliorare la salute della pelle<\/strong>: Molti utenti segnalano cambiamenti visibili nell'elasticit\u00e0 e nell'idratazione della pelle gi\u00e0 dopo poche settimane di utilizzo costante.<\/span><\/li>\n<li><span style=\"color: #000000;\"><strong>Sostenere la salute delle articolazioni<\/strong>: Il collagene svolge un ruolo fondamentale nel mantenere sane le articolazioni e il tessuto connettivo, dando sollievo a chi soffre di dolori articolari.<\/span><\/li>\n<li><span style=\"color: #000000;\"><strong>Migliorare il recupero muscolare<\/strong>: Per gli atleti, l'aumento delle proteine del collagene pu\u00f2 favorire il recupero muscolare dopo l'esercizio.<\/span><\/li>\n<li><span style=\"color: #000000;\"><strong>Promuove la forza delle ossa<\/strong>: \u00c8 stato dimostrato che l'integrazione di collagene pu\u00f2 giovare alla densit\u00e0 ossea e alla salute generale delle ossa.<\/span><\/li>\n<\/ul>\n<h3><span style=\"color: #000000;\">Potenziali effetti collaterali<\/span><\/h3>\n<p><span style=\"color: #000000;\">Sebbene la maggior parte delle persone tolleri CCPRO\u00ae<\/span><\/p>\n<p><span style=\"color: #000000;\">Alcuni possono avere lievi effetti collaterali, come disturbi digestivi, reazioni allergiche o alterazioni della percezione del gusto. \u00c8 essenziale che le persone, in particolare quelle con specifiche restrizioni dietetiche o allergie, consultino un operatore sanitario prima di iniziare a prendere qualsiasi nuovo integratore.<\/span><\/p>\n<h3><span style=\"color: #000000;\">Meccanismo d'azione nell'organismo<\/span><\/h3>\n<p><span style=\"color: #000000;\">Come funziona esattamente CCPRO\u00ae nell'organismo? Una volta ingerito, l'organismo scompone i peptidi di collagene in aminoacidi, che vengono poi utilizzati per riparare i tessuti danneggiati e promuovere la formazione di nuovo collagene, con conseguente miglioramento della pelle, delle articolazioni e della salute generale.<\/span><\/p>\n<h3><span style=\"color: #000000;\">Metodi di test per CCPRO\u00ae<\/span><\/h3>\n<p><span style=\"color: #000000;\">La garanzia di qualit\u00e0 \u00e8 fondamentale nella produzione di integratori alimentari. Per garantire la purezza e la sicurezza dei prodotti CCPRO\u00ae prima che arrivino ai consumatori, vengono utilizzati diversi metodi di analisi, tra cui la cromatografia liquida ad alte prestazioni (HPLC) e la spettrometria di massa.<\/span><\/p>\n<h3><span style=\"color: #000000;\">Formulazioni comuni con CCPRO\u00ae<\/span><\/h3>\n<p><span style=\"color: #000000;\">Sul mercato \u00e8 possibile trovare una serie di prodotti che incorporano CCPRO\u00ae, tra cui:<\/span><\/p>\n<ul>\n<li><span style=\"color: #000000;\"><strong>Polveri proteiche<\/strong>: Ideale per gli atleti e gli appassionati di fitness.<\/span><\/li>\n<li><span style=\"color: #000000;\"><strong>Integratori di bellezza<\/strong>: Studiato per favorire la giovinezza di pelle e capelli.<\/span><\/li>\n<li><span style=\"color: #000000;\"><strong>Frullati sostitutivi del pasto<\/strong>: Fortificato per consumatori attenti alla salute.<\/span><\/li>\n<\/ul>\n<h3><span style=\"color: #000000;\">Dosaggio consigliato e tempi di ottenimento dei risultati<\/span><\/h3>\n<p><span style=\"color: #000000;\">Per sfruttare efficacemente i benefici di CCPRO\u00ae, la maggior parte delle raccomandazioni del prodotto suggerisce un dosaggio di <strong>Da 2,5 a 15 grammi<\/strong> al giorno, a seconda della formulazione del prodotto e dei benefici previsti per la salute. Gli utilizzatori spesso riferiscono di avere effetti apprezzabili entro <strong>Da 4 a 12 settimane<\/strong> di consumo regolare.<\/span><\/p>\n<h3><span style=\"color: #000000;\">Principio di efficacia<\/span><\/h3>\n<p><span style=\"color: #000000;\">Il principio di efficacia di CCPRO\u00ae risiede nei suoi peptidi bioattivi, che stimolano i naturali processi di produzione di collagene dell'organismo. Questi peptidi segnalano all'organismo di riparare e rigenerare i tessuti, illustrando il loro ruolo significativo nella salute generale.<\/span><\/p>\n<h3><span style=\"color: #000000;\">Prodotti comparabili a CCPRO<\/span><\/h3>\n<p><span style=\"color: #000000;\">Altri prodotti con benefici simili sono:<\/span><\/p>\n<ul>\n<li><span style=\"color: #000000;\"><strong><a class=\"wpil_keyword_link\" href=\"https:\/\/collagensei.com\/it\/collagene-idrolizzato-vs-peptidi-di-collagene\/\" target=\"_blank\"  rel=\"noopener\" title=\"Collagene idrolizzato VS Peptidi di collagene\" data-wpil-keyword-link=\"linked\"  data-wpil-monitor-id=\"1760\">Peptidi di collagene idrolizzato<\/a><\/strong><\/span><\/li>\n<li><span style=\"color: #000000;\"><strong>Gelatina<\/strong><\/span><\/li>\n<li><span style=\"color: #000000;\"><strong>Proteine del siero di latte<\/strong><\/span><\/li>\n<\/ul>\n<p><span style=\"color: #000000;\">Tuttavia, CCPRO\u00ae si distingue per un processo di produzione pi\u00f9 pulito e una maggiore biodisponibilit\u00e0.<\/span><\/p>\n<h3><span style=\"color: #000000;\">Recenti sviluppi della ricerca clinica<\/span><\/h3>\n<p><span style=\"color: #000000;\">Recenti studi clinici hanno mostrato risultati promettenti sull'efficacia di CCPRO\u00ae. Le ricerche pubblicate su importanti riviste indicano miglioramenti nell'idratazione della pelle, nell'elasticit\u00e0 e nell'alleviamento dei dolori articolari, rafforzando la sua posizione di ingrediente di riferimento nei prodotti per la salute e il benessere.<\/span><\/p>\n<h3><span style=\"color: #000000;\">Paesaggio normativo<\/span><\/h3>\n<p><span style=\"color: #000000;\">Il quadro normativo che regola l'uso di CCPRO\u00ae varia da Paese a Paese. Negli Stati Uniti \u00e8 considerato principalmente un integratore alimentare, mentre in Europa pu\u00f2 essere classificato come ingrediente alimentare con specifiche linee guida di assunzione e utilizzo. Anche in paesi come il Canada e l'Australia vigono norme severe sull'importazione e l'uso di questo prodotto, che richiedono un'attenzione particolare da parte dei produttori.<\/span><\/p>\n<h3><span style=\"color: #000000;\">Analisi del mercato e prospettive<\/span><\/h3>\n<p><span style=\"color: #000000;\">Il mercato dei peptidi di collagene puliti \u00e8 in crescita a livello globale, con stime che suggeriscono una vendita di oltre <strong>300 tonnellate all'anno<\/strong> solo in Nord America. Si prevede che la crescente domanda di prodotti per il benessere tra i consumatori di et\u00e0 compresa tra i 20 e i 40 anni determiner\u00e0 un tasso di crescita del mercato di circa <strong>8.5% annualmente<\/strong> nei prossimi anni. Ci\u00f2 indica un futuro solido per questo ingrediente, dato che sempre pi\u00f9 marchi ne riconoscono le diverse applicazioni.<\/span><\/p>\n<h3><span style=\"color: #000000;\">Metodi di produzione<\/span><\/h3>\n<p><span style=\"color: #000000;\">Gli attuali metodi di produzione del CCPRO\u00ae prevedono principalmente idrolisi, estrazione e purificazione. Sebbene la fermentazione sia un'alternativa promettente, i metodi idrolizzati rimangono i pi\u00f9 popolari grazie alla loro efficienza nel produrre prodotti di elevata purezza.<\/span><\/p>\n<h3><span style=\"color: #000000;\">Domande frequenti per gli acquirenti B2B<\/span><\/h3>\n<p><span style=\"color: #000000;\">In qualit\u00e0 di acquirente B2B, potreste avere le seguenti domande su CCPRO\u00ae:<\/span><\/p>\n<ol>\n<li><span style=\"color: #000000;\">Qual \u00e8 la durata di conservazione dei prodotti CCPRO\u00ae?<\/span><\/li>\n<li><span style=\"color: #000000;\">Ci sono allergeni associati ai Peptidi di Collagene Pulito?<\/span><\/li>\n<li><span style=\"color: #000000;\">Come conservare CCPRO\u00ae per garantirne la massima efficacia?<\/span><\/li>\n<li><span style=\"color: #000000;\">Quali sono le dimensioni tipiche delle confezioni disponibili?<\/span><\/li>\n<li><span style=\"color: #000000;\">CCPRO\u00ae pu\u00f2 essere associato ad altri integratori?<\/span><\/li>\n<li><span style=\"color: #000000;\">Quali certificazioni posso aspettarmi dai fornitori CCPRO\u00ae?<\/span><\/li>\n<li><span style=\"color: #000000;\">CCPRO\u00ae \u00e8 vegano o non OGM?<\/span><\/li>\n<li><span style=\"color: #000000;\">Come posso valutare la qualit\u00e0 di CCPRO\u00ae prima dell'acquisto?<\/span><\/li>\n<li><span style=\"color: #000000;\">Ci sono effetti collaterali o controindicazioni?<\/span><\/li>\n<li><span style=\"color: #000000;\">Come devo gestire il processo di approvvigionamento per gli ordini di grandi quantit\u00e0?<\/span><\/li>\n<\/ol>\n<h3><span style=\"color: #000000;\">Pro e contro di CCPRO<\/span><\/h3>\n<p><span style=\"color: #000000;\"><strong>Pro<\/strong>:<\/span><\/p>\n<ol>\n<li><span style=\"color: #000000;\">Elevata biodisponibilit\u00e0 che porta a un migliore assorbimento.<\/span><\/li>\n<li><span style=\"color: #000000;\">Applicazioni versatili in tutti i settori di consumo.<\/span><\/li>\n<li><span style=\"color: #000000;\">Favorisce la salute di pelle, articolazioni e muscoli.<\/span><\/li>\n<li><span style=\"color: #000000;\">Rischio minimo di effetti avversi.<\/span><\/li>\n<li><span style=\"color: #000000;\">Interessante per una base di consumatori sempre pi\u00f9 attenti alla salute.<\/span><\/li>\n<\/ol>\n<p><span style=\"color: #000000;\"><strong>Contro<\/strong>:<\/span><\/p>\n<ol>\n<li><span style=\"color: #000000;\">Non adatto a vegetariani e vegani.<\/span><\/li>\n<li><span style=\"color: #000000;\">Potenziali reazioni allergiche in soggetti sensibili.<\/span><\/li>\n<li><span style=\"color: #000000;\">Pu\u00f2 causare lievi disturbi digestivi in alcuni soggetti.<\/span><\/li>\n<li><span style=\"color: #000000;\">La qualit\u00e0 pu\u00f2 variare notevolmente da un fornitore all'altro.<\/span><\/li>\n<li><span style=\"color: #000000;\">Limitato appeal sensoriale nei prodotti alimentari.<\/span><\/li>\n<\/ol>\n<h3><span style=\"color: #000000;\">Consigli per la selezione di un fornitore affidabile<\/span><\/h3>\n<p><span style=\"color: #000000;\">Quando si cerca un fornitore CCPRO\u00ae affidabile, bisogna considerare quanto segue:<\/span><\/p>\n<ul>\n<li><span style=\"color: #000000;\"><strong>Certificazioni<\/strong>: Assicurarsi che siano certificati FDA e che abbiano certificazioni di qualit\u00e0 pertinenti come ISO o KOSHER.<\/span><\/li>\n<li><span style=\"color: #000000;\"><strong>Campioni di prodotto<\/strong>: Richiedete dei campioni per testare la qualit\u00e0 prima di effettuare un acquisto importante.<\/span><\/li>\n<li><span style=\"color: #000000;\"><strong>Recensioni dei clienti<\/strong>: Cercate testimonianze o recensioni di altri acquirenti B2B.<\/span><\/li>\n<li><span style=\"color: #000000;\"><strong>Tempo di risposta<\/strong>: Un fornitore affidabile deve rispondere in modo rapido e trasparente alle vostre richieste.<\/span><\/li>\n<\/ul>\n<h3><span style=\"color: #000000;\">Flusso di processo per la produzione di CCPRO<\/span><\/h3>\n<p><span style=\"color: #000000;\">La produzione di peptidi di collagene puliti prevede diverse fasi: approvvigionamento, idrolisi, filtrazione, essiccazione e confezionamento. Ogni fase \u00e8 fondamentale per garantire l'integrit\u00e0 e l'efficacia del prodotto.<\/span><\/p>\n<h3><span style=\"color: #000000;\">Conclusione<\/span><\/h3>\n<p><span style=\"color: #000000;\">In conclusione, CCPRO\u00ae - Clean Collagen Peptide non \u00e8 solo un altro ingrediente nel settore della salute e del benessere, ma rappresenta un passo avanti nel modo in cui affrontiamo la nutrizione e la cura della pelle. I suoi benefici completi, uniti a un crescente numero di prove cliniche e alla domanda del mercato, lo posizionano come un attore chiave nel panorama degli integratori.<\/span><\/p>\n<p><span style=\"color: #000000;\">Se siete interessati a rifornirvi di CCPRO\u00ae di alta qualit\u00e0, contattateci a <a style=\"color: #000000;\" href=\"mailto:sales@collagensei.com\" rel=\"noopener\">sales@collagensei.com<\/a>. <a class=\"wpil_keyword_link\" href=\"https:\/\/collagensei.com\/it\/fornitore-di-vitamine\/vitamina-c\/\" target=\"_blank\"  rel=\"noopener\" title=\"Vitamina C\" data-wpil-keyword-link=\"linked\"  data-wpil-monitor-id=\"2117\">Industrie globali Gensei<\/a> \u00e8 un produttore certificato dalla FDA e vanta una serie di certificazioni ISO, HALAL, KOSHER e MSC. Con magazzini situati in California e a New York, siamo in grado di soddisfare le vostre esigenze di approvvigionamento in modo efficiente, offrendo un'ampia gamma di materie prime e soluzioni di prodotto personalizzate, tra cui capsule, gel morbidi, compresse, polveri e oli. Lasciateci collaborare con voi per le vostre esigenze di prodotti per la salute!<\/span><\/p>","protected":false},"excerpt":{"rendered":"<p>In today&#8217;s fast-paced world, the health and wellness industry constantly evolves, with consumers seeking products that can genuinely benefit their [&hellip;]<\/p>\n","protected":false},"author":1,"featured_media":0,"parent":563,"menu_order":0,"comment_status":"closed","ping_status":"closed","template":"","meta":{"_uag_custom_page_level_css":"","site-sidebar-layout":"default","site-content-layout":"","ast-site-content-layout":"default","site-content-style":"default","site-sidebar-style":"default","ast-global-header-display":"","ast-banner-title-visibility":"","ast-main-header-display":"","ast-hfb-above-header-display":"","ast-hfb-below-header-display":"","ast-hfb-mobile-header-display":"","site-post-title":"","ast-breadcrumbs-content":"","ast-featured-img":"","footer-sml-layout":"","ast-disable-related-posts":"","theme-transparent-header-meta":"","adv-header-id-meta":"","stick-header-meta":"","header-above-stick-meta":"","header-main-stick-meta":"","header-below-stick-meta":"","astra-migrate-meta-layouts":"default","ast-page-background-enabled":"default","ast-page-background-meta":{"desktop":{"background-color":"var(--ast-global-color-5)","background-image":"","background-repeat":"repeat","background-position":"center center","background-size":"auto","background-attachment":"scroll","background-type":"","background-media":"","overlay-type":"","overlay-color":"","overlay-opacity":"","overlay-gradient":""},"tablet":{"background-color":"","background-image":"","background-repeat":"repeat","background-position":"center center","background-size":"auto","background-attachment":"scroll","background-type":"","background-media":"","overlay-type":"","overlay-color":"","overlay-opacity":"","overlay-gradient":""},"mobile":{"background-color":"","background-image":"","background-repeat":"repeat","background-position":"center center","background-size":"auto","background-attachment":"scroll","background-type":"","background-media":"","overlay-type":"","overlay-color":"","overlay-opacity":"","overlay-gradient":""}},"ast-content-background-meta":{"desktop":{"background-color":"var(--ast-global-color-4)","background-image":"","background-repeat":"repeat","background-position":"center center","background-size":"auto","background-attachment":"scroll","background-type":"","background-media":"","overlay-type":"","overlay-color":"","overlay-opacity":"","overlay-gradient":""},"tablet":{"background-color":"var(--ast-global-color-4)","background-image":"","background-repeat":"repeat","background-position":"center center","background-size":"auto","background-attachment":"scroll","background-type":"","background-media":"","overlay-type":"","overlay-color":"","overlay-opacity":"","overlay-gradient":""},"mobile":{"background-color":"var(--ast-global-color-4)","background-image":"","background-repeat":"repeat","background-position":"center center","background-size":"auto","background-attachment":"scroll","background-type":"","background-media":"","overlay-type":"","overlay-color":"","overlay-opacity":"","overlay-gradient":""}},"footnotes":""},"class_list":["post-588","page","type-page","status-publish","hentry"],"uagb_featured_image_src":{"full":false,"thumbnail":false,"medium":false,"medium_large":false,"large":false,"1536x1536":false,"2048x2048":false,"trp-custom-language-flag":false},"uagb_author_info":{"display_name":"collagensei.com","author_link":"https:\/\/collagensei.com\/it\/author\/collagensei\/"},"uagb_comment_info":0,"uagb_excerpt":"In today&#8217;s fast-paced world, the health and wellness industry constantly evolves, with consumers seeking products that can genuinely benefit their [&hellip;]","_links":{"self":[{"href":"https:\/\/collagensei.com\/it\/wp-json\/wp\/v2\/pages\/588","targetHints":{"allow":["GET"]}}],"collection":[{"href":"https:\/\/collagensei.com\/it\/wp-json\/wp\/v2\/pages"}],"about":[{"href":"https:\/\/collagensei.com\/it\/wp-json\/wp\/v2\/types\/page"}],"author":[{"embeddable":true,"href":"https:\/\/collagensei.com\/it\/wp-json\/wp\/v2\/users\/1"}],"replies":[{"embeddable":true,"href":"https:\/\/collagensei.com\/it\/wp-json\/wp\/v2\/comments?post=588"}],"version-history":[{"count":2,"href":"https:\/\/collagensei.com\/it\/wp-json\/wp\/v2\/pages\/588\/revisions"}],"predecessor-version":[{"id":16210,"href":"https:\/\/collagensei.com\/it\/wp-json\/wp\/v2\/pages\/588\/revisions\/16210"}],"up":[{"embeddable":true,"href":"https:\/\/collagensei.com\/it\/wp-json\/wp\/v2\/pages\/563"}],"wp:attachment":[{"href":"https:\/\/collagensei.com\/it\/wp-json\/wp\/v2\/media?parent=588"}],"curies":[{"name":"wp","href":"https:\/\/api.w.org\/{rel}","templated":true}]}}