{"id":8340,"date":"2025-06-04T15:27:48","date_gmt":"2025-06-04T07:27:48","guid":{"rendered":"https:\/\/collagensei.com\/?page_id=8340"},"modified":"2025-06-04T15:27:51","modified_gmt":"2025-06-04T07:27:51","slug":"termini-e-condizioni","status":"publish","type":"page","link":"https:\/\/collagensei.com\/it\/terms-and-conditions\/","title":{"rendered":"Termini e condizioni"},"content":{"rendered":"<p>leggere attentamente i presenti termini e condizioni (\"termini e condizioni\", \"termini\") prima di utilizzare il sito web (\"sito web\", \"servizio\") gestito da (\"noi\", \"ci\", \"nostro\").<\/p>\n\n\n\n<p><strong>Condizioni di utilizzo<\/strong><\/p>\n\n\n\n<p>Utilizzando questo sito web, l'utente dichiara di aver letto e rivisto il presente Contratto e di accettare di rispettarne i termini. Se non si desidera essere vincolati dai termini del presente Accordo, si consiglia di interrompere di conseguenza l'utilizzo del sito web. concede l'uso e l'accesso a questo sito web, ai suoi prodotti e ai suoi servizi solo a coloro che hanno accettato i suoi termini.<\/p>\n\n\n\n<p><strong>Informativa sulla privacy<\/strong><\/p>\n\n\n\n<p>Prima di continuare a utilizzare il nostro sito web, vi consigliamo di leggere la nostra politica sulla privacy relativa alla raccolta dei dati degli utenti. Vi aiuter\u00e0 a comprendere meglio le nostre pratiche.<\/p>\n\n\n\n<p><strong>Limiti di et\u00e0<\/strong><\/p>\n\n\n\n<p>Per poter utilizzare questo sito web \u00e8 necessario avere almeno 18 (diciotto) anni di et\u00e0. Utilizzando questo sito web, l'utente garantisce di avere almeno 18 anni di et\u00e0 e di poter aderire legalmente al presente Accordo. non si assume alcuna responsabilit\u00e0 per responsabilit\u00e0 legate a dichiarazioni errate sull'et\u00e0.<\/p>\n\n\n\n<p><strong>Propriet\u00e0 intellettuale<\/strong><\/p>\n\n\n\n<p>L'utente accetta che tutti i materiali, i prodotti e i servizi forniti su questo sito web sono di propriet\u00e0 di , delle sue affiliate, dei suoi direttori, funzionari, dipendenti, agenti, fornitori o licenziatari, compresi tutti i diritti d'autore, i segreti commerciali, i marchi, i brevetti e altre propriet\u00e0 intellettuali. L'utente accetta inoltre di non riprodurre o ridistribuire la propriet\u00e0 intellettuale di 's in alcun modo, anche elettronico, digitale, o nuove registrazioni di marchi.<\/p>\n\n\n\n<p>L'utente concede una licenza gratuita e non esclusiva per visualizzare, utilizzare, copiare, trasmettere e diffondere i contenuti caricati e pubblicati. Per quanto riguarda i diritti di propriet\u00e0 intellettuale, \u00e8 necessario contattare l'azienda per trovare un accordo.<\/p>\n\n\n\n<p><strong>Account utente<\/strong><\/p>\n\n\n\n<p>In qualit\u00e0 di utenti di questo sito web, potrebbe esservi richiesto di registrarvi e di fornire informazioni private. L'utente \u00e8 tenuto a garantire l'accuratezza di tali informazioni e a mantenere la sicurezza dei propri dati identificativi. L'utente \u00e8 inoltre responsabile di tutte le attivit\u00e0 svolte con il proprio account o password.<\/p>\n\n\n\n<p>Se ritenete che vi siano problemi di sicurezza del vostro account sul sito web, informateci immediatamente in modo da poterli risolvere di conseguenza.<\/p>\n\n\n\n<p>Ci riserviamo tutti i diritti di chiudere gli account, modificare o rimuovere i contenuti e annullare gli ordini a nostra esclusiva discrezione.<\/p>\n\n\n\n<p><strong>Legge applicabile<\/strong><\/p>\n\n\n\n<p>Utilizzando questo sito web, l'utente accetta che le leggi del Regno Unito, senza tener conto dei principi di conflitto di leggi, disciplinino i presenti termini e condizioni, o qualsiasi controversia di qualsiasi tipo che possa insorgere tra l'utente, o i suoi partner commerciali e associati.<\/p>\n\n\n\n<p><strong>Controversie<\/strong><\/p>\n\n\n\n<p>Qualsiasi controversia relativa in qualsiasi modo all'uso di questo sito web o ai prodotti acquistati da noi sar\u00e0 arbitrata da un tribunale statale o federale e l'utente acconsente alla giurisdizione esclusiva e alla sede di tali tribunali.<\/p>\n\n\n\n<p><strong>Indennizzo<\/strong><\/p>\n\n\n\n<p>L'utente accetta di indennizzare e tenere indenni i suoi affiliati da richieste e reclami legali che potrebbero derivare dall'uso o dall'abuso dei nostri servizi. Ci riserviamo il diritto di scegliere il nostro consulente legale.<\/p>\n\n\n\n<p><strong>Limitazione di responsabilit\u00e0<\/strong><\/p>\n\n\n\n<p> non \u00e8 responsabile di eventuali danni che potrebbero verificarsi a causa dell'uso improprio del nostro sito web.<\/p>\n\n\n\n<p> si riserva il diritto di modificare, integrare e cambiare il presente Accordo in qualsiasi momento. Comunicheremo ai nostri utenti tali modifiche tramite posta elettronica. Il presente Accordo costituisce un'intesa tra l'utente e l'utente e sostituisce tutti gli accordi precedenti relativi all'uso di questo sito web.<\/p>","protected":false},"excerpt":{"rendered":"<p>lease read these terms and conditions (&#8220;terms and conditions&#8221;, &#8220;terms&#8221;) carefully before using website (\u201cwebsite\u201d, &#8220;service&#8221;) operated by (&#8220;us&#8221;, &#8216;we&#8221;, [&hellip;]<\/p>\n","protected":false},"author":2,"featured_media":0,"parent":0,"menu_order":0,"comment_status":"closed","ping_status":"closed","template":"","meta":{"_uag_custom_page_level_css":"","site-sidebar-layout":"default","site-content-layout":"","ast-site-content-layout":"","site-content-style":"default","site-sidebar-style":"default","ast-global-header-display":"","ast-banner-title-visibility":"","ast-main-header-display":"","ast-hfb-above-header-display":"","ast-hfb-below-header-display":"","ast-hfb-mobile-header-display":"","site-post-title":"","ast-breadcrumbs-content":"","ast-featured-img":"","footer-sml-layout":"","ast-disable-related-posts":"","theme-transparent-header-meta":"","adv-header-id-meta":"","stick-header-meta":"","header-above-stick-meta":"","header-main-stick-meta":"","header-below-stick-meta":"","astra-migrate-meta-layouts":"default","ast-page-background-enabled":"default","ast-page-background-meta":{"desktop":{"background-color":"var(--ast-global-color-5)","background-image":"","background-repeat":"repeat","background-position":"center center","background-size":"auto","background-attachment":"scroll","background-type":"","background-media":"","overlay-type":"","overlay-color":"","overlay-opacity":"","overlay-gradient":""},"tablet":{"background-color":"","background-image":"","background-repeat":"repeat","background-position":"center center","background-size":"auto","background-attachment":"scroll","background-type":"","background-media":"","overlay-type":"","overlay-color":"","overlay-opacity":"","overlay-gradient":""},"mobile":{"background-color":"","background-image":"","background-repeat":"repeat","background-position":"center center","background-size":"auto","background-attachment":"scroll","background-type":"","background-media":"","overlay-type":"","overlay-color":"","overlay-opacity":"","overlay-gradient":""}},"ast-content-background-meta":{"desktop":{"background-color":"var(--ast-global-color-4)","background-image":"","background-repeat":"repeat","background-position":"center center","background-size":"auto","background-attachment":"scroll","background-type":"","background-media":"","overlay-type":"","overlay-color":"","overlay-opacity":"","overlay-gradient":""},"tablet":{"background-color":"var(--ast-global-color-4)","background-image":"","background-repeat":"repeat","background-position":"center center","background-size":"auto","background-attachment":"scroll","background-type":"","background-media":"","overlay-type":"","overlay-color":"","overlay-opacity":"","overlay-gradient":""},"mobile":{"background-color":"var(--ast-global-color-4)","background-image":"","background-repeat":"repeat","background-position":"center center","background-size":"auto","background-attachment":"scroll","background-type":"","background-media":"","overlay-type":"","overlay-color":"","overlay-opacity":"","overlay-gradient":""}},"footnotes":""},"class_list":["post-8340","page","type-page","status-publish","hentry"],"uagb_featured_image_src":{"full":false,"thumbnail":false,"medium":false,"medium_large":false,"large":false,"1536x1536":false,"2048x2048":false,"trp-custom-language-flag":false},"uagb_author_info":{"display_name":"jiang, xu","author_link":"https:\/\/collagensei.com\/it\/author\/j-xu\/"},"uagb_comment_info":0,"uagb_excerpt":"lease read these terms and conditions (&#8220;terms and conditions&#8221;, &#8220;terms&#8221;) carefully before using website (\u201cwebsite\u201d, &#8220;service&#8221;) operated by (&#8220;us&#8221;, &#8216;we&#8221;, [&hellip;]","_links":{"self":[{"href":"https:\/\/collagensei.com\/it\/wp-json\/wp\/v2\/pages\/8340","targetHints":{"allow":["GET"]}}],"collection":[{"href":"https:\/\/collagensei.com\/it\/wp-json\/wp\/v2\/pages"}],"about":[{"href":"https:\/\/collagensei.com\/it\/wp-json\/wp\/v2\/types\/page"}],"author":[{"embeddable":true,"href":"https:\/\/collagensei.com\/it\/wp-json\/wp\/v2\/users\/2"}],"replies":[{"embeddable":true,"href":"https:\/\/collagensei.com\/it\/wp-json\/wp\/v2\/comments?post=8340"}],"version-history":[{"count":1,"href":"https:\/\/collagensei.com\/it\/wp-json\/wp\/v2\/pages\/8340\/revisions"}],"predecessor-version":[{"id":8341,"href":"https:\/\/collagensei.com\/it\/wp-json\/wp\/v2\/pages\/8340\/revisions\/8341"}],"wp:attachment":[{"href":"https:\/\/collagensei.com\/it\/wp-json\/wp\/v2\/media?parent=8340"}],"curies":[{"name":"wp","href":"https:\/\/api.w.org\/{rel}","templated":true}]}}