{"id":882,"date":"2024-07-16T09:21:17","date_gmt":"2024-07-16T01:21:17","guid":{"rendered":"https:\/\/collagensei.com\/?page_id=882"},"modified":"2025-04-21T18:12:06","modified_gmt":"2025-04-21T10:12:06","slug":"formula-personalizzata","status":"publish","type":"page","link":"https:\/\/collagensei.com\/it\/customized-formula\/","title":{"rendered":"Formula personalizzata"},"content":{"rendered":"<div data-elementor-type=\"wp-page\" data-elementor-id=\"882\" class=\"elementor elementor-882\" data-elementor-post-type=\"page\">\n\t\t\t\t<div class=\"elementor-element elementor-element-0f6145d e-flex e-con-boxed e-con e-parent\" data-id=\"0f6145d\" data-element_type=\"container\" data-e-type=\"container\">\n\t\t\t\t\t<div class=\"e-con-inner\">\n\t\t\t\t<div class=\"elementor-element elementor-element-e649a52 elementor-widget elementor-widget-heading\" data-id=\"e649a52\" data-element_type=\"widget\" data-e-type=\"widget\" data-widget_type=\"heading.default\">\n\t\t\t\t<div class=\"elementor-widget-container\">\n\t\t\t\t\t<h1 class=\"elementor-heading-title elementor-size-default\">Formulazioni personalizzate per integratori alimentari<\/h1>\t\t\t\t<\/div>\n\t\t\t\t<\/div>\n\t\t\t\t\t<\/div>\n\t\t\t\t<\/div>\n\t\t<div class=\"elementor-element elementor-element-f7e1539 e-flex e-con-boxed e-con e-parent\" data-id=\"f7e1539\" data-element_type=\"container\" data-e-type=\"container\">\n\t\t\t\t\t<div class=\"e-con-inner\">\n\t\t<div class=\"elementor-element elementor-element-e9a3f90 e-grid e-con-full e-con e-child\" data-id=\"e9a3f90\" data-element_type=\"container\" data-e-type=\"container\">\n\t\t\t\t<div class=\"elementor-element elementor-element-bb6fde3 elementor-widget elementor-widget-image\" data-id=\"bb6fde3\" data-element_type=\"widget\" data-e-type=\"widget\" data-widget_type=\"image.default\">\n\t\t\t\t<div class=\"elementor-widget-container\">\n\t\t\t\t\t\t\t\t\t\t\t\t\t\t\t<img fetchpriority=\"high\" decoding=\"async\" width=\"900\" height=\"910\" src=\"https:\/\/collagensei.com\/wp-content\/uploads\/2025\/03\/\u5c4f\u5e55\u622a\u56fe-2025-03-13-215800.png\" class=\"attachment-full size-full wp-image-4768\" alt=\"Formulazioni personalizzate per integratori alimentari\" \/>\t\t\t\t\t\t\t\t\t\t\t\t\t\t\t<\/div>\n\t\t\t\t<\/div>\n\t\t\t\t<div class=\"elementor-element elementor-element-c22db99 elementor-widget elementor-widget-text-editor\" data-id=\"c22db99\" data-element_type=\"widget\" data-e-type=\"widget\" data-widget_type=\"text-editor.default\">\n\t\t\t\t<div class=\"elementor-widget-container\">\n\t\t\t\t\t\t\t\t\t<p data-sourcepos=\"1:1-1:459\">Le formulazioni personalizzate per gli integratori alimentari rappresentano un approccio su misura per la creazione di prodotti nutrizionali che soddisfino con precisione le esigenze specifiche e le richieste del mercato. A differenza delle formulazioni standard, gli integratori personalizzati vengono sviluppati da zero, consentendo un controllo completo sulla selezione degli ingredienti, sui dosaggi e sui metodi di somministrazione. Questo processo su misura consente ai marchi di creare prodotti unici ed efficaci che si distinguono in un mercato competitivo.<\/p><p data-sourcepos=\"3:1-3:406\">Uno dei principali vantaggi delle formulazioni personalizzate \u00e8 la possibilit\u00e0 di rivolgersi a nicchie di mercato o di affrontare problemi di salute specifici. Che si tratti di un integratore progettato per atleti, anziani o individui con particolari restrizioni dietetiche, le formulazioni personalizzate assicurano che il prodotto sia perfettamente in linea con il pubblico a cui \u00e8 destinato. Questa precisione pu\u00f2 portare a una maggiore efficacia e a una maggiore soddisfazione dei clienti.<\/p><p data-sourcepos=\"3:1-3:406\">Il processo inizia in genere con una consultazione approfondita tra il marchio e uno specialista della formulazione. Questa fase prevede la definizione degli obiettivi del prodotto, del target demografico, dei benefici desiderati per la salute e di eventuali preferenze o restrizioni specifiche sugli ingredienti. Sulla base di queste informazioni, un team di scienziati e nutrizionisti esperti sviluppa una formula unica, tenendo conto delle ultime ricerche scientifiche e delle linee guida normative.<\/p>\t\t\t\t\t\t\t\t<\/div>\n\t\t\t\t<\/div>\n\t\t\t\t<\/div>\n\t\t\t\t<div class=\"elementor-element elementor-element-309f088 elementor-widget elementor-widget-text-editor\" data-id=\"309f088\" data-element_type=\"widget\" data-e-type=\"widget\" data-widget_type=\"text-editor.default\">\n\t\t\t\t<div class=\"elementor-widget-container\">\n\t\t\t\t\t\t\t\t\t<p data-sourcepos=\"7:1-7:454\">Le formulazioni personalizzate offrono una flessibilit\u00e0 senza pari nella selezione degli ingredienti. I marchi possono scegliere vitamine, minerali, estratti di erbe, aminoacidi e altri composti bioattivi noti per i loro effetti sinergici. La possibilit\u00e0 di controllare il dosaggio di ciascun ingrediente garantisce una potenza e una sicurezza ottimali. Inoltre, le formulazioni personalizzate consentono di incorporare ingredienti innovativi o miscele proprietarie che possono offrire un vantaggio competitivo.<\/p><p data-sourcepos=\"9:1-9:313\">Oltre agli ingredienti stessi, le formulazioni personalizzate si estendono anche al metodo di somministrazione. Che il formato desiderato sia capsule, compresse, polveri, gommosi o liquidi, la formulazione pu\u00f2 essere adattata di conseguenza. Questa flessibilit\u00e0 garantisce che il prodotto finale sia conveniente e attraente per il consumatore target.<\/p><p data-sourcepos=\"11:1-11:646\">La scelta di formulazioni personalizzate per gli integratori alimentari offre numerosi vantaggi. Permette di creare prodotti veramente unici che rispondono a specifiche esigenze di mercato, migliora la differenziazione del marchio e potenzialmente porta a una maggiore fidelizzazione dei clienti. Anche se pu\u00f2 comportare un processo di sviluppo pi\u00f9 impegnativo rispetto al private labeling, la capacit\u00e0 di creare un integratore su misura e altamente efficace pu\u00f2 essere un vantaggio significativo per qualsiasi marchio di integratori alimentari che voglia avere un impatto duraturo. Questo approccio consente al marchio di controllare l'identit\u00e0 e l'efficacia del prodotto, favorendo la fiducia e la credibilit\u00e0 dei consumatori.<\/p>\t\t\t\t\t\t\t\t<\/div>\n\t\t\t\t<\/div>\n\t\t\t\t\t<\/div>\n\t\t\t\t<\/div>\n\t\t\t\t<\/div>","protected":false},"excerpt":{"rendered":"<p>Custom Formulations For Dietary Supplements Custom formulations for dietary supplements represent a tailored approach to creating nutritional products that precisely [&hellip;]<\/p>\n","protected":false},"author":1,"featured_media":0,"parent":0,"menu_order":0,"comment_status":"closed","ping_status":"closed","template":"","meta":{"_uag_custom_page_level_css":"","site-sidebar-layout":"no-sidebar","site-content-layout":"","ast-site-content-layout":"full-width-container","site-content-style":"default","site-sidebar-style":"default","ast-global-header-display":"","ast-banner-title-visibility":"","ast-main-header-display":"","ast-hfb-above-header-display":"","ast-hfb-below-header-display":"","ast-hfb-mobile-header-display":"","site-post-title":"disabled","ast-breadcrumbs-content":"","ast-featured-img":"disabled","footer-sml-layout":"","ast-disable-related-posts":"","theme-transparent-header-meta":"","adv-header-id-meta":"","stick-header-meta":"","header-above-stick-meta":"","header-main-stick-meta":"","header-below-stick-meta":"","astra-migrate-meta-layouts":"default","ast-page-background-enabled":"default","ast-page-background-meta":{"desktop":{"background-color":"var(--ast-global-color-5)","background-image":"","background-repeat":"repeat","background-position":"center center","background-size":"auto","background-attachment":"scroll","background-type":"","background-media":"","overlay-type":"","overlay-color":"","overlay-opacity":"","overlay-gradient":""},"tablet":{"background-color":"","background-image":"","background-repeat":"repeat","background-position":"center center","background-size":"auto","background-attachment":"scroll","background-type":"","background-media":"","overlay-type":"","overlay-color":"","overlay-opacity":"","overlay-gradient":""},"mobile":{"background-color":"","background-image":"","background-repeat":"repeat","background-position":"center center","background-size":"auto","background-attachment":"scroll","background-type":"","background-media":"","overlay-type":"","overlay-color":"","overlay-opacity":"","overlay-gradient":""}},"ast-content-background-meta":{"desktop":{"background-color":"var(--ast-global-color-4)","background-image":"","background-repeat":"repeat","background-position":"center center","background-size":"auto","background-attachment":"scroll","background-type":"","background-media":"","overlay-type":"","overlay-color":"","overlay-opacity":"","overlay-gradient":""},"tablet":{"background-color":"var(--ast-global-color-4)","background-image":"","background-repeat":"repeat","background-position":"center center","background-size":"auto","background-attachment":"scroll","background-type":"","background-media":"","overlay-type":"","overlay-color":"","overlay-opacity":"","overlay-gradient":""},"mobile":{"background-color":"var(--ast-global-color-4)","background-image":"","background-repeat":"repeat","background-position":"center center","background-size":"auto","background-attachment":"scroll","background-type":"","background-media":"","overlay-type":"","overlay-color":"","overlay-opacity":"","overlay-gradient":""}},"footnotes":""},"class_list":["post-882","page","type-page","status-publish","hentry"],"uagb_featured_image_src":{"full":false,"thumbnail":false,"medium":false,"medium_large":false,"large":false,"1536x1536":false,"2048x2048":false,"trp-custom-language-flag":false},"uagb_author_info":{"display_name":"collagensei.com","author_link":"https:\/\/collagensei.com\/it\/author\/collagensei\/"},"uagb_comment_info":0,"uagb_excerpt":"Custom Formulations For Dietary Supplements Custom formulations for dietary supplements represent a tailored approach to creating nutritional products that precisely [&hellip;]","_links":{"self":[{"href":"https:\/\/collagensei.com\/it\/wp-json\/wp\/v2\/pages\/882","targetHints":{"allow":["GET"]}}],"collection":[{"href":"https:\/\/collagensei.com\/it\/wp-json\/wp\/v2\/pages"}],"about":[{"href":"https:\/\/collagensei.com\/it\/wp-json\/wp\/v2\/types\/page"}],"author":[{"embeddable":true,"href":"https:\/\/collagensei.com\/it\/wp-json\/wp\/v2\/users\/1"}],"replies":[{"embeddable":true,"href":"https:\/\/collagensei.com\/it\/wp-json\/wp\/v2\/comments?post=882"}],"version-history":[{"count":3,"href":"https:\/\/collagensei.com\/it\/wp-json\/wp\/v2\/pages\/882\/revisions"}],"predecessor-version":[{"id":6249,"href":"https:\/\/collagensei.com\/it\/wp-json\/wp\/v2\/pages\/882\/revisions\/6249"}],"wp:attachment":[{"href":"https:\/\/collagensei.com\/it\/wp-json\/wp\/v2\/media?parent=882"}],"curies":[{"name":"wp","href":"https:\/\/api.w.org\/{rel}","templated":true}]}}