{"id":145,"date":"2025-02-14T11:19:59","date_gmt":"2025-02-14T03:19:59","guid":{"rendered":"https:\/\/collagensei.com\/?page_id=145"},"modified":"2025-07-09T16:29:46","modified_gmt":"2025-07-09T08:29:46","slug":"fornecedor-de-ingredientes-para-suplementos-alimentares","status":"publish","type":"page","link":"https:\/\/collagensei.com\/pt\/dietary-supplement-ingredient-supplier\/","title":{"rendered":"Produto"},"content":{"rendered":"<div data-elementor-type=\"wp-page\" data-elementor-id=\"145\" class=\"elementor elementor-145\" data-elementor-post-type=\"page\">\n\t\t\t\t<div class=\"elementor-element elementor-element-79c382e e-flex e-con-boxed e-con e-parent\" data-id=\"79c382e\" data-element_type=\"container\" data-e-type=\"container\">\n\t\t\t\t\t<div class=\"e-con-inner\">\n\t\t\t\t<div class=\"elementor-element elementor-element-930970b elementor-widget elementor-widget-heading\" data-id=\"930970b\" data-element_type=\"widget\" data-e-type=\"widget\" data-widget_type=\"heading.default\">\n\t\t\t\t<div class=\"elementor-widget-container\">\n\t\t\t\t\t<h1 class=\"elementor-heading-title elementor-size-default\">fornecedor de ingredientes para suplementos alimentares<\/h1>\t\t\t\t<\/div>\n\t\t\t\t<\/div>\n\t\t\t\t<div class=\"elementor-element elementor-element-fc310a6 elementor-widget elementor-widget-text-editor\" data-id=\"fc310a6\" data-element_type=\"widget\" data-e-type=\"widget\" data-widget_type=\"text-editor.default\">\n\t\t\t\t<div class=\"elementor-widget-container\">\n\t\t\t\t\t\t\t\t\t<p>Os ingredientes dos suplementos englobam uma vasta gama de subst\u00e2ncias, incluindo vitaminas, minerais, amino\u00e1cidos como a glicina, ervas, prote\u00ednas, \u00e1cidos gordos e probi\u00f3ticos, concebidos para apoiar a sa\u00fade e o bem-estar. Proveniente de um fornecedor fi\u00e1vel de ingredientes para suplementos alimentares <strong>GENSEI<\/strong>Estes ingredientes cumprem rigorosas normas de qualidade e regulamentares (por exemplo, cGMP, FDA) e est\u00e3o dispon\u00edveis em formas como <a href=\"https:\/\/collagensei.com\/pt\/fabricante-de-suplementos-em-capsulas\/\">c\u00e1psulas<\/a>, <a href=\"https:\/\/collagensei.com\/pt\/fabricante-de-suplementos-de-gomas\/\">gomas<\/a>, <a href=\"https:\/\/collagensei.com\/pt\/fabricante-de-suplementos-em-po\/\">p\u00f3s<\/a>, ou <a href=\"https:\/\/collagensei.com\/pt\/fabricante-de-suplementos-liquidos\/\">l\u00edquidos<\/a>, permitindo a cria\u00e7\u00e3o de <a href=\"https:\/\/collagensei.com\/pt\/suplemento-personalizado-de-marca-propria\/\">suplementos alimentares personalizados<\/a> para as diversas necessidades dos consumidores.<\/p>\t\t\t\t\t\t\t\t<\/div>\n\t\t\t\t<\/div>\n\t\t\t\t\t<\/div>\n\t\t\t\t<\/div>\n\t\t<div class=\"elementor-element elementor-element-50ba9d54 e-flex e-con-boxed e-con e-parent\" data-id=\"50ba9d54\" data-element_type=\"container\" data-e-type=\"container\">\n\t\t\t\t\t<div class=\"e-con-inner\">\n\t\t<div class=\"elementor-element elementor-element-8f8e211 e-grid e-con-full e-con e-child\" data-id=\"8f8e211\" data-element_type=\"container\" data-e-type=\"container\">\n\t\t\t\t<div class=\"elementor-element elementor-element-eedb1ae elementor-position-top elementor-widget elementor-widget-image-box\" data-id=\"eedb1ae\" data-element_type=\"widget\" data-e-type=\"widget\" data-widget_type=\"image-box.default\">\n\t\t\t\t<div class=\"elementor-widget-container\">\n\t\t\t\t\t<div class=\"elementor-image-box-wrapper\"><figure class=\"elementor-image-box-img\"><a href=\"https:\/\/collagensei.com\/pt\/aminoacidos\/\" tabindex=\"-1\"><img decoding=\"async\" src=\"https:\/\/collagensei.com\/wp-content\/uploads\/2025\/01\/R5P-e1742804072322.png\" title=\"Amino\u00e1cidos\" alt=\"Amino\u00e1cidos\" loading=\"lazy\" \/><\/a><\/figure><div class=\"elementor-image-box-content\"><h3 class=\"elementor-image-box-title\"><a href=\"https:\/\/collagensei.com\/pt\/aminoacidos\/\">Amino\u00e1cidos<\/a><\/h3><p class=\"elementor-image-box-description\">Os amino\u00e1cidos s\u00e3o os blocos de constru\u00e7\u00e3o fundamentais das prote\u00ednas. 1 Cada um cont\u00e9m um carbono central ligado a um grupo amino, um grupo carboxilo, um \u00e1tomo de hidrog\u00e9nio e uma cadeia lateral \u00fanica que determina as suas propriedades.<\/p><\/div><\/div>\t\t\t\t<\/div>\n\t\t\t\t<\/div>\n\t\t\t\t<div class=\"elementor-element elementor-element-140be8d elementor-position-top elementor-widget elementor-widget-image-box\" data-id=\"140be8d\" data-element_type=\"widget\" data-e-type=\"widget\" data-widget_type=\"image-box.default\">\n\t\t\t\t<div class=\"elementor-widget-container\">\n\t\t\t\t\t<div class=\"elementor-image-box-wrapper\"><figure class=\"elementor-image-box-img\"><a href=\"https:\/\/collagensei.com\/pt\/extractos-de-ervas\/\" tabindex=\"-1\"><img decoding=\"async\" src=\"https:\/\/collagensei.com\/wp-content\/uploads\/elementor\/thumbs\/Berberine-HCL-r3tv7w9mubamksungz4ifxdd7l5djnh4lp7tmtai2c.png\" title=\"Extractos de ervas\" alt=\"Extractos de ervas\" loading=\"lazy\" \/><\/a><\/figure><div class=\"elementor-image-box-content\"><h3 class=\"elementor-image-box-title\"><a href=\"https:\/\/collagensei.com\/pt\/extractos-de-ervas\/\">Extractos de ervas<\/a><\/h3><p class=\"elementor-image-box-description\">Os extractos de ervas s\u00e3o subst\u00e2ncias concentradas derivadas de plantas. Cont\u00eam v\u00e1rios compostos ben\u00e9ficos e s\u00e3o utilizados para fins de sa\u00fade, aromatizantes ou cosm\u00e9ticos. <\/p><\/div><\/div>\t\t\t\t<\/div>\n\t\t\t\t<\/div>\n\t\t\t\t<div class=\"elementor-element elementor-element-ba03448 elementor-position-top elementor-widget elementor-widget-image-box\" data-id=\"ba03448\" data-element_type=\"widget\" data-e-type=\"widget\" data-widget_type=\"image-box.default\">\n\t\t\t\t<div class=\"elementor-widget-container\">\n\t\t\t\t\t<div class=\"elementor-image-box-wrapper\"><figure class=\"elementor-image-box-img\"><a href=\"https:\/\/collagensei.com\/pt\/saude-das-articulacoes\/\" tabindex=\"-1\"><img fetchpriority=\"high\" decoding=\"async\" width=\"782\" height=\"522\" src=\"https:\/\/collagensei.com\/wp-content\/uploads\/2025\/02\/creatine-monohydrate.png\" class=\"attachment-full size-full wp-image-4498\" alt=\"Sa\u00fade das articula\u00e7\u00f5es\" srcset=\"https:\/\/collagensei.com\/wp-content\/uploads\/2025\/02\/creatine-monohydrate.png 782w, https:\/\/collagensei.com\/wp-content\/uploads\/2025\/02\/creatine-monohydrate-300x200.png 300w, https:\/\/collagensei.com\/wp-content\/uploads\/2025\/02\/creatine-monohydrate-768x513.png 768w\" sizes=\"(max-width: 782px) 100vw, 782px\" \/><\/a><\/figure><div class=\"elementor-image-box-content\"><h3 class=\"elementor-image-box-title\"><a href=\"https:\/\/collagensei.com\/pt\/saude-das-articulacoes\/\">Sa\u00fade das articula\u00e7\u00f5es<\/a><\/h3><p class=\"elementor-image-box-description\">Articula\u00e7\u00f5es saud\u00e1veis permitem movimentos com flexibilidade e dor m\u00ednima. Envolve a manuten\u00e7\u00e3o da cartilagem, dos ligamentos e da fun\u00e7\u00e3o global das articula\u00e7\u00f5es para uma vida ativa.<\/p><\/div><\/div>\t\t\t\t<\/div>\n\t\t\t\t<\/div>\n\t\t\t\t<div class=\"elementor-element elementor-element-137ffd9 elementor-position-top elementor-widget elementor-widget-image-box\" data-id=\"137ffd9\" data-element_type=\"widget\" data-e-type=\"widget\" data-widget_type=\"image-box.default\">\n\t\t\t\t<div class=\"elementor-widget-container\">\n\t\t\t\t\t<div class=\"elementor-image-box-wrapper\"><figure class=\"elementor-image-box-img\"><a href=\"https:\/\/collagensei.com\/pt\/nutricao-mineral\/\" tabindex=\"-1\"><img decoding=\"async\" width=\"788\" height=\"526\" src=\"https:\/\/collagensei.com\/wp-content\/uploads\/2025\/01\/Hydrolyzed-Gelatin.png\" class=\"attachment-full size-full wp-image-4465\" alt=\"Nutri\u00e7\u00e3o mineral\" srcset=\"https:\/\/collagensei.com\/wp-content\/uploads\/2025\/01\/Hydrolyzed-Gelatin.png 788w, https:\/\/collagensei.com\/wp-content\/uploads\/2025\/01\/Hydrolyzed-Gelatin-300x200.png 300w, https:\/\/collagensei.com\/wp-content\/uploads\/2025\/01\/Hydrolyzed-Gelatin-768x513.png 768w\" sizes=\"(max-width: 788px) 100vw, 788px\" \/><\/a><\/figure><div class=\"elementor-image-box-content\"><h3 class=\"elementor-image-box-title\"><a href=\"https:\/\/collagensei.com\/pt\/nutricao-mineral\/\">Nutri\u00e7\u00e3o mineral<\/a><\/h3><p class=\"elementor-image-box-description\">A nutri\u00e7\u00e3o mineral envolve a ingest\u00e3o e utiliza\u00e7\u00e3o de elementos inorg\u00e2nicos essenciais (minerais) para o correto funcionamento do corpo, crescimento e sa\u00fade geral.<\/p><\/div><\/div>\t\t\t\t<\/div>\n\t\t\t\t<\/div>\n\t\t\t\t<div class=\"elementor-element elementor-element-8122551 elementor-position-top elementor-widget elementor-widget-image-box\" data-id=\"8122551\" data-element_type=\"widget\" data-e-type=\"widget\" data-widget_type=\"image-box.default\">\n\t\t\t\t<div class=\"elementor-widget-container\">\n\t\t\t\t\t<div class=\"elementor-image-box-wrapper\"><figure class=\"elementor-image-box-img\"><a href=\"https:\/\/collagensei.com\/pt\/ingredientes-especiais\/\" tabindex=\"-1\"><img decoding=\"async\" width=\"742\" height=\"478\" src=\"https:\/\/collagensei.com\/wp-content\/uploads\/2025\/02\/N-Acetyl-Glucosamine.png\" class=\"attachment-full size-full wp-image-4503\" alt=\"N-acetil-glucosamina em p\u00f3\" srcset=\"https:\/\/collagensei.com\/wp-content\/uploads\/2025\/02\/N-Acetyl-Glucosamine.png 742w, https:\/\/collagensei.com\/wp-content\/uploads\/2025\/02\/N-Acetyl-Glucosamine-300x193.png 300w\" sizes=\"(max-width: 742px) 100vw, 742px\" \/><\/a><\/figure><div class=\"elementor-image-box-content\"><h3 class=\"elementor-image-box-title\"><a href=\"https:\/\/collagensei.com\/pt\/ingredientes-especiais\/\">Ingredientes especiais<\/a><\/h3><p class=\"elementor-image-box-description\">Ingredientes especiais como \u00f3leo de peixe, CoQ10, <a class=\"wpil_keyword_link\" href=\"https:\/\/collagensei.com\/pt\/ingredientes-especiais\/oleo-de-algas-dha\/\" target=\"_blank\" rel=\"noopener\" title=\"\u00d3leo de Algas DHA\" data-wpil-keyword-link=\"linked\" data-wpil-monitor-id=\"1766\">\u00d3leo de Algas DHA<\/a>, e o \u00f3leo de linha\u00e7a s\u00e3o fontes naturais de nutrientes espec\u00edficos que oferecem benef\u00edcios espec\u00edficos para a sa\u00fade.<\/p><\/div><\/div>\t\t\t\t<\/div>\n\t\t\t\t<\/div>\n\t\t\t\t<div class=\"elementor-element elementor-element-74b5311 elementor-position-top elementor-widget elementor-widget-image-box\" data-id=\"74b5311\" data-element_type=\"widget\" data-e-type=\"widget\" data-widget_type=\"image-box.default\">\n\t\t\t\t<div class=\"elementor-widget-container\">\n\t\t\t\t\t<div class=\"elementor-image-box-wrapper\"><figure class=\"elementor-image-box-img\"><a href=\"https:\/\/collagensei.com\/pt\/nutricao-desportiva\/\" tabindex=\"-1\"><img loading=\"lazy\" decoding=\"async\" width=\"801\" height=\"530\" src=\"https:\/\/collagensei.com\/wp-content\/uploads\/2025\/01\/5-MTHF.png\" class=\"attachment-full size-full wp-image-4452\" alt=\"Nutri\u00e7\u00e3o desportiva\" srcset=\"https:\/\/collagensei.com\/wp-content\/uploads\/2025\/01\/5-MTHF.png 801w, https:\/\/collagensei.com\/wp-content\/uploads\/2025\/01\/5-MTHF-300x199.png 300w, https:\/\/collagensei.com\/wp-content\/uploads\/2025\/01\/5-MTHF-768x508.png 768w\" sizes=\"(max-width: 801px) 100vw, 801px\" \/><\/a><\/figure><div class=\"elementor-image-box-content\"><h3 class=\"elementor-image-box-title\"><a href=\"https:\/\/collagensei.com\/pt\/nutricao-desportiva\/\">Nutri\u00e7\u00e3o desportiva<\/a><\/h3><p class=\"elementor-image-box-description\">A nutri\u00e7\u00e3o desportiva centra-se em estrat\u00e9gias de dieta e hidrata\u00e7\u00e3o para otimizar o desempenho atl\u00e9tico, apoiar o treino e melhorar a recupera\u00e7\u00e3o p\u00f3s-exerc\u00edcio. <\/p><\/div><\/div>\t\t\t\t<\/div>\n\t\t\t\t<\/div>\n\t\t\t\t<div class=\"elementor-element elementor-element-3573499 elementor-position-top elementor-widget elementor-widget-image-box\" data-id=\"3573499\" data-element_type=\"widget\" data-e-type=\"widget\" data-widget_type=\"image-box.default\">\n\t\t\t\t<div class=\"elementor-widget-container\">\n\t\t\t\t\t<div class=\"elementor-image-box-wrapper\"><figure class=\"elementor-image-box-img\"><a href=\"https:\/\/collagensei.com\/pt\/vitaminas\/\" tabindex=\"-1\"><img loading=\"lazy\" decoding=\"async\" width=\"831\" height=\"556\" src=\"https:\/\/collagensei.com\/wp-content\/uploads\/2024\/11\/Evening-Primrose-Oil-vs-Vitamin-E.png\" class=\"attachment-full size-full wp-image-4076\" alt=\"Vitaminas\" \/><\/a><\/figure><div class=\"elementor-image-box-content\"><h3 class=\"elementor-image-box-title\"><a href=\"https:\/\/collagensei.com\/pt\/vitaminas\/\">Vitaminas<\/a><\/h3><p class=\"elementor-image-box-description\">As vitaminas s\u00e3o compostos org\u00e2nicos essenciais necess\u00e1rios em pequenas quantidades para as fun\u00e7\u00f5es vitais do organismo.  Apoiam o crescimento, o desenvolvimento e a sa\u00fade em geral, sendo normalmente obtidas atrav\u00e9s da alimenta\u00e7\u00e3o<\/p><\/div><\/div>\t\t\t\t<\/div>\n\t\t\t\t<\/div>\n\t\t\t\t<\/div>\n\t\t\t\t\t<\/div>\n\t\t\t\t<\/div>\n\t\t<div class=\"elementor-element elementor-element-fc747be e-flex e-con-boxed e-con e-parent\" data-id=\"fc747be\" data-element_type=\"container\" data-e-type=\"container\">\n\t\t\t\t\t<div class=\"e-con-inner\">\n\t\t\t\t<div class=\"elementor-element elementor-element-8b2b2d6 elementor-widget elementor-widget-heading\" data-id=\"8b2b2d6\" data-element_type=\"widget\" data-e-type=\"widget\" data-widget_type=\"heading.default\">\n\t\t\t\t<div class=\"elementor-widget-container\">\n\t\t\t\t\t<h2 class=\"elementor-heading-title elementor-size-default\">resumo dos tipos de ingredientes dos suplementos alimentares<\/h2>\t\t\t\t<\/div>\n\t\t\t\t<\/div>\n\t\t\t\t<div class=\"elementor-element elementor-element-3f2af34 elementor-widget elementor-widget-text-editor\" data-id=\"3f2af34\" data-element_type=\"widget\" data-e-type=\"widget\" data-widget_type=\"text-editor.default\">\n\t\t\t\t<div class=\"elementor-widget-container\">\n\t\t\t\t\t\t\t\t\t<p dir=\"auto\">Abaixo est\u00e1 uma tabela que resume os tipos de ingredientes de suplementos alimentares, suas fun\u00e7\u00f5es, componentes principais e vantagens e desvantagens. Inclui ingredientes relevantes para o fabrico de suplementos alimentares, com uma refer\u00eancia \u00e0 gelatina bovina e \u00e0 glicina como componentes-chave em alguns suplementos.<\/p>\t\t\t\t\t\t\t\t<\/div>\n\t\t\t\t<\/div>\n\t\t\t\t<div class=\"elementor-element elementor-element-f8143ec elementor-widget elementor-widget-text-editor\" data-id=\"f8143ec\" data-element_type=\"widget\" data-e-type=\"widget\" data-widget_type=\"text-editor.default\">\n\t\t\t\t<div class=\"elementor-widget-container\">\n\t\t\t\t\t\t\t\t\t<table><thead><tr><th><strong>Tipo<\/strong><\/th><th><strong>Papel<\/strong><\/th><th><strong>Componentes principais<\/strong><\/th><th><strong>Vantagens<\/strong><\/th><th><strong>Desvantagens<\/strong><\/th><\/tr><\/thead><tbody><tr><td><strong>Vitaminas<\/strong><\/td><td>Apoia a imunidade, a energia, a vis\u00e3o, a sa\u00fade \u00f3ssea e o bem-estar geral<\/td><td>Vitamina A, C, D, E, K, Complexo B (B1, B6, B12)<\/td><td>Refor\u00e7ar as car\u00eancias de nutrientes espec\u00edficos, amplamente estudado, vers\u00e1til nas formula\u00e7\u00f5es<\/td><td>Risco de consumo excessivo (vitaminas lipossol\u00faveis), biodisponibilidade vari\u00e1vel<\/td><\/tr><tr><td><strong>Minerais<\/strong><\/td><td>Promovem a sa\u00fade dos ossos, a fun\u00e7\u00e3o muscular, a sinaliza\u00e7\u00e3o nervosa e a imunidade<\/td><td>C\u00e1lcio, magn\u00e9sio, zinco, ferro, sel\u00e9nio<\/td><td>Essencial para as fun\u00e7\u00f5es metab\u00f3licas, f\u00e1cil de formular em comprimidos\/c\u00e1psulas<\/td><td>Potencial toxicidade em doses elevadas, intera\u00e7\u00f5es com outros nutrientes<\/td><\/tr><tr><td><strong>Plantas medicinais\/Bot\u00e2nicos<\/strong><\/td><td>Proporcionam benef\u00edcios anti-inflamat\u00f3rios, adaptog\u00e9nicos ou antioxidantes<\/td><td>A\u00e7afr\u00e3o-da-terra, ginseng, equin\u00e1cea, ashwagandha<\/td><td>Apelo natural, diversos benef\u00edcios para a sa\u00fade, procura de produtos \u00e0 base de plantas por parte dos consumidores<\/td><td>Normaliza\u00e7\u00e3o limitada, potencial para efeitos secund\u00e1rios ou intera\u00e7\u00f5es medicamentosas<\/td><\/tr><tr><td><strong>Amino\u00e1cidos<\/strong><\/td><td>Apoia a s\u00edntese proteica, a sa\u00fade das articula\u00e7\u00f5es, a recupera\u00e7\u00e3o muscular e o sono<\/td><td>Glicina, lisina, BCAAs, glutamina<\/td><td>Fundamental para o colag\u00e9nio (por exemplo, glicina na gelatina bovina), repara\u00e7\u00e3o muscular, elevada biodisponibilidade<\/td><td>Prote\u00ednas incompletas (por exemplo, a glicina carece de triptofano), problemas de sabor nos p\u00f3s<\/td><\/tr><tr><td><strong>Prote\u00ednas<\/strong><\/td><td>Aumenta o crescimento muscular, a sa\u00fade da pele\/articula\u00e7\u00f5es e a saciedade<\/td><td>Soro de leite, colag\u00e9nio (gelatina bovina), prote\u00edna de ervilha<\/td><td>Elevada procura por parte dos consumidores, apoia a sa\u00fade estrutural, vers\u00e1til em p\u00f3s\/gomas<\/td><td>Alergias (por exemplo, soro de leite \u00e0 base de leite), preocupa\u00e7\u00f5es com a origem (por exemplo, colag\u00e9nio n\u00e3o vegan)<\/td><\/tr><tr><td><strong>\u00c1cidos gordos<\/strong><\/td><td>Apoia a sa\u00fade do cora\u00e7\u00e3o, do c\u00e9rebro e das articula\u00e7\u00f5es<\/td><td>\u00d3mega-3 (DHA\/EPA), \u00f3leo de peixe, \u00f3leo de linha\u00e7a<\/td><td>Anti-inflamat\u00f3rio, bem estudado para benef\u00edcios cardiovasculares<\/td><td>Sabor a peixe, preocupa\u00e7\u00f5es com a sustentabilidade, risco de oxida\u00e7\u00e3o durante a armazenagem<\/td><\/tr><tr><td><strong>Probi\u00f3ticos<\/strong><\/td><td>Promove a sa\u00fade intestinal, a digest\u00e3o e a fun\u00e7\u00e3o imunit\u00e1ria<\/td><td>Estirpes de Lactobacillus, Bifidobacterium<\/td><td>Melhorar o microbioma, interesse crescente dos consumidores, op\u00e7\u00f5es est\u00e1veis dispon\u00edveis<\/td><td>Efic\u00e1cia espec\u00edfica da estirpe, desafios de estabilidade, custo elevado para alta pot\u00eancia<\/td><\/tr><tr><td><strong>Ingredientes especiais<\/strong><\/td><td>Responder a necessidades espec\u00edficas (por exemplo, cora\u00e7\u00e3o, articula\u00e7\u00f5es, sono, apoio cognitivo)<\/td><td>CoQ10, glucosamina, melatonina, \u00e1cido hialur\u00f3nico<\/td><td>Benef\u00edcios espec\u00edficos, grande atra\u00e7\u00e3o do mercado para preocupa\u00e7\u00f5es de sa\u00fade de nicho<\/td><td>Investiga\u00e7\u00e3o limitada para alguns, custos mais elevados, possibilidade de pedidos de indemniza\u00e7\u00e3o exagerados<\/td><\/tr><\/tbody><\/table><p><strong>Notas<\/strong>:<\/p><ul><li><strong>Gelatina bovina Contexto<\/strong>: A gelatina bovina, rica em glicina (~35%), \u00e9 um ingrediente proteico essencial utilizado em gomas, c\u00e1psulas e c\u00e1psulas moles pelas suas propriedades gelificantes e benef\u00edcios para a sa\u00fade das articula\u00e7\u00f5es e da pele.<\/li><li><strong>Aprovisionamento<\/strong>: Os fornecedores de ingredientes para suplementos diet\u00e9ticos garantem a conformidade com as cGMP, a FDA e as certifica\u00e7\u00f5es (por exemplo, Kosher, Halal) em termos de qualidade e seguran\u00e7a.<\/li><li><strong>Tend\u00eancias de consumo<\/strong>: A procura de r\u00f3tulos limpos, n\u00e3o OGM e op\u00e7\u00f5es veganas influencia a sele\u00e7\u00e3o e formula\u00e7\u00e3o de ingredientes.<\/li><\/ul>\t\t\t\t\t\t\t\t<\/div>\n\t\t\t\t<\/div>\n\t\t\t\t\t<\/div>\n\t\t\t\t<\/div>\n\t\t\t\t<\/div>","protected":false},"excerpt":{"rendered":"<p>dietary supplement ingredient supplier Supplement ingredients encompass a wide range of substances, including vitamins, minerals, amino acids like glycine, herbals, [&hellip;]<\/p>\n","protected":false},"author":1,"featured_media":0,"parent":0,"menu_order":0,"comment_status":"closed","ping_status":"closed","template":"","meta":{"_uag_custom_page_level_css":"","site-sidebar-layout":"default","site-content-layout":"","ast-site-content-layout":"default","site-content-style":"default","site-sidebar-style":"default","ast-global-header-display":"","ast-banner-title-visibility":"","ast-main-header-display":"","ast-hfb-above-header-display":"","ast-hfb-below-header-display":"","ast-hfb-mobile-header-display":"","site-post-title":"","ast-breadcrumbs-content":"","ast-featured-img":"","footer-sml-layout":"","ast-disable-related-posts":"","theme-transparent-header-meta":"","adv-header-id-meta":"","stick-header-meta":"","header-above-stick-meta":"","header-main-stick-meta":"","header-below-stick-meta":"","astra-migrate-meta-layouts":"default","ast-page-background-enabled":"default","ast-page-background-meta":{"desktop":{"background-color":"var(--ast-global-color-5)","background-image":"","background-repeat":"repeat","background-position":"center center","background-size":"auto","background-attachment":"scroll","background-type":"","background-media":"","overlay-type":"","overlay-color":"","overlay-opacity":"","overlay-gradient":""},"tablet":{"background-color":"","background-image":"","background-repeat":"repeat","background-position":"center center","background-size":"auto","background-attachment":"scroll","background-type":"","background-media":"","overlay-type":"","overlay-color":"","overlay-opacity":"","overlay-gradient":""},"mobile":{"background-color":"","background-image":"","background-repeat":"repeat","background-position":"center center","background-size":"auto","background-attachment":"scroll","background-type":"","background-media":"","overlay-type":"","overlay-color":"","overlay-opacity":"","overlay-gradient":""}},"ast-content-background-meta":{"desktop":{"background-color":"var(--ast-global-color-4)","background-image":"","background-repeat":"repeat","background-position":"center center","background-size":"auto","background-attachment":"scroll","background-type":"","background-media":"","overlay-type":"","overlay-color":"","overlay-opacity":"","overlay-gradient":""},"tablet":{"background-color":"var(--ast-global-color-4)","background-image":"","background-repeat":"repeat","background-position":"center center","background-size":"auto","background-attachment":"scroll","background-type":"","background-media":"","overlay-type":"","overlay-color":"","overlay-opacity":"","overlay-gradient":""},"mobile":{"background-color":"var(--ast-global-color-4)","background-image":"","background-repeat":"repeat","background-position":"center center","background-size":"auto","background-attachment":"scroll","background-type":"","background-media":"","overlay-type":"","overlay-color":"","overlay-opacity":"","overlay-gradient":""}},"footnotes":""},"class_list":["post-145","page","type-page","status-publish","hentry"],"uagb_featured_image_src":{"full":false,"thumbnail":false,"medium":false,"medium_large":false,"large":false,"1536x1536":false,"2048x2048":false,"trp-custom-language-flag":false},"uagb_author_info":{"display_name":"collagensei.com","author_link":"https:\/\/collagensei.com\/pt\/author\/collagensei\/"},"uagb_comment_info":0,"uagb_excerpt":"dietary supplement ingredient supplier Supplement ingredients encompass a wide range of substances, including vitamins, minerals, amino acids like glycine, herbals, [&hellip;]","_links":{"self":[{"href":"https:\/\/collagensei.com\/pt\/wp-json\/wp\/v2\/pages\/145","targetHints":{"allow":["GET"]}}],"collection":[{"href":"https:\/\/collagensei.com\/pt\/wp-json\/wp\/v2\/pages"}],"about":[{"href":"https:\/\/collagensei.com\/pt\/wp-json\/wp\/v2\/types\/page"}],"author":[{"embeddable":true,"href":"https:\/\/collagensei.com\/pt\/wp-json\/wp\/v2\/users\/1"}],"replies":[{"embeddable":true,"href":"https:\/\/collagensei.com\/pt\/wp-json\/wp\/v2\/comments?post=145"}],"version-history":[{"count":8,"href":"https:\/\/collagensei.com\/pt\/wp-json\/wp\/v2\/pages\/145\/revisions"}],"predecessor-version":[{"id":15827,"href":"https:\/\/collagensei.com\/pt\/wp-json\/wp\/v2\/pages\/145\/revisions\/15827"}],"wp:attachment":[{"href":"https:\/\/collagensei.com\/pt\/wp-json\/wp\/v2\/media?parent=145"}],"curies":[{"name":"wp","href":"https:\/\/api.w.org\/{rel}","templated":true}]}}