{"id":8340,"date":"2025-06-04T15:27:48","date_gmt":"2025-06-04T07:27:48","guid":{"rendered":"https:\/\/collagensei.com\/?page_id=8340"},"modified":"2025-06-04T15:27:51","modified_gmt":"2025-06-04T07:27:51","slug":"termos-e-condicoes","status":"publish","type":"page","link":"https:\/\/collagensei.com\/pt\/terms-and-conditions\/","title":{"rendered":"Termos e condi\u00e7\u00f5es"},"content":{"rendered":"<p>leia atentamente estes termos e condi\u00e7\u00f5es (\"termos e condi\u00e7\u00f5es\", \"termos\") antes de utilizar o s\u00edtio web (\"s\u00edtio web\", \"servi\u00e7o\") operado por (\"n\u00f3s\", \"nosso\").<\/p>\n\n\n\n<p><strong>Condi\u00e7\u00f5es de utiliza\u00e7\u00e3o<\/strong><\/p>\n\n\n\n<p>Ao utilizar este s\u00edtio Web, o utilizador certifica que leu e analisou o presente Acordo e que concorda em cumprir os seus termos. Se n\u00e3o quiser ficar vinculado aos termos do presente Acordo, \u00e9 aconselhado a deixar de utilizar o s\u00edtio Web em conformidade. O site s\u00f3 concede a utiliza\u00e7\u00e3o e o acesso a este s\u00edtio Web, aos seus produtos e aos seus servi\u00e7os a quem tenha aceite os seus termos.<\/p>\n\n\n\n<p><strong>Pol\u00edtica de privacidade<\/strong><\/p>\n\n\n\n<p>Antes de continuar a utilizar o nosso s\u00edtio Web, aconselhamo-lo a ler a nossa pol\u00edtica de privacidade relativa \u00e0 recolha de dados dos utilizadores. Ajud\u00e1-lo-\u00e1 a compreender melhor as nossas pr\u00e1ticas.<\/p>\n\n\n\n<p><strong>Restri\u00e7\u00e3o de idade<\/strong><\/p>\n\n\n\n<p>O utilizador deve ter pelo menos 18 (dezoito) anos de idade para poder utilizar este s\u00edtio Web. Ao utilizar este s\u00edtio Web, o utilizador garante que tem, pelo menos, 18 anos de idade e que pode aderir legalmente a este Acordo. n\u00e3o assume qualquer responsabilidade por obriga\u00e7\u00f5es relacionadas com falsas declara\u00e7\u00f5es de idade.<\/p>\n\n\n\n<p><strong>Propriedade intelectual<\/strong><\/p>\n\n\n\n<p>O utilizador concorda que todos os materiais, produtos e servi\u00e7os fornecidos neste s\u00edtio Web s\u00e3o propriedade da , das suas filiais, diretores, funcion\u00e1rios, agentes, fornecedores ou licenciantes, incluindo todos os direitos de autor, segredos comerciais, marcas comerciais, patentes e outra propriedade intelectual. O utilizador tamb\u00e9m concorda em n\u00e3o reproduzir ou redistribuir a propriedade intelectual da 's de qualquer forma, incluindo registos electr\u00f3nicos, digitais ou de novas marcas comerciais.<\/p>\n\n\n\n<p>O utilizador concede uma licen\u00e7a isenta de royalties e n\u00e3o exclusiva para apresentar, utilizar, copiar, transmitir e difundir o conte\u00fado que carrega e publica. Para quest\u00f5es relacionadas com reivindica\u00e7\u00f5es de propriedade intelectual, deve contactar a empresa para chegar a um acordo.<\/p>\n\n\n\n<p><strong>Contas de utilizador<\/strong><\/p>\n\n\n\n<p>Como utilizador deste s\u00edtio Web, poder\u00e1 ser-lhe pedido que se registe e forne\u00e7a informa\u00e7\u00f5es privadas. O utilizador \u00e9 respons\u00e1vel por garantir a exatid\u00e3o destas informa\u00e7\u00f5es e por manter a seguran\u00e7a das suas informa\u00e7\u00f5es de identifica\u00e7\u00e3o. O utilizador \u00e9 tamb\u00e9m respons\u00e1vel por todas as actividades que ocorram na sua conta ou palavra-passe.<\/p>\n\n\n\n<p>Se considerar que existem eventuais problemas relacionados com a seguran\u00e7a da sua conta no s\u00edtio Web, informe-nos imediatamente para que os possamos resolver em conformidade.<\/p>\n\n\n\n<p>Reservamo-nos todos os direitos de encerrar contas, editar ou remover conte\u00fados e cancelar encomendas, segundo o nosso crit\u00e9rio exclusivo.<\/p>\n\n\n\n<p><strong>Direito aplic\u00e1vel<\/strong><\/p>\n\n\n\n<p>Ao utilizar este s\u00edtio Web, o utilizador concorda que as leis do Reino Unido, sem ter em conta os princ\u00edpios de conflito de leis, reger\u00e3o estes termos e condi\u00e7\u00f5es, ou qualquer lit\u00edgio de qualquer tipo que possa surgir entre o utilizador e o mesmo, ou os seus parceiros comerciais e associados.<\/p>\n\n\n\n<p><strong>Lit\u00edgios<\/strong><\/p>\n\n\n\n<p>Qualquer lit\u00edgio relacionado de alguma forma com a sua utiliza\u00e7\u00e3o deste s\u00edtio Web ou com os produtos que nos compra ser\u00e1 arbitrado por um tribunal estatal ou federal e o utilizador aceita a jurisdi\u00e7\u00e3o e o foro exclusivos desses tribunais.<\/p>\n\n\n\n<p><strong>Indemniza\u00e7\u00e3o<\/strong><\/p>\n\n\n\n<p>O utilizador concorda em indemnizar e isentar as suas filiais de quaisquer reclama\u00e7\u00f5es e exig\u00eancias legais que possam surgir da utiliza\u00e7\u00e3o ou utiliza\u00e7\u00e3o indevida dos nossos servi\u00e7os. Reservamo-nos o direito de selecionar o nosso pr\u00f3prio aconselhamento jur\u00eddico.<\/p>\n\n\n\n<p><strong>Limita\u00e7\u00e3o da responsabilidade<\/strong><\/p>\n\n\n\n<p> n\u00e3o \u00e9 respons\u00e1vel por quaisquer danos que possam ocorrer em resultado da utiliza\u00e7\u00e3o incorrecta do nosso s\u00edtio Web.<\/p>\n\n\n\n<p> reserva-se o direito de editar, modificar e alterar o presente Acordo em qualquer altura. Informaremos os nossos utilizadores destas altera\u00e7\u00f5es atrav\u00e9s de correio eletr\u00f3nico. O presente acordo constitui um entendimento entre o utilizador e o utilizador e substitui todos os acordos anteriores relativos \u00e0 utiliza\u00e7\u00e3o deste s\u00edtio Web.<\/p>","protected":false},"excerpt":{"rendered":"<p>lease read these terms and conditions (&#8220;terms and conditions&#8221;, &#8220;terms&#8221;) carefully before using website (\u201cwebsite\u201d, &#8220;service&#8221;) operated by (&#8220;us&#8221;, &#8216;we&#8221;, [&hellip;]<\/p>\n","protected":false},"author":2,"featured_media":0,"parent":0,"menu_order":0,"comment_status":"closed","ping_status":"closed","template":"","meta":{"_uag_custom_page_level_css":"","site-sidebar-layout":"default","site-content-layout":"","ast-site-content-layout":"","site-content-style":"default","site-sidebar-style":"default","ast-global-header-display":"","ast-banner-title-visibility":"","ast-main-header-display":"","ast-hfb-above-header-display":"","ast-hfb-below-header-display":"","ast-hfb-mobile-header-display":"","site-post-title":"","ast-breadcrumbs-content":"","ast-featured-img":"","footer-sml-layout":"","ast-disable-related-posts":"","theme-transparent-header-meta":"","adv-header-id-meta":"","stick-header-meta":"","header-above-stick-meta":"","header-main-stick-meta":"","header-below-stick-meta":"","astra-migrate-meta-layouts":"default","ast-page-background-enabled":"default","ast-page-background-meta":{"desktop":{"background-color":"var(--ast-global-color-5)","background-image":"","background-repeat":"repeat","background-position":"center center","background-size":"auto","background-attachment":"scroll","background-type":"","background-media":"","overlay-type":"","overlay-color":"","overlay-opacity":"","overlay-gradient":""},"tablet":{"background-color":"","background-image":"","background-repeat":"repeat","background-position":"center center","background-size":"auto","background-attachment":"scroll","background-type":"","background-media":"","overlay-type":"","overlay-color":"","overlay-opacity":"","overlay-gradient":""},"mobile":{"background-color":"","background-image":"","background-repeat":"repeat","background-position":"center center","background-size":"auto","background-attachment":"scroll","background-type":"","background-media":"","overlay-type":"","overlay-color":"","overlay-opacity":"","overlay-gradient":""}},"ast-content-background-meta":{"desktop":{"background-color":"var(--ast-global-color-4)","background-image":"","background-repeat":"repeat","background-position":"center center","background-size":"auto","background-attachment":"scroll","background-type":"","background-media":"","overlay-type":"","overlay-color":"","overlay-opacity":"","overlay-gradient":""},"tablet":{"background-color":"var(--ast-global-color-4)","background-image":"","background-repeat":"repeat","background-position":"center center","background-size":"auto","background-attachment":"scroll","background-type":"","background-media":"","overlay-type":"","overlay-color":"","overlay-opacity":"","overlay-gradient":""},"mobile":{"background-color":"var(--ast-global-color-4)","background-image":"","background-repeat":"repeat","background-position":"center center","background-size":"auto","background-attachment":"scroll","background-type":"","background-media":"","overlay-type":"","overlay-color":"","overlay-opacity":"","overlay-gradient":""}},"footnotes":""},"class_list":["post-8340","page","type-page","status-publish","hentry"],"uagb_featured_image_src":{"full":false,"thumbnail":false,"medium":false,"medium_large":false,"large":false,"1536x1536":false,"2048x2048":false,"trp-custom-language-flag":false},"uagb_author_info":{"display_name":"jiang, xu","author_link":"https:\/\/collagensei.com\/pt\/author\/j-xu\/"},"uagb_comment_info":0,"uagb_excerpt":"lease read these terms and conditions (&#8220;terms and conditions&#8221;, &#8220;terms&#8221;) carefully before using website (\u201cwebsite\u201d, &#8220;service&#8221;) operated by (&#8220;us&#8221;, &#8216;we&#8221;, [&hellip;]","_links":{"self":[{"href":"https:\/\/collagensei.com\/pt\/wp-json\/wp\/v2\/pages\/8340","targetHints":{"allow":["GET"]}}],"collection":[{"href":"https:\/\/collagensei.com\/pt\/wp-json\/wp\/v2\/pages"}],"about":[{"href":"https:\/\/collagensei.com\/pt\/wp-json\/wp\/v2\/types\/page"}],"author":[{"embeddable":true,"href":"https:\/\/collagensei.com\/pt\/wp-json\/wp\/v2\/users\/2"}],"replies":[{"embeddable":true,"href":"https:\/\/collagensei.com\/pt\/wp-json\/wp\/v2\/comments?post=8340"}],"version-history":[{"count":1,"href":"https:\/\/collagensei.com\/pt\/wp-json\/wp\/v2\/pages\/8340\/revisions"}],"predecessor-version":[{"id":8341,"href":"https:\/\/collagensei.com\/pt\/wp-json\/wp\/v2\/pages\/8340\/revisions\/8341"}],"wp:attachment":[{"href":"https:\/\/collagensei.com\/pt\/wp-json\/wp\/v2\/media?parent=8340"}],"curies":[{"name":"wp","href":"https:\/\/api.w.org\/{rel}","templated":true}]}}