{"id":8342,"date":"2025-06-04T15:33:49","date_gmt":"2025-06-04T07:33:49","guid":{"rendered":"https:\/\/collagensei.com\/?page_id=8342"},"modified":"2025-06-04T15:33:51","modified_gmt":"2025-06-04T07:33:51","slug":"politica-de-privacidade","status":"publish","type":"page","link":"https:\/\/collagensei.com\/pt\/privacy-policy\/","title":{"rendered":"Pol\u00edtica de privacidade"},"content":{"rendered":"<p>Esta pol\u00edtica de privacidade (\"pol\u00edtica\") ajud\u00e1-lo-\u00e1 a compreender a forma como (\"n\u00f3s\", \"nosso\", \"nossa\") utiliza e protege os dados que nos fornece quando visita e utiliza (\"blogue\", \"servi\u00e7o\").<\/p>\n\n\n\n<p>Reservamo-nos o direito de alterar esta pol\u00edtica em qualquer altura, sendo o utilizador imediatamente informado. Se quiser certificar-se de que est\u00e1 a par das \u00faltimas altera\u00e7\u00f5es, aconselhamos que visite frequentemente esta p\u00e1gina.<\/p>\n\n\n\n<p><strong>Que dados do utilizador recolhemos<\/strong><\/p>\n\n\n\n<p>Quando visita o blogue, podemos recolher os seguintes dados:<\/p>\n\n\n\n<ul class=\"wp-block-list\">\n<li>O seu endere\u00e7o IP.<\/li>\n\n\n\n<li>As suas informa\u00e7\u00f5es de contacto e endere\u00e7o de correio eletr\u00f3nico.<\/li>\n\n\n\n<li>Outras informa\u00e7\u00f5es, como interesses e prefer\u00eancias.<\/li>\n\n\n\n<li>Perfil de dados relativo ao seu comportamento online no nosso blogue.<\/li>\n<\/ul>\n\n\n\n<p><strong>Porque recolhemos os seus dados<\/strong><\/p>\n\n\n\n<p>Estamos a recolher os seus dados por v\u00e1rias raz\u00f5es:<\/p>\n\n\n\n<ul class=\"wp-block-list\">\n<li>Para compreender melhor as suas necessidades.<\/li>\n\n\n\n<li>Para melhorar os nossos servi\u00e7os e produtos.<\/li>\n\n\n\n<li>Para lhe enviar e-mails promocionais com as informa\u00e7\u00f5es que consideramos interessantes para si.<\/li>\n\n\n\n<li>Para o contactar para preencher inqu\u00e9ritos e participar noutros tipos de estudos de mercado.<\/li>\n\n\n\n<li>Para personalizar o nosso blogue de acordo com o comportamento online e as prefer\u00eancias pessoais do utilizador.<\/li>\n<\/ul>\n\n\n\n<p><strong>Prote\u00e7\u00e3o e seguran\u00e7a dos dados<\/strong><\/p>\n\n\n\n<p> est\u00e1 empenhada em proteger os seus dados e em mant\u00ea-los confidenciais. fez tudo o que estava ao seu alcance para evitar o roubo de dados, o acesso n\u00e3o autorizado e a divulga\u00e7\u00e3o, implementando as mais recentes tecnologias e software, que nos ajudam a salvaguardar todas as informa\u00e7\u00f5es que recolhemos online.<\/p>\n\n\n\n<p><strong>A nossa pol\u00edtica de cookies<\/strong><\/p>\n\n\n\n<p>Se concordar em permitir que o nosso blogue utilize cookies, tamb\u00e9m concorda com a utiliza\u00e7\u00e3o dos dados recolhidos relativamente ao seu comportamento em linha (analisar o tr\u00e1fego na Web, as p\u00e1ginas Web que visita e onde passa mais tempo).<\/p>\n\n\n\n<p>Os dados que recolhemos atrav\u00e9s da utiliza\u00e7\u00e3o de cookies s\u00e3o utilizados para personalizar o nosso blogue de acordo com as suas necessidades. Depois de utilizarmos os dados para an\u00e1lise estat\u00edstica, os dados s\u00e3o completamente removidos dos nossos sistemas.<\/p>\n\n\n\n<p>Tenha em aten\u00e7\u00e3o que os cookies n\u00e3o nos permitem obter qualquer tipo de controlo sobre o seu computador. S\u00e3o utilizados estritamente para monitorizar as p\u00e1ginas que o utilizador considera \u00fateis e as que n\u00e3o considera, de modo a podermos proporcionar-lhe uma melhor experi\u00eancia.<\/p>\n\n\n\n<p>Se quiser desativar os cookies, pode faz\u00ea-lo acedendo \u00e0s defini\u00e7\u00f5es do seu navegador de Internet. Pode visitar <a href=\"https:\/\/www.internetcookies.com\" target=\"_blank\" rel=\"noreferrer noopener nofollow\">https:\/\/www.internetcookies.com<\/a>que cont\u00e9m informa\u00e7\u00f5es completas sobre como o fazer numa grande variedade de navegadores e dispositivos.<\/p>\n\n\n\n<p><strong>Liga\u00e7\u00f5es para outros s\u00edtios Web<\/strong><\/p>\n\n\n\n<p>O nosso blogue cont\u00e9m liga\u00e7\u00f5es que conduzem a outros s\u00edtios Web. Se clicar nessas liga\u00e7\u00f5es, n\u00e3o somos respons\u00e1veis pela prote\u00e7\u00e3o dos seus dados e da sua privacidade. A visita a esses s\u00edtios Web n\u00e3o \u00e9 regida pelo presente acordo sobre a pol\u00edtica de privacidade. Certifique-se de que l\u00ea a documenta\u00e7\u00e3o relativa \u00e0 pol\u00edtica de privacidade do s\u00edtio Web para onde vai a partir do nosso s\u00edtio Web.<\/p>\n\n\n\n<p><strong>Restringir a recolha dos seus dados pessoais<\/strong><\/p>\n\n\n\n<p>A dada altura, o utilizador poder\u00e1 querer restringir a utiliza\u00e7\u00e3o e a recolha dos seus dados pessoais. Para o efeito, pode fazer o seguinte:<\/p>\n\n\n\n<p>Quando estiver a preencher os formul\u00e1rios do blogue, certifique-se de que verifica se existe uma caixa que pode deixar desmarcada, se n\u00e3o quiser divulgar as suas informa\u00e7\u00f5es pessoais.<\/p>\n\n\n\n<p>Se j\u00e1 concordou em partilhar as suas informa\u00e7\u00f5es connosco, n\u00e3o hesite em contactar-nos por correio eletr\u00f3nico e teremos todo o prazer em alterar esta situa\u00e7\u00e3o.<\/p>\n\n\n\n<p> n\u00e3o alugar\u00e1, vender\u00e1 ou distribuir\u00e1 as suas informa\u00e7\u00f5es pessoais a terceiros, exceto se tivermos a sua autoriza\u00e7\u00e3o. Poderemos faz\u00ea-lo se a lei a isso nos obrigar. As suas informa\u00e7\u00f5es pessoais ser\u00e3o utilizadas quando precisarmos de lhe enviar materiais promocionais, se concordar com esta pol\u00edtica de privacidade.<\/p>\n\n\n\n<p><\/p>","protected":false},"excerpt":{"rendered":"<p>This privacy policy (&#8220;policy&#8221;) will help you understand how (&#8220;us&#8221;, &#8220;we&#8221;, &#8220;our&#8221;) uses and protects the data you provide to [&hellip;]<\/p>\n","protected":false},"author":2,"featured_media":0,"parent":0,"menu_order":0,"comment_status":"closed","ping_status":"closed","template":"","meta":{"_uag_custom_page_level_css":"","site-sidebar-layout":"default","site-content-layout":"","ast-site-content-layout":"","site-content-style":"default","site-sidebar-style":"default","ast-global-header-display":"","ast-banner-title-visibility":"","ast-main-header-display":"","ast-hfb-above-header-display":"","ast-hfb-below-header-display":"","ast-hfb-mobile-header-display":"","site-post-title":"","ast-breadcrumbs-content":"","ast-featured-img":"","footer-sml-layout":"","ast-disable-related-posts":"","theme-transparent-header-meta":"","adv-header-id-meta":"","stick-header-meta":"","header-above-stick-meta":"","header-main-stick-meta":"","header-below-stick-meta":"","astra-migrate-meta-layouts":"default","ast-page-background-enabled":"default","ast-page-background-meta":{"desktop":{"background-color":"var(--ast-global-color-5)","background-image":"","background-repeat":"repeat","background-position":"center center","background-size":"auto","background-attachment":"scroll","background-type":"","background-media":"","overlay-type":"","overlay-color":"","overlay-opacity":"","overlay-gradient":""},"tablet":{"background-color":"","background-image":"","background-repeat":"repeat","background-position":"center center","background-size":"auto","background-attachment":"scroll","background-type":"","background-media":"","overlay-type":"","overlay-color":"","overlay-opacity":"","overlay-gradient":""},"mobile":{"background-color":"","background-image":"","background-repeat":"repeat","background-position":"center center","background-size":"auto","background-attachment":"scroll","background-type":"","background-media":"","overlay-type":"","overlay-color":"","overlay-opacity":"","overlay-gradient":""}},"ast-content-background-meta":{"desktop":{"background-color":"var(--ast-global-color-4)","background-image":"","background-repeat":"repeat","background-position":"center center","background-size":"auto","background-attachment":"scroll","background-type":"","background-media":"","overlay-type":"","overlay-color":"","overlay-opacity":"","overlay-gradient":""},"tablet":{"background-color":"var(--ast-global-color-4)","background-image":"","background-repeat":"repeat","background-position":"center center","background-size":"auto","background-attachment":"scroll","background-type":"","background-media":"","overlay-type":"","overlay-color":"","overlay-opacity":"","overlay-gradient":""},"mobile":{"background-color":"var(--ast-global-color-4)","background-image":"","background-repeat":"repeat","background-position":"center center","background-size":"auto","background-attachment":"scroll","background-type":"","background-media":"","overlay-type":"","overlay-color":"","overlay-opacity":"","overlay-gradient":""}},"footnotes":""},"class_list":["post-8342","page","type-page","status-publish","hentry"],"uagb_featured_image_src":{"full":false,"thumbnail":false,"medium":false,"medium_large":false,"large":false,"1536x1536":false,"2048x2048":false,"trp-custom-language-flag":false},"uagb_author_info":{"display_name":"jiang, xu","author_link":"https:\/\/collagensei.com\/pt\/author\/j-xu\/"},"uagb_comment_info":0,"uagb_excerpt":"This privacy policy (&#8220;policy&#8221;) will help you understand how (&#8220;us&#8221;, &#8220;we&#8221;, &#8220;our&#8221;) uses and protects the data you provide to [&hellip;]","_links":{"self":[{"href":"https:\/\/collagensei.com\/pt\/wp-json\/wp\/v2\/pages\/8342","targetHints":{"allow":["GET"]}}],"collection":[{"href":"https:\/\/collagensei.com\/pt\/wp-json\/wp\/v2\/pages"}],"about":[{"href":"https:\/\/collagensei.com\/pt\/wp-json\/wp\/v2\/types\/page"}],"author":[{"embeddable":true,"href":"https:\/\/collagensei.com\/pt\/wp-json\/wp\/v2\/users\/2"}],"replies":[{"embeddable":true,"href":"https:\/\/collagensei.com\/pt\/wp-json\/wp\/v2\/comments?post=8342"}],"version-history":[{"count":1,"href":"https:\/\/collagensei.com\/pt\/wp-json\/wp\/v2\/pages\/8342\/revisions"}],"predecessor-version":[{"id":8344,"href":"https:\/\/collagensei.com\/pt\/wp-json\/wp\/v2\/pages\/8342\/revisions\/8344"}],"wp:attachment":[{"href":"https:\/\/collagensei.com\/pt\/wp-json\/wp\/v2\/media?parent=8342"}],"curies":[{"name":"wp","href":"https:\/\/api.w.org\/{rel}","templated":true}]}}