{"id":882,"date":"2024-07-16T09:21:17","date_gmt":"2024-07-16T01:21:17","guid":{"rendered":"https:\/\/collagensei.com\/?page_id=882"},"modified":"2025-04-21T18:12:06","modified_gmt":"2025-04-21T10:12:06","slug":"formula-personalizada","status":"publish","type":"page","link":"https:\/\/collagensei.com\/pt\/customized-formula\/","title":{"rendered":"F\u00f3rmula personalizada"},"content":{"rendered":"<div data-elementor-type=\"wp-page\" data-elementor-id=\"882\" class=\"elementor elementor-882\" data-elementor-post-type=\"page\">\n\t\t\t\t<div class=\"elementor-element elementor-element-0f6145d e-flex e-con-boxed e-con e-parent\" data-id=\"0f6145d\" data-element_type=\"container\" data-e-type=\"container\">\n\t\t\t\t\t<div class=\"e-con-inner\">\n\t\t\t\t<div class=\"elementor-element elementor-element-e649a52 elementor-widget elementor-widget-heading\" data-id=\"e649a52\" data-element_type=\"widget\" data-e-type=\"widget\" data-widget_type=\"heading.default\">\n\t\t\t\t<div class=\"elementor-widget-container\">\n\t\t\t\t\t<h1 class=\"elementor-heading-title elementor-size-default\">Formula\u00e7\u00f5es personalizadas para suplementos alimentares<\/h1>\t\t\t\t<\/div>\n\t\t\t\t<\/div>\n\t\t\t\t\t<\/div>\n\t\t\t\t<\/div>\n\t\t<div class=\"elementor-element elementor-element-f7e1539 e-flex e-con-boxed e-con e-parent\" data-id=\"f7e1539\" data-element_type=\"container\" data-e-type=\"container\">\n\t\t\t\t\t<div class=\"e-con-inner\">\n\t\t<div class=\"elementor-element elementor-element-e9a3f90 e-grid e-con-full e-con e-child\" data-id=\"e9a3f90\" data-element_type=\"container\" data-e-type=\"container\">\n\t\t\t\t<div class=\"elementor-element elementor-element-bb6fde3 elementor-widget elementor-widget-image\" data-id=\"bb6fde3\" data-element_type=\"widget\" data-e-type=\"widget\" data-widget_type=\"image.default\">\n\t\t\t\t<div class=\"elementor-widget-container\">\n\t\t\t\t\t\t\t\t\t\t\t\t\t\t\t<img fetchpriority=\"high\" decoding=\"async\" width=\"900\" height=\"910\" src=\"https:\/\/collagensei.com\/wp-content\/uploads\/2025\/03\/\u5c4f\u5e55\u622a\u56fe-2025-03-13-215800.png\" class=\"attachment-full size-full wp-image-4768\" alt=\"Formula\u00e7\u00f5es personalizadas para suplementos alimentares\" \/>\t\t\t\t\t\t\t\t\t\t\t\t\t\t\t<\/div>\n\t\t\t\t<\/div>\n\t\t\t\t<div class=\"elementor-element elementor-element-c22db99 elementor-widget elementor-widget-text-editor\" data-id=\"c22db99\" data-element_type=\"widget\" data-e-type=\"widget\" data-widget_type=\"text-editor.default\">\n\t\t\t\t<div class=\"elementor-widget-container\">\n\t\t\t\t\t\t\t\t\t<p data-sourcepos=\"1:1-1:459\">As f\u00f3rmulas personalizadas para suplementos alimentares representam uma abordagem personalizada para a cria\u00e7\u00e3o de produtos nutricionais que satisfazem exatamente as necessidades espec\u00edficas e as exig\u00eancias do mercado. Ao contr\u00e1rio das f\u00f3rmulas prontas a usar, os suplementos personalizados s\u00e3o desenvolvidos a partir do zero, permitindo um controlo total sobre a sele\u00e7\u00e3o de ingredientes, dosagens e m\u00e9todos de administra\u00e7\u00e3o. Este processo personalizado permite \u00e0s marcas criar produtos \u00fanicos e eficazes que se destacam num mercado competitivo.<\/p><p data-sourcepos=\"3:1-3:406\">Uma das principais vantagens das f\u00f3rmulas personalizadas \u00e9 a capacidade de visar nichos de mercado ou abordar preocupa\u00e7\u00f5es de sa\u00fade espec\u00edficas. Quer se trate de um suplemento concebido para desportistas, idosos ou indiv\u00edduos com restri\u00e7\u00f5es alimentares espec\u00edficas, as f\u00f3rmulas personalizadas garantem que o produto se alinha perfeitamente com o p\u00fablico a que se destina. Esta precis\u00e3o pode levar a uma maior efic\u00e1cia e a uma maior satisfa\u00e7\u00e3o do cliente.<\/p><p data-sourcepos=\"3:1-3:406\">O processo come\u00e7a normalmente com uma consulta exaustiva entre a marca e um especialista em formula\u00e7\u00e3o. Esta fase envolve a defini\u00e7\u00e3o dos objectivos do produto, do p\u00fablico-alvo, dos benef\u00edcios desejados para a sa\u00fade e de quaisquer prefer\u00eancias ou restri\u00e7\u00f5es espec\u00edficas em termos de ingredientes. Com base nesta informa\u00e7\u00e3o, uma equipa de cientistas e nutricionistas experientes desenvolve uma f\u00f3rmula \u00fanica, tendo em conta a investiga\u00e7\u00e3o cient\u00edfica mais recente e as diretrizes regulamentares.<\/p>\t\t\t\t\t\t\t\t<\/div>\n\t\t\t\t<\/div>\n\t\t\t\t<\/div>\n\t\t\t\t<div class=\"elementor-element elementor-element-309f088 elementor-widget elementor-widget-text-editor\" data-id=\"309f088\" data-element_type=\"widget\" data-e-type=\"widget\" data-widget_type=\"text-editor.default\">\n\t\t\t\t<div class=\"elementor-widget-container\">\n\t\t\t\t\t\t\t\t\t<p data-sourcepos=\"7:1-7:454\">As f\u00f3rmulas personalizadas oferecem uma flexibilidade sem paralelo na sele\u00e7\u00e3o de ingredientes. As marcas podem escolher vitaminas espec\u00edficas, minerais, extractos de ervas, amino\u00e1cidos e outros compostos bioactivos conhecidos pelos seus efeitos sin\u00e9rgicos. A capacidade de controlar a dosagem de cada ingrediente garante uma pot\u00eancia e seguran\u00e7a \u00f3ptimas. Al\u00e9m disso, as f\u00f3rmulas personalizadas permitem a incorpora\u00e7\u00e3o de ingredientes inovadores ou misturas exclusivas que podem proporcionar uma vantagem competitiva.<\/p><p data-sourcepos=\"9:1-9:313\">Para al\u00e9m dos pr\u00f3prios ingredientes, as f\u00f3rmulas personalizadas tamb\u00e9m se estendem ao m\u00e9todo de administra\u00e7\u00e3o. Quer o formato desejado seja c\u00e1psulas, comprimidos, p\u00f3s, gomas ou l\u00edquidos, a formula\u00e7\u00e3o pode ser adaptada em conformidade. Esta flexibilidade garante que o produto final seja conveniente e apelativo para o consumidor-alvo.<\/p><p data-sourcepos=\"11:1-11:646\">A escolha de formula\u00e7\u00f5es personalizadas para suplementos alimentares oferece in\u00fameras vantagens. Permite a cria\u00e7\u00e3o de produtos verdadeiramente \u00fanicos que respondem a necessidades espec\u00edficas do mercado, aumenta a diferencia\u00e7\u00e3o da marca e conduz potencialmente a uma maior fidelidade do cliente. Embora possa envolver um processo de desenvolvimento mais complexo em compara\u00e7\u00e3o com a rotulagem privada, a capacidade de criar um suplemento adaptado com precis\u00e3o e altamente eficaz pode ser um trunfo significativo para qualquer marca de suplementos alimentares que pretenda ter um impacto duradouro. Esta abordagem acaba por colocar a marca no controlo da identidade e da efic\u00e1cia do produto, promovendo a confian\u00e7a e a credibilidade junto dos consumidores.<\/p>\t\t\t\t\t\t\t\t<\/div>\n\t\t\t\t<\/div>\n\t\t\t\t\t<\/div>\n\t\t\t\t<\/div>\n\t\t\t\t<\/div>","protected":false},"excerpt":{"rendered":"<p>Custom Formulations For Dietary Supplements Custom formulations for dietary supplements represent a tailored approach to creating nutritional products that precisely [&hellip;]<\/p>\n","protected":false},"author":1,"featured_media":0,"parent":0,"menu_order":0,"comment_status":"closed","ping_status":"closed","template":"","meta":{"_uag_custom_page_level_css":"","site-sidebar-layout":"no-sidebar","site-content-layout":"","ast-site-content-layout":"full-width-container","site-content-style":"default","site-sidebar-style":"default","ast-global-header-display":"","ast-banner-title-visibility":"","ast-main-header-display":"","ast-hfb-above-header-display":"","ast-hfb-below-header-display":"","ast-hfb-mobile-header-display":"","site-post-title":"disabled","ast-breadcrumbs-content":"","ast-featured-img":"disabled","footer-sml-layout":"","ast-disable-related-posts":"","theme-transparent-header-meta":"","adv-header-id-meta":"","stick-header-meta":"","header-above-stick-meta":"","header-main-stick-meta":"","header-below-stick-meta":"","astra-migrate-meta-layouts":"default","ast-page-background-enabled":"default","ast-page-background-meta":{"desktop":{"background-color":"var(--ast-global-color-5)","background-image":"","background-repeat":"repeat","background-position":"center center","background-size":"auto","background-attachment":"scroll","background-type":"","background-media":"","overlay-type":"","overlay-color":"","overlay-opacity":"","overlay-gradient":""},"tablet":{"background-color":"","background-image":"","background-repeat":"repeat","background-position":"center center","background-size":"auto","background-attachment":"scroll","background-type":"","background-media":"","overlay-type":"","overlay-color":"","overlay-opacity":"","overlay-gradient":""},"mobile":{"background-color":"","background-image":"","background-repeat":"repeat","background-position":"center center","background-size":"auto","background-attachment":"scroll","background-type":"","background-media":"","overlay-type":"","overlay-color":"","overlay-opacity":"","overlay-gradient":""}},"ast-content-background-meta":{"desktop":{"background-color":"var(--ast-global-color-4)","background-image":"","background-repeat":"repeat","background-position":"center center","background-size":"auto","background-attachment":"scroll","background-type":"","background-media":"","overlay-type":"","overlay-color":"","overlay-opacity":"","overlay-gradient":""},"tablet":{"background-color":"var(--ast-global-color-4)","background-image":"","background-repeat":"repeat","background-position":"center center","background-size":"auto","background-attachment":"scroll","background-type":"","background-media":"","overlay-type":"","overlay-color":"","overlay-opacity":"","overlay-gradient":""},"mobile":{"background-color":"var(--ast-global-color-4)","background-image":"","background-repeat":"repeat","background-position":"center center","background-size":"auto","background-attachment":"scroll","background-type":"","background-media":"","overlay-type":"","overlay-color":"","overlay-opacity":"","overlay-gradient":""}},"footnotes":""},"class_list":["post-882","page","type-page","status-publish","hentry"],"uagb_featured_image_src":{"full":false,"thumbnail":false,"medium":false,"medium_large":false,"large":false,"1536x1536":false,"2048x2048":false,"trp-custom-language-flag":false},"uagb_author_info":{"display_name":"collagensei.com","author_link":"https:\/\/collagensei.com\/pt\/author\/collagensei\/"},"uagb_comment_info":0,"uagb_excerpt":"Custom Formulations For Dietary Supplements Custom formulations for dietary supplements represent a tailored approach to creating nutritional products that precisely [&hellip;]","_links":{"self":[{"href":"https:\/\/collagensei.com\/pt\/wp-json\/wp\/v2\/pages\/882","targetHints":{"allow":["GET"]}}],"collection":[{"href":"https:\/\/collagensei.com\/pt\/wp-json\/wp\/v2\/pages"}],"about":[{"href":"https:\/\/collagensei.com\/pt\/wp-json\/wp\/v2\/types\/page"}],"author":[{"embeddable":true,"href":"https:\/\/collagensei.com\/pt\/wp-json\/wp\/v2\/users\/1"}],"replies":[{"embeddable":true,"href":"https:\/\/collagensei.com\/pt\/wp-json\/wp\/v2\/comments?post=882"}],"version-history":[{"count":3,"href":"https:\/\/collagensei.com\/pt\/wp-json\/wp\/v2\/pages\/882\/revisions"}],"predecessor-version":[{"id":6249,"href":"https:\/\/collagensei.com\/pt\/wp-json\/wp\/v2\/pages\/882\/revisions\/6249"}],"wp:attachment":[{"href":"https:\/\/collagensei.com\/pt\/wp-json\/wp\/v2\/media?parent=882"}],"curies":[{"name":"wp","href":"https:\/\/api.w.org\/{rel}","templated":true}]}}