{"id":145,"date":"2025-02-14T11:19:59","date_gmt":"2025-02-14T03:19:59","guid":{"rendered":"https:\/\/collagensei.com\/?page_id=145"},"modified":"2025-07-09T16:29:46","modified_gmt":"2025-07-09T08:29:46","slug":"besin-takviyesi-icerik-tedarikcisi","status":"publish","type":"page","link":"https:\/\/collagensei.com\/tr\/dietary-supplement-ingredient-supplier\/","title":{"rendered":"\u00dcr\u00fcn"},"content":{"rendered":"<div data-elementor-type=\"wp-page\" data-elementor-id=\"145\" class=\"elementor elementor-145\" data-elementor-post-type=\"page\">\n\t\t\t\t<div class=\"elementor-element elementor-element-79c382e e-flex e-con-boxed e-con e-parent\" data-id=\"79c382e\" data-element_type=\"container\" data-e-type=\"container\">\n\t\t\t\t\t<div class=\"e-con-inner\">\n\t\t\t\t<div class=\"elementor-element elementor-element-930970b elementor-widget elementor-widget-heading\" data-id=\"930970b\" data-element_type=\"widget\" data-e-type=\"widget\" data-widget_type=\"heading.default\">\n\t\t\t\t<div class=\"elementor-widget-container\">\n\t\t\t\t\t<h1 class=\"elementor-heading-title elementor-size-default\">besin takviyesi i\u00e7erik tedarik\u00e7isi<\/h1>\t\t\t\t<\/div>\n\t\t\t\t<\/div>\n\t\t\t\t<div class=\"elementor-element elementor-element-fc310a6 elementor-widget elementor-widget-text-editor\" data-id=\"fc310a6\" data-element_type=\"widget\" data-e-type=\"widget\" data-widget_type=\"text-editor.default\">\n\t\t\t\t<div class=\"elementor-widget-container\">\n\t\t\t\t\t\t\t\t\t<p>Takviye edici g\u0131dalar, sa\u011fl\u0131k ve zindeli\u011fi desteklemek \u00fczere tasarlanm\u0131\u015f vitaminler, mineraller, glisin gibi amino asitler, bitkisel maddeler, proteinler, ya\u011f asitleri ve probiyotikler dahil olmak \u00fczere \u00e7ok \u00e7e\u015fitli maddeleri kapsar. G\u00fcvenilir besin takviyesi i\u00e7erik tedarik\u00e7isinden temin edilmi\u015ftir <strong>GENSEI<\/strong>Bu bile\u015fenler s\u0131k\u0131 kalite ve d\u00fczenleme standartlar\u0131n\u0131 (\u00f6rn. cGMP, FDA) kar\u015f\u0131lar ve a\u015fa\u011f\u0131daki gibi formlarda mevcuttur <a href=\"https:\/\/collagensei.com\/tr\/kapsul-takviyesi-ureticisi\/\">kaps\u00fcller<\/a>, <a href=\"https:\/\/collagensei.com\/tr\/sakizli-takviye-ureticisi\/\">sak\u0131zlar<\/a>, <a href=\"https:\/\/collagensei.com\/tr\/toz-takvi%cc%87ye-ureti%cc%87ci%cc%87si%cc%87\/\">TOZLAR<\/a>veya <a href=\"https:\/\/collagensei.com\/tr\/sivi-takviye-ureticisi\/\">s\u0131v\u0131lar<\/a>yarat\u0131lmas\u0131na olanak tan\u0131yan <a href=\"https:\/\/collagensei.com\/tr\/ozel-ozel-eti%cc%87ket-takvi%cc%87yesi%cc%87\/\">ki\u015fiye \u00f6zel diyet takviyeleri<\/a> farkl\u0131 t\u00fcketici ihtiya\u00e7lar\u0131 i\u00e7in.<\/p>\t\t\t\t\t\t\t\t<\/div>\n\t\t\t\t<\/div>\n\t\t\t\t\t<\/div>\n\t\t\t\t<\/div>\n\t\t<div class=\"elementor-element elementor-element-50ba9d54 e-flex e-con-boxed e-con e-parent\" data-id=\"50ba9d54\" data-element_type=\"container\" data-e-type=\"container\">\n\t\t\t\t\t<div class=\"e-con-inner\">\n\t\t<div class=\"elementor-element elementor-element-8f8e211 e-grid e-con-full e-con e-child\" data-id=\"8f8e211\" data-element_type=\"container\" data-e-type=\"container\">\n\t\t\t\t<div class=\"elementor-element elementor-element-eedb1ae elementor-position-top elementor-widget elementor-widget-image-box\" data-id=\"eedb1ae\" data-element_type=\"widget\" data-e-type=\"widget\" data-widget_type=\"image-box.default\">\n\t\t\t\t<div class=\"elementor-widget-container\">\n\t\t\t\t\t<div class=\"elementor-image-box-wrapper\"><figure class=\"elementor-image-box-img\"><a href=\"https:\/\/collagensei.com\/tr\/amino-asi%cc%87tler\/\" tabindex=\"-1\"><img decoding=\"async\" src=\"https:\/\/collagensei.com\/wp-content\/uploads\/2025\/01\/R5P-e1742804072322.png\" title=\"Amino Asitler\" alt=\"Amino Asitler\" loading=\"lazy\" \/><\/a><\/figure><div class=\"elementor-image-box-content\"><h3 class=\"elementor-image-box-title\"><a href=\"https:\/\/collagensei.com\/tr\/amino-asi%cc%87tler\/\">Amino Asitler<\/a><\/h3><p class=\"elementor-image-box-description\">Amino asitler proteinlerin temel yap\u0131 ta\u015flar\u0131d\u0131r. 1 Her biri bir amino grubuna ba\u011fl\u0131 merkezi bir karbon, bir karboksil grubu, bir hidrojen atomu ve \u00f6zelliklerini belirleyen benzersiz bir yan zincir i\u00e7erir.<\/p><\/div><\/div>\t\t\t\t<\/div>\n\t\t\t\t<\/div>\n\t\t\t\t<div class=\"elementor-element elementor-element-140be8d elementor-position-top elementor-widget elementor-widget-image-box\" data-id=\"140be8d\" data-element_type=\"widget\" data-e-type=\"widget\" data-widget_type=\"image-box.default\">\n\t\t\t\t<div class=\"elementor-widget-container\">\n\t\t\t\t\t<div class=\"elementor-image-box-wrapper\"><figure class=\"elementor-image-box-img\"><a href=\"https:\/\/collagensei.com\/tr\/bitki-ozleri\/\" tabindex=\"-1\"><img decoding=\"async\" src=\"https:\/\/collagensei.com\/wp-content\/uploads\/elementor\/thumbs\/Berberine-HCL-r3tv7w9mubamksungz4ifxdd7l5djnh4lp7tmtai2c.png\" title=\"Bitkisel Ekstraktlar\" alt=\"Bitkisel Ekstraktlar\" loading=\"lazy\" \/><\/a><\/figure><div class=\"elementor-image-box-content\"><h3 class=\"elementor-image-box-title\"><a href=\"https:\/\/collagensei.com\/tr\/bitki-ozleri\/\">Bitki \u00d6zleri<\/a><\/h3><p class=\"elementor-image-box-description\">Bitki \u00f6zleri, bitkilerden elde edilen konsantre maddelerdir. \u00c7e\u015fitli faydal\u0131 bile\u015fikler i\u00e7erirler ve sa\u011fl\u0131k, tatland\u0131rma veya kozmetik ama\u00e7larla kullan\u0131l\u0131rlar. <\/p><\/div><\/div>\t\t\t\t<\/div>\n\t\t\t\t<\/div>\n\t\t\t\t<div class=\"elementor-element elementor-element-ba03448 elementor-position-top elementor-widget elementor-widget-image-box\" data-id=\"ba03448\" data-element_type=\"widget\" data-e-type=\"widget\" data-widget_type=\"image-box.default\">\n\t\t\t\t<div class=\"elementor-widget-container\">\n\t\t\t\t\t<div class=\"elementor-image-box-wrapper\"><figure class=\"elementor-image-box-img\"><a href=\"https:\/\/collagensei.com\/tr\/eklem-sagligi\/\" tabindex=\"-1\"><img fetchpriority=\"high\" decoding=\"async\" width=\"782\" height=\"522\" src=\"https:\/\/collagensei.com\/wp-content\/uploads\/2025\/02\/creatine-monohydrate.png\" class=\"attachment-full size-full wp-image-4498\" alt=\"Eklem Sa\u011fl\u0131\u011f\u0131\" srcset=\"https:\/\/collagensei.com\/wp-content\/uploads\/2025\/02\/creatine-monohydrate.png 782w, https:\/\/collagensei.com\/wp-content\/uploads\/2025\/02\/creatine-monohydrate-300x200.png 300w, https:\/\/collagensei.com\/wp-content\/uploads\/2025\/02\/creatine-monohydrate-768x513.png 768w\" sizes=\"(max-width: 782px) 100vw, 782px\" \/><\/a><\/figure><div class=\"elementor-image-box-content\"><h3 class=\"elementor-image-box-title\"><a href=\"https:\/\/collagensei.com\/tr\/eklem-sagligi\/\">Eklem Sa\u011fl\u0131\u011f\u0131<\/a><\/h3><p class=\"elementor-image-box-description\">Sa\u011fl\u0131kl\u0131 eklemler esneklik ve minimum a\u011fr\u0131 ile hareket etmeyi sa\u011flar. Aktif bir ya\u015fam i\u00e7in k\u0131k\u0131rdak, ba\u011flar ve genel eklem fonksiyonunun korunmas\u0131n\u0131 i\u00e7erir.<\/p><\/div><\/div>\t\t\t\t<\/div>\n\t\t\t\t<\/div>\n\t\t\t\t<div class=\"elementor-element elementor-element-137ffd9 elementor-position-top elementor-widget elementor-widget-image-box\" data-id=\"137ffd9\" data-element_type=\"widget\" data-e-type=\"widget\" data-widget_type=\"image-box.default\">\n\t\t\t\t<div class=\"elementor-widget-container\">\n\t\t\t\t\t<div class=\"elementor-image-box-wrapper\"><figure class=\"elementor-image-box-img\"><a href=\"https:\/\/collagensei.com\/tr\/mineral-beslenme\/\" tabindex=\"-1\"><img decoding=\"async\" width=\"788\" height=\"526\" src=\"https:\/\/collagensei.com\/wp-content\/uploads\/2025\/01\/Hydrolyzed-Gelatin.png\" class=\"attachment-full size-full wp-image-4465\" alt=\"Mineral Beslenme\" srcset=\"https:\/\/collagensei.com\/wp-content\/uploads\/2025\/01\/Hydrolyzed-Gelatin.png 788w, https:\/\/collagensei.com\/wp-content\/uploads\/2025\/01\/Hydrolyzed-Gelatin-300x200.png 300w, https:\/\/collagensei.com\/wp-content\/uploads\/2025\/01\/Hydrolyzed-Gelatin-768x513.png 768w\" sizes=\"(max-width: 788px) 100vw, 788px\" \/><\/a><\/figure><div class=\"elementor-image-box-content\"><h3 class=\"elementor-image-box-title\"><a href=\"https:\/\/collagensei.com\/tr\/mineral-beslenme\/\">Mineral Beslenme<\/a><\/h3><p class=\"elementor-image-box-description\">Mineral beslenme, uygun v\u00fccut fonksiyonu, b\u00fcy\u00fcme ve genel sa\u011fl\u0131k i\u00e7in gerekli inorganik elementlerin (mineraller) al\u0131m\u0131n\u0131 ve kullan\u0131m\u0131n\u0131 i\u00e7erir.<\/p><\/div><\/div>\t\t\t\t<\/div>\n\t\t\t\t<\/div>\n\t\t\t\t<div class=\"elementor-element elementor-element-8122551 elementor-position-top elementor-widget elementor-widget-image-box\" data-id=\"8122551\" data-element_type=\"widget\" data-e-type=\"widget\" data-widget_type=\"image-box.default\">\n\t\t\t\t<div class=\"elementor-widget-container\">\n\t\t\t\t\t<div class=\"elementor-image-box-wrapper\"><figure class=\"elementor-image-box-img\"><a href=\"https:\/\/collagensei.com\/tr\/ozel-malzemeler\/\" tabindex=\"-1\"><img decoding=\"async\" width=\"742\" height=\"478\" src=\"https:\/\/collagensei.com\/wp-content\/uploads\/2025\/02\/N-Acetyl-Glucosamine.png\" class=\"attachment-full size-full wp-image-4503\" alt=\"N-Asetil- Glukozamin Tozu\" srcset=\"https:\/\/collagensei.com\/wp-content\/uploads\/2025\/02\/N-Acetyl-Glucosamine.png 742w, https:\/\/collagensei.com\/wp-content\/uploads\/2025\/02\/N-Acetyl-Glucosamine-300x193.png 300w\" sizes=\"(max-width: 742px) 100vw, 742px\" \/><\/a><\/figure><div class=\"elementor-image-box-content\"><h3 class=\"elementor-image-box-title\"><a href=\"https:\/\/collagensei.com\/tr\/ozel-malzemeler\/\">\u00d6zel Malzemeler<\/a><\/h3><p class=\"elementor-image-box-description\">Bal\u0131k Ya\u011f\u0131, CoQ10 gibi \u00f6zel bile\u015fenler, <a class=\"wpil_keyword_link\" href=\"https:\/\/collagensei.com\/tr\/ozel-malzemeler\/dha-algal-yag\/\" target=\"_blank\" rel=\"noopener\" title=\"DHA Algal Ya\u011f\u0131\" data-wpil-keyword-link=\"linked\" data-wpil-monitor-id=\"1766\">DHA Yosun Ya\u011f\u0131<\/a>, ve keten tohumu ya\u011f\u0131, belirli besin maddelerinin do\u011fal kaynaklar\u0131d\u0131r ve hedeflenen sa\u011fl\u0131k yararlar\u0131 sa\u011flar.<\/p><\/div><\/div>\t\t\t\t<\/div>\n\t\t\t\t<\/div>\n\t\t\t\t<div class=\"elementor-element elementor-element-74b5311 elementor-position-top elementor-widget elementor-widget-image-box\" data-id=\"74b5311\" data-element_type=\"widget\" data-e-type=\"widget\" data-widget_type=\"image-box.default\">\n\t\t\t\t<div class=\"elementor-widget-container\">\n\t\t\t\t\t<div class=\"elementor-image-box-wrapper\"><figure class=\"elementor-image-box-img\"><a href=\"https:\/\/collagensei.com\/tr\/spor-beslenme\/\" tabindex=\"-1\"><img loading=\"lazy\" decoding=\"async\" width=\"801\" height=\"530\" src=\"https:\/\/collagensei.com\/wp-content\/uploads\/2025\/01\/5-MTHF.png\" class=\"attachment-full size-full wp-image-4452\" alt=\"Sporcu Beslenmesi\" srcset=\"https:\/\/collagensei.com\/wp-content\/uploads\/2025\/01\/5-MTHF.png 801w, https:\/\/collagensei.com\/wp-content\/uploads\/2025\/01\/5-MTHF-300x199.png 300w, https:\/\/collagensei.com\/wp-content\/uploads\/2025\/01\/5-MTHF-768x508.png 768w\" sizes=\"(max-width: 801px) 100vw, 801px\" \/><\/a><\/figure><div class=\"elementor-image-box-content\"><h3 class=\"elementor-image-box-title\"><a href=\"https:\/\/collagensei.com\/tr\/spor-beslenme\/\">Sporcu Beslenmesi<\/a><\/h3><p class=\"elementor-image-box-description\">Sporcu beslenmesi, atletik performans\u0131 optimize etmek, antrenman\u0131 desteklemek ve egzersiz sonras\u0131 iyile\u015fmeyi art\u0131rmak i\u00e7in diyet ve hidrasyon stratejilerine odaklan\u0131r. <\/p><\/div><\/div>\t\t\t\t<\/div>\n\t\t\t\t<\/div>\n\t\t\t\t<div class=\"elementor-element elementor-element-3573499 elementor-position-top elementor-widget elementor-widget-image-box\" data-id=\"3573499\" data-element_type=\"widget\" data-e-type=\"widget\" data-widget_type=\"image-box.default\">\n\t\t\t\t<div class=\"elementor-widget-container\">\n\t\t\t\t\t<div class=\"elementor-image-box-wrapper\"><figure class=\"elementor-image-box-img\"><a href=\"https:\/\/collagensei.com\/tr\/vitaminler\/\" tabindex=\"-1\"><img loading=\"lazy\" decoding=\"async\" width=\"831\" height=\"556\" src=\"https:\/\/collagensei.com\/wp-content\/uploads\/2024\/11\/Evening-Primrose-Oil-vs-Vitamin-E.png\" class=\"attachment-full size-full wp-image-4076\" alt=\"Vitaminler\" \/><\/a><\/figure><div class=\"elementor-image-box-content\"><h3 class=\"elementor-image-box-title\"><a href=\"https:\/\/collagensei.com\/tr\/vitaminler\/\">Vitaminler<\/a><\/h3><p class=\"elementor-image-box-description\">Vitaminler, hayati v\u00fccut fonksiyonlar\u0131 i\u00e7in k\u00fc\u00e7\u00fck miktarlarda ihtiya\u00e7 duyulan temel organik bile\u015fiklerdir.  B\u00fcy\u00fcme, geli\u015fme ve genel sa\u011fl\u0131\u011f\u0131 desteklerler, genellikle diyet yoluyla elde edilirler<\/p><\/div><\/div>\t\t\t\t<\/div>\n\t\t\t\t<\/div>\n\t\t\t\t<\/div>\n\t\t\t\t\t<\/div>\n\t\t\t\t<\/div>\n\t\t<div class=\"elementor-element elementor-element-fc747be e-flex e-con-boxed e-con e-parent\" data-id=\"fc747be\" data-element_type=\"container\" data-e-type=\"container\">\n\t\t\t\t\t<div class=\"e-con-inner\">\n\t\t\t\t<div class=\"elementor-element elementor-element-8b2b2d6 elementor-widget elementor-widget-heading\" data-id=\"8b2b2d6\" data-element_type=\"widget\" data-e-type=\"widget\" data-widget_type=\"heading.default\">\n\t\t\t\t<div class=\"elementor-widget-container\">\n\t\t\t\t\t<h2 class=\"elementor-heading-title elementor-size-default\">Besin takviyesi bile\u015fenlerinin t\u00fcrlerinin \u00f6zetlenmesi<\/h2>\t\t\t\t<\/div>\n\t\t\t\t<\/div>\n\t\t\t\t<div class=\"elementor-element elementor-element-3f2af34 elementor-widget elementor-widget-text-editor\" data-id=\"3f2af34\" data-element_type=\"widget\" data-e-type=\"widget\" data-widget_type=\"text-editor.default\">\n\t\t\t\t<div class=\"elementor-widget-container\">\n\t\t\t\t\t\t\t\t\t<p dir=\"auto\">A\u015fa\u011f\u0131da besin takviyesi bile\u015fenlerinin t\u00fcrlerini, rollerini, temel bile\u015fenlerini, avantaj ve dezavantajlar\u0131n\u0131 \u00f6zetleyen bir tablo yer almaktad\u0131r. Bu, baz\u0131 takviyelerdeki temel bile\u015fenler olarak s\u0131\u011f\u0131r jelatini ve glisine bir selam vererek, diyet takviyesi \u00fcretimi ile ilgili bile\u015fenleri i\u00e7erir.<\/p>\t\t\t\t\t\t\t\t<\/div>\n\t\t\t\t<\/div>\n\t\t\t\t<div class=\"elementor-element elementor-element-f8143ec elementor-widget elementor-widget-text-editor\" data-id=\"f8143ec\" data-element_type=\"widget\" data-e-type=\"widget\" data-widget_type=\"text-editor.default\">\n\t\t\t\t<div class=\"elementor-widget-container\">\n\t\t\t\t\t\t\t\t\t<table><thead><tr><th><strong>Tip<\/strong><\/th><th><strong>Rol<\/strong><\/th><th><strong>Temel Bile\u015fenler<\/strong><\/th><th><strong>Avantajlar<\/strong><\/th><th><strong>Dezavantajlar<\/strong><\/th><\/tr><\/thead><tbody><tr><td><strong>Vitaminler<\/strong><\/td><td>Ba\u011f\u0131\u015f\u0131kl\u0131\u011f\u0131, enerjiyi, g\u00f6rmeyi, kemik sa\u011fl\u0131\u011f\u0131n\u0131 ve genel sa\u011fl\u0131\u011f\u0131 destekler<\/td><td>A, C, D, E, K vitamini, B-kompleksi (B1, B6, B12)<\/td><td>Spesifik besin eksikliklerini giderir, yayg\u0131n olarak \u00e7al\u0131\u015f\u0131lm\u0131\u015ft\u0131r, form\u00fclasyonlarda \u00e7ok y\u00f6nl\u00fcd\u00fcr<\/td><td>A\u015f\u0131r\u0131 t\u00fcketim riski (ya\u011fda \u00e7\u00f6z\u00fcnen vitaminler), de\u011fi\u015fken biyoyararlan\u0131m<\/td><\/tr><tr><td><strong>Mineraller<\/strong><\/td><td>Kemik sa\u011fl\u0131\u011f\u0131n\u0131, kas fonksiyonunu, sinir sinyalizasyonunu ve ba\u011f\u0131\u015f\u0131kl\u0131\u011f\u0131 destekler<\/td><td>Kalsiyum, magnezyum, \u00e7inko, demir, selenyum<\/td><td>Metabolik fonksiyonlar i\u00e7in gereklidir, tablet\/kaps\u00fcl \u015feklinde form\u00fcle edilmesi kolayd\u0131r<\/td><td>Y\u00fcksek dozlarda potansiyel toksisite, di\u011fer besinlerle etkile\u015fimler<\/td><\/tr><tr><td><strong>Bitkiler\/Botanikler<\/strong><\/td><td>Anti-enflamatuar, adaptojenik veya antioksidan faydalar sa\u011flar<\/td><td>Zerde\u00e7al, ginseng, ekinezya, ashwagandha<\/td><td>Do\u011fal \u00e7ekicilik, \u00e7e\u015fitli sa\u011fl\u0131k faydalar\u0131, bitki bazl\u0131 \u00fcr\u00fcnlere y\u00f6nelik t\u00fcketici talebi<\/td><td>S\u0131n\u0131rl\u0131 standardizasyon, yan etki veya ila\u00e7 etkile\u015fimi potansiyeli<\/td><\/tr><tr><td><strong>Amino Asitler<\/strong><\/td><td>Protein sentezini, eklem sa\u011fl\u0131\u011f\u0131n\u0131, kas iyile\u015fmesini ve uykuyu destekler<\/td><td>Glisin, lizin, BCAA'lar, glutamin<\/td><td>Kolajen i\u00e7in anahtar (\u00f6rne\u011fin, s\u0131\u011f\u0131r jelatinindeki glisin), kas onar\u0131m\u0131, y\u00fcksek biyoyararlan\u0131m<\/td><td>Eksik proteinler (\u00f6rne\u011fin, glisin triptofandan yoksundur), tozlarda tat sorunlar\u0131<\/td><\/tr><tr><td><strong>Proteinler<\/strong><\/td><td>Kas geli\u015fimini, cilt\/eklem sa\u011fl\u0131\u011f\u0131n\u0131 ve toklu\u011fu art\u0131r\u0131r<\/td><td>Peynir alt\u0131 suyu, kolajen (s\u0131\u011f\u0131r jelatini), bezelye proteini<\/td><td>Y\u00fcksek t\u00fcketici talebi, yap\u0131sal sa\u011fl\u0131\u011f\u0131 destekler, toz\/sak\u0131z halinde \u00e7ok y\u00f6nl\u00fcd\u00fcr<\/td><td>Alerjiler (\u00f6rn. s\u00fct bazl\u0131 peynir alt\u0131 suyu), kaynak endi\u015feleri (\u00f6rn. vegan olmayan kolajen)<\/td><\/tr><tr><td><strong>Ya\u011f Asitleri<\/strong><\/td><td>Kalp, beyin ve eklem sa\u011fl\u0131\u011f\u0131n\u0131 destekler<\/td><td>Omega-3 (DHA\/EPA), bal\u0131k ya\u011f\u0131, keten tohumu ya\u011f\u0131<\/td><td>Anti-enflamatuar, kardiyovask\u00fcler faydalar\u0131 iyi ara\u015ft\u0131r\u0131lm\u0131\u015f<\/td><td>Bal\u0131k tad\u0131, s\u00fcrd\u00fcr\u00fclebilirlik endi\u015feleri, depolamada oksidasyon riski<\/td><\/tr><tr><td><strong>Probiyotikler<\/strong><\/td><td>Ba\u011f\u0131rsak sa\u011fl\u0131\u011f\u0131n\u0131, sindirimi ve ba\u011f\u0131\u015f\u0131kl\u0131k fonksiyonunu destekler<\/td><td>Lactobacillus, Bifidobacterium su\u015flar\u0131<\/td><td>Mikrobiyomun iyile\u015ftirilmesi, t\u00fcketici ilgisinin artmas\u0131, rafta saklanabilir se\u00e7eneklerin mevcut olmas\u0131<\/td><td>Su\u015fa \u00f6zg\u00fc etkinlik, stabilite zorluklar\u0131, y\u00fcksek potens i\u00e7in y\u00fcksek maliyet<\/td><\/tr><tr><td><strong>\u00d6zel Malzemeler<\/strong><\/td><td>\u00d6zel ihtiya\u00e7lara y\u00f6nelik (\u00f6rn. kalp, eklem, uyku, bili\u015fsel destek)<\/td><td>CoQ10, glukozamin, melatonin, hyaluronik asit<\/td><td>Hedeflenen faydalar, ni\u015f sa\u011fl\u0131k sorunlar\u0131 i\u00e7in y\u00fcksek pazar cazibesi<\/td><td>Baz\u0131lar\u0131 i\u00e7in s\u0131n\u0131rl\u0131 ara\u015ft\u0131rma, daha y\u00fcksek maliyetler, abart\u0131l\u0131 talep potansiyeli<\/td><\/tr><\/tbody><\/table><p><strong>Notlar<\/strong>:<\/p><ul><li><strong>S\u0131\u011f\u0131r Jelatini Ba\u011flam\u0131<\/strong>: Glisin (~35%) bak\u0131m\u0131ndan zengin olan s\u0131\u011f\u0131r jelatini, jelle\u015fme \u00f6zellikleri ve eklem\/cilt sa\u011fl\u0131\u011f\u0131na faydalar\u0131 nedeniyle sak\u0131zlarda, kaps\u00fcllerde ve yumu\u015fak jellerde kullan\u0131lan \u00f6nemli bir protein bile\u015fenidir.<\/li><li><strong>Kaynak Kullan\u0131m\u0131<\/strong>: Besin takviyesi bile\u015fen tedarik\u00e7ileri, kalite ve g\u00fcvenlik i\u00e7in cGMP, FDA ve sertifikalara (\u00f6rn. Kosher, Helal) uygunlu\u011fu sa\u011flar.<\/li><li><strong>T\u00fcketici E\u011filimleri<\/strong>: Temiz etiketli, GDO'suz ve vegan se\u00e7eneklere y\u00f6nelik talep, bile\u015fen se\u00e7imini ve form\u00fclasyonunu etkilemektedir.<\/li><\/ul>\t\t\t\t\t\t\t\t<\/div>\n\t\t\t\t<\/div>\n\t\t\t\t\t<\/div>\n\t\t\t\t<\/div>\n\t\t\t\t<\/div>","protected":false},"excerpt":{"rendered":"<p>dietary supplement ingredient supplier Supplement ingredients encompass a wide range of substances, including vitamins, minerals, amino acids like glycine, herbals, [&hellip;]<\/p>\n","protected":false},"author":1,"featured_media":0,"parent":0,"menu_order":0,"comment_status":"closed","ping_status":"closed","template":"","meta":{"_uag_custom_page_level_css":"","site-sidebar-layout":"default","site-content-layout":"","ast-site-content-layout":"default","site-content-style":"default","site-sidebar-style":"default","ast-global-header-display":"","ast-banner-title-visibility":"","ast-main-header-display":"","ast-hfb-above-header-display":"","ast-hfb-below-header-display":"","ast-hfb-mobile-header-display":"","site-post-title":"","ast-breadcrumbs-content":"","ast-featured-img":"","footer-sml-layout":"","ast-disable-related-posts":"","theme-transparent-header-meta":"","adv-header-id-meta":"","stick-header-meta":"","header-above-stick-meta":"","header-main-stick-meta":"","header-below-stick-meta":"","astra-migrate-meta-layouts":"default","ast-page-background-enabled":"default","ast-page-background-meta":{"desktop":{"background-color":"var(--ast-global-color-5)","background-image":"","background-repeat":"repeat","background-position":"center center","background-size":"auto","background-attachment":"scroll","background-type":"","background-media":"","overlay-type":"","overlay-color":"","overlay-opacity":"","overlay-gradient":""},"tablet":{"background-color":"","background-image":"","background-repeat":"repeat","background-position":"center center","background-size":"auto","background-attachment":"scroll","background-type":"","background-media":"","overlay-type":"","overlay-color":"","overlay-opacity":"","overlay-gradient":""},"mobile":{"background-color":"","background-image":"","background-repeat":"repeat","background-position":"center center","background-size":"auto","background-attachment":"scroll","background-type":"","background-media":"","overlay-type":"","overlay-color":"","overlay-opacity":"","overlay-gradient":""}},"ast-content-background-meta":{"desktop":{"background-color":"var(--ast-global-color-4)","background-image":"","background-repeat":"repeat","background-position":"center center","background-size":"auto","background-attachment":"scroll","background-type":"","background-media":"","overlay-type":"","overlay-color":"","overlay-opacity":"","overlay-gradient":""},"tablet":{"background-color":"var(--ast-global-color-4)","background-image":"","background-repeat":"repeat","background-position":"center center","background-size":"auto","background-attachment":"scroll","background-type":"","background-media":"","overlay-type":"","overlay-color":"","overlay-opacity":"","overlay-gradient":""},"mobile":{"background-color":"var(--ast-global-color-4)","background-image":"","background-repeat":"repeat","background-position":"center center","background-size":"auto","background-attachment":"scroll","background-type":"","background-media":"","overlay-type":"","overlay-color":"","overlay-opacity":"","overlay-gradient":""}},"footnotes":""},"class_list":["post-145","page","type-page","status-publish","hentry"],"uagb_featured_image_src":{"full":false,"thumbnail":false,"medium":false,"medium_large":false,"large":false,"1536x1536":false,"2048x2048":false,"trp-custom-language-flag":false},"uagb_author_info":{"display_name":"collagensei.com","author_link":"https:\/\/collagensei.com\/tr\/author\/collagensei\/"},"uagb_comment_info":0,"uagb_excerpt":"dietary supplement ingredient supplier Supplement ingredients encompass a wide range of substances, including vitamins, minerals, amino acids like glycine, herbals, [&hellip;]","_links":{"self":[{"href":"https:\/\/collagensei.com\/tr\/wp-json\/wp\/v2\/pages\/145","targetHints":{"allow":["GET"]}}],"collection":[{"href":"https:\/\/collagensei.com\/tr\/wp-json\/wp\/v2\/pages"}],"about":[{"href":"https:\/\/collagensei.com\/tr\/wp-json\/wp\/v2\/types\/page"}],"author":[{"embeddable":true,"href":"https:\/\/collagensei.com\/tr\/wp-json\/wp\/v2\/users\/1"}],"replies":[{"embeddable":true,"href":"https:\/\/collagensei.com\/tr\/wp-json\/wp\/v2\/comments?post=145"}],"version-history":[{"count":8,"href":"https:\/\/collagensei.com\/tr\/wp-json\/wp\/v2\/pages\/145\/revisions"}],"predecessor-version":[{"id":15827,"href":"https:\/\/collagensei.com\/tr\/wp-json\/wp\/v2\/pages\/145\/revisions\/15827"}],"wp:attachment":[{"href":"https:\/\/collagensei.com\/tr\/wp-json\/wp\/v2\/media?parent=145"}],"curies":[{"name":"wp","href":"https:\/\/api.w.org\/{rel}","templated":true}]}}