{"id":4799,"date":"2025-03-20T09:01:01","date_gmt":"2025-03-20T01:01:01","guid":{"rendered":"https:\/\/collagensei.com\/?page_id=4799"},"modified":"2025-06-09T14:19:39","modified_gmt":"2025-06-09T06:19:39","slug":"kus-yuvasi-peptidi","status":"publish","type":"page","link":"https:\/\/collagensei.com\/tr\/sports-nutrition-manufacturer\/birds-nest-peptide\/","title":{"rendered":"Ku\u015f Yuvas\u0131 Peptidi"},"content":{"rendered":"<div data-elementor-type=\"wp-page\" data-elementor-id=\"4799\" class=\"elementor elementor-4799\" data-elementor-post-type=\"page\">\n\t\t\t\t<div class=\"elementor-element elementor-element-7a24127 e-flex e-con-boxed e-con e-parent\" data-id=\"7a24127\" data-element_type=\"container\" data-e-type=\"container\">\n\t\t\t\t\t<div class=\"e-con-inner\">\n\t\t<div class=\"elementor-element elementor-element-e040d00 e-con-full e-flex e-con e-child\" data-id=\"e040d00\" data-element_type=\"container\" data-e-type=\"container\">\n\t\t\t\t<div class=\"elementor-element elementor-element-1d3069a elementor-widget elementor-widget-image\" data-id=\"1d3069a\" data-element_type=\"widget\" data-e-type=\"widget\" data-widget_type=\"image.default\">\n\t\t\t\t<div class=\"elementor-widget-container\">\n\t\t\t\t\t\t\t\t\t\t\t\t\t\t\t<img fetchpriority=\"high\" decoding=\"async\" width=\"815\" height=\"537\" src=\"https:\/\/collagensei.com\/wp-content\/uploads\/2025\/01\/Birds-Nest-Peptide.png\" class=\"attachment-large size-large wp-image-4368\" alt=\"Ku\u015f Yuvas\u0131 Peptidi\" srcset=\"https:\/\/collagensei.com\/wp-content\/uploads\/2025\/01\/Birds-Nest-Peptide.png 815w, https:\/\/collagensei.com\/wp-content\/uploads\/2025\/01\/Birds-Nest-Peptide-300x198.png 300w, https:\/\/collagensei.com\/wp-content\/uploads\/2025\/01\/Birds-Nest-Peptide-768x506.png 768w\" sizes=\"(max-width: 815px) 100vw, 815px\" \/>\t\t\t\t\t\t\t\t\t\t\t\t\t\t\t<\/div>\n\t\t\t\t<\/div>\n\t\t\t\t<\/div>\n\t\t<div class=\"elementor-element elementor-element-f7c87cd e-con-full e-flex e-con e-child\" data-id=\"f7c87cd\" data-element_type=\"container\" data-e-type=\"container\">\n\t\t\t\t<div class=\"elementor-element elementor-element-2d6f367 elementor-widget elementor-widget-heading\" data-id=\"2d6f367\" data-element_type=\"widget\" data-e-type=\"widget\" data-widget_type=\"heading.default\">\n\t\t\t\t<div class=\"elementor-widget-container\">\n\t\t\t\t\t<h1 class=\"elementor-heading-title elementor-size-default\">Ku\u015f Yuvas\u0131 Peptidi<\/h1>\t\t\t\t<\/div>\n\t\t\t\t<\/div>\n\t\t<div class=\"elementor-element elementor-element-1836570 e-con-full e-flex e-con e-child\" data-id=\"1836570\" data-element_type=\"container\" data-e-type=\"container\">\n\t\t\t\t<div class=\"elementor-element elementor-element-0e6da06 elementor-widget elementor-widget-text-editor\" data-id=\"0e6da06\" data-element_type=\"widget\" data-e-type=\"widget\" data-widget_type=\"text-editor.default\">\n\t\t\t\t<div class=\"elementor-widget-container\">\n\t\t\t\t\t\t\t\t\t<div class=\"fusion-text\"><p>Ku\u015f Yuvas\u0131 Peptidi, yenilebilir ku\u015f yuvas\u0131ndan elde edilen biyoaktif bir bile\u015fiktir.<\/p><p>Cildin nemlenmesini ve doku onar\u0131m\u0131n\u0131 destekleyebilir.<\/p><p>Ayr\u0131ca ba\u011f\u0131\u015f\u0131kl\u0131\u011f\u0131 art\u0131rabilir ve ya\u015flanmay\u0131 geciktirebilir.<\/p><\/div><div class=\"fusion-builder-row fusion-builder-row-inner fusion-row\"><div class=\"fusion-layout-column fusion_builder_column fusion_builder_column_1_2 fusion-one-half fusion-column-first 1_2\"><div class=\"fusion-column-wrapper fusion-column-wrapper-1\" data-bg-url=\"\"><div class=\"fusion-title title fusion-title-3 fusion-sep-none fusion-title-text fusion-title-size-four fusion-border-below-title\"><h4 class=\"title-heading-left\"><strong>Sa\u011fl\u0131k faydalar\u0131<\/strong><\/h4><\/div><div class=\"fusion-li-item-content\"><ul><li>Biyolojik olarak y\u00fcksek oranda kullan\u0131labilir<\/li><li>Eklem ve kemik sa\u011fl\u0131\u011f\u0131<\/li><li>Cilt sa\u011fl\u0131\u011f\u0131<\/li><li>Kilo y\u00f6netimi<\/li><\/ul><\/div><\/div><\/div><div class=\"fusion-layout-column fusion_builder_column fusion_builder_column_1_2 fusion-one-half fusion-column-last 1_2\"><div class=\"fusion-column-wrapper fusion-column-wrapper-2\" data-bg-url=\"\"><div class=\"fusion-title title fusion-title-4 fusion-sep-none fusion-title-text fusion-title-size-four fusion-border-below-title\"><h4 class=\"title-heading-left\"><strong>Teknik bilgiler<\/strong><\/h4><\/div><ul><li class=\"fusion-li-item-content\">M\u00fckemmel ak\u0131\u015fkanl\u0131k \u00f6zellikleri<\/li><li class=\"fusion-li-item-content\">\u00dcst\u00fcn \u0131slanabilirlik<\/li><li class=\"fusion-li-item-content\">An\u0131nda da\u011f\u0131labilirlik<\/li><li class=\"fusion-li-item-content\">So\u011fuk suda \u00e7\u00f6z\u00fcn\u00fcrl\u00fck<\/li><li class=\"fusion-li-item-content\">G\u0131da s\u0131n\u0131f\u0131<\/li><\/ul><\/div><\/div><\/div>\t\t\t\t\t\t\t\t<\/div>\n\t\t\t\t<\/div>\n\t\t\t\t<\/div>\n\t\t\t\t<div class=\"elementor-element elementor-element-df1f469 elementor-widget elementor-widget-button\" data-id=\"df1f469\" data-element_type=\"widget\" data-e-type=\"widget\" data-widget_type=\"button.default\">\n\t\t\t\t<div class=\"elementor-widget-container\">\n\t\t\t\t\t\t\t\t\t<div class=\"elementor-button-wrapper\">\n\t\t\t\t\t<a class=\"elementor-button elementor-button-link elementor-size-sm\" href=\"#elementor-action%3Aaction%3Dpopup%3Aopen%26settings%3DeyJpZCI6IjQ5OTIiLCJ0b2dnbGUiOmZhbHNlfQ%3D%3D\">\n\t\t\t\t\t\t<span class=\"elementor-button-content-wrapper\">\n\t\t\t\t\t\t\t\t\t<span class=\"elementor-button-text\">\u015eimdi Teklif Al\u0131n<\/span>\n\t\t\t\t\t<\/span>\n\t\t\t\t\t<\/a>\n\t\t\t\t<\/div>\n\t\t\t\t\t\t\t\t<\/div>\n\t\t\t\t<\/div>\n\t\t\t\t<\/div>\n\t\t\t\t\t<\/div>\n\t\t\t\t<\/div>\n\t\t\t\t<\/div>","protected":false},"excerpt":{"rendered":"<p>Bird\u2019s Nest Peptide Bird&#8217;s Nest Peptide is a bioactive compound extracted from edible bird&#8217;s nest. It can promote skin hydration [&hellip;]<\/p>\n","protected":false},"author":1,"featured_media":0,"parent":4813,"menu_order":0,"comment_status":"closed","ping_status":"closed","template":"","meta":{"_uag_custom_page_level_css":"","site-sidebar-layout":"default","site-content-layout":"","ast-site-content-layout":"default","site-content-style":"default","site-sidebar-style":"default","ast-global-header-display":"","ast-banner-title-visibility":"","ast-main-header-display":"","ast-hfb-above-header-display":"","ast-hfb-below-header-display":"","ast-hfb-mobile-header-display":"","site-post-title":"","ast-breadcrumbs-content":"","ast-featured-img":"","footer-sml-layout":"","ast-disable-related-posts":"","theme-transparent-header-meta":"","adv-header-id-meta":"","stick-header-meta":"","header-above-stick-meta":"","header-main-stick-meta":"","header-below-stick-meta":"","astra-migrate-meta-layouts":"default","ast-page-background-enabled":"default","ast-page-background-meta":{"desktop":{"background-color":"var(--ast-global-color-5)","background-image":"","background-repeat":"repeat","background-position":"center center","background-size":"auto","background-attachment":"scroll","background-type":"","background-media":"","overlay-type":"","overlay-color":"","overlay-opacity":"","overlay-gradient":""},"tablet":{"background-color":"","background-image":"","background-repeat":"repeat","background-position":"center center","background-size":"auto","background-attachment":"scroll","background-type":"","background-media":"","overlay-type":"","overlay-color":"","overlay-opacity":"","overlay-gradient":""},"mobile":{"background-color":"","background-image":"","background-repeat":"repeat","background-position":"center center","background-size":"auto","background-attachment":"scroll","background-type":"","background-media":"","overlay-type":"","overlay-color":"","overlay-opacity":"","overlay-gradient":""}},"ast-content-background-meta":{"desktop":{"background-color":"var(--ast-global-color-4)","background-image":"","background-repeat":"repeat","background-position":"center center","background-size":"auto","background-attachment":"scroll","background-type":"","background-media":"","overlay-type":"","overlay-color":"","overlay-opacity":"","overlay-gradient":""},"tablet":{"background-color":"var(--ast-global-color-4)","background-image":"","background-repeat":"repeat","background-position":"center center","background-size":"auto","background-attachment":"scroll","background-type":"","background-media":"","overlay-type":"","overlay-color":"","overlay-opacity":"","overlay-gradient":""},"mobile":{"background-color":"var(--ast-global-color-4)","background-image":"","background-repeat":"repeat","background-position":"center center","background-size":"auto","background-attachment":"scroll","background-type":"","background-media":"","overlay-type":"","overlay-color":"","overlay-opacity":"","overlay-gradient":""}},"footnotes":""},"class_list":["post-4799","page","type-page","status-publish","hentry"],"uagb_featured_image_src":{"full":false,"thumbnail":false,"medium":false,"medium_large":false,"large":false,"1536x1536":false,"2048x2048":false,"trp-custom-language-flag":false},"uagb_author_info":{"display_name":"collagensei.com","author_link":"https:\/\/collagensei.com\/tr\/author\/collagensei\/"},"uagb_comment_info":0,"uagb_excerpt":"Bird\u2019s Nest Peptide Bird&#8217;s Nest Peptide is a bioactive compound extracted from edible bird&#8217;s nest. It can promote skin hydration [&hellip;]","_links":{"self":[{"href":"https:\/\/collagensei.com\/tr\/wp-json\/wp\/v2\/pages\/4799","targetHints":{"allow":["GET"]}}],"collection":[{"href":"https:\/\/collagensei.com\/tr\/wp-json\/wp\/v2\/pages"}],"about":[{"href":"https:\/\/collagensei.com\/tr\/wp-json\/wp\/v2\/types\/page"}],"author":[{"embeddable":true,"href":"https:\/\/collagensei.com\/tr\/wp-json\/wp\/v2\/users\/1"}],"replies":[{"embeddable":true,"href":"https:\/\/collagensei.com\/tr\/wp-json\/wp\/v2\/comments?post=4799"}],"version-history":[{"count":3,"href":"https:\/\/collagensei.com\/tr\/wp-json\/wp\/v2\/pages\/4799\/revisions"}],"predecessor-version":[{"id":8620,"href":"https:\/\/collagensei.com\/tr\/wp-json\/wp\/v2\/pages\/4799\/revisions\/8620"}],"up":[{"embeddable":true,"href":"https:\/\/collagensei.com\/tr\/wp-json\/wp\/v2\/pages\/4813"}],"wp:attachment":[{"href":"https:\/\/collagensei.com\/tr\/wp-json\/wp\/v2\/media?parent=4799"}],"curies":[{"name":"wp","href":"https:\/\/api.w.org\/{rel}","templated":true}]}}