{"id":588,"date":"2025-01-13T15:13:45","date_gmt":"2025-01-13T07:13:45","guid":{"rendered":"https:\/\/collagensei.com\/?page_id=588"},"modified":"2025-02-17T12:48:46","modified_gmt":"2025-02-17T04:48:46","slug":"ccpro","status":"publish","type":"page","link":"https:\/\/collagensei.com\/tr\/branded-ingredients-2\/ccpro\/","title":{"rendered":"CCPRO\u00ae"},"content":{"rendered":"<p><span style=\"color: #000000;\">G\u00fcn\u00fcm\u00fcz\u00fcn h\u0131zl\u0131 d\u00fcnyas\u0131nda, sa\u011fl\u0131k ve zindelik sekt\u00f6r\u00fc s\u00fcrekli geli\u015fmekte ve t\u00fcketiciler sa\u011fl\u0131klar\u0131na ger\u00e7ekten fayda sa\u011flayabilecek \u00fcr\u00fcnler aramaktad\u0131r. Son zamanlarda b\u00fcy\u00fck ilgi g\u00f6ren bu \u00fcr\u00fcnlerden biri de <strong>CCPRO\u00ae - Temiz Kolajen Peptit<\/strong>. Bu makale, faydalar\u0131, uygulamalar\u0131, \u00fcretim s\u00fcre\u00e7leri ve pazar g\u00f6r\u00fcn\u00fcm\u00fcn\u00fc inceleyerek bu yenilik\u00e7i bile\u015fenin kapsaml\u0131 bir \u015fekilde anla\u015f\u0131lmas\u0131n\u0131 sa\u011flamay\u0131 ama\u00e7lamaktad\u0131r.<\/span><\/p>\n<h3><span style=\"color: #000000;\">CCPRO\u00ae - Temiz Kolajen Peptit nedir?<\/span><\/h3>\n<p><span style=\"color: #000000;\"><strong>CCPRO\u00ae<\/strong>, bilimsel olarak \u015fu \u015fekilde de bilinir <strong>Kolajen Peptit<\/strong>esas olarak hayvansal kaynaklardan elde edilen hidrolize kolajenden olu\u015fur, bu da onu insan sa\u011fl\u0131\u011f\u0131 i\u00e7in olduk\u00e7a faydal\u0131 k\u0131lar. Kimyasal maddeler i\u00e7in tan\u0131mlay\u0131c\u0131 bir kod olan CAS numaras\u0131 \u015f\u00f6yledir <strong>9007-34-5<\/strong>. Tipik olarak, n\u00f6tr bir tada sahip ince beyaz bir toz olarak g\u00f6r\u00fcn\u00fcr ve \u00e7e\u015fitli yiyecek ve i\u00e7ecek \u00fcr\u00fcnlerine kolayca kar\u0131\u015ft\u0131r\u0131labilir.<\/span><\/p>\n<p><span style=\"color: #000000;\">Etkinli\u011fini ve g\u00fcvenli\u011fini sa\u011flamak i\u00e7in CCPRO\u00ae, hem ABD hem de Avrupa y\u00f6netmeliklerine uygun titiz end\u00fcstri standartlar\u0131na g\u00f6re \u00fcretilmektedir. Ambalajlama a\u00e7\u0131s\u0131ndan, zaman i\u00e7inde kalitesini korumak i\u00e7in genellikle nem ge\u00e7irmez torbalarda veya kaplarda gelir. Uygun depolama ile - ideal olarak serin ve kuru bir yerde - CCPRO\u00ae iki y\u0131la kadar raf \u00f6mr\u00fcne sahiptir.<\/span><\/p>\n<h3><span style=\"color: #000000;\">CCPRO\u00ae'nun Arka Plan\u0131<\/span><\/h3>\n<p><span style=\"color: #000000;\">CCPRO\u00ae, kolajen \u00fcretim teknolojisini ilerletmekle ilgilenen \u00f6zel bir ara\u015ft\u0131rma ekibi taraf\u0131ndan geli\u015ftirilmi\u015ftir. Odak noktas\u0131, biyoyararlan\u0131m\u0131 art\u0131ran ve v\u00fccut taraf\u0131ndan maksimum emilimi sa\u011flayan daha temiz, daha etkili bir kolajen peptidi olu\u015fturmak olmu\u015ftur. Bu ara\u015ft\u0131rma, diyet takviyeleri ve fonksiyonel g\u0131dalarda kolajen kullan\u0131m\u0131n\u0131n uzun bir ge\u00e7mi\u015finden kaynaklanmaktad\u0131r ve daha temiz, daha etkili se\u00e7eneklere duyulan ihtiyac\u0131 vurgulamaktad\u0131r.<\/span><\/p>\n<h3><span style=\"color: #000000;\">CCPRO\u00ae'nun Fiziksel \u00d6zellikleri ve Yayg\u0131n Formlar\u0131<\/span><\/h3>\n<p><span style=\"color: #000000;\">Pazarda, CCPRO\u00ae<\/span><\/p>\n<p><span style=\"color: #000000;\">\u00e7o\u011funlukla toz halinde bulunur ve bu da takviye kullan\u0131c\u0131lar\u0131 i\u00e7in idealdir. Bununla birlikte, ya\u011f bazl\u0131 form\u00fclasyonlarda da bulunabilir ve benzersiz \u00fcr\u00fcnler yaratmak isteyen \u00fcreticiler i\u00e7in \u00e7ok y\u00f6nl\u00fcl\u00fck sa\u011flar. Suda \u00e7\u00f6z\u00fcnen yap\u0131s\u0131 smoothie, shake ve di\u011fer i\u00e7eceklere dahil edilmesini kolayla\u015ft\u0131rarak uygulama alan\u0131n\u0131 geni\u015fletir.<\/span><\/p>\n<h3><span style=\"color: #000000;\">\u00dcretim S\u00fcreci ve Yard\u0131mc\u0131 Bile\u015fenler<\/span><\/h3>\n<p><span style=\"color: #000000;\">\u00dcretim <strong>Temiz Hidrolize Kolajen Peptit<\/strong> hayvanlar\u0131n dokular\u0131ndan kolajen elde edilmesini i\u00e7erir, tipik olarak i\u015fleme i\u00e7in g\u00fcvenli bir \u00e7\u00f6z\u00fcc\u00fc olu\u015fturmak \u00fczere su kullan\u0131l\u0131r. \u0130\u015flem, kolajeni v\u00fccut taraf\u0131ndan daha kolay emilen daha k\u00fc\u00e7\u00fck peptitlere par\u00e7alamak i\u00e7in enzimatik hidrolizi i\u00e7erir. Yard\u0131mc\u0131 bile\u015fenler do\u011fal koruyucular ve tatland\u0131r\u0131c\u0131lar i\u00e7erebilirken, \u00fcreticiler form\u00fclasyonlar\u0131 m\u00fcmk\u00fcn oldu\u011funca temiz ve minimalist tutmaya \u00e7al\u0131\u015f\u0131rlar.<\/span><\/p>\n<h3><span style=\"color: #000000;\">CCPRO\u00ae'nun Yayg\u0131n Uygulamalar\u0131<\/span><\/h3>\n<p><span style=\"color: #000000;\">CCPRO\u00ae<\/span><\/p>\n<p><span style=\"color: #000000;\">potansiyel sa\u011fl\u0131k yararlar\u0131 ile yayg\u0131n olarak tan\u0131nmakta ve \u00e7e\u015fitli sekt\u00f6rlerde pop\u00fcler hale gelmektedir:<\/span><\/p>\n<ol>\n<li><span style=\"color: #000000;\"><strong>Besin Takviyeleri<\/strong>: Genellikle ya\u015fa meydan okuyan veya g\u00fczelli\u011fi art\u0131ran \u00fcr\u00fcnler olarak pazarlanan bir\u00e7ok marka, CCPROR'u kaps\u00fcllere, yumu\u015fak jellere veya <a class=\"wpil_keyword_link\" href=\"https:\/\/collagensei.com\/tr\/toz-takvi%cc%87yeleri%cc%87-kapsamli-rehber-2026\/\" target=\"_blank\"  rel=\"noopener\" title=\"Toz Takviyeler Kapsaml\u0131 K\u0131lavuz 2026\" data-wpil-keyword-link=\"linked\"  data-wpil-monitor-id=\"2116\">toz takviyeleri<\/a>.<\/span><\/li>\n<li><span style=\"color: #000000;\"><strong>Fonksiyonel G\u0131dalar<\/strong>: Protein barlar\u0131ndan \u00f6\u011f\u00fcn ikamelerine kadar, \u00fcreticiler \u00fcr\u00fcnlerinin besin profilini geli\u015ftirmek i\u00e7in bu bile\u015feni kullanmaktad\u0131r.<\/span><\/li>\n<li><span style=\"color: #000000;\"><strong>G\u00fczellik ve Sa\u011fl\u0131k \u00dcr\u00fcnleri<\/strong>: Cilt bak\u0131m end\u00fcstrisi de, cildin esnekli\u011fini ve nemini artt\u0131rmak i\u00e7in kolajen i\u00e7eren baz\u0131 kozmetik \u00fcr\u00fcnlerle dikkat \u00e7ekmi\u015ftir.<\/span><\/li>\n<\/ol>\n<h3><span style=\"color: #000000;\">CCPRO\u00ae Kullanman\u0131n Faydalar\u0131<\/span><\/h3>\n<p><span style=\"color: #000000;\">Temiz Kolajen Peptit t\u00fcketimi say\u0131s\u0131z fayda sa\u011flar. Klinik \u00e7al\u0131\u015fmalar, d\u00fczenli al\u0131m\u0131n \u015funlar\u0131 yapabilece\u011fini g\u00f6stermi\u015ftir:<\/span><\/p>\n<ul>\n<li><span style=\"color: #000000;\"><strong>Cilt Sa\u011fl\u0131\u011f\u0131n\u0131 \u0130yile\u015ftirin<\/strong>: Bir\u00e7ok kullan\u0131c\u0131, tutarl\u0131 kullan\u0131mdan sonraki haftalar i\u00e7inde cilt elastikiyetinde ve hidrasyonunda g\u00f6zle g\u00f6r\u00fcl\u00fcr de\u011fi\u015fiklikler oldu\u011funu bildirmektedir.<\/span><\/li>\n<li><span style=\"color: #000000;\"><strong>Eklem Sa\u011fl\u0131\u011f\u0131n\u0131 Destekleyin<\/strong>: Kolajen, sa\u011fl\u0131kl\u0131 eklemlerin ve ba\u011f dokusunun korunmas\u0131nda \u00e7ok \u00f6nemli bir rol oynar ve eklem a\u011fr\u0131s\u0131 \u00e7ekenlere rahatlama sa\u011flar.<\/span><\/li>\n<li><span style=\"color: #000000;\"><strong>Kas \u0130yile\u015fmesini Art\u0131r\u0131n<\/strong>: Sporcular i\u00e7in, artan kolajen proteini egzersiz sonras\u0131 kas iyile\u015fmesine yard\u0131mc\u0131 olabilir.<\/span><\/li>\n<li><span style=\"color: #000000;\"><strong>Kemik G\u00fcc\u00fcn\u00fc Destekler<\/strong>: Kolajen takviyesinin kemik yo\u011funlu\u011funa ve genel kemik sa\u011fl\u0131\u011f\u0131na fayda sa\u011flayabilece\u011fini g\u00f6steren kan\u0131tlar vard\u0131r.<\/span><\/li>\n<\/ul>\n<h3><span style=\"color: #000000;\">Potansiyel Yan Etkiler<\/span><\/h3>\n<p><span style=\"color: #000000;\">\u00c7o\u011fu insan CCPRO\u00ae'yu tolere ederken<\/span><\/p>\n<p><span style=\"color: #000000;\">Baz\u0131lar\u0131 sindirim rahats\u0131zl\u0131\u011f\u0131, alerjik reaksiyonlar veya tat alg\u0131s\u0131nda de\u011fi\u015fiklikler gibi hafif yan etkiler ya\u015fayabilir. \u00d6zellikle belirli diyet k\u0131s\u0131tlamalar\u0131 veya alerjileri olan bireylerin, herhangi bir yeni takviyeye ba\u015flamadan \u00f6nce bir sa\u011fl\u0131k uzman\u0131na dan\u0131\u015fmalar\u0131 \u00e7ok \u00f6nemlidir.<\/span><\/p>\n<h3><span style=\"color: #000000;\">V\u00fccuttaki Etki Mekanizmas\u0131<\/span><\/h3>\n<p><span style=\"color: #000000;\">Peki CCPRO\u00ae v\u00fccutta tam olarak nas\u0131l i\u015flev g\u00f6r\u00fcr? V\u00fccut, kolajen peptidleri yutulduktan sonra amino asitlere ay\u0131r\u0131r ve bunlar daha sonra hasarl\u0131 dokular\u0131 onarmak ve yeni kolajen olu\u015fumunu te\u015fvik etmek i\u00e7in kullan\u0131larak cildin, eklemlerin ve genel sa\u011fl\u0131\u011f\u0131n iyile\u015fmesini sa\u011flar.<\/span><\/p>\n<h3><span style=\"color: #000000;\">CCPRO\u00ae i\u00e7in Test Y\u00f6ntemleri<\/span><\/h3>\n<p><span style=\"color: #000000;\">Diyet takviyelerinin \u00fcretiminde kalite g\u00fcvencesi kritik \u00f6neme sahiptir. CCPRO\u00ae \u00fcr\u00fcnlerinin t\u00fcketicilere ula\u015fmadan \u00f6nce safl\u0131\u011f\u0131n\u0131 ve g\u00fcvenli\u011fini sa\u011flamak i\u00e7in y\u00fcksek performansl\u0131 s\u0131v\u0131 kromatografisi (HPLC) ve k\u00fctle spektrometresi dahil olmak \u00fczere \u00e7e\u015fitli test y\u00f6ntemleri kullan\u0131lmaktad\u0131r.<\/span><\/p>\n<h3><span style=\"color: #000000;\">CCPRO\u00ae \u0130\u00e7eren Yayg\u0131n Form\u00fclasyonlar<\/span><\/h3>\n<p><span style=\"color: #000000;\">Piyasada, CCPRO\u00ae i\u00e7eren bir dizi \u00fcr\u00fcn bulabilirsiniz:<\/span><\/p>\n<ul>\n<li><span style=\"color: #000000;\"><strong>Protein Tozlar\u0131<\/strong>: Sporcular ve fitness merakl\u0131lar\u0131 i\u00e7in idealdir.<\/span><\/li>\n<li><span style=\"color: #000000;\"><strong>G\u00fczellik Takviyeleri<\/strong>: Gen\u00e7 bir cilt ve sa\u00e7 i\u00e7in tasarlanm\u0131\u015ft\u0131r.<\/span><\/li>\n<li><span style=\"color: #000000;\"><strong>\u00d6\u011f\u00fcn Yerine Ge\u00e7en Shake'ler<\/strong>: Sa\u011fl\u0131k bilincine sahip t\u00fcketiciler i\u00e7in g\u00fc\u00e7lendirilmi\u015ftir.<\/span><\/li>\n<\/ul>\n<h3><span style=\"color: #000000;\">Sonu\u00e7lar i\u00e7in \u00d6nerilen Dozaj ve Zaman \u00c7er\u00e7evesi<\/span><\/h3>\n<p><span style=\"color: #000000;\">CCPRO\u00ae'nun faydalar\u0131ndan etkin bir \u015fekilde yararlanmak i\u00e7in \u00e7o\u011fu \u00fcr\u00fcn \u00f6nerisi \u015fu dozaj\u0131 \u00f6nermektedir <strong>2,5 ila 15 gram<\/strong> \u00dcr\u00fcn form\u00fclasyonuna ve ama\u00e7lanan sa\u011fl\u0131k yararlar\u0131na ba\u011fl\u0131 olarak g\u00fcnde. Kullan\u0131c\u0131lar genellikle a\u015fa\u011f\u0131daki durumlarda g\u00f6zle g\u00f6r\u00fcl\u00fcr etkiler bildirmektedir <strong>4 ila 12 hafta<\/strong> d\u00fczenli t\u00fcketim.<\/span><\/p>\n<h3><span style=\"color: #000000;\">Etkililik \u0130lkesi<\/span><\/h3>\n<p><span style=\"color: #000000;\">CCPRO\u00ae'nun arkas\u0131ndaki etkinlik prensibi, v\u00fccudun do\u011fal kolajen \u00fcretim s\u00fcre\u00e7lerini uyaran biyoaktif peptitlerinde yatmaktad\u0131r. Bu peptitler v\u00fccuda dokular\u0131 onarmas\u0131 ve yenilemesi i\u00e7in sinyal g\u00f6ndererek genel sa\u011fl\u0131ktaki \u00f6nemli rollerini g\u00f6sterir.<\/span><\/p>\n<h3><span style=\"color: #000000;\">CCPRO\u00ae ile Kar\u015f\u0131la\u015ft\u0131r\u0131labilir \u00dcr\u00fcnler<\/span><\/h3>\n<p><span style=\"color: #000000;\">Benzer faydalara sahip di\u011fer \u00fcr\u00fcnler \u015funlard\u0131r:<\/span><\/p>\n<ul>\n<li><span style=\"color: #000000;\"><strong><a class=\"wpil_keyword_link\" href=\"https:\/\/collagensei.com\/tr\/hidrolize-kolajen-vs-kolajen-peptidleri\/\" target=\"_blank\"  rel=\"noopener\" title=\"Hidrolize Kolajen VS Kolajen Peptitler\" data-wpil-keyword-link=\"linked\"  data-wpil-monitor-id=\"1760\">Hidrolize Kolajen Peptitler<\/a><\/strong><\/span><\/li>\n<li><span style=\"color: #000000;\"><strong>Jelatin<\/strong><\/span><\/li>\n<li><span style=\"color: #000000;\"><strong>Peynir Alt\u0131 Suyu Proteini<\/strong><\/span><\/li>\n<\/ul>\n<p><span style=\"color: #000000;\">Ancak CCPRO\u00ae daha temiz \u00fcretim s\u00fcreci ve geli\u015fmi\u015f biyoyararlan\u0131m\u0131 ile \u00f6ne \u00e7\u0131kmaktad\u0131r.<\/span><\/p>\n<h3><span style=\"color: #000000;\">Son Klinik Ara\u015ft\u0131rma Geli\u015fmeleri<\/span><\/h3>\n<p><span style=\"color: #000000;\">Son klinik \u00e7al\u0131\u015fmalar CCPRO\u00ae'nun etkinli\u011fine ili\u015fkin umut verici sonu\u00e7lar ortaya koymu\u015ftur. \u00d6nde gelen dergilerde yay\u0131nlanan ara\u015ft\u0131rmalar, cilt nemlendirmesi, elastikiyet ve eklem a\u011fr\u0131lar\u0131n\u0131n giderilmesinde iyile\u015fmeler oldu\u011funu g\u00f6stermekte ve sa\u011fl\u0131k ve zindelik \u00fcr\u00fcnlerinde tercih edilen bir bile\u015fen olarak konumunu g\u00fc\u00e7lendirmektedir.<\/span><\/p>\n<h3><span style=\"color: #000000;\">D\u00fczenleyici Ortam<\/span><\/h3>\n<p><span style=\"color: #000000;\">CCPRO\u00ae kullan\u0131m\u0131n\u0131 y\u00f6neten d\u00fczenleyici \u00e7er\u00e7eve \u00fclkeden \u00fclkeye de\u011fi\u015fmektedir. Amerika Birle\u015fik Devletleri'nde \u00f6ncelikle bir besin takviyesi olarak kabul edilirken, Avrupa'da belirli al\u0131m ve kullan\u0131m y\u00f6nergelerine sahip bir g\u0131da bile\u015feni olarak s\u0131n\u0131fland\u0131r\u0131labilir. Kanada ve Avustralya gibi \u00fclkelerde de ithalat ve kullan\u0131m\u0131n\u0131 \u00e7evreleyen ve \u00fcreticilerin dikkatli olmas\u0131n\u0131 gerektiren kat\u0131 d\u00fczenlemeler vard\u0131r.<\/span><\/p>\n<h3><span style=\"color: #000000;\">Pazar \u00d6ng\u00f6r\u00fcleri ve Genel G\u00f6r\u00fcn\u00fcm<\/span><\/h3>\n<p><span style=\"color: #000000;\">Temiz Kolajen Peptit pazar\u0131 k\u00fcresel olarak b\u00fcy\u00fcmektedir ve tahminlere g\u00f6re <strong>Y\u0131ll\u0131k 300 ton<\/strong> sadece Kuzey Amerika'da. 20-40 ya\u015f aras\u0131 t\u00fcketiciler aras\u0131nda sa\u011fl\u0131kl\u0131 ya\u015fam \u00fcr\u00fcnlerine y\u00f6nelik artan talebin, pazar\u0131n b\u00fcy\u00fcme oran\u0131n\u0131 yakla\u015f\u0131k <strong>8.5% y\u0131ll\u0131k<\/strong> \u00f6n\u00fcm\u00fczdeki y\u0131llarda. Bu durum, daha fazla markan\u0131n \u00e7e\u015fitli uygulamalar\u0131n\u0131 fark etmesiyle bu bile\u015fen i\u00e7in g\u00fc\u00e7l\u00fc bir gelece\u011fe i\u015faret ediyor.<\/span><\/p>\n<h3><span style=\"color: #000000;\">\u00dcretim Y\u00f6ntemleri<\/span><\/h3>\n<p><span style=\"color: #000000;\">CCPRO\u00ae i\u00e7in mevcut \u00fcretim y\u00f6ntemleri \u00e7o\u011funlukla hidroliz, ekstraksiyon ve safla\u015ft\u0131rmay\u0131 i\u00e7erir. Fermantasyon umut verici bir alternatif olsa da, hidrolize y\u00f6ntemler y\u00fcksek safl\u0131kta \u00fcr\u00fcnler \u00fcretmedeki verimlilikleri nedeniyle en pop\u00fcler y\u00f6ntem olmaya devam etmektedir.<\/span><\/p>\n<h3><span style=\"color: #000000;\">B2B Al\u0131c\u0131lar\u0131 i\u00e7in SSS<\/span><\/h3>\n<p><span style=\"color: #000000;\">Bir B2B al\u0131c\u0131s\u0131 olarak, CCPRO\u00ae hakk\u0131nda a\u015fa\u011f\u0131daki sorulara sahip olabilirsiniz:<\/span><\/p>\n<ol>\n<li><span style=\"color: #000000;\">CCPRO\u00ae \u00fcr\u00fcnlerinin raf \u00f6mr\u00fc ne kadard\u0131r?<\/span><\/li>\n<li><span style=\"color: #000000;\">Clean Collagen Peptides ile ili\u015fkili herhangi bir alerjen var m\u0131?<\/span><\/li>\n<li><span style=\"color: #000000;\">Maksimum etki sa\u011flamak i\u00e7in CCPRO\u00ae'yu nas\u0131l saklamal\u0131y\u0131m?<\/span><\/li>\n<li><span style=\"color: #000000;\">Mevcut tipik ambalaj boyutlar\u0131 nelerdir?<\/span><\/li>\n<li><span style=\"color: #000000;\">CCPRO\u00ae di\u011fer takviyelerle kombine edilebilir mi?<\/span><\/li>\n<li><span style=\"color: #000000;\">CCPRO\u00ae tedarik\u00e7ilerinden hangi sertifikalar\u0131 bekleyebilirim?<\/span><\/li>\n<li><span style=\"color: #000000;\">CCPRO\u00ae vegan dostu mu veya GDO'suz mu?<\/span><\/li>\n<li><span style=\"color: #000000;\">Sat\u0131n almadan \u00f6nce CCPRO\u00ae kalitesini nas\u0131l de\u011ferlendirebilirim?<\/span><\/li>\n<li><span style=\"color: #000000;\">Yan etkileri veya kontrendikasyonlar\u0131 var m\u0131?<\/span><\/li>\n<li><span style=\"color: #000000;\">Toplu sipari\u015fler i\u00e7in tedarik s\u00fcrecini nas\u0131l ele almal\u0131y\u0131m?<\/span><\/li>\n<\/ol>\n<h3><span style=\"color: #000000;\">CCPRO\u00ae'nun Art\u0131lar\u0131 ve Eksileri<\/span><\/h3>\n<p><span style=\"color: #000000;\"><strong>Art\u0131lar\u0131<\/strong>:<\/span><\/p>\n<ol>\n<li><span style=\"color: #000000;\">Daha iyi emilim sa\u011flayan y\u00fcksek biyoyararlan\u0131m.<\/span><\/li>\n<li><span style=\"color: #000000;\">T\u00fcketici sekt\u00f6rlerinde \u00e7ok y\u00f6nl\u00fc uygulamalar.<\/span><\/li>\n<li><span style=\"color: #000000;\">Cilt, eklem ve kas sa\u011fl\u0131\u011f\u0131n\u0131 destekler.<\/span><\/li>\n<li><span style=\"color: #000000;\">Minimum yan etki riski.<\/span><\/li>\n<li><span style=\"color: #000000;\">Giderek artan sa\u011fl\u0131k bilincine sahip t\u00fcketici kitlesi i\u00e7in caziptir.<\/span><\/li>\n<\/ol>\n<p><span style=\"color: #000000;\"><strong>Eksiler<\/strong>:<\/span><\/p>\n<ol>\n<li><span style=\"color: #000000;\">Vejetaryenler veya veganlar i\u00e7in uygun de\u011fildir.<\/span><\/li>\n<li><span style=\"color: #000000;\">Hassas ki\u015filerde potansiyel alerjik reaksiyonlar.<\/span><\/li>\n<li><span style=\"color: #000000;\">Baz\u0131lar\u0131nda hafif sindirim rahats\u0131zl\u0131\u011f\u0131na neden olabilir.<\/span><\/li>\n<li><span style=\"color: #000000;\">Kalite, tedarik\u00e7iler aras\u0131nda b\u00fcy\u00fck farkl\u0131l\u0131klar g\u00f6sterebilir.<\/span><\/li>\n<li><span style=\"color: #000000;\">G\u0131da \u00fcr\u00fcnlerinde s\u0131n\u0131rl\u0131 duyusal \u00e7ekicilik.<\/span><\/li>\n<\/ol>\n<h3><span style=\"color: #000000;\">G\u00fcvenilir Bir Tedarik\u00e7i Se\u00e7mek \u0130\u00e7in \u0130pu\u00e7lar\u0131<\/span><\/h3>\n<p><span style=\"color: #000000;\">Sayg\u0131n bir CCPRO\u00ae tedarik\u00e7isi ararken a\u015fa\u011f\u0131dakileri g\u00f6z \u00f6n\u00fcnde bulundurun:<\/span><\/p>\n<ul>\n<li><span style=\"color: #000000;\"><strong>Sertifikalar<\/strong>: FDA sertifikal\u0131 olduklar\u0131ndan ve ISO veya KOSHER gibi ilgili kalite sertifikalar\u0131na sahip olduklar\u0131ndan emin olun.<\/span><\/li>\n<li><span style=\"color: #000000;\"><strong>\u00dcr\u00fcn \u00d6rnekleri<\/strong>: B\u00fcy\u00fck bir al\u0131m yapmadan \u00f6nce kalite testi i\u00e7in numune talep edin.<\/span><\/li>\n<li><span style=\"color: #000000;\"><strong>M\u00fc\u015fteri Yorumlar\u0131<\/strong>: Di\u011fer B2B al\u0131c\u0131lar\u0131n\u0131n referanslar\u0131n\u0131 veya yorumlar\u0131n\u0131 aray\u0131n.<\/span><\/li>\n<li><span style=\"color: #000000;\"><strong>Yan\u0131t S\u00fcresi<\/strong>: G\u00fcvenilir bir tedarik\u00e7i sorular\u0131n\u0131za h\u0131zl\u0131 ve \u015feffaf bir \u015fekilde yan\u0131t vermelidir.<\/span><\/li>\n<\/ul>\n<h3><span style=\"color: #000000;\">CCPRO\u00ae \u00dcretimi i\u00e7in S\u00fcre\u00e7 Ak\u0131\u015f\u0131<\/span><\/h3>\n<p><span style=\"color: #000000;\">Temiz Kolajen Peptit \u00dcretimi birden fazla ad\u0131m i\u00e7erir: tedarik, hidroliz, filtreleme, kurutma ve paketleme. Her ad\u0131m, \u00fcr\u00fcn b\u00fct\u00fcnl\u00fc\u011f\u00fcn\u00fc ve etkinli\u011fini sa\u011flamak i\u00e7in \u00e7ok \u00f6nemlidir.<\/span><\/p>\n<h3><span style=\"color: #000000;\">Sonu\u00e7<\/span><\/h3>\n<p><span style=\"color: #000000;\">Sonu\u00e7 olarak, CCPRO\u00ae - Temiz Kolajen Peptit, sa\u011fl\u0131k ve zindelik sekt\u00f6r\u00fcnde sadece ba\u015fka bir bile\u015fen de\u011fildir; beslenme ve cilt bak\u0131m\u0131na yakla\u015f\u0131m\u0131m\u0131zda ileriye do\u011fru bir ad\u0131m\u0131 temsil etmektedir. Kapsaml\u0131 faydalar\u0131, artan klinik kan\u0131tlar ve pazar talebi ile birle\u015fti\u011finde, onu takviye ortam\u0131nda \u00f6nemli bir oyuncu olarak konumland\u0131rmaktad\u0131r.<\/span><\/p>\n<p><span style=\"color: #000000;\">Y\u00fcksek kaliteli CCPRO\u00ae tedarik etmekle ilgileniyorsan\u0131z, l\u00fctfen bizimle \u015fu adresten ileti\u015fime ge\u00e7in <a style=\"color: #000000;\" href=\"mailto:sales@collagensei.com\" rel=\"noopener\">sales@collagensei.com<\/a>. <a class=\"wpil_keyword_link\" href=\"https:\/\/collagensei.com\/tr\/vi%cc%87tami%cc%87n-tedari%cc%87kci%cc%87si%cc%87\/vitamina-c\/\" target=\"_blank\"  rel=\"noopener\" title=\"Vitamina C\" data-wpil-keyword-link=\"linked\"  data-wpil-monitor-id=\"2117\">Gensei Global Industries<\/a> FDA sertifikal\u0131 bir \u00fcreticidir ve bir dizi ISO, HELAL, KOSHER ve MSC sertifikas\u0131na sahiptir. Kaliforniya ve New York'ta bulunan depolar\u0131m\u0131zla, kaps\u00fcller, yumu\u015fak jeller, tabletler, tozlar ve ya\u011flar dahil olmak \u00fczere \u00e7ok \u00e7e\u015fitli hammaddeler ve ki\u015fiselle\u015ftirilmi\u015f \u00fcr\u00fcn \u00e7\u00f6z\u00fcmleri sunarak tedarik ihtiya\u00e7lar\u0131n\u0131z\u0131 verimli bir \u015fekilde kar\u015f\u0131layabiliriz. Sa\u011fl\u0131k \u00fcr\u00fcnleri ihtiya\u00e7lar\u0131n\u0131z i\u00e7in sizinle ortak olal\u0131m!<\/span><\/p>","protected":false},"excerpt":{"rendered":"<p>In today&#8217;s fast-paced world, the health and wellness industry constantly evolves, with consumers seeking products that can genuinely benefit their [&hellip;]<\/p>\n","protected":false},"author":1,"featured_media":0,"parent":563,"menu_order":0,"comment_status":"closed","ping_status":"closed","template":"","meta":{"_uag_custom_page_level_css":"","site-sidebar-layout":"default","site-content-layout":"","ast-site-content-layout":"default","site-content-style":"default","site-sidebar-style":"default","ast-global-header-display":"","ast-banner-title-visibility":"","ast-main-header-display":"","ast-hfb-above-header-display":"","ast-hfb-below-header-display":"","ast-hfb-mobile-header-display":"","site-post-title":"","ast-breadcrumbs-content":"","ast-featured-img":"","footer-sml-layout":"","ast-disable-related-posts":"","theme-transparent-header-meta":"","adv-header-id-meta":"","stick-header-meta":"","header-above-stick-meta":"","header-main-stick-meta":"","header-below-stick-meta":"","astra-migrate-meta-layouts":"default","ast-page-background-enabled":"default","ast-page-background-meta":{"desktop":{"background-color":"var(--ast-global-color-5)","background-image":"","background-repeat":"repeat","background-position":"center center","background-size":"auto","background-attachment":"scroll","background-type":"","background-media":"","overlay-type":"","overlay-color":"","overlay-opacity":"","overlay-gradient":""},"tablet":{"background-color":"","background-image":"","background-repeat":"repeat","background-position":"center center","background-size":"auto","background-attachment":"scroll","background-type":"","background-media":"","overlay-type":"","overlay-color":"","overlay-opacity":"","overlay-gradient":""},"mobile":{"background-color":"","background-image":"","background-repeat":"repeat","background-position":"center center","background-size":"auto","background-attachment":"scroll","background-type":"","background-media":"","overlay-type":"","overlay-color":"","overlay-opacity":"","overlay-gradient":""}},"ast-content-background-meta":{"desktop":{"background-color":"var(--ast-global-color-4)","background-image":"","background-repeat":"repeat","background-position":"center center","background-size":"auto","background-attachment":"scroll","background-type":"","background-media":"","overlay-type":"","overlay-color":"","overlay-opacity":"","overlay-gradient":""},"tablet":{"background-color":"var(--ast-global-color-4)","background-image":"","background-repeat":"repeat","background-position":"center center","background-size":"auto","background-attachment":"scroll","background-type":"","background-media":"","overlay-type":"","overlay-color":"","overlay-opacity":"","overlay-gradient":""},"mobile":{"background-color":"var(--ast-global-color-4)","background-image":"","background-repeat":"repeat","background-position":"center center","background-size":"auto","background-attachment":"scroll","background-type":"","background-media":"","overlay-type":"","overlay-color":"","overlay-opacity":"","overlay-gradient":""}},"footnotes":""},"class_list":["post-588","page","type-page","status-publish","hentry"],"uagb_featured_image_src":{"full":false,"thumbnail":false,"medium":false,"medium_large":false,"large":false,"1536x1536":false,"2048x2048":false,"trp-custom-language-flag":false},"uagb_author_info":{"display_name":"collagensei.com","author_link":"https:\/\/collagensei.com\/tr\/author\/collagensei\/"},"uagb_comment_info":0,"uagb_excerpt":"In today&#8217;s fast-paced world, the health and wellness industry constantly evolves, with consumers seeking products that can genuinely benefit their [&hellip;]","_links":{"self":[{"href":"https:\/\/collagensei.com\/tr\/wp-json\/wp\/v2\/pages\/588","targetHints":{"allow":["GET"]}}],"collection":[{"href":"https:\/\/collagensei.com\/tr\/wp-json\/wp\/v2\/pages"}],"about":[{"href":"https:\/\/collagensei.com\/tr\/wp-json\/wp\/v2\/types\/page"}],"author":[{"embeddable":true,"href":"https:\/\/collagensei.com\/tr\/wp-json\/wp\/v2\/users\/1"}],"replies":[{"embeddable":true,"href":"https:\/\/collagensei.com\/tr\/wp-json\/wp\/v2\/comments?post=588"}],"version-history":[{"count":2,"href":"https:\/\/collagensei.com\/tr\/wp-json\/wp\/v2\/pages\/588\/revisions"}],"predecessor-version":[{"id":16210,"href":"https:\/\/collagensei.com\/tr\/wp-json\/wp\/v2\/pages\/588\/revisions\/16210"}],"up":[{"embeddable":true,"href":"https:\/\/collagensei.com\/tr\/wp-json\/wp\/v2\/pages\/563"}],"wp:attachment":[{"href":"https:\/\/collagensei.com\/tr\/wp-json\/wp\/v2\/media?parent=588"}],"curies":[{"name":"wp","href":"https:\/\/api.w.org\/{rel}","templated":true}]}}