{"id":79,"date":"2024-06-27T20:03:26","date_gmt":"2024-06-27T12:03:26","guid":{"rendered":"https:\/\/collagensei.com\/?page_id=79"},"modified":"2026-01-21T17:13:19","modified_gmt":"2026-01-21T09:13:19","slug":"neden-bi%cc%87zi%cc%87-secmeli%cc%87si%cc%87ni%cc%87z","status":"publish","type":"page","link":"https:\/\/collagensei.com\/tr\/research-and-innovation\/why-choose-us\/","title":{"rendered":"NEDEN B\u0130Z\u0130 SE\u00c7T\u0130N\u0130Z"},"content":{"rendered":"<div data-elementor-type=\"wp-page\" data-elementor-id=\"79\" class=\"elementor elementor-79\" data-elementor-post-type=\"page\">\n\t\t\t\t<div class=\"elementor-element elementor-element-398880a e-flex e-con-boxed e-con e-parent\" data-id=\"398880a\" data-element_type=\"container\" data-e-type=\"container\">\n\t\t\t\t\t<div class=\"e-con-inner\">\n\t\t\t\t<div class=\"elementor-element elementor-element-6591c5e elementor-widget elementor-widget-heading\" data-id=\"6591c5e\" data-element_type=\"widget\" data-e-type=\"widget\" data-widget_type=\"heading.default\">\n\t\t\t\t<div class=\"elementor-widget-container\">\n\t\t\t\t\t<h1 class=\"elementor-heading-title elementor-size-default\">Neden Bizi Se\u00e7melisiniz<\/h1>\t\t\t\t<\/div>\n\t\t\t\t<\/div>\n\t\t\t\t<div class=\"elementor-element elementor-element-b5f6a67 elementor-widget elementor-widget-text-editor\" data-id=\"b5f6a67\" data-element_type=\"widget\" data-e-type=\"widget\" data-widget_type=\"text-editor.default\">\n\t\t\t\t<div class=\"elementor-widget-container\">\n\t\t\t\t\t\t\t\t\t<p>Gensei Global Industries, 2006 y\u0131l\u0131nda hayvansal kaynakl\u0131 malzeme hayvansal protein peptidi \u00fcreten bir aile tesisinden ba\u015flad\u0131. 2010 y\u0131l\u0131nda m\u00fc\u015fterilerimiz bize kolajen peptit \u00fcretip \u00fcretemeyece\u011fimizi sordu. O zamandan beri, mikrop ortaya \u00e7\u0131kt\u0131.<\/p><p>Yak\u0131c\u0131 bir arzuyla Gensei, ABD, Japonya, Avustralya, Yeni Zelanda, Asya ve G\u00fcney Amerika pazarlar\u0131yla birle\u015fti. 16'dan fazla \u00fclkeye ihracat yap\u0131yoruz. Depomuz ABD, Kanada, Avustralya, Japonya ve Yeni Zelanda'da bulunmaktad\u0131r. \u00c7in \u00fcretim ve tedarik \u00fcss\u00fcd\u00fcr.<\/p><p>Gensei, sa\u011fl\u0131k takviyesi hammaddeleri s\u0131ras\u0131nda en son ekipman, teknoloji ve s\u00fcre\u00e7leri kullanan ISO9001, ISO22000, Helal, Kosher ve MSC sertifikal\u0131 bir \u00fcreticidir.<\/p><p>Kayna\u011f\u0131m\u0131z\u0131n saf, istikrarl\u0131 ve rekabet\u00e7i olmas\u0131n\u0131 garanti eden tedarik zinciri sat\u0131c\u0131s\u0131 ve \u00fcreticisi olmaktan gurur duyuyoruz.<\/p>\t\t\t\t\t\t\t\t<\/div>\n\t\t\t\t<\/div>\n\t\t\t\t<div class=\"elementor-element elementor-element-bc90c69 elementor-widget elementor-widget-image\" data-id=\"bc90c69\" data-element_type=\"widget\" data-e-type=\"widget\" data-widget_type=\"image.default\">\n\t\t\t\t<div class=\"elementor-widget-container\">\n\t\t\t\t\t\t\t\t\t\t\t\t\t\t\t<img fetchpriority=\"high\" decoding=\"async\" width=\"2000\" height=\"337\" src=\"https:\/\/collagensei.com\/wp-content\/uploads\/2024\/06\/8befd1bb4d.jpg\" class=\"attachment-full size-full wp-image-123\" alt=\"\" srcset=\"https:\/\/collagensei.com\/wp-content\/uploads\/2024\/06\/8befd1bb4d.jpg 2000w, https:\/\/collagensei.com\/wp-content\/uploads\/2024\/06\/8befd1bb4d-300x51.jpg 300w, https:\/\/collagensei.com\/wp-content\/uploads\/2024\/06\/8befd1bb4d-1024x173.jpg 1024w, https:\/\/collagensei.com\/wp-content\/uploads\/2024\/06\/8befd1bb4d-768x129.jpg 768w, https:\/\/collagensei.com\/wp-content\/uploads\/2024\/06\/8befd1bb4d-1536x259.jpg 1536w, https:\/\/collagensei.com\/wp-content\/uploads\/2024\/06\/8befd1bb4d-200x34.jpg 200w, https:\/\/collagensei.com\/wp-content\/uploads\/2024\/06\/8befd1bb4d-400x67.jpg 400w, https:\/\/collagensei.com\/wp-content\/uploads\/2024\/06\/8befd1bb4d-600x101.jpg 600w, https:\/\/collagensei.com\/wp-content\/uploads\/2024\/06\/8befd1bb4d-800x135.jpg 800w, https:\/\/collagensei.com\/wp-content\/uploads\/2024\/06\/8befd1bb4d-1200x202.jpg 1200w\" sizes=\"(max-width: 2000px) 100vw, 2000px\" \/>\t\t\t\t\t\t\t\t\t\t\t\t\t\t\t<\/div>\n\t\t\t\t<\/div>\n\t\t\t\t<div class=\"elementor-element elementor-element-e23fc9b elementor-widget elementor-widget-image\" data-id=\"e23fc9b\" data-element_type=\"widget\" data-e-type=\"widget\" data-widget_type=\"image.default\">\n\t\t\t\t<div class=\"elementor-widget-container\">\n\t\t\t\t\t\t\t\t\t\t\t\t\t\t\t<img decoding=\"async\" width=\"1200\" height=\"1588\" src=\"https:\/\/collagensei.com\/wp-content\/uploads\/2024\/06\/db414cb968.jpg\" class=\"attachment-full size-full wp-image-124\" alt=\"\" srcset=\"https:\/\/collagensei.com\/wp-content\/uploads\/2024\/06\/db414cb968.jpg 1200w, https:\/\/collagensei.com\/wp-content\/uploads\/2024\/06\/db414cb968-227x300.jpg 227w, https:\/\/collagensei.com\/wp-content\/uploads\/2024\/06\/db414cb968-774x1024.jpg 774w, https:\/\/collagensei.com\/wp-content\/uploads\/2024\/06\/db414cb968-768x1016.jpg 768w, https:\/\/collagensei.com\/wp-content\/uploads\/2024\/06\/db414cb968-1161x1536.jpg 1161w, https:\/\/collagensei.com\/wp-content\/uploads\/2024\/06\/db414cb968-200x265.jpg 200w, https:\/\/collagensei.com\/wp-content\/uploads\/2024\/06\/db414cb968-400x529.jpg 400w, https:\/\/collagensei.com\/wp-content\/uploads\/2024\/06\/db414cb968-600x794.jpg 600w, https:\/\/collagensei.com\/wp-content\/uploads\/2024\/06\/db414cb968-800x1059.jpg 800w\" sizes=\"(max-width: 1200px) 100vw, 1200px\" \/>\t\t\t\t\t\t\t\t\t\t\t\t\t\t\t<\/div>\n\t\t\t\t<\/div>\n\t\t\t\t\t<\/div>\n\t\t\t\t<\/div>\n\t\t\t\t<\/div>","protected":false},"excerpt":{"rendered":"<p>Why Choose Us Gensei Global Industries began from a family owned facility producing animal derived material animal protein peptide in [&hellip;]<\/p>\n","protected":false},"author":1,"featured_media":0,"parent":77,"menu_order":0,"comment_status":"closed","ping_status":"closed","template":"","meta":{"_uag_custom_page_level_css":"","site-sidebar-layout":"default","site-content-layout":"","ast-site-content-layout":"default","site-content-style":"default","site-sidebar-style":"default","ast-global-header-display":"","ast-banner-title-visibility":"","ast-main-header-display":"","ast-hfb-above-header-display":"","ast-hfb-below-header-display":"","ast-hfb-mobile-header-display":"","site-post-title":"disabled","ast-breadcrumbs-content":"","ast-featured-img":"","footer-sml-layout":"","ast-disable-related-posts":"","theme-transparent-header-meta":"","adv-header-id-meta":"","stick-header-meta":"","header-above-stick-meta":"","header-main-stick-meta":"","header-below-stick-meta":"","astra-migrate-meta-layouts":"default","ast-page-background-enabled":"default","ast-page-background-meta":{"desktop":{"background-color":"var(--ast-global-color-5)","background-image":"","background-repeat":"repeat","background-position":"center center","background-size":"auto","background-attachment":"scroll","background-type":"","background-media":"","overlay-type":"","overlay-color":"","overlay-opacity":"","overlay-gradient":""},"tablet":{"background-color":"","background-image":"","background-repeat":"repeat","background-position":"center center","background-size":"auto","background-attachment":"scroll","background-type":"","background-media":"","overlay-type":"","overlay-color":"","overlay-opacity":"","overlay-gradient":""},"mobile":{"background-color":"","background-image":"","background-repeat":"repeat","background-position":"center center","background-size":"auto","background-attachment":"scroll","background-type":"","background-media":"","overlay-type":"","overlay-color":"","overlay-opacity":"","overlay-gradient":""}},"ast-content-background-meta":{"desktop":{"background-color":"var(--ast-global-color-4)","background-image":"","background-repeat":"repeat","background-position":"center center","background-size":"auto","background-attachment":"scroll","background-type":"","background-media":"","overlay-type":"","overlay-color":"","overlay-opacity":"","overlay-gradient":""},"tablet":{"background-color":"var(--ast-global-color-4)","background-image":"","background-repeat":"repeat","background-position":"center center","background-size":"auto","background-attachment":"scroll","background-type":"","background-media":"","overlay-type":"","overlay-color":"","overlay-opacity":"","overlay-gradient":""},"mobile":{"background-color":"var(--ast-global-color-4)","background-image":"","background-repeat":"repeat","background-position":"center center","background-size":"auto","background-attachment":"scroll","background-type":"","background-media":"","overlay-type":"","overlay-color":"","overlay-opacity":"","overlay-gradient":""}},"footnotes":""},"class_list":["post-79","page","type-page","status-publish","hentry"],"uagb_featured_image_src":{"full":false,"thumbnail":false,"medium":false,"medium_large":false,"large":false,"1536x1536":false,"2048x2048":false,"trp-custom-language-flag":false},"uagb_author_info":{"display_name":"collagensei.com","author_link":"https:\/\/collagensei.com\/tr\/author\/collagensei\/"},"uagb_comment_info":0,"uagb_excerpt":"Why Choose Us Gensei Global Industries began from a family owned facility producing animal derived material animal protein peptide in [&hellip;]","_links":{"self":[{"href":"https:\/\/collagensei.com\/tr\/wp-json\/wp\/v2\/pages\/79","targetHints":{"allow":["GET"]}}],"collection":[{"href":"https:\/\/collagensei.com\/tr\/wp-json\/wp\/v2\/pages"}],"about":[{"href":"https:\/\/collagensei.com\/tr\/wp-json\/wp\/v2\/types\/page"}],"author":[{"embeddable":true,"href":"https:\/\/collagensei.com\/tr\/wp-json\/wp\/v2\/users\/1"}],"replies":[{"embeddable":true,"href":"https:\/\/collagensei.com\/tr\/wp-json\/wp\/v2\/comments?post=79"}],"version-history":[{"count":3,"href":"https:\/\/collagensei.com\/tr\/wp-json\/wp\/v2\/pages\/79\/revisions"}],"predecessor-version":[{"id":15906,"href":"https:\/\/collagensei.com\/tr\/wp-json\/wp\/v2\/pages\/79\/revisions\/15906"}],"up":[{"embeddable":true,"href":"https:\/\/collagensei.com\/tr\/wp-json\/wp\/v2\/pages\/77"}],"wp:attachment":[{"href":"https:\/\/collagensei.com\/tr\/wp-json\/wp\/v2\/media?parent=79"}],"curies":[{"name":"wp","href":"https:\/\/api.w.org\/{rel}","templated":true}]}}