{"id":80,"date":"2024-06-27T20:05:40","date_gmt":"2024-06-27T12:05:40","guid":{"rendered":"https:\/\/collagensei.com\/?page_id=80"},"modified":"2026-01-22T15:35:03","modified_gmt":"2026-01-22T07:35:03","slug":"rd-merkez","status":"publish","type":"page","link":"https:\/\/collagensei.com\/tr\/research-and-innovation\/rd-center\/","title":{"rendered":"AR-GE MERKEZ\u0130"},"content":{"rendered":"<div data-elementor-type=\"wp-page\" data-elementor-id=\"80\" class=\"elementor elementor-80\" data-elementor-post-type=\"page\">\n\t\t\t\t<div class=\"elementor-element elementor-element-b6cc24e e-flex e-con-boxed e-con e-parent\" data-id=\"b6cc24e\" data-element_type=\"container\" data-e-type=\"container\">\n\t\t\t\t\t<div class=\"e-con-inner\">\n\t\t\t\t<div class=\"elementor-element elementor-element-8be8490 elementor-widget elementor-widget-html\" data-id=\"8be8490\" data-element_type=\"widget\" data-e-type=\"widget\" data-widget_type=\"html.default\">\n\t\t\t\t<div class=\"elementor-widget-container\">\n\t\t\t\t\t<!DOCTYPE html>\r\n<html lang=\"en\">\r\n<head>\r\n    <meta charset=\"UTF-8\">\r\n    <meta name=\"viewport\" content=\"width=device-width, initial-scale=1.0\">\r\n    <title>Ar-Ge Merkezi | Collagensei<\/title>\r\n    <style>\r\n        :root {\r\n            --tech-blue: #004d99; \/* \u8f83\u6df1\u7684\u79d1\u6280\u84dd *\/\r\n            --science-teal: #00b3b3; \/* \u4eae\u9752\u8272\u4f5c\u4e3a\u70b9\u7f00\uff0c\u4ee3\u8868\u751f\u7269\u79d1\u6280 *\/\r\n            --lab-grey: #f0f2f5;\r\n            --text-main: #333;\r\n            --white: #fff;\r\n        }\r\n\r\n        body {\r\n            font-family: 'Helvetica Neue', Helvetica, Arial, sans-serif;\r\n            color: var(--text-main);\r\n            margin: 0;\r\n            line-height: 1.6;\r\n            background-color: var(--white);\r\n        }\r\n\r\n        .container {\r\n            max-width: 2400px;\r\n            margin: 0 auto;\r\n            padding: 0 20px;\r\n        }\r\n\r\n        \/* Hero Section *\/\r\n        .rd-hero {\r\n            background: linear-gradient(rgba(0,0,0,0.6), rgba(0,0,0,0.6)), url('https:\/\/images.unsplash.com\/photo-1532094349884-543bc11b234d?auto=format&fit=crop&w=1350&q=80');\r\n            background-size: cover;\r\n            background-position: center;\r\n            height: 450px;\r\n            display: flex;\r\n            align-items: center;\r\n            justify-content: center;\r\n            text-align: center;\r\n            color: var(--white);\r\n        }\r\n        .rd-hero h1 {\r\n            font-size: 3.5rem;\r\n            margin-bottom: 10px;\r\n            letter-spacing: 1px;\r\n        }\r\n        .rd-hero p {\r\n            font-size: 1.3rem;\r\n            max-width: 700px;\r\n            margin: 0 auto;\r\n            font-weight: 300;\r\n        }\r\n\r\n        \/* Intro Section *\/\r\n        .intro-section {\r\n            padding: 80px 0;\r\n            text-align: center;\r\n        }\r\n        .intro-section h2 {\r\n            font-size: 2.2rem;\r\n            color: var(--tech-blue);\r\n            margin-bottom: 20px;\r\n        }\r\n        .intro-text {\r\n            max-width: 800px;\r\n            margin: 0 auto;\r\n            color: #555;\r\n            font-size: 1.1rem;\r\n        }\r\n\r\n        \/* Core Tech Grid *\/\r\n        .tech-section {\r\n            background-color: var(--lab-grey);\r\n            padding: 80px 0;\r\n        }\r\n        .section-header {\r\n            text-align: center;\r\n            margin-bottom: 60px;\r\n        }\r\n        .section-header h2 {\r\n            font-size: 2.2rem;\r\n            color: var(--tech-blue);\r\n        }\r\n        \r\n        .tech-grid {\r\n            display: grid;\r\n            grid-template-columns: repeat(3, 1fr);\r\n            gap: 30px;\r\n        }\r\n        .tech-card {\r\n            background: var(--white);\r\n            padding: 30px;\r\n            border-radius: 8px;\r\n            border-bottom: 4px solid var(--science-teal);\r\n            box-shadow: 0 5px 15px rgba(0,0,0,0.05);\r\n            transition: transform 0.3s;\r\n        }\r\n        .tech-card:hover {\r\n            transform: translateY(-5px);\r\n        }\r\n        .tech-icon {\r\n            font-size: 2.5rem;\r\n            margin-bottom: 20px;\r\n            display: block;\r\n        }\r\n        .tech-card h3 {\r\n            margin-bottom: 15px;\r\n            color: var(--tech-blue);\r\n        }\r\n\r\n        \/* Process Section (Steps) *\/\r\n        .process-section {\r\n            padding: 80px 0;\r\n        }\r\n        .process-steps {\r\n            display: flex;\r\n            justify-content: space-between;\r\n            margin-top: 50px;\r\n            flex-wrap: wrap;\r\n        }\r\n        .step-item {\r\n            flex: 1;\r\n            text-align: center;\r\n            padding: 20px;\r\n            min-width: 200px;\r\n            position: relative;\r\n        }\r\n        \/* Arrow between steps *\/\r\n        .step-item:not(:last-child):after {\r\n            content: \"\u2192\";\r\n            position: absolute;\r\n            right: -10px;\r\n            top: 40%;\r\n            font-size: 2rem;\r\n            color: #ccc;\r\n        }\r\n        .step-number {\r\n            background-color: var(--tech-blue);\r\n            color: var(--white);\r\n            width: 40px;\r\n            height: 40px;\r\n            border-radius: 50%;\r\n            display: inline-flex;\r\n            align-items: center;\r\n            justify-content: center;\r\n            font-weight: bold;\r\n            margin-bottom: 15px;\r\n        }\r\n        .step-item h4 { margin-bottom: 10px; font-size: 1.1rem;}\r\n        .step-item p { font-size: 0.9rem; color: #666; }\r\n\r\n        \/* Lab Capabilities List *\/\r\n        .lab-capabilities {\r\n            display: grid;\r\n            grid-template-columns: 1fr 1fr;\r\n            gap: 0; \/* Split view *\/\r\n        }\r\n        .lab-image {\r\n            background-image: url('https:\/\/images.unsplash.com\/photo-1579165466741-7f35a4755657?auto=format&fit=crop&w=800&q=80');\r\n            background-size: cover;\r\n            background-position: center;\r\n            min-height: 400px;\r\n        }\r\n        .lab-content {\r\n            background-color: var(--tech-blue);\r\n            color: var(--white);\r\n            padding: 60px;\r\n            display: flex;\r\n            flex-direction: column;\r\n            justify-content: center;\r\n        }\r\n        .lab-content h2 { margin-bottom: 30px; font-size: 2rem; }\r\n        .capability-list {\r\n            list-style: none;\r\n            padding: 0;\r\n        }\r\n        .capability-list li {\r\n            margin-bottom: 15px;\r\n            padding-left: 25px;\r\n            position: relative;\r\n        }\r\n        .capability-list li:before {\r\n            content: \"\u2713\";\r\n            color: var(--science-teal);\r\n            position: absolute;\r\n            left: 0;\r\n            font-weight: bold;\r\n        }\r\n\r\n        \/* Footer Simple *\/\r\n        footer {\r\n            background: #222;\r\n            color: #fff;\r\n            padding: 40px 0;\r\n            text-align: center;\r\n        }\r\n\r\n        @media (max-width: 768px) {\r\n            .tech-grid, .lab-capabilities, .process-steps {\r\n                grid-template-columns: 1fr;\r\n                display: block;\r\n            }\r\n            .step-item:not(:last-child):after { display: none; } \/* Hide arrows on mobile *\/\r\n            .step-item { border-bottom: 1px solid #eee; margin-bottom: 20px; }\r\n            .rd-hero h1 { font-size: 2.5rem; }\r\n        }\r\n    <\/style>\r\n<\/head>\r\n<body>\r\n\r\n    <div class=\"rd-hero\">\r\n        <div class=\"container\">\r\n            <h1>Ar-Ge Merkezi<\/h1>\r\n            <p>Bilimin Canl\u0131l\u0131kla Bulu\u015ftu\u011fu Yer. Biyoaktif peptitlerin gelece\u011fine \u00f6nc\u00fcl\u00fck ediyor.<\/p>\r\n        <\/div>\r\n    <\/div>\r\n\r\n    <section class=\"intro-section\">\r\n        <div class=\"container\">\r\n            <h2>Yar\u0131n\u0131n Sa\u011fl\u0131\u011f\u0131 i\u00e7in Yenilik\u00e7ilik<\/h2>\r\n            <p class=\"intro-text\">\r\n                Collagensei'de Ara\u015ft\u0131rma ve Geli\u015ftirme merkezimiz, operasyonumuzun kalbinin att\u0131\u011f\u0131 yerdir.\r\n                Biyokimyagerler ve g\u0131da teknolojisi uzmanlar\u0131ndan olu\u015fan multidisipliner bir ekip taraf\u0131ndan y\u00f6netilen merkezimizde, a\u015fa\u011f\u0131daki konular aras\u0131ndaki bo\u015flu\u011fu dolduruyoruz\r\n                temel bilim ve t\u00fcketici ihtiya\u00e7lar\u0131 do\u011frultusunda, ham do\u011fal i\u00e7erikleri son derece etkili i\u015flevsel \u00e7\u00f6z\u00fcmlere d\u00f6n\u00fc\u015ft\u00fcrmektedir.\r\n            <\/p>\r\n        <\/div>\r\n    <\/section>\r\n\r\n    <section class=\"tech-section\">\r\n        <div class=\"container\">\r\n            <div class=\"section-header\">\r\n                <h2>\u00c7ekirdek Teknolojileri<\/h2>\r\n                <p>Kalitemizi tan\u0131mlayan geli\u015fmi\u015f i\u015fleme teknikleri.<\/p>\r\n            <\/div>\r\n            <div class=\"tech-grid\">\r\n                <div class=\"tech-card\">\r\n                    <span class=\"tech-icon\">\ud83e\uddec<\/span>\r\n                    <h3>Enzimatik Hidroliz<\/h3>\r\n                    <p>Tescilli enzimatik s\u00fcrecimiz, protein zincirlerini hassas bir \u015fekilde spesifik biyoaktif peptitlere keserek maksimum emilim i\u00e7in d\u00fc\u015f\u00fck molek\u00fcler a\u011f\u0131rl\u0131k (Ortalama 2000-3000 Da) sa\u011flar.<\/p>\r\n                <\/div>\r\n                <div class=\"tech-card\">\r\n                    <span class=\"tech-icon\">\u2697\ufe0f<\/span>\r\n                    <h3>Ar\u0131tma &amp; Koku Giderme<\/h3>\r\n                    <p>Aktif karbon filtrasyonu ve nanofiltrasyon sayesinde safs\u0131zl\u0131klar\u0131, renkleri ve kokular\u0131 gidererek her t\u00fcrl\u00fc uygulama i\u00e7in ideal n\u00f6tr tatta bir toz olu\u015fturuyoruz.<\/p>\r\n                <\/div>\r\n                <div class=\"tech-card\">\r\n                    <span class=\"tech-icon\">\ud83d\udd2c<\/span>\r\n                    <h3>Biyoyararlan\u0131m Testi<\/h3>\r\n                    <p>Peptitlerimizin kineti\u011fini titizlikle test ederek sindirimden kurtulmalar\u0131n\u0131 ve hedef dokulara etkili bir \u015fekilde ula\u015fmalar\u0131n\u0131 sa\u011fl\u0131yoruz.<\/p>\r\n                <\/div>\r\n            <\/div>\r\n        <\/div>\r\n    <\/section>\r\n\r\n    <div class=\"lab-capabilities\">\r\n        <div class=\"lab-image\"><\/div>\r\n        <div class=\"lab-content\">\r\n            <h2>Laboratuvar Kabiliyetleri<\/h2>\r\n            <p>ISO sertifikal\u0131 laboratuvarlar\u0131m\u0131z, h\u0131zl\u0131 prototipleme ve s\u0131k\u0131 kalite g\u00fcvencesini desteklemek i\u00e7in son teknoloji \u00fcr\u00fcn\u00fc cihazlarla donat\u0131lm\u0131\u015ft\u0131r.<\/p>\r\n            <ul class=\"capability-list\">\r\n                <li><strong>HPLC VE GC-MS:<\/strong> Amino asit profillerinin hassas analizi ve peptit dizilimi.<\/li>\r\n                <li><strong>Mikrobiyoloji Laboratuvar\u0131:<\/strong> \u00dcr\u00fcn g\u00fcvenli\u011fini sa\u011flamak i\u00e7in s\u0131k\u0131 patojen testleri.<\/li>\r\n                <li><strong>Uygulama Laboratuvar\u0131:<\/strong> \u00c7e\u015fitli i\u00e7ecek ve g\u0131dalarda \u00e7\u00f6z\u00fcn\u00fcrl\u00fck, pH stabilitesi ve \u0131s\u0131 direncinin test edilmesi.<\/li>\r\n                <li><strong>Duyusal De\u011ferlendirme:<\/strong> Tat, doku ve koku kontrol\u00fc i\u00e7in profesyonel panel testi.<\/li>\r\n                <li><strong>Stabilite Odalar\u0131:<\/strong> K\u00fcresel iklimler i\u00e7in h\u0131zland\u0131r\u0131lm\u0131\u015f raf \u00f6mr\u00fc testi.<\/li>\r\n            <\/ul>\r\n        <\/div>\r\n    <\/div>\r\n\r\n    <section class=\"process-section\">\r\n        <div class=\"container\">\r\n            <div class=\"section-header\">\r\n                <h2>Konseptten Ticarile\u015ftirmeye<\/h2>\r\n                <p>Ortaklar\u0131m\u0131z\u0131n kazanan \u00fcr\u00fcnleri piyasaya s\u00fcrmesine nas\u0131l yard\u0131mc\u0131 oluyoruz?.<\/p>\r\n            <\/div>\r\n            <div class=\"process-steps\">\r\n                <div class=\"step-item\">\r\n                    <div class=\"step-number\">1<\/div>\r\n                    <h4>D\u00fc\u015f\u00fcnce<\/h4>\r\n                    <p>Pazar trendlerini ve m\u00fc\u015fteri ihtiya\u00e7lar\u0131n\u0131 belirleme.<\/p>\r\n                <\/div>\r\n                <div class=\"step-item\">\r\n                    <div class=\"step-number\">2<\/div>\r\n                    <h4>Form\u00fclasyon<\/h4>\r\n                    <p>Fonksiyonel i\u00e7eriklerle \u00f6zel harmanlama.<\/p>\r\n                <\/div>\r\n                <div class=\"step-item\">\r\n                    <div class=\"step-number\">3<\/div>\r\n                    <h4>Pilot Deneme<\/h4>\r\n                    <p>Fizibiliteyi do\u011frulamak i\u00e7in k\u00fc\u00e7\u00fck seri \u00fcretim.<\/p>\r\n                <\/div>\r\n                <div class=\"step-item\">\r\n                    <div class=\"step-number\">4<\/div>\r\n                    <h4>Do\u011frulama<\/h4>\r\n                    <p>Stabilite, g\u00fcvenlik ve duyusal testler.<\/p>\r\n                <\/div>\r\n                <div class=\"step-item\">\r\n                    <div class=\"step-number\">5<\/div>\r\n                    <h4>\u00d6l\u00e7ek B\u00fcy\u00fctme<\/h4>\r\n                    <p>Teknolojinin seri \u00fcretime aktar\u0131lmas\u0131.<\/p>\r\n                <\/div>\r\n            <\/div>\r\n        <\/div>\r\n    <\/section>\r\n\r\n\r\n\r\n<\/body>\r\n<\/html>\t\t\t\t<\/div>\n\t\t\t\t<\/div>\n\t\t\t\t\t<\/div>\n\t\t\t\t<\/div>\n\t\t\t\t<\/div>","protected":false},"excerpt":{"rendered":"<p>R&#038;D Center | Collagensei R&#038;D Center Where Science Meets Vitality. Pioneering the future of bioactive peptides. Innovating for Tomorrow&#8217;s Health [&hellip;]<\/p>\n","protected":false},"author":1,"featured_media":0,"parent":77,"menu_order":0,"comment_status":"closed","ping_status":"closed","template":"","meta":{"_uag_custom_page_level_css":"","site-sidebar-layout":"default","site-content-layout":"","ast-site-content-layout":"default","site-content-style":"default","site-sidebar-style":"default","ast-global-header-display":"","ast-banner-title-visibility":"","ast-main-header-display":"","ast-hfb-above-header-display":"","ast-hfb-below-header-display":"","ast-hfb-mobile-header-display":"","site-post-title":"disabled","ast-breadcrumbs-content":"","ast-featured-img":"","footer-sml-layout":"","ast-disable-related-posts":"","theme-transparent-header-meta":"","adv-header-id-meta":"","stick-header-meta":"","header-above-stick-meta":"","header-main-stick-meta":"","header-below-stick-meta":"","astra-migrate-meta-layouts":"default","ast-page-background-enabled":"default","ast-page-background-meta":{"desktop":{"background-color":"var(--ast-global-color-5)","background-image":"","background-repeat":"repeat","background-position":"center center","background-size":"auto","background-attachment":"scroll","background-type":"","background-media":"","overlay-type":"","overlay-color":"","overlay-opacity":"","overlay-gradient":""},"tablet":{"background-color":"","background-image":"","background-repeat":"repeat","background-position":"center center","background-size":"auto","background-attachment":"scroll","background-type":"","background-media":"","overlay-type":"","overlay-color":"","overlay-opacity":"","overlay-gradient":""},"mobile":{"background-color":"","background-image":"","background-repeat":"repeat","background-position":"center center","background-size":"auto","background-attachment":"scroll","background-type":"","background-media":"","overlay-type":"","overlay-color":"","overlay-opacity":"","overlay-gradient":""}},"ast-content-background-meta":{"desktop":{"background-color":"var(--ast-global-color-4)","background-image":"","background-repeat":"repeat","background-position":"center center","background-size":"auto","background-attachment":"scroll","background-type":"","background-media":"","overlay-type":"","overlay-color":"","overlay-opacity":"","overlay-gradient":""},"tablet":{"background-color":"var(--ast-global-color-4)","background-image":"","background-repeat":"repeat","background-position":"center center","background-size":"auto","background-attachment":"scroll","background-type":"","background-media":"","overlay-type":"","overlay-color":"","overlay-opacity":"","overlay-gradient":""},"mobile":{"background-color":"var(--ast-global-color-4)","background-image":"","background-repeat":"repeat","background-position":"center center","background-size":"auto","background-attachment":"scroll","background-type":"","background-media":"","overlay-type":"","overlay-color":"","overlay-opacity":"","overlay-gradient":""}},"footnotes":""},"class_list":["post-80","page","type-page","status-publish","hentry"],"uagb_featured_image_src":{"full":false,"thumbnail":false,"medium":false,"medium_large":false,"large":false,"1536x1536":false,"2048x2048":false,"trp-custom-language-flag":false},"uagb_author_info":{"display_name":"collagensei.com","author_link":"https:\/\/collagensei.com\/tr\/author\/collagensei\/"},"uagb_comment_info":0,"uagb_excerpt":"R&#038;D Center | Collagensei R&#038;D Center Where Science Meets Vitality. Pioneering the future of bioactive peptides. Innovating for Tomorrow&#8217;s Health [&hellip;]","_links":{"self":[{"href":"https:\/\/collagensei.com\/tr\/wp-json\/wp\/v2\/pages\/80","targetHints":{"allow":["GET"]}}],"collection":[{"href":"https:\/\/collagensei.com\/tr\/wp-json\/wp\/v2\/pages"}],"about":[{"href":"https:\/\/collagensei.com\/tr\/wp-json\/wp\/v2\/types\/page"}],"author":[{"embeddable":true,"href":"https:\/\/collagensei.com\/tr\/wp-json\/wp\/v2\/users\/1"}],"replies":[{"embeddable":true,"href":"https:\/\/collagensei.com\/tr\/wp-json\/wp\/v2\/comments?post=80"}],"version-history":[{"count":6,"href":"https:\/\/collagensei.com\/tr\/wp-json\/wp\/v2\/pages\/80\/revisions"}],"predecessor-version":[{"id":15946,"href":"https:\/\/collagensei.com\/tr\/wp-json\/wp\/v2\/pages\/80\/revisions\/15946"}],"up":[{"embeddable":true,"href":"https:\/\/collagensei.com\/tr\/wp-json\/wp\/v2\/pages\/77"}],"wp:attachment":[{"href":"https:\/\/collagensei.com\/tr\/wp-json\/wp\/v2\/media?parent=80"}],"curies":[{"name":"wp","href":"https:\/\/api.w.org\/{rel}","templated":true}]}}