{"id":831,"date":"2024-07-15T21:40:59","date_gmt":"2024-07-15T13:40:59","guid":{"rendered":"https:\/\/collagensei.com\/?page_id=831"},"modified":"2024-07-25T13:38:22","modified_gmt":"2024-07-25T05:38:22","slug":"cleanbpi","status":"publish","type":"page","link":"https:\/\/collagensei.com\/tr\/branded-ingredients-2\/cleanbpi\/","title":{"rendered":"CLEANBPI"},"content":{"rendered":"<p><strong><span style=\"color: #000000;\">Temiz S\u0131\u011f\u0131r Eti Protein \u0130zolat\u0131<\/span><\/strong><\/p>\n<p><span style=\"color: #000000;\">Dinamik fitness ve beslenme d\u00fcnyas\u0131nda protein takviyeleri kas geli\u015fimini, toparlanmay\u0131 ve genel sa\u011fl\u0131\u011f\u0131 desteklemede \u00e7ok \u00f6nemli bir rol oynamaktad\u0131r. Mevcut \u00e7e\u015fitli se\u00e7enekler aras\u0131nda Clean Beef Protein Isolate, y\u00fcksek kaliteli, etkili bir protein kayna\u011f\u0131 arayan bireyler i\u00e7in birinci s\u0131n\u0131f bir se\u00e7im olarak \u00f6ne \u00e7\u0131kmaktad\u0131r. Bu makale, Clean Beef Protein \u0130zolat'\u0131n k\u00f6kenini, \u00fcretim y\u00f6ntemlerini, besinsel faydalar\u0131n\u0131 ve fitness ve sa\u011fl\u0131\u011f\u0131 geli\u015ftirmedeki rol\u00fcn\u00fc detayland\u0131rarak \u00f6z\u00fcn\u00fc incelemektedir.<\/span><\/p>\n<p><strong><span style=\"color: #000000;\">Protein \u0130zolat\u0131n\u0131 Anlamak<\/span><\/strong><\/p>\n<p><span style=\"color: #000000;\">Protein izolatlar\u0131, hayvan ve bitki bazl\u0131 kaynaklar da dahil olmak \u00fczere \u00e7e\u015fitli kaynaklardan elde edilen proteinin y\u00fcksek oranda rafine edilmi\u015f formlar\u0131d\u0131r. \u0130zolatlar ya\u011flar\u0131n, karbonhidratlar\u0131n ve di\u011fer protein olmayan bile\u015fenlerin uzakla\u015ft\u0131r\u0131lmas\u0131 i\u00e7in kapsaml\u0131 bir i\u015fleme tabi tutulur ve sonu\u00e7ta a\u011f\u0131rl\u0131k\u00e7a a\u011f\u0131rl\u0131kl\u0131 olarak protein olan bir \u00fcr\u00fcn elde edilir. Bu i\u015flem protein i\u00e7eri\u011fini ve safl\u0131\u011f\u0131n\u0131 art\u0131rarak izolatlar\u0131 sporcular, fitness merakl\u0131lar\u0131 ve diyetlerini uygun ve etkili bir protein kayna\u011f\u0131yla desteklemek isteyenler aras\u0131nda pop\u00fcler bir se\u00e7im haline getirir.<\/span><\/p>\n<p><strong><span style=\"color: #000000;\">Temiz S\u0131\u011f\u0131r Eti Protein \u0130zolat\u0131n\u0131n Y\u00fckseli\u015fi<\/span><\/strong><\/p>\n<p><span style=\"color: #000000;\">Clean Beef Protein Isolate, protein takviyesi pazar\u0131nda hayvansal kaynakl\u0131 proteinleri tercih eden ve safl\u0131k, kalite ve besinsel faydalara \u00f6ncelik veren \u00fcr\u00fcnler arayan bireylere hitap eden \u00f6zel bir kategoriyi temsil eder. S\u0131\u011f\u0131r etinden elde edilen bu protein izolat\u0131, kas iyile\u015fmesini, g\u00fc\u00e7 geli\u015fimini ve genel sa\u011fl\u0131\u011f\u0131 destekleyen benzersiz bir amino asit ve besin profili sunar.<\/span><\/p>\n<p><strong><span style=\"color: #000000;\">K\u00f6kenleri ve \u00dcretim S\u00fcreci<\/span><\/strong><\/p>\n<p><span style=\"color: #000000;\">Temiz S\u0131\u011f\u0131r Eti Protein \u0130zolat\u0131 \u00fcretimi, kalite ve etkinli\u011fi sa\u011flamak i\u00e7in birka\u00e7 \u00f6nemli ad\u0131m i\u00e7erir:<\/span><\/p>\n<p><span style=\"color: #000000;\">1. Kaynak Kullan\u0131m\u0131: Y\u00fcksek kaliteli s\u0131\u011f\u0131r eti proteini izolat\u0131, etik uygulamalar ve s\u00fcrd\u00fcr\u00fclebilir kaynak kullan\u0131m\u0131 ile bilinen sayg\u0131n tedarik\u00e7ilerden temin edilmesiyle ba\u015flar. Temiz S\u0131\u011f\u0131r Eti Protein \u0130zolat\u0131 tipik olarak otla beslenen, merada yeti\u015ftirilen s\u0131\u011f\u0131rlardan elde edilen s\u0131\u011f\u0131r etini kullan\u0131r, bu da geleneksel olarak yeti\u015ftirilen kaynaklara k\u0131yasla ek besinsel faydalar sunabilir.<\/span><\/p>\n<p><span style=\"color: #000000;\">2. Ekstraksiyon ve Safla\u015ft\u0131rma: S\u0131\u011f\u0131r eti proteini, s\u0131\u011f\u0131r etinin daha k\u00fc\u00e7\u00fck bile\u015fenlere ayr\u0131lmas\u0131n\u0131 i\u00e7eren bir i\u015flemle ham maddeden ekstrakte edilir. Bu ekstraksiyon ad\u0131m\u0131 ya\u011flar\u0131, kolesterol\u00fc ve di\u011fer protein olmayan maddeleri uzakla\u015ft\u0131rarak safla\u015ft\u0131r\u0131lm\u0131\u015f bir protein izolat\u0131 elde edilmesini sa\u011flar.<\/span><\/p>\n<p><span style=\"color: #000000;\">3. Filtrasyon ve Konsantrasyon: Protein \u00f6z\u00fct\u00fc, protein i\u00e7eri\u011fini daha da rafine etmek ve konsantre etmek i\u00e7in filtrasyon ve konsantrasyon i\u015flemlerinden ge\u00e7irilir. Bu i\u015flem, temel amino asitleri ve besin maddelerini korurken safs\u0131zl\u0131klar\u0131 giderir ve y\u00fcksek kaliteli bir nihai \u00fcr\u00fcn sa\u011flar.<\/span><\/p>\n<p><span style=\"color: #000000;\">4. Test ve Kalite G\u00fcvencesi: Clean Beef Protein \u0130zolat\u0131 \u00fcretim boyunca safl\u0131k, etki ve g\u00fcvenlik a\u00e7\u0131s\u0131ndan titiz testlerden ge\u00e7irilir. Bu testler, \u00fcr\u00fcn\u00fcn kat\u0131 kalite standartlar\u0131n\u0131 kar\u015f\u0131lamas\u0131n\u0131 ve etkinli\u011fini tehlikeye atabilecek kirletici maddeler veya alerjenler i\u00e7ermemesini sa\u011flar.<\/span><\/p>\n<p><strong><span style=\"color: #000000;\">Clean Beef Protein \u0130zolat\u0131n\u0131n Besinsel Faydalar\u0131<\/span><\/strong><\/p>\n<p><span style=\"color: #000000;\">Clean Beef Protein Isolate, kas geli\u015fimini, toparlanmay\u0131 ve genel sa\u011fl\u0131\u011f\u0131 destekleyen bir dizi besinsel fayda sunar:<\/span><\/p>\n<p><span style=\"color: #000000;\">1. Y\u00fcksek Protein \u0130\u00e7eri\u011fi: S\u0131\u011f\u0131r proteini izolat\u0131 protein a\u00e7\u0131s\u0131ndan zengindir, kas onar\u0131m\u0131 ve b\u00fcy\u00fcmesi i\u00e7in gerekli olan temel amino asitlerin konsantre bir kayna\u011f\u0131n\u0131 sa\u011flar.<\/span><\/p>\n<p><span style=\"color: #000000;\">2. Amino Asit Profili: L\u00f6sin, izol\u00f6sin ve valin gibi dall\u0131 zincirli amino asitler (BCAA) dahil olmak \u00fczere dengeli bir amino asit profili i\u00e7erir. Bu amino asitler kas protein sentezini uyarmak, iyile\u015fmeyi desteklemek ve kas dayan\u0131kl\u0131l\u0131\u011f\u0131n\u0131 art\u0131rmak i\u00e7in \u00e7ok \u00f6nemlidir.<\/span><\/p>\n<p><span style=\"color: #000000;\">3. D\u00fc\u015f\u00fck Ya\u011f ve Karbonhidrat \u0130\u00e7eri\u011fi: Clean Beef Protein Isolate tipik olarak d\u00fc\u015f\u00fck ya\u011f ve karbonhidrat i\u00e7eri\u011fine sahiptir, bu da onu ilave kalori i\u00e7ermeyen bir protein takviyesi arayan bireyler i\u00e7in ideal bir se\u00e7im haline getirir.<\/span><\/p>\n<p><span style=\"color: #000000;\">4. Besin Maddeleri A\u00e7\u0131s\u0131ndan Zengindir: S\u0131\u011f\u0131r proteini izolat\u0131, enerji metabolizmas\u0131n\u0131, ba\u011f\u0131\u015f\u0131kl\u0131k fonksiyonunu ve genel refah\u0131 destekleyen demir, \u00e7inko ve B vitaminleri dahil olmak \u00fczere temel vitamin ve mineralleri de sa\u011flayabilir.<\/span><\/p>\n<p><strong><span style=\"color: #000000;\">\u00a0Temiz S\u0131\u011f\u0131r Eti Protein \u0130zolat\u0131n\u0131n Faydalar\u0131<\/span><\/strong><\/p>\n<p><span style=\"color: #000000;\">Clean Beef Protein \u0130zolat\u0131n\u0131 fitness rejiminize dahil etmek \u00e7ok say\u0131da fayda sa\u011flayabilir:<\/span><\/p>\n<p><span style=\"color: #000000;\">- Kas B\u00fcy\u00fcmesi ve Onar\u0131m\u0131: Clean Beef Protein Isolate i\u00e7indeki y\u00fcksek kaliteli protein, kas protein sentezini destekleyerek kas b\u00fcy\u00fcmesine ve yo\u011fun egzersiz seanslar\u0131ndan sonra iyile\u015fmeye yard\u0131mc\u0131 olur.<\/span><\/p>\n<p><span style=\"color: #000000;\">- Geli\u015ftirilmi\u015f Performans: S\u0131\u011f\u0131r eti protein izolat\u0131 takviyesi, egzersiz s\u0131ras\u0131nda kaslar\u0131 besleyen ve sonras\u0131nda iyile\u015fmeye yard\u0131mc\u0131 olan haz\u0131r bir amino asit kayna\u011f\u0131 sa\u011flayarak atletik performans\u0131 art\u0131rabilir.<\/span><\/p>\n<p><span style=\"color: #000000;\">- Kilo Y\u00f6netimi: Protein doyurucudur ve i\u015ftah\u0131 d\u00fczenlemeye yard\u0131mc\u0131 olabilir, bu da Clean Beef Protein \u0130zolat\u0131n\u0131 tokluk hissini te\u015fvik ederek ve ya\u011fs\u0131z kas k\u00fctlesini destekleyerek bir kilo y\u00f6netimi plan\u0131na de\u011ferli bir katk\u0131 haline getirir.<\/span><\/p>\n<p><span style=\"color: #000000;\">- Sindirim Sa\u011fl\u0131\u011f\u0131: Baz\u0131 ki\u015filer s\u0131\u011f\u0131r protein izolat\u0131n\u0131n sindiriminin di\u011fer protein kaynaklar\u0131na k\u0131yasla daha kolay oldu\u011funu ve bu nedenle sindirim hassasiyeti veya intolerans\u0131 olanlar i\u00e7in uygun bir se\u00e7enek oldu\u011funu d\u00fc\u015f\u00fcnmektedir.<\/span><\/p>\n<p><strong><span style=\"color: #000000;\">Clean Beef Protein \u0130zolat\u0131 Nas\u0131l Kullan\u0131l\u0131r?<\/span><\/strong><\/p>\n<p><span style=\"color: #000000;\">Clean Beef Protein Isolate'in faydalar\u0131n\u0131 en \u00fcst d\u00fczeye \u00e7\u0131karmak i\u00e7in:<\/span><\/p>\n<p><span style=\"color: #000000;\">- G\u00fcnl\u00fck Al\u0131m Miktar\u0131: \u00dcretici taraf\u0131ndan sa\u011flanan ve bireysel protein ihtiya\u00e7lar\u0131na ve fitness hedeflerine ba\u011fl\u0131 olarak genellikle g\u00fcnde bir ila \u00fc\u00e7 porsiyon aras\u0131nda de\u011fi\u015fen \u00f6nerilen dozaj y\u00f6nergelerini izleyin.<\/span><\/p>\n<p><span style=\"color: #000000;\">- Zamanlama: Kas iyile\u015fmesini ve sentezini desteklemek i\u00e7in Clean Beef Protein Isolate'i antrenmanlar s\u0131ras\u0131nda t\u00fcketin. Ayr\u0131ca g\u00fcn boyunca uygun bir at\u0131\u015ft\u0131rmal\u0131k veya \u00f6\u011f\u00fcn de\u011fi\u015ftirme se\u00e7ene\u011fi olarak da kullan\u0131labilir.<\/span><\/p>\n<p><span style=\"color: #000000;\">- Kar\u0131\u015ft\u0131rma Se\u00e7enekleri: Clean Beef Protein \u0130zolat\u0131n\u0131 smoothie ve shake'lerle kar\u0131\u015ft\u0131r\u0131n veya daha fazla beslenme ve lezzet i\u00e7in protein barlar\u0131 veya unlu mamuller gibi tariflere dahil edin.<\/span><\/p>\n<p><strong><span style=\"color: #000000;\">Kaliteli Temiz S\u0131\u011f\u0131r Eti Protein \u0130zolat\u0131 Se\u00e7imi<\/span><\/strong><\/p>\n<p><span style=\"color: #000000;\">Clean Beef Protein Isolate se\u00e7erken, kalite ve etkinli\u011fi sa\u011flamak i\u00e7in a\u015fa\u011f\u0131daki fakt\u00f6rleri g\u00f6z \u00f6n\u00fcnde bulundurun:<\/span><\/p>\n<p><span style=\"color: #000000;\">- Kaynak Kullan\u0131m\u0131: Daha y\u00fcksek besin i\u00e7eri\u011fi ve daha az kirletici madde sa\u011flamak i\u00e7in otla beslenen, merada yeti\u015ftirilen s\u0131\u011f\u0131rlardan elde edilen \u00fcr\u00fcnleri tercih edin.<\/span><\/p>\n<p><span style=\"color: #000000;\">- \u0130\u00e7indekiler: Safl\u0131\u011f\u0131 ve besin de\u011ferini korumak i\u00e7in yapay katk\u0131 maddeleri, aromalar ve dolgu maddeleri i\u00e7ermeyen protein izolatlar\u0131n\u0131 se\u00e7in.<\/span><\/p>\n<p><span style=\"color: #000000;\">- \u00dc\u00e7\u00fcnc\u00fc Taraf Testleri: \u00dcretici taraf\u0131ndan yap\u0131lan iddialar\u0131 do\u011frulamak i\u00e7in kalite, safl\u0131k ve g\u00fcvenlik a\u00e7\u0131s\u0131ndan \u00fc\u00e7\u00fcnc\u00fc taraf testlerinden ge\u00e7en \u00fcr\u00fcnleri aray\u0131n.<\/span><\/p>\n<p><span style=\"color: #000000;\">- M\u00fc\u015fteri Yorumlar\u0131: Di\u011fer kullan\u0131c\u0131lar\u0131n \u00fcr\u00fcnle ilgili etkinlik ve memnuniyet d\u00fczeylerini \u00f6l\u00e7mek i\u00e7in m\u00fc\u015fteri yorumlar\u0131n\u0131 ve referanslar\u0131n\u0131 ara\u015ft\u0131r\u0131n.<\/span><\/p>\n<p><strong><span style=\"color: #000000;\">\u00a0Sonu\u00e7<\/span><\/strong><\/p>\n<p><span style=\"color: #000000;\">Clean Beef Protein Isolate, protein takviyesi alan\u0131nda yenilik ve m\u00fckemmelli\u011fin bir kan\u0131t\u0131 olarak, sorumlu bir \u015fekilde tedarik edilen s\u0131\u011f\u0131r etinden elde edilen \u00fcst\u00fcn kaliteli bir protein kayna\u011f\u0131 sunar. Kas geli\u015fimini art\u0131rmak, toparlanmay\u0131 desteklemek veya genel sa\u011fl\u0131k ve zindeli\u011fi korumak istiyorsan\u0131z, Clean Beef Protein Isolate uygun ve etkili bir \u00e7\u00f6z\u00fcm sunar.<\/span><\/p>\n<p><span style=\"color: #000000;\">Clean Beef Protein Isolate'in faydalar\u0131n\u0131 benimseyin ve safl\u0131k, kalite ve besinsel faydalara \u00f6ncelik veren bir protein takviyesi ile fitness yolculu\u011funuzu y\u00fckseltin. Zengin amino asit profili, minimum ya\u011f ve karbonhidrat i\u00e7eri\u011fi ve kullan\u0131mdaki \u00e7ok y\u00f6nl\u00fcl\u00fc\u011f\u00fc ile Clean Beef Protein Isolate, optimum performans ve refah elde etmeye odaklanan her diyete de\u011ferli bir katk\u0131d\u0131r.<\/span><\/p>\n<p><img fetchpriority=\"high\" decoding=\"async\" class=\"wp-image-1663\" src=\"https:\/\/collagensei.com\/wp-content\/uploads\/2024\/07\/Beef-Protein-Isolate-267x300.jpg\" alt=\"S\u0131\u011f\u0131r Eti Protein \u0130zolat\u0131\" width=\"664\" height=\"746\" srcset=\"https:\/\/collagensei.com\/wp-content\/uploads\/2024\/07\/Beef-Protein-Isolate-267x300.jpg 267w, https:\/\/collagensei.com\/wp-content\/uploads\/2024\/07\/Beef-Protein-Isolate-910x1024.jpg 910w, https:\/\/collagensei.com\/wp-content\/uploads\/2024\/07\/Beef-Protein-Isolate-768x864.jpg 768w, https:\/\/collagensei.com\/wp-content\/uploads\/2024\/07\/Beef-Protein-Isolate-1365x1536.jpg 1365w, https:\/\/collagensei.com\/wp-content\/uploads\/2024\/07\/Beef-Protein-Isolate-1820x2048.jpg 1820w, https:\/\/collagensei.com\/wp-content\/uploads\/2024\/07\/Beef-Protein-Isolate-200x225.jpg 200w, https:\/\/collagensei.com\/wp-content\/uploads\/2024\/07\/Beef-Protein-Isolate-400x450.jpg 400w, https:\/\/collagensei.com\/wp-content\/uploads\/2024\/07\/Beef-Protein-Isolate-600x675.jpg 600w, https:\/\/collagensei.com\/wp-content\/uploads\/2024\/07\/Beef-Protein-Isolate-800x900.jpg 800w, https:\/\/collagensei.com\/wp-content\/uploads\/2024\/07\/Beef-Protein-Isolate-1200x1350.jpg 1200w\" sizes=\"(max-width: 664px) 100vw, 664px\" \/><\/p>","protected":false},"excerpt":{"rendered":"<p>Clean Beef Protein Isolate In the dynamic world of fitness and nutrition, protein supplements play a crucial role in supporting [&hellip;]<\/p>\n","protected":false},"author":1,"featured_media":0,"parent":563,"menu_order":0,"comment_status":"closed","ping_status":"closed","template":"","meta":{"_uag_custom_page_level_css":"","site-sidebar-layout":"default","site-content-layout":"","ast-site-content-layout":"default","site-content-style":"default","site-sidebar-style":"default","ast-global-header-display":"","ast-banner-title-visibility":"","ast-main-header-display":"","ast-hfb-above-header-display":"","ast-hfb-below-header-display":"","ast-hfb-mobile-header-display":"","site-post-title":"","ast-breadcrumbs-content":"","ast-featured-img":"","footer-sml-layout":"","ast-disable-related-posts":"","theme-transparent-header-meta":"","adv-header-id-meta":"","stick-header-meta":"","header-above-stick-meta":"","header-main-stick-meta":"","header-below-stick-meta":"","astra-migrate-meta-layouts":"default","ast-page-background-enabled":"default","ast-page-background-meta":{"desktop":{"background-color":"var(--ast-global-color-5)","background-image":"","background-repeat":"repeat","background-position":"center center","background-size":"auto","background-attachment":"scroll","background-type":"","background-media":"","overlay-type":"","overlay-color":"","overlay-opacity":"","overlay-gradient":""},"tablet":{"background-color":"","background-image":"","background-repeat":"repeat","background-position":"center center","background-size":"auto","background-attachment":"scroll","background-type":"","background-media":"","overlay-type":"","overlay-color":"","overlay-opacity":"","overlay-gradient":""},"mobile":{"background-color":"","background-image":"","background-repeat":"repeat","background-position":"center center","background-size":"auto","background-attachment":"scroll","background-type":"","background-media":"","overlay-type":"","overlay-color":"","overlay-opacity":"","overlay-gradient":""}},"ast-content-background-meta":{"desktop":{"background-color":"var(--ast-global-color-4)","background-image":"","background-repeat":"repeat","background-position":"center center","background-size":"auto","background-attachment":"scroll","background-type":"","background-media":"","overlay-type":"","overlay-color":"","overlay-opacity":"","overlay-gradient":""},"tablet":{"background-color":"var(--ast-global-color-4)","background-image":"","background-repeat":"repeat","background-position":"center center","background-size":"auto","background-attachment":"scroll","background-type":"","background-media":"","overlay-type":"","overlay-color":"","overlay-opacity":"","overlay-gradient":""},"mobile":{"background-color":"var(--ast-global-color-4)","background-image":"","background-repeat":"repeat","background-position":"center center","background-size":"auto","background-attachment":"scroll","background-type":"","background-media":"","overlay-type":"","overlay-color":"","overlay-opacity":"","overlay-gradient":""}},"footnotes":""},"class_list":["post-831","page","type-page","status-publish","hentry"],"uagb_featured_image_src":{"full":false,"thumbnail":false,"medium":false,"medium_large":false,"large":false,"1536x1536":false,"2048x2048":false,"trp-custom-language-flag":false},"uagb_author_info":{"display_name":"collagensei.com","author_link":"https:\/\/collagensei.com\/tr\/author\/collagensei\/"},"uagb_comment_info":0,"uagb_excerpt":"Clean Beef Protein Isolate In the dynamic world of fitness and nutrition, protein supplements play a crucial role in supporting [&hellip;]","_links":{"self":[{"href":"https:\/\/collagensei.com\/tr\/wp-json\/wp\/v2\/pages\/831","targetHints":{"allow":["GET"]}}],"collection":[{"href":"https:\/\/collagensei.com\/tr\/wp-json\/wp\/v2\/pages"}],"about":[{"href":"https:\/\/collagensei.com\/tr\/wp-json\/wp\/v2\/types\/page"}],"author":[{"embeddable":true,"href":"https:\/\/collagensei.com\/tr\/wp-json\/wp\/v2\/users\/1"}],"replies":[{"embeddable":true,"href":"https:\/\/collagensei.com\/tr\/wp-json\/wp\/v2\/comments?post=831"}],"version-history":[{"count":3,"href":"https:\/\/collagensei.com\/tr\/wp-json\/wp\/v2\/pages\/831\/revisions"}],"predecessor-version":[{"id":15817,"href":"https:\/\/collagensei.com\/tr\/wp-json\/wp\/v2\/pages\/831\/revisions\/15817"}],"up":[{"embeddable":true,"href":"https:\/\/collagensei.com\/tr\/wp-json\/wp\/v2\/pages\/563"}],"wp:attachment":[{"href":"https:\/\/collagensei.com\/tr\/wp-json\/wp\/v2\/media?parent=831"}],"curies":[{"name":"wp","href":"https:\/\/api.w.org\/{rel}","templated":true}]}}