{"id":8340,"date":"2025-06-04T15:27:48","date_gmt":"2025-06-04T07:27:48","guid":{"rendered":"https:\/\/collagensei.com\/?page_id=8340"},"modified":"2025-06-04T15:27:51","modified_gmt":"2025-06-04T07:27:51","slug":"sartlar-ve-kosullar","status":"publish","type":"page","link":"https:\/\/collagensei.com\/tr\/terms-and-conditions\/","title":{"rendered":"\u015eartlar ve Ko\u015fullar"},"content":{"rendered":"<p>(\"bi\u0307z\", \"bi\u0307z\", \"bi\u0307zi\u0307m\") tarafindan i\u0307\u015fleti\u0307len web si\u0307tesi\u0307ni\u0307 (\"web si\u0307tesi\u0307\", \"hi\u0307zmet\") kullanmadan \u00f6nce bu h\u00fck\u00fcm ve ko\u015fullari (\"h\u00fck\u00fcm ve ko\u015fullar\", \"ko\u015fullar\") di\u0307kkatli\u0307ce okuyun.<\/p>\n\n\n\n<p><strong>Kullan\u0131m Ko\u015fullar\u0131<\/strong><\/p>\n\n\n\n<p>Bu web sitesini kullanarak, bu S\u00f6zle\u015fmeyi okuyup inceledi\u011finizi ve \u015fartlar\u0131na uymay\u0131 kabul etti\u011finizi onaylam\u0131\u015f olursunuz. Bu S\u00f6zle\u015fmenin \u015fartlar\u0131na ba\u011fl\u0131 olmak istemiyorsan\u0131z, web sitesini kullanmay\u0131 b\u0131rakman\u0131z tavsiye edilir. bu web sitesinin, \u00fcr\u00fcnlerinin ve hizmetlerinin kullan\u0131m\u0131n\u0131 ve eri\u015fimini yaln\u0131zca \u015fartlar\u0131n\u0131 kabul edenlere verir.<\/p>\n\n\n\n<p><strong>Gizlilik Politikas\u0131<\/strong><\/p>\n\n\n\n<p>Web sitemizi kullanmaya devam etmeden \u00f6nce, kullan\u0131c\u0131 verilerinin toplanmas\u0131na ili\u015fkin gizlilik politikam\u0131z\u0131 okuman\u0131z\u0131 tavsiye ederiz. Bu, uygulamalar\u0131m\u0131z\u0131 daha iyi anlaman\u0131za yard\u0131mc\u0131 olacakt\u0131r.<\/p>\n\n\n\n<p><strong>Ya\u015f s\u0131n\u0131rlamas\u0131<\/strong><\/p>\n\n\n\n<p>Bu web sitesini kullanabilmeniz i\u00e7in en az 18 (on sekiz) ya\u015f\u0131nda olman\u0131z gerekmektedir. Bu web sitesini kullanarak, en az 18 ya\u015f\u0131nda oldu\u011funuzu ve bu S\u00f6zle\u015fmeye yasal olarak uyabilece\u011finizi garanti edersiniz. ya\u015f yanl\u0131\u015f beyan\u0131 ile ilgili y\u00fck\u00fcml\u00fcl\u00fckler i\u00e7in hi\u00e7bir sorumluluk kabul etmez.<\/p>\n\n\n\n<p><strong>Fikri m\u00fclkiyet<\/strong><\/p>\n\n\n\n<p>Bu web sitesinde sa\u011flanan t\u00fcm materyallerin, \u00fcr\u00fcnlerin ve hizmetlerin, t\u00fcm telif haklar\u0131, ticari s\u0131rlar, ticari markalar, patentler ve di\u011fer fikri m\u00fclkiyetler dahil olmak \u00fczere ba\u011fl\u0131 kurulu\u015flar\u0131n\u0131n, y\u00f6neticilerinin, memurlar\u0131n\u0131n, \u00e7al\u0131\u015fanlar\u0131n\u0131n, acentelerinin, tedarik\u00e7ilerinin veya lisans verenlerinin m\u00fclkiyetinde oldu\u011funu kabul edersiniz. Ayr\u0131ca, 'nin fikri m\u00fclkiyetini elektronik, dijital veya yeni ticari marka tescilleri de dahil olmak \u00fczere hi\u00e7bir \u015fekilde \u00e7o\u011faltmayaca\u011f\u0131n\u0131z\u0131 veya yeniden da\u011f\u0131tmayaca\u011f\u0131n\u0131z\u0131 kabul edersiniz.<\/p>\n\n\n\n<p>Y\u00fckledi\u011finiz ve yay\u0131nlad\u0131\u011f\u0131n\u0131z i\u00e7eri\u011fi g\u00f6r\u00fcnt\u00fclemek, kullanmak, kopyalamak, iletmek ve yay\u0131nlamak i\u00e7in telifsiz ve m\u00fcnhas\u0131r olmayan bir lisans verirsiniz. Fikri m\u00fclkiyet talepleriyle ilgili sorunlar i\u00e7in, bir anla\u015fmaya varmak amac\u0131yla \u015firketle ileti\u015fime ge\u00e7melisiniz.<\/p>\n\n\n\n<p><strong>Kullan\u0131c\u0131 hesaplar\u0131<\/strong><\/p>\n\n\n\n<p>Bu web sitesinin bir kullan\u0131c\u0131s\u0131 olarak, bize kaydolman\u0131z ve \u00f6zel bilgilerinizi vermeniz istenebilir. Bu bilgilerin do\u011frulu\u011fundan siz sorumlusunuz ve kimlik bilgilerinizin g\u00fcvenli\u011fini ve emniyetini sa\u011flamaktan siz sorumlusunuz. Hesab\u0131n\u0131z veya \u015fifreniz alt\u0131nda ger\u00e7ekle\u015fen t\u00fcm faaliyetlerden de siz sorumlusunuz.<\/p>\n\n\n\n<p>Web sitesindeki hesab\u0131n\u0131z\u0131n g\u00fcvenli\u011fi ile ilgili olas\u0131 sorunlar oldu\u011funu d\u00fc\u015f\u00fcn\u00fcyorsan\u0131z, bunlar\u0131 uygun \u015fekilde ele alabilmemiz i\u00e7in bizi derhal bilgilendirin.<\/p>\n\n\n\n<p>Hesaplar\u0131 sonland\u0131rma, i\u00e7eri\u011fi d\u00fczenleme veya kald\u0131rma ve sipari\u015fleri iptal etme haklar\u0131m\u0131z\u0131 tamamen kendi takdirimize ba\u011fl\u0131 olarak sakl\u0131 tutar\u0131z.<\/p>\n\n\n\n<p><strong>Uygulanabilir yasa<\/strong><\/p>\n\n\n\n<p>Bu web sitesini kullanarak, kanunlar ihtilaf\u0131 ilkelerine bak\u0131lmaks\u0131z\u0131n, bu h\u00fck\u00fcm ve ko\u015fullar\u0131n veya sizinle veya i\u015f ortaklar\u0131 ve i\u015ftirakleri aras\u0131nda ortaya \u00e7\u0131kabilecek herhangi bir t\u00fcrden anla\u015fmazl\u0131\u011f\u0131n ABD yasalar\u0131na tabi olaca\u011f\u0131n\u0131 kabul edersiniz.<\/p>\n\n\n\n<p><strong>Anla\u015fmazl\u0131klar<\/strong><\/p>\n\n\n\n<p>Bu web sitesini kullan\u0131m\u0131n\u0131zla veya bizden sat\u0131n ald\u0131\u011f\u0131n\u0131z \u00fcr\u00fcnlerle ilgili herhangi bir anla\u015fmazl\u0131k, eyalet veya federal mahkeme taraf\u0131ndan tahkime g\u00f6t\u00fcr\u00fclecektir ve bu mahkemelerin m\u00fcnhas\u0131r yarg\u0131 yetkisini ve yerini kabul edersiniz.<\/p>\n\n\n\n<p><strong>Tazminat<\/strong><\/p>\n\n\n\n<p>Hizmetlerimizi kullanman\u0131zdan veya k\u00f6t\u00fcye kullanman\u0131zdan kaynaklanabilecek yasal iddia ve taleplere kar\u015f\u0131 ba\u011fl\u0131 kurulu\u015flar\u0131n\u0131 tazmin etmeyi ve zarars\u0131z tutmay\u0131 kabul edersiniz. Kendi hukuk m\u00fc\u015favirimizi se\u00e7me hakk\u0131m\u0131z\u0131 sakl\u0131 tutar\u0131z.<\/p>\n\n\n\n<p><strong>Sorumluluk s\u0131n\u0131rlamas\u0131<\/strong><\/p>\n\n\n\n<p> web si\u0307temi\u0307zi\u0307 k\u00f6t\u00fcye kullanmaniz sonucunda ba\u015finiza gelebi\u0307lecek herhangi\u0307 bi\u0307r zarardan sorumlu de\u011fi\u0307ldi\u0307r.<\/p>\n\n\n\n<p> bu S\u00f6zle\u015fmeyi istedi\u011fi zaman d\u00fczenleme, de\u011fi\u015ftirme ve tadil etme hakk\u0131n\u0131 sakl\u0131 tutar. Kullan\u0131c\u0131lar\u0131m\u0131z\u0131 bu de\u011fi\u015fikliklerden elektronik posta yoluyla haberdar edece\u011fiz. Bu S\u00f6zle\u015fme, kullan\u0131c\u0131 ile aram\u0131zdaki bir anla\u015fmad\u0131r ve bu web sitesinin kullan\u0131m\u0131na ili\u015fkin \u00f6nceki t\u00fcm anla\u015fmalar\u0131n yerine ge\u00e7er ve bunlar\u0131n yerini al\u0131r.<\/p>","protected":false},"excerpt":{"rendered":"<p>lease read these terms and conditions (&#8220;terms and conditions&#8221;, &#8220;terms&#8221;) carefully before using website (\u201cwebsite\u201d, &#8220;service&#8221;) operated by (&#8220;us&#8221;, &#8216;we&#8221;, [&hellip;]<\/p>\n","protected":false},"author":2,"featured_media":0,"parent":0,"menu_order":0,"comment_status":"closed","ping_status":"closed","template":"","meta":{"_uag_custom_page_level_css":"","site-sidebar-layout":"default","site-content-layout":"","ast-site-content-layout":"","site-content-style":"default","site-sidebar-style":"default","ast-global-header-display":"","ast-banner-title-visibility":"","ast-main-header-display":"","ast-hfb-above-header-display":"","ast-hfb-below-header-display":"","ast-hfb-mobile-header-display":"","site-post-title":"","ast-breadcrumbs-content":"","ast-featured-img":"","footer-sml-layout":"","ast-disable-related-posts":"","theme-transparent-header-meta":"","adv-header-id-meta":"","stick-header-meta":"","header-above-stick-meta":"","header-main-stick-meta":"","header-below-stick-meta":"","astra-migrate-meta-layouts":"default","ast-page-background-enabled":"default","ast-page-background-meta":{"desktop":{"background-color":"var(--ast-global-color-5)","background-image":"","background-repeat":"repeat","background-position":"center center","background-size":"auto","background-attachment":"scroll","background-type":"","background-media":"","overlay-type":"","overlay-color":"","overlay-opacity":"","overlay-gradient":""},"tablet":{"background-color":"","background-image":"","background-repeat":"repeat","background-position":"center center","background-size":"auto","background-attachment":"scroll","background-type":"","background-media":"","overlay-type":"","overlay-color":"","overlay-opacity":"","overlay-gradient":""},"mobile":{"background-color":"","background-image":"","background-repeat":"repeat","background-position":"center center","background-size":"auto","background-attachment":"scroll","background-type":"","background-media":"","overlay-type":"","overlay-color":"","overlay-opacity":"","overlay-gradient":""}},"ast-content-background-meta":{"desktop":{"background-color":"var(--ast-global-color-4)","background-image":"","background-repeat":"repeat","background-position":"center center","background-size":"auto","background-attachment":"scroll","background-type":"","background-media":"","overlay-type":"","overlay-color":"","overlay-opacity":"","overlay-gradient":""},"tablet":{"background-color":"var(--ast-global-color-4)","background-image":"","background-repeat":"repeat","background-position":"center center","background-size":"auto","background-attachment":"scroll","background-type":"","background-media":"","overlay-type":"","overlay-color":"","overlay-opacity":"","overlay-gradient":""},"mobile":{"background-color":"var(--ast-global-color-4)","background-image":"","background-repeat":"repeat","background-position":"center center","background-size":"auto","background-attachment":"scroll","background-type":"","background-media":"","overlay-type":"","overlay-color":"","overlay-opacity":"","overlay-gradient":""}},"footnotes":""},"class_list":["post-8340","page","type-page","status-publish","hentry"],"uagb_featured_image_src":{"full":false,"thumbnail":false,"medium":false,"medium_large":false,"large":false,"1536x1536":false,"2048x2048":false,"trp-custom-language-flag":false},"uagb_author_info":{"display_name":"jiang, xu","author_link":"https:\/\/collagensei.com\/tr\/author\/j-xu\/"},"uagb_comment_info":0,"uagb_excerpt":"lease read these terms and conditions (&#8220;terms and conditions&#8221;, &#8220;terms&#8221;) carefully before using website (\u201cwebsite\u201d, &#8220;service&#8221;) operated by (&#8220;us&#8221;, &#8216;we&#8221;, [&hellip;]","_links":{"self":[{"href":"https:\/\/collagensei.com\/tr\/wp-json\/wp\/v2\/pages\/8340","targetHints":{"allow":["GET"]}}],"collection":[{"href":"https:\/\/collagensei.com\/tr\/wp-json\/wp\/v2\/pages"}],"about":[{"href":"https:\/\/collagensei.com\/tr\/wp-json\/wp\/v2\/types\/page"}],"author":[{"embeddable":true,"href":"https:\/\/collagensei.com\/tr\/wp-json\/wp\/v2\/users\/2"}],"replies":[{"embeddable":true,"href":"https:\/\/collagensei.com\/tr\/wp-json\/wp\/v2\/comments?post=8340"}],"version-history":[{"count":1,"href":"https:\/\/collagensei.com\/tr\/wp-json\/wp\/v2\/pages\/8340\/revisions"}],"predecessor-version":[{"id":8341,"href":"https:\/\/collagensei.com\/tr\/wp-json\/wp\/v2\/pages\/8340\/revisions\/8341"}],"wp:attachment":[{"href":"https:\/\/collagensei.com\/tr\/wp-json\/wp\/v2\/media?parent=8340"}],"curies":[{"name":"wp","href":"https:\/\/api.w.org\/{rel}","templated":true}]}}