{"id":8342,"date":"2025-06-04T15:33:49","date_gmt":"2025-06-04T07:33:49","guid":{"rendered":"https:\/\/collagensei.com\/?page_id=8342"},"modified":"2025-06-04T15:33:51","modified_gmt":"2025-06-04T07:33:51","slug":"gizlilik-politikasi","status":"publish","type":"page","link":"https:\/\/collagensei.com\/tr\/privacy-policy\/","title":{"rendered":"Gizlilik Politikas\u0131"},"content":{"rendered":"<p>Bu gizlilik politikas\u0131 (\"politika\"), (\"biz\", \"bizim\") ziyaret etti\u011finizde ve kulland\u0131\u011f\u0131n\u0131zda (\"blog\", \"hizmet\") bize sa\u011flad\u0131\u011f\u0131n\u0131z verileri nas\u0131l kulland\u0131\u011f\u0131n\u0131 ve korudu\u011funu anlaman\u0131za yard\u0131mc\u0131 olacakt\u0131r.<\/p>\n\n\n\n<p>Bu politikay\u0131 herhangi bir zamanda de\u011fi\u015ftirme hakk\u0131m\u0131z\u0131 sakl\u0131 tutuyoruz ve bu konuda derhal bilgilendirileceksiniz. En son de\u011fi\u015fikliklerden haberdar oldu\u011funuzdan emin olmak istiyorsan\u0131z, bu sayfay\u0131 s\u0131k s\u0131k ziyaret etmenizi tavsiye ederiz.<\/p>\n\n\n\n<p><strong>Hangi Kullan\u0131c\u0131 Verilerini Topluyoruz<\/strong><\/p>\n\n\n\n<p>Blogu ziyaret etti\u011finizde a\u015fa\u011f\u0131daki verileri toplayabiliriz:<\/p>\n\n\n\n<ul class=\"wp-block-list\">\n<li>IP adresiniz.<\/li>\n\n\n\n<li>\u0130leti\u015fim bilgileriniz ve e-posta adresiniz.<\/li>\n\n\n\n<li>\u0130lgi alanlar\u0131 ve tercihler gibi di\u011fer bilgiler.<\/li>\n\n\n\n<li>Blogumuzdaki \u00e7evrimi\u00e7i davran\u0131\u015f\u0131n\u0131za ili\u015fkin veri profili.<\/li>\n<\/ul>\n\n\n\n<p><strong>Verilerinizi Neden Topluyoruz<\/strong><\/p>\n\n\n\n<p>Verilerinizi \u00e7e\u015fitli nedenlerle topluyoruz:<\/p>\n\n\n\n<ul class=\"wp-block-list\">\n<li>\u0130htiya\u00e7lar\u0131n\u0131z\u0131 daha iyi anlamak i\u00e7in.<\/li>\n\n\n\n<li>Hizmetlerimizi ve \u00fcr\u00fcnlerimizi geli\u015ftirmek i\u00e7in.<\/li>\n\n\n\n<li>Size ilgin\u00e7 bulaca\u011f\u0131n\u0131z\u0131 d\u00fc\u015f\u00fcnd\u00fc\u011f\u00fcm\u00fcz bilgileri i\u00e7eren tan\u0131t\u0131m e-postalar\u0131 g\u00f6ndermek i\u00e7in.<\/li>\n\n\n\n<li>Anketleri doldurman\u0131z ve di\u011fer pazar ara\u015ft\u0131rmas\u0131 t\u00fcrlerine kat\u0131lman\u0131z i\u00e7in sizinle ileti\u015fime ge\u00e7mek.<\/li>\n\n\n\n<li>Blogumuzu \u00e7evrimi\u00e7i davran\u0131\u015flar\u0131n\u0131za ve ki\u015fisel tercihlerinize g\u00f6re \u00f6zelle\u015ftirmek i\u00e7in.<\/li>\n<\/ul>\n\n\n\n<p><strong>Verilerin Korunmas\u0131 ve G\u00fcvenli\u011finin Sa\u011flanmas\u0131<\/strong><\/p>\n\n\n\n<p> \u00e7evrimi\u00e7i toplad\u0131\u011f\u0131m\u0131z t\u00fcm bilgileri korumam\u0131za yard\u0131mc\u0131 olan en son teknolojileri ve yaz\u0131l\u0131mlar\u0131 uygulayarak veri h\u0131rs\u0131zl\u0131\u011f\u0131n\u0131, yetkisiz eri\u015fimi ve if\u015fay\u0131 \u00f6nlemek i\u00e7in elinden gelen her \u015feyi yapm\u0131\u015ft\u0131r.<\/p>\n\n\n\n<p><strong>\u00c7erez Politikam\u0131z<\/strong><\/p>\n\n\n\n<p>Blogumuzun \u00e7erezleri kullanmas\u0131na izin vermeyi kabul etti\u011finizde, \u00e7evrimi\u00e7i davran\u0131\u015f\u0131n\u0131zla ilgili toplad\u0131\u011f\u0131 verileri (web trafi\u011fini, ziyaret etti\u011finiz ve en \u00e7ok zaman ge\u00e7irdi\u011finiz web sayfalar\u0131n\u0131 analiz eder) kullanmay\u0131 da kabul etmi\u015f olursunuz.<\/p>\n\n\n\n<p>\u00c7erezleri kullanarak toplad\u0131\u011f\u0131m\u0131z veriler, blogumuzu ihtiya\u00e7lar\u0131n\u0131za g\u00f6re \u00f6zelle\u015ftirmek i\u00e7in kullan\u0131l\u0131r. Verileri istatistiksel analiz i\u00e7in kulland\u0131ktan sonra, veriler sistemlerimizden tamamen kald\u0131r\u0131l\u0131r.<\/p>\n\n\n\n<p>\u00c7erezlerin bilgisayar\u0131n\u0131z\u0131n kontrol\u00fcn\u00fc hi\u00e7bir \u015fekilde ele ge\u00e7irmemize izin vermedi\u011fini l\u00fctfen unutmay\u0131n. Bunlar sadece hangi sayfalar\u0131 faydal\u0131 bulup hangilerini bulmad\u0131\u011f\u0131n\u0131z\u0131 izlemek i\u00e7in kullan\u0131l\u0131r, b\u00f6ylece size daha iyi bir deneyim sunabiliriz.<\/p>\n\n\n\n<p>\u00c7erezleri devre d\u0131\u015f\u0131 b\u0131rakmak istiyorsan\u0131z, internet taray\u0131c\u0131n\u0131z\u0131n ayarlar\u0131na eri\u015ferek bunu yapabilirsiniz. Ziyaret edebilirsiniz <a href=\"https:\/\/www.internetcookies.com\" target=\"_blank\" rel=\"noreferrer noopener nofollow\">https:\/\/www.internetcookies.com<\/a>'de, bunun \u00e7ok \u00e7e\u015fitli taray\u0131c\u0131larda ve cihazlarda nas\u0131l yap\u0131laca\u011f\u0131na dair kapsaml\u0131 bilgiler bulunmaktad\u0131r.<\/p>\n\n\n\n<p><strong>Di\u011fer Web Sitelerine Ba\u011flant\u0131lar<\/strong><\/p>\n\n\n\n<p>Blogumuz di\u011fer web sitelerine y\u00f6nlendiren ba\u011flant\u0131lar i\u00e7ermektedir. Bu ba\u011flant\u0131lara t\u0131klarsan\u0131z, verilerinizden ve gizlili\u011finizin korunmas\u0131ndan sorumlu tutulamazs\u0131n\u0131z. Bu web sitelerini ziyaret etmek bu gizlilik politikas\u0131 s\u00f6zle\u015fmesine tabi de\u011fildir. Web sitemizden gitti\u011finiz web sitesinin gizlilik politikas\u0131 belgelerini okudu\u011funuzdan emin olun.<\/p>\n\n\n\n<p><strong>Ki\u015fisel Verilerinizin Toplanmas\u0131n\u0131 K\u0131s\u0131tlama<\/strong><\/p>\n\n\n\n<p>Bir noktada, ki\u015fisel verilerinizin kullan\u0131m\u0131n\u0131 ve toplanmas\u0131n\u0131 k\u0131s\u0131tlamak isteyebilirsiniz. Bunu a\u015fa\u011f\u0131dakileri yaparak ger\u00e7ekle\u015ftirebilirsiniz:<\/p>\n\n\n\n<p>Blogdaki formlar\u0131 doldururken, ki\u015fisel bilgilerinizi if\u015fa etmek istemiyorsan\u0131z, i\u015faretlemeden b\u0131rakabilece\u011finiz bir kutu olup olmad\u0131\u011f\u0131n\u0131 kontrol etti\u011finizden emin olun.<\/p>\n\n\n\n<p>Bilgilerinizi bizimle payla\u015fmay\u0131 zaten kabul ettiyseniz, bizimle e-posta yoluyla ileti\u015fime ge\u00e7mekten \u00e7ekinmeyin; bunu sizin i\u00e7in de\u011fi\u015ftirmekten memnuniyet duyar\u0131z.<\/p>\n\n\n\n<p> izniniz olmad\u0131\u011f\u0131 s\u00fcrece ki\u015fisel bilgilerinizi \u00fc\u00e7\u00fcnc\u00fc taraflara kiralamayacak, satmayacak veya da\u011f\u0131tmayacakt\u0131r. Yasalar bizi zorlarsa bunu yapabiliriz. Ki\u015fisel bilgileriniz, bu gizlilik politikas\u0131n\u0131 kabul etmeniz halinde size promosyon malzemeleri g\u00f6ndermemiz gerekti\u011finde kullan\u0131lacakt\u0131r.<\/p>\n\n\n\n<p><\/p>","protected":false},"excerpt":{"rendered":"<p>This privacy policy (&#8220;policy&#8221;) will help you understand how (&#8220;us&#8221;, &#8220;we&#8221;, &#8220;our&#8221;) uses and protects the data you provide to [&hellip;]<\/p>\n","protected":false},"author":2,"featured_media":0,"parent":0,"menu_order":0,"comment_status":"closed","ping_status":"closed","template":"","meta":{"_uag_custom_page_level_css":"","site-sidebar-layout":"default","site-content-layout":"","ast-site-content-layout":"","site-content-style":"default","site-sidebar-style":"default","ast-global-header-display":"","ast-banner-title-visibility":"","ast-main-header-display":"","ast-hfb-above-header-display":"","ast-hfb-below-header-display":"","ast-hfb-mobile-header-display":"","site-post-title":"","ast-breadcrumbs-content":"","ast-featured-img":"","footer-sml-layout":"","ast-disable-related-posts":"","theme-transparent-header-meta":"","adv-header-id-meta":"","stick-header-meta":"","header-above-stick-meta":"","header-main-stick-meta":"","header-below-stick-meta":"","astra-migrate-meta-layouts":"default","ast-page-background-enabled":"default","ast-page-background-meta":{"desktop":{"background-color":"var(--ast-global-color-5)","background-image":"","background-repeat":"repeat","background-position":"center center","background-size":"auto","background-attachment":"scroll","background-type":"","background-media":"","overlay-type":"","overlay-color":"","overlay-opacity":"","overlay-gradient":""},"tablet":{"background-color":"","background-image":"","background-repeat":"repeat","background-position":"center center","background-size":"auto","background-attachment":"scroll","background-type":"","background-media":"","overlay-type":"","overlay-color":"","overlay-opacity":"","overlay-gradient":""},"mobile":{"background-color":"","background-image":"","background-repeat":"repeat","background-position":"center center","background-size":"auto","background-attachment":"scroll","background-type":"","background-media":"","overlay-type":"","overlay-color":"","overlay-opacity":"","overlay-gradient":""}},"ast-content-background-meta":{"desktop":{"background-color":"var(--ast-global-color-4)","background-image":"","background-repeat":"repeat","background-position":"center center","background-size":"auto","background-attachment":"scroll","background-type":"","background-media":"","overlay-type":"","overlay-color":"","overlay-opacity":"","overlay-gradient":""},"tablet":{"background-color":"var(--ast-global-color-4)","background-image":"","background-repeat":"repeat","background-position":"center center","background-size":"auto","background-attachment":"scroll","background-type":"","background-media":"","overlay-type":"","overlay-color":"","overlay-opacity":"","overlay-gradient":""},"mobile":{"background-color":"var(--ast-global-color-4)","background-image":"","background-repeat":"repeat","background-position":"center center","background-size":"auto","background-attachment":"scroll","background-type":"","background-media":"","overlay-type":"","overlay-color":"","overlay-opacity":"","overlay-gradient":""}},"footnotes":""},"class_list":["post-8342","page","type-page","status-publish","hentry"],"uagb_featured_image_src":{"full":false,"thumbnail":false,"medium":false,"medium_large":false,"large":false,"1536x1536":false,"2048x2048":false,"trp-custom-language-flag":false},"uagb_author_info":{"display_name":"jiang, xu","author_link":"https:\/\/collagensei.com\/tr\/author\/j-xu\/"},"uagb_comment_info":0,"uagb_excerpt":"This privacy policy (&#8220;policy&#8221;) will help you understand how (&#8220;us&#8221;, &#8220;we&#8221;, &#8220;our&#8221;) uses and protects the data you provide to [&hellip;]","_links":{"self":[{"href":"https:\/\/collagensei.com\/tr\/wp-json\/wp\/v2\/pages\/8342","targetHints":{"allow":["GET"]}}],"collection":[{"href":"https:\/\/collagensei.com\/tr\/wp-json\/wp\/v2\/pages"}],"about":[{"href":"https:\/\/collagensei.com\/tr\/wp-json\/wp\/v2\/types\/page"}],"author":[{"embeddable":true,"href":"https:\/\/collagensei.com\/tr\/wp-json\/wp\/v2\/users\/2"}],"replies":[{"embeddable":true,"href":"https:\/\/collagensei.com\/tr\/wp-json\/wp\/v2\/comments?post=8342"}],"version-history":[{"count":1,"href":"https:\/\/collagensei.com\/tr\/wp-json\/wp\/v2\/pages\/8342\/revisions"}],"predecessor-version":[{"id":8344,"href":"https:\/\/collagensei.com\/tr\/wp-json\/wp\/v2\/pages\/8342\/revisions\/8344"}],"wp:attachment":[{"href":"https:\/\/collagensei.com\/tr\/wp-json\/wp\/v2\/media?parent=8342"}],"curies":[{"name":"wp","href":"https:\/\/api.w.org\/{rel}","templated":true}]}}