{"id":882,"date":"2024-07-16T09:21:17","date_gmt":"2024-07-16T01:21:17","guid":{"rendered":"https:\/\/collagensei.com\/?page_id=882"},"modified":"2025-04-21T18:12:06","modified_gmt":"2025-04-21T10:12:06","slug":"ozellestirilmis-formul","status":"publish","type":"page","link":"https:\/\/collagensei.com\/tr\/customized-formula\/","title":{"rendered":"\u00d6zelle\u015ftirilmi\u015f Form\u00fcl"},"content":{"rendered":"<div data-elementor-type=\"wp-page\" data-elementor-id=\"882\" class=\"elementor elementor-882\" data-elementor-post-type=\"page\">\n\t\t\t\t<div class=\"elementor-element elementor-element-0f6145d e-flex e-con-boxed e-con e-parent\" data-id=\"0f6145d\" data-element_type=\"container\" data-e-type=\"container\">\n\t\t\t\t\t<div class=\"e-con-inner\">\n\t\t\t\t<div class=\"elementor-element elementor-element-e649a52 elementor-widget elementor-widget-heading\" data-id=\"e649a52\" data-element_type=\"widget\" data-e-type=\"widget\" data-widget_type=\"heading.default\">\n\t\t\t\t<div class=\"elementor-widget-container\">\n\t\t\t\t\t<h1 class=\"elementor-heading-title elementor-size-default\">Besin Takviyeleri \u0130\u00e7in \u00d6zel Form\u00fclasyonlar<\/h1>\t\t\t\t<\/div>\n\t\t\t\t<\/div>\n\t\t\t\t\t<\/div>\n\t\t\t\t<\/div>\n\t\t<div class=\"elementor-element elementor-element-f7e1539 e-flex e-con-boxed e-con e-parent\" data-id=\"f7e1539\" data-element_type=\"container\" data-e-type=\"container\">\n\t\t\t\t\t<div class=\"e-con-inner\">\n\t\t<div class=\"elementor-element elementor-element-e9a3f90 e-grid e-con-full e-con e-child\" data-id=\"e9a3f90\" data-element_type=\"container\" data-e-type=\"container\">\n\t\t\t\t<div class=\"elementor-element elementor-element-bb6fde3 elementor-widget elementor-widget-image\" data-id=\"bb6fde3\" data-element_type=\"widget\" data-e-type=\"widget\" data-widget_type=\"image.default\">\n\t\t\t\t<div class=\"elementor-widget-container\">\n\t\t\t\t\t\t\t\t\t\t\t\t\t\t\t<img fetchpriority=\"high\" decoding=\"async\" width=\"900\" height=\"910\" src=\"https:\/\/collagensei.com\/wp-content\/uploads\/2025\/03\/\u5c4f\u5e55\u622a\u56fe-2025-03-13-215800.png\" class=\"attachment-full size-full wp-image-4768\" alt=\"Besin Takviyeleri \u0130\u00e7in \u00d6zel Form\u00fclasyonlar\" \/>\t\t\t\t\t\t\t\t\t\t\t\t\t\t\t<\/div>\n\t\t\t\t<\/div>\n\t\t\t\t<div class=\"elementor-element elementor-element-c22db99 elementor-widget elementor-widget-text-editor\" data-id=\"c22db99\" data-element_type=\"widget\" data-e-type=\"widget\" data-widget_type=\"text-editor.default\">\n\t\t\t\t<div class=\"elementor-widget-container\">\n\t\t\t\t\t\t\t\t\t<p data-sourcepos=\"1:1-1:459\">Besin takviyeleri i\u00e7in \u00f6zel form\u00fclasyonlar, belirli ihtiya\u00e7lar\u0131 ve pazar taleplerini tam olarak kar\u015f\u0131layan besin \u00fcr\u00fcnleri olu\u015fturmaya y\u00f6nelik \u00f6zel bir yakla\u015f\u0131m\u0131 temsil eder. Haz\u0131r form\u00fclasyonlar\u0131n aksine, \u00f6zel takviyeler s\u0131f\u0131rdan geli\u015ftirilir ve i\u00e7erik se\u00e7imi, dozajlar ve da\u011f\u0131t\u0131m y\u00f6ntemleri \u00fczerinde tam kontrol sa\u011flar. Bu \u0131smarlama s\u00fcre\u00e7, markalara rekabet\u00e7i bir pazarda \u00f6ne \u00e7\u0131kan benzersiz ve etkili \u00fcr\u00fcnler yaratma g\u00fcc\u00fc verir.<\/p><p data-sourcepos=\"3:1-3:406\">\u00d6zel form\u00fclasyonlar\u0131n birincil faydalar\u0131ndan biri, ni\u015f pazarlar\u0131 hedefleme veya belirli sa\u011fl\u0131k sorunlar\u0131n\u0131 ele alma yetene\u011fidir. \u0130ster sporcular, ister ya\u015fl\u0131lar veya belirli diyet k\u0131s\u0131tlamalar\u0131 olan bireyler i\u00e7in tasarlanm\u0131\u015f bir takviye olsun, \u00f6zel form\u00fclasyonlar \u00fcr\u00fcn\u00fcn hedeflenen kitleye m\u00fckemmel bir \u015fekilde uymas\u0131n\u0131 sa\u011flar. Bu hassasiyet, daha fazla etkinlik ve daha fazla m\u00fc\u015fteri memnuniyeti sa\u011flayabilir.<\/p><p data-sourcepos=\"3:1-3:406\">S\u00fcre\u00e7 tipik olarak marka ile bir form\u00fclasyon uzman\u0131 aras\u0131nda kapsaml\u0131 bir isti\u015fare ile ba\u015flar. Bu a\u015fama, \u00fcr\u00fcn\u00fcn hedeflerinin, hedef demografinin, istenen sa\u011fl\u0131k faydalar\u0131n\u0131n ve herhangi bir \u00f6zel bile\u015fen tercihinin veya k\u0131s\u0131tlamas\u0131n\u0131n tan\u0131mlanmas\u0131n\u0131 i\u00e7erir. Bu bilgilere dayanarak, deneyimli bilim adamlar\u0131 ve beslenme uzmanlar\u0131ndan olu\u015fan bir ekip, en son bilimsel ara\u015ft\u0131rmalar\u0131 ve d\u00fczenleyici y\u00f6nergeleri dikkate alarak benzersiz bir form\u00fcl geli\u015ftirir.<\/p>\t\t\t\t\t\t\t\t<\/div>\n\t\t\t\t<\/div>\n\t\t\t\t<\/div>\n\t\t\t\t<div class=\"elementor-element elementor-element-309f088 elementor-widget elementor-widget-text-editor\" data-id=\"309f088\" data-element_type=\"widget\" data-e-type=\"widget\" data-widget_type=\"text-editor.default\">\n\t\t\t\t<div class=\"elementor-widget-container\">\n\t\t\t\t\t\t\t\t\t<p data-sourcepos=\"7:1-7:454\">\u00d6zel form\u00fclasyonlar bile\u015fen se\u00e7iminde benzersiz bir esneklik sunar. Markalar belirli vitaminleri, mineralleri, bitkisel \u00f6zleri, amino asitleri ve sinerjik etkileriyle bilinen di\u011fer biyoaktif bile\u015fikleri se\u00e7ebilir. Her bir bile\u015fenin dozaj\u0131n\u0131n kontrol edilebilmesi optimum etki ve g\u00fcvenlik sa\u011flar. Ayr\u0131ca, \u00f6zel form\u00fclasyonlar, rekabet avantaj\u0131 sa\u011flayabilecek yenilik\u00e7i bile\u015fenlerin veya tescilli kar\u0131\u015f\u0131mlar\u0131n dahil edilmesine izin verir.<\/p><p data-sourcepos=\"9:1-9:313\">Bile\u015fenlerin \u00f6tesinde, \u00f6zel form\u00fclasyonlar da\u011f\u0131t\u0131m y\u00f6ntemine de uzan\u0131r. \u0130stenen format ister kaps\u00fcl, tablet, toz, sak\u0131z veya s\u0131v\u0131 olsun, form\u00fclasyon buna g\u00f6re uyarlanabilir. Bu esneklik, nihai \u00fcr\u00fcn\u00fcn hedef t\u00fcketici i\u00e7in uygun ve \u00e7ekici olmas\u0131n\u0131 sa\u011flar.<\/p><p data-sourcepos=\"11:1-11:646\">Besin takviyeleri i\u00e7in \u00f6zel form\u00fclasyonlar se\u00e7mek \u00e7ok say\u0131da avantaj sunar. Belirli pazar ihtiya\u00e7lar\u0131na cevap veren, marka farkl\u0131l\u0131\u011f\u0131n\u0131 art\u0131ran ve potansiyel olarak daha fazla m\u00fc\u015fteri sadakatine yol a\u00e7an ger\u00e7ekten benzersiz \u00fcr\u00fcnlerin yarat\u0131lmas\u0131na olanak tan\u0131r. \u00d6zel etiketlemeye k\u0131yasla daha kapsaml\u0131 bir geli\u015ftirme s\u00fcreci i\u00e7erse de, tam olarak uyarlanm\u0131\u015f ve son derece etkili bir takviye \u00fcretme yetene\u011fi, kal\u0131c\u0131 bir etki yaratmak isteyen herhangi bir besin takviyesi markas\u0131 i\u00e7in \u00f6nemli bir varl\u0131k olabilir. Bu yakla\u015f\u0131m nihayetinde \u00fcr\u00fcn\u00fcn kimli\u011fini ve etkinli\u011fini markan\u0131n kontrol etmesini sa\u011flayarak t\u00fcketiciler nezdinde g\u00fcven ve inand\u0131r\u0131c\u0131l\u0131\u011f\u0131 art\u0131r\u0131r.<\/p>\t\t\t\t\t\t\t\t<\/div>\n\t\t\t\t<\/div>\n\t\t\t\t\t<\/div>\n\t\t\t\t<\/div>\n\t\t\t\t<\/div>","protected":false},"excerpt":{"rendered":"<p>Custom Formulations For Dietary Supplements Custom formulations for dietary supplements represent a tailored approach to creating nutritional products that precisely [&hellip;]<\/p>\n","protected":false},"author":1,"featured_media":0,"parent":0,"menu_order":0,"comment_status":"closed","ping_status":"closed","template":"","meta":{"_uag_custom_page_level_css":"","site-sidebar-layout":"no-sidebar","site-content-layout":"","ast-site-content-layout":"full-width-container","site-content-style":"default","site-sidebar-style":"default","ast-global-header-display":"","ast-banner-title-visibility":"","ast-main-header-display":"","ast-hfb-above-header-display":"","ast-hfb-below-header-display":"","ast-hfb-mobile-header-display":"","site-post-title":"disabled","ast-breadcrumbs-content":"","ast-featured-img":"disabled","footer-sml-layout":"","ast-disable-related-posts":"","theme-transparent-header-meta":"","adv-header-id-meta":"","stick-header-meta":"","header-above-stick-meta":"","header-main-stick-meta":"","header-below-stick-meta":"","astra-migrate-meta-layouts":"default","ast-page-background-enabled":"default","ast-page-background-meta":{"desktop":{"background-color":"var(--ast-global-color-5)","background-image":"","background-repeat":"repeat","background-position":"center center","background-size":"auto","background-attachment":"scroll","background-type":"","background-media":"","overlay-type":"","overlay-color":"","overlay-opacity":"","overlay-gradient":""},"tablet":{"background-color":"","background-image":"","background-repeat":"repeat","background-position":"center center","background-size":"auto","background-attachment":"scroll","background-type":"","background-media":"","overlay-type":"","overlay-color":"","overlay-opacity":"","overlay-gradient":""},"mobile":{"background-color":"","background-image":"","background-repeat":"repeat","background-position":"center center","background-size":"auto","background-attachment":"scroll","background-type":"","background-media":"","overlay-type":"","overlay-color":"","overlay-opacity":"","overlay-gradient":""}},"ast-content-background-meta":{"desktop":{"background-color":"var(--ast-global-color-4)","background-image":"","background-repeat":"repeat","background-position":"center center","background-size":"auto","background-attachment":"scroll","background-type":"","background-media":"","overlay-type":"","overlay-color":"","overlay-opacity":"","overlay-gradient":""},"tablet":{"background-color":"var(--ast-global-color-4)","background-image":"","background-repeat":"repeat","background-position":"center center","background-size":"auto","background-attachment":"scroll","background-type":"","background-media":"","overlay-type":"","overlay-color":"","overlay-opacity":"","overlay-gradient":""},"mobile":{"background-color":"var(--ast-global-color-4)","background-image":"","background-repeat":"repeat","background-position":"center center","background-size":"auto","background-attachment":"scroll","background-type":"","background-media":"","overlay-type":"","overlay-color":"","overlay-opacity":"","overlay-gradient":""}},"footnotes":""},"class_list":["post-882","page","type-page","status-publish","hentry"],"uagb_featured_image_src":{"full":false,"thumbnail":false,"medium":false,"medium_large":false,"large":false,"1536x1536":false,"2048x2048":false,"trp-custom-language-flag":false},"uagb_author_info":{"display_name":"collagensei.com","author_link":"https:\/\/collagensei.com\/tr\/author\/collagensei\/"},"uagb_comment_info":0,"uagb_excerpt":"Custom Formulations For Dietary Supplements Custom formulations for dietary supplements represent a tailored approach to creating nutritional products that precisely [&hellip;]","_links":{"self":[{"href":"https:\/\/collagensei.com\/tr\/wp-json\/wp\/v2\/pages\/882","targetHints":{"allow":["GET"]}}],"collection":[{"href":"https:\/\/collagensei.com\/tr\/wp-json\/wp\/v2\/pages"}],"about":[{"href":"https:\/\/collagensei.com\/tr\/wp-json\/wp\/v2\/types\/page"}],"author":[{"embeddable":true,"href":"https:\/\/collagensei.com\/tr\/wp-json\/wp\/v2\/users\/1"}],"replies":[{"embeddable":true,"href":"https:\/\/collagensei.com\/tr\/wp-json\/wp\/v2\/comments?post=882"}],"version-history":[{"count":3,"href":"https:\/\/collagensei.com\/tr\/wp-json\/wp\/v2\/pages\/882\/revisions"}],"predecessor-version":[{"id":6249,"href":"https:\/\/collagensei.com\/tr\/wp-json\/wp\/v2\/pages\/882\/revisions\/6249"}],"wp:attachment":[{"href":"https:\/\/collagensei.com\/tr\/wp-json\/wp\/v2\/media?parent=882"}],"curies":[{"name":"wp","href":"https:\/\/api.w.org\/{rel}","templated":true}]}}